{"id":1108,"date":"2021-12-30T17:20:03","date_gmt":"2021-12-30T15:20:03","guid":{"rendered":"https:\/\/espoonperinneseura.net\/espoo1972\/?page_id=1108"},"modified":"2021-12-31T13:49:40","modified_gmt":"2021-12-31T11:49:40","slug":"muistojani-vuodesta-1972","status":"publish","type":"page","link":"https:\/\/espoonperinneseura.net\/espoo1972\/muistoja-espoosta\/muistojani-vuodesta-1972\/","title":{"rendered":"Muistojani vuodesta 1972"},"content":{"rendered":"\n<p>Vuosi 1972 on muistoissani aivan erikoinen, sill\u00e4 tuolloin minusta tuli ylioppilas.<\/p>\n\n\n\n<p>Perheeni oli vuotta aiemmin muuttanut Espoon Puolarmets\u00e4\u00e4n alueelle, joka nyttemmin tunnetaan Eestinmalmina. Vanhempani rakensivat omakotitaloa tontille, jossa oli pieni kes\u00e4m\u00f6kki. Tuossa m\u00f6kiss\u00e4 asuimme talon rakennusajan. L\u00e4hitienoolla oli vain muutama omakotitalo, joissa asuttiin ymp\u00e4ri vuoden. M\u00f6kkej\u00e4 oli, mutta niihin kes\u00e4asukkaat tulivat kev\u00e4\u00e4ll\u00e4 Helsingist\u00e4. M\u00f6kiss\u00e4 ei ollut mit\u00e4\u00e4n mukavuuksia. Oli sent\u00e4\u00e4n s\u00e4hk\u00f6t. Edellisen vuoden olin viett\u00e4nyt International Cultural Youth Exchange (ICYE) -stipendiaattina Yhdysvalloissa, joten muutto tuohon pikkum\u00f6kkiin k\u00e4vi v\u00e4hint\u00e4\u00e4nkin kulttuurishokista.<\/p>\n\n\n\n<p>Koulua k\u00e4vin Helsingiss\u00e4 Arkadian yhteislyseossa. Koulumatkat tein bussilla. L\u00e4nsiv\u00e4yl\u00e4 oli jo tuolloin olemassa ja nautinkin kauniista merimaisemista koulumatkoilla. Alkuvuodesta 1972 is\u00e4lt\u00e4 murtui ranne rakennuspuuhissa. Sairauslomasta h\u00e4n ei paljon perustanut. Koulumatkani muuttuivat is\u00e4n kyyditykseksi ty\u00f6paikalle Mikonkadulle. Jo tuolloin L\u00e4nsiv\u00e4yl\u00e4n aamuruuhkat olivat melkoisia. Sitten l\u00e4hdin etsim\u00e4\u00e4n parkkipaikkaa Arkadiankadun l\u00e4hist\u00f6lt\u00e4. Se ei aina ollutkaan ihan helppoa. Koulup\u00e4iv\u00e4n j\u00e4lkeen hain is\u00e4n ty\u00f6paikaltaan jatkamaan rakennuspuuhia.<\/p>\n\n\n\n<p>Rakennuspuuhiin liittyy my\u00f6s er\u00e4s muisto Mankkaan kaatopaikasta. Rakennusj\u00e4tett\u00e4 tuli paljon ja se piti vied\u00e4 kaatopaikalle. J\u00e4tekuormat kuljetimme useimmiten pikkusiskoni kanssa kahdestaan. <\/p>\n\n\n\n<p>Farmariauton takatila lastattiin rakennusj\u00e4tteill\u00e4, ja sielt\u00e4 ne heiteltiin kaatopaikan lavoille. Kerran kev\u00e4\u00e4ll\u00e4 Mankkaan kaatopaikan maapohja oli pelkk\u00e4\u00e4 savivelli\u00e4. Automme vajosi akselia my\u00f6ten siihen liejuun. Muistan, kun roska-autojen kuljettajat katselivat ylh\u00e4\u00e4lt\u00e4 autoistaan, ett\u00e4 kuinkahan meinaa tytt\u00f6 tuosta selvit\u00e4! Hetken kuluttua tulivat apuun ja vetiv\u00e4t automme kuiville.<\/p>\n\n\n\n<p>Vanhempieni talon rakennusprojekti vei huomattavan ajan abivuodestani. Muistan useamman kerran hakeneeni rakennustarvikkeita joko Espoon keskustasta Lindholmin sahalta tai Niittykummun Renskalta(Renlundilta).<\/p>\n\n\n\n<div class=\"wp-block-image\"><figure class=\"aligncenter size-full\"><img loading=\"lazy\" decoding=\"async\" width=\"800\" height=\"539\" src=\"https:\/\/espoonperinneseura.net\/espoo1972\/wp-content\/uploads\/2021\/12\/Niittykumpu-1970-luku.jpg\" alt=\"\" class=\"wp-image-1110\" srcset=\"https:\/\/espoonperinneseura.net\/espoo1972\/wp-content\/uploads\/2021\/12\/Niittykumpu-1970-luku.jpg 800w, https:\/\/espoonperinneseura.net\/espoo1972\/wp-content\/uploads\/2021\/12\/Niittykumpu-1970-luku-300x202.jpg 300w, https:\/\/espoonperinneseura.net\/espoo1972\/wp-content\/uploads\/2021\/12\/Niittykumpu-1970-luku-768x517.jpg 768w\" sizes=\"auto, (max-width: 800px) 100vw, 800px\" \/><figcaption>N\u00e4kym\u00e4 Gr\u00e4san kartanon m\u00e4elt\u00e4 kohti Niittykummun vanhaa ostoskeskusta. <br>Kuva: Kn\u00fcpfer &amp; \u00d6hman 1968 &#8211; 1973, Espoon kaupunginmuseo.<\/figcaption><\/figure><\/div>\n\n\n\n<p>Kes\u00e4ll\u00e4 vanhempieni talo valmistui. Kunnallistekniikkaa ei viel\u00e4 tuolloin alueella ollut. Talon viereen kaivettiin kaksi isoa kaivoa. Toiseen tuotiin k\u00e4ytt\u00f6vesi ja toinen oli likakaivo. Naapurissamme oli takapihalla iso avokomposti, joka vilisi rottia. Muistan, kun talomme takan pohja valettiin ja seuraavana aamuna huomasimme m\u00e4r\u00e4n betonin l\u00e4pi kaivautuneiden rottien j\u00e4ljet. Rottasotaa jatkui siihen saakka, kunnes terveysviranomaiset kielsiv\u00e4t naapureita heitt\u00e4m\u00e4st\u00e4 talousj\u00e4tteit\u00e4 kompostiin.<\/p>\n\n\n\n<p>Syksyll\u00e4 vietin v\u00e4livuotta opinnoista ja olin Soukan lastentarhassa harjoittelijana. Tuo aika oli varsin opettavainen kokemus, p\u00e4\u00e4tin nimitt\u00e4in olla hakeutumatta alalle. Tuolloin tutustuin my\u00f6s hieman Espoon kunnallispolitiikkaan, jos niin voidaan sanoa. Lastentarhassa odotettiin pelonsekaisin tuntein sosiaalilautakunnan puheenjohtajan Margit Loiskeen vierailua, tai oikeammin tarkastusk\u00e4ynti\u00e4. Voi mik\u00e4 riemu, kun k\u00e4ynti tapahtui hetken\u00e4, jolloin lapset istuivat hiljaa paikoillaan kuuntelemassa satua. Kaikki lelut oli juuri taannoin pesty ja j\u00e4rjestetty. Kaikki olivat tyytyv\u00e4isi\u00e4, my\u00f6s tarkastajat.<\/p>\n\n\n\n<p>Katselin vanhoja valokuvia tuolta vuodelta; jokaisessa kuvassa olen kumisaappaat jalassa. My\u00f6s luokkakuvassa. Luokan lyhyimp\u00e4n\u00e4 jouduin aina istumaan eturiviin\u2026ja ne kumisaappaat jalassa. Espoo oli tuolloin viel\u00e4 osin maaseutua ja tiet hiekkateit\u00e4, varsinkin noilla entisill\u00e4 huvila-alueilla, miss\u00e4 asuimme. Melkeinp\u00e4 vuoden ymp\u00e4ri lampsin siis kouluun kumisaappaissa.<\/p>\n\n\n\n<div class=\"wp-block-image\"><figure class=\"aligncenter size-full is-resized\"><img loading=\"lazy\" decoding=\"async\" src=\"https:\/\/espoonperinneseura.net\/espoo1972\/wp-content\/uploads\/2021\/12\/Mattimaija-ylioppilaana-rotated.jpg\" alt=\"\" class=\"wp-image-1160\" width=\"360\" height=\"480\" srcset=\"https:\/\/espoonperinneseura.net\/espoo1972\/wp-content\/uploads\/2021\/12\/Mattimaija-ylioppilaana-rotated.jpg 480w, https:\/\/espoonperinneseura.net\/espoo1972\/wp-content\/uploads\/2021\/12\/Mattimaija-ylioppilaana-225x300.jpg 225w\" sizes=\"auto, (max-width: 360px) 100vw, 360px\" \/><figcaption>T\u00e4ss\u00e4 kuva Mattimaijasta ylioppilaslakkini p\u00e4\u00e4ss\u00e4\u00e4n. Melkein samanik\u00e4isi\u00e4 kun ollaan.<\/figcaption><\/figure><\/div>\n\n\n\n<p>Tarja Rae<\/p>\n","protected":false},"excerpt":{"rendered":"<p>Vuosi 1972 on muistoissani aivan erikoinen, sill\u00e4 tuolloin minusta tuli ylioppilas. Perheeni oli vuotta aiemmin muuttanut Espoon Puolarmets\u00e4\u00e4n alueelle, joka nyttemmin tunnetaan Eestinmalmina. Vanhempani rakensivat omakotitaloa tontille, jossa oli pieni kes\u00e4m\u00f6kki. Tuossa m\u00f6kiss\u00e4 asuimme talon rakennusajan. L\u00e4hitienoolla oli vain muutama omakotitalo, joissa asuttiin ymp\u00e4ri vuoden. M\u00f6kkej\u00e4 oli, mutta niihin kes\u00e4asukkaat tulivat kev\u00e4\u00e4ll\u00e4 Helsingist\u00e4. M\u00f6kiss\u00e4 ei&hellip; <a class=\"more-link\" href=\"https:\/\/espoonperinneseura.net\/espoo1972\/muistoja-espoosta\/muistojani-vuodesta-1972\/\">Jatka lukemista <span class=\"screen-reader-text\">Muistojani vuodesta 1972<\/span><\/a><\/p>\n","protected":false},"author":1,"featured_media":0,"parent":302,"menu_order":107,"comment_status":"closed","ping_status":"closed","template":"","meta":{"_eb_attr":"","_exactmetrics_skip_tracking":false,"_exactmetrics_sitenote_active":false,"_exactmetrics_sitenote_note":"","_exactmetrics_sitenote_category":0,"footnotes":""},"class_list":["post-1108","page","type-page","status-publish","hentry","entry"],"_links":{"self":[{"href":"https:\/\/espoonperinneseura.net\/espoo1972\/wp-json\/wp\/v2\/pages\/1108","targetHints":{"allow":["GET"]}}],"collection":[{"href":"https:\/\/espoonperinneseura.net\/espoo1972\/wp-json\/wp\/v2\/pages"}],"about":[{"href":"https:\/\/espoonperinneseura.net\/espoo1972\/wp-json\/wp\/v2\/types\/page"}],"author":[{"embeddable":true,"href":"https:\/\/espoonperinneseura.net\/espoo1972\/wp-json\/wp\/v2\/users\/1"}],"replies":[{"embeddable":true,"href":"https:\/\/espoonperinneseura.net\/espoo1972\/wp-json\/wp\/v2\/comments?post=1108"}],"version-history":[{"count":7,"href":"https:\/\/espoonperinneseura.net\/espoo1972\/wp-json\/wp\/v2\/pages\/1108\/revisions"}],"predecessor-version":[{"id":1165,"href":"https:\/\/espoonperinneseura.net\/espoo1972\/wp-json\/wp\/v2\/pages\/1108\/revisions\/1165"}],"up":[{"embeddable":true,"href":"https:\/\/espoonperinneseura.net\/espoo1972\/wp-json\/wp\/v2\/pages\/302"}],"wp:attachment":[{"href":"https:\/\/espoonperinneseura.net\/espoo1972\/wp-json\/wp\/v2\/media?parent=1108"}],"curies":[{"name":"wp","href":"https:\/\/api.w.org\/{rel}","templated":true}]}}