{"id":1167,"date":"2022-01-02T08:29:41","date_gmt":"2022-01-02T06:29:41","guid":{"rendered":"https:\/\/espoonperinneseura.net\/espoo1972\/?page_id=1167"},"modified":"2022-07-31T10:27:40","modified_gmt":"2022-07-31T07:27:40","slug":"laheta-muistosi-vuodelta-1972","status":"publish","type":"page","link":"https:\/\/espoonperinneseura.net\/espoo1972\/laheta-muistosi-vuodelta-1972\/","title":{"rendered":"L\u00e4het\u00e4 muistoja 50 vuoden takaa"},"content":{"rendered":"\n<p>Tervetuloa Espoo 1972 -perinteenkeruutalkoisiin!<\/p>\n\n\n\n<p>Espoon perinneseura ker\u00e4\u00e4 yhteisty\u00f6ss\u00e4 kaupunginosayhdistysten ja muiden yhdistysten kanssa muistoja ajalta, jolloin Espoosta oli nuori kaupunki.<\/p>\n\n\n\n<p>Voit l\u00e4hett\u00e4\u00e4 alla olevalla lomakkeella muistoja julkaistavaksi Espoo 1972 -teemasivustolla. Tekstin voit l\u00e4hett\u00e4\u00e4 tiedostona tai alla olevassa tekstikent\u00e4ss\u00e4. L\u00e4het\u00e4 valokuvat erillisin\u00e4 liittein\u00e4. Merkitse tekstiin kuvien paikat ja kuvatekstit.<\/p>\n\n\n\n\n<div class=\"wpcf7 no-js\" id=\"wpcf7-f1198-o1\" lang=\"fi\" dir=\"ltr\" data-wpcf7-id=\"1198\">\n<div class=\"screen-reader-response\"><p role=\"status\" aria-live=\"polite\" aria-atomic=\"true\"><\/p> <ul><\/ul><\/div>\n<form action=\"\/espoo1972\/wp-json\/wp\/v2\/pages\/1167#wpcf7-f1198-o1\" method=\"post\" class=\"wpcf7-form init\" aria-label=\"Yhteydenottolomake\" novalidate=\"novalidate\" data-status=\"init\">\n<fieldset class=\"hidden-fields-container\"><input type=\"hidden\" name=\"_wpcf7\" value=\"1198\" \/><input type=\"hidden\" name=\"_wpcf7_version\" value=\"6.1.5\" \/><input type=\"hidden\" name=\"_wpcf7_locale\" value=\"fi\" \/><input type=\"hidden\" name=\"_wpcf7_unit_tag\" value=\"wpcf7-f1198-o1\" \/><input type=\"hidden\" name=\"_wpcf7_container_post\" value=\"0\" \/><input type=\"hidden\" name=\"_wpcf7_posted_data_hash\" value=\"\" \/>\n<\/fieldset>\n<p><label> Kirjoittaja<br \/>\n<span class=\"wpcf7-form-control-wrap\" data-name=\"your-name\"><input size=\"40\" maxlength=\"400\" class=\"wpcf7-form-control wpcf7-text wpcf7-validates-as-required\" aria-required=\"true\" aria-invalid=\"false\" value=\"\" type=\"text\" name=\"your-name\" \/><\/span> <\/label><br \/>\n<label> L\u00e4hett\u00e4j\u00e4, jos eri kuin kirjoittaja<br \/>\n<span class=\"wpcf7-form-control-wrap\" data-name=\"send-name\"><input size=\"40\" maxlength=\"400\" class=\"wpcf7-form-control wpcf7-text\" aria-invalid=\"false\" value=\"\" type=\"text\" name=\"send-name\" \/><\/span> <\/label>\n<\/p>\n<p><label> S\u00e4hk\u00f6postiosoite<br \/>\n<span class=\"wpcf7-form-control-wrap\" data-name=\"your-email\"><input size=\"40\" maxlength=\"400\" class=\"wpcf7-form-control wpcf7-email wpcf7-validates-as-required wpcf7-text wpcf7-validates-as-email\" aria-required=\"true\" aria-invalid=\"false\" value=\"\" type=\"email\" name=\"your-email\" \/><\/span> <\/label>\n<\/p>\n<p><label> Kaupunginosa<br \/>\n<span class=\"wpcf7-form-control-wrap\" data-name=\"your-district\"><input size=\"40\" maxlength=\"400\" class=\"wpcf7-form-control wpcf7-text wpcf7-validates-as-required\" aria-required=\"true\" aria-invalid=\"false\" value=\"\" type=\"text\" name=\"your-district\" \/><\/span> <\/label>\n<\/p>\n<p><label> Otsikko<br \/>\n<span class=\"wpcf7-form-control-wrap\" data-name=\"your-subject\"><input size=\"40\" maxlength=\"400\" class=\"wpcf7-form-control wpcf7-text wpcf7-validates-as-required\" aria-required=\"true\" aria-invalid=\"false\" value=\"\" type=\"text\" name=\"your-subject\" \/><\/span> <\/label>\n<\/p>\n<p><label> Teksti ja lis\u00e4tiedot (tekstin voi l\u00e4hett\u00e4\u00e4 my\u00f6s liitetiedostona)<br \/>\n<span class=\"wpcf7-form-control-wrap\" data-name=\"your-message\"><textarea cols=\"40\" rows=\"10\" maxlength=\"2000\" class=\"wpcf7-form-control wpcf7-textarea\" aria-invalid=\"false\" name=\"your-message\"><\/textarea><\/span> <\/label>\n<\/p>\n<p><label> Liitteet<br \/>\n<span class=\"wpcf7-form-control-wrap\" data-name=\"upload-file-387\"><input size=\"40\" class=\"wpcf7-form-control wpcf7-drag-n-drop-file d-none\" aria-invalid=\"false\" type=\"file\" multiple=\"multiple\" data-name=\"upload-file-387\" data-type=\"jpeg|jpg|png|txt|doc|docx|pdf|odt\" data-limit=\"5000000\" data-max=\"5\" data-id=\"1198\" data-version=\"free version 1.3.9.6\" accept=\".jpeg, .jpg, .png, .txt, .doc, .docx, .pdf, .odt\" \/><\/span> <\/label>\n<\/p>\n<p><span class=\"wpcf7-form-control-wrap\" data-name=\"acceptance-134\"><span class=\"wpcf7-form-control wpcf7-acceptance\"><span class=\"wpcf7-list-item\"><label><input type=\"checkbox\" name=\"acceptance-134\" value=\"1\" aria-invalid=\"false\" \/><span class=\"wpcf7-list-item-label\">Kirjoittaja antaa Espoon perinneseuralle luvan tallentaa t\u00e4m\u00e4n lomakkeen tiedot ja julkaista kirjoittajan nimi sek\u00e4 t\u00e4ll\u00e4 lomakkeella l\u00e4hetetty teksti ja valokuvat Espoo 1972 -sivustolla ja k\u00e4ytt\u00e4\u00e4 niit\u00e4 muissa teemavuoteen liittyviss\u00e4 yhteyksiss\u00e4. Kirjoittaja vahvistaa, ett\u00e4 h\u00e4nell\u00e4 on oikeudet luovuttaa teksti ja valokuvat julkaistavaksi.<\/span><\/label><\/span><\/span><\/span>\n<\/p>\n<p>[group group-171]Hyv\u00e4ksy ehdot, jotta voit l\u00e4hett\u00e4\u00e4 muistot julkaistavaksi.[\/group]<br \/>\n[group group-716]L\u00e4het\u00e4 muistot julkaistavaksi:<br \/>\n<input class=\"wpcf7-form-control wpcf7-submit has-spinner\" type=\"submit\" value=\"L\u00e4het\u00e4\" \/>[\/group]\n<\/p><div class=\"wpcf7-response-output\" aria-hidden=\"true\"><\/div>\n<\/form>\n<\/div>\n\n","protected":false},"excerpt":{"rendered":"<p>Tervetuloa Espoo 1972 -perinteenkeruutalkoisiin! Espoon perinneseura ker\u00e4\u00e4 yhteisty\u00f6ss\u00e4 kaupunginosayhdistysten ja muiden yhdistysten kanssa muistoja ajalta, jolloin Espoosta oli nuori kaupunki. Voit l\u00e4hett\u00e4\u00e4 alla olevalla lomakkeella muistoja julkaistavaksi Espoo 1972 -teemasivustolla. Tekstin voit l\u00e4hett\u00e4\u00e4 tiedostona tai alla olevassa tekstikent\u00e4ss\u00e4. L\u00e4het\u00e4 valokuvat erillisin\u00e4 liittein\u00e4. Merkitse tekstiin kuvien paikat ja kuvatekstit.<\/p>\n","protected":false},"author":1,"featured_media":0,"parent":0,"menu_order":30,"comment_status":"closed","ping_status":"closed","template":"","meta":{"_eb_attr":"","_exactmetrics_skip_tracking":false,"_exactmetrics_sitenote_active":false,"_exactmetrics_sitenote_note":"","_exactmetrics_sitenote_category":0,"footnotes":""},"class_list":["post-1167","page","type-page","status-publish","hentry","entry"],"_links":{"self":[{"href":"https:\/\/espoonperinneseura.net\/espoo1972\/wp-json\/wp\/v2\/pages\/1167","targetHints":{"allow":["GET"]}}],"collection":[{"href":"https:\/\/espoonperinneseura.net\/espoo1972\/wp-json\/wp\/v2\/pages"}],"about":[{"href":"https:\/\/espoonperinneseura.net\/espoo1972\/wp-json\/wp\/v2\/types\/page"}],"author":[{"embeddable":true,"href":"https:\/\/espoonperinneseura.net\/espoo1972\/wp-json\/wp\/v2\/users\/1"}],"replies":[{"embeddable":true,"href":"https:\/\/espoonperinneseura.net\/espoo1972\/wp-json\/wp\/v2\/comments?post=1167"}],"version-history":[{"count":38,"href":"https:\/\/espoonperinneseura.net\/espoo1972\/wp-json\/wp\/v2\/pages\/1167\/revisions"}],"predecessor-version":[{"id":2716,"href":"https:\/\/espoonperinneseura.net\/espoo1972\/wp-json\/wp\/v2\/pages\/1167\/revisions\/2716"}],"wp:attachment":[{"href":"https:\/\/espoonperinneseura.net\/espoo1972\/wp-json\/wp\/v2\/media?parent=1167"}],"curies":[{"name":"wp","href":"https:\/\/api.w.org\/{rel}","templated":true}]}}