{"id":1263,"date":"2022-01-10T08:06:03","date_gmt":"2022-01-10T06:06:03","guid":{"rendered":"https:\/\/espoonperinneseura.net\/espoo1972\/?page_id=1263"},"modified":"2022-01-11T11:11:59","modified_gmt":"2022-01-11T09:11:59","slug":"rontgenhoitajana-muuralan-sairaalassa","status":"publish","type":"page","link":"https:\/\/espoonperinneseura.net\/espoo1972\/muistoja-espoosta\/rontgenhoitajana-muuralan-sairaalassa\/","title":{"rendered":"R\u00f6ntgenhoitajana Muuralan sairaalassa"},"content":{"rendered":"\n<figure class=\"wp-block-image size-large\"><img loading=\"lazy\" decoding=\"async\" width=\"1024\" height=\"735\" src=\"https:\/\/espoonperinneseura.net\/espoo1972\/wp-content\/uploads\/2022\/01\/Muuralan-sairaala-2-1024x735.jpg\" alt=\"\" class=\"wp-image-1283\" srcset=\"https:\/\/espoonperinneseura.net\/espoo1972\/wp-content\/uploads\/2022\/01\/Muuralan-sairaala-2-1024x735.jpg 1024w, https:\/\/espoonperinneseura.net\/espoo1972\/wp-content\/uploads\/2022\/01\/Muuralan-sairaala-2-300x215.jpg 300w, https:\/\/espoonperinneseura.net\/espoo1972\/wp-content\/uploads\/2022\/01\/Muuralan-sairaala-2-768x551.jpg 768w, https:\/\/espoonperinneseura.net\/espoo1972\/wp-content\/uploads\/2022\/01\/Muuralan-sairaala-2.jpg 1280w\" sizes=\"auto, (max-width: 1024px) 100vw, 1024px\" \/><figcaption>Muuralan sairaala. Kuva: Esko Uotila 2018.<\/figcaption><\/figure>\n\n\n\n<p>Vastavalmistuneena r\u00f6ntgenhoitajana ensimm\u00e4inen ty\u00f6paikkani oli Espoon kauppalan paikallissairaalan r\u00f6ntgeniss\u00e4. Olin vuosiloman sijaisena hein\u00e4kuun 1970. Puiset sairaalarakennukset olivat tuolloin vaaleankeltaiset. R\u00f6ntgen sijaitsi Finnoontielt\u00e4 katsottuna oikeanpuoleisessa rakennuksessa. Sit\u00e4 vastap\u00e4\u00e4t\u00e4 olevassa rakennuksessa oli muistaakseni l\u00e4\u00e4k\u00e4rien vastaanotot ja keskimm\u00e4isess\u00e4 ainakin henkil\u00f6kunnan ruokala. Samassa talossa r\u00f6ntgenin kanssa sijaitsi yksi vuodeosasto. Rakennuksen jatkeena oli uusi pitk\u00e4 yksikerroksinen lis\u00e4rakennus, miss\u00e4 sijaitsi my\u00f6s vuodeosasto ja l\u00e4\u00e4kint\u00e4voimistelijan ty\u00f6tilat.<\/p>\n\n\n\n<p>R\u00f6ntgenosaston kuvaushuone oli pieni. Moniruutuinen ikkuna oli keskipihalle p\u00e4in ja avonaisesta ikkunasta kes\u00e4helteell\u00e4 kantautuivat Lindholmin sahan \u00e4\u00e4net ja Espoon aseman tasoristeyksen kellojen kilkatus junien ohittaessa risteyksen.<\/p>\n\n\n\n<p>R\u00f6ntgeniss\u00e4 tehtiin mm. kallo- ja keuhkokuvauksia sek\u00e4 erilaisia luukuvauksia. Polkupy\u00f6r\u00e4n pinnojen v\u00e4liin j\u00e4\u00e4neen nilkan kuvaamisia saattoi parhaana kes\u00e4aikana olla muutamakin p\u00e4iv\u00e4ss\u00e4. Kerran viikossa tuli Helsingist\u00e4 r\u00f6ntgenl\u00e4\u00e4k\u00e4ri tekem\u00e4\u00e4n vatsalaukun ja suoliston varjoainekuvauksia. Samalla kertaa h\u00e4n saneli nauhalle lausunnot l\u00e4\u00e4k\u00e4rien pyyt\u00e4mist\u00e4 edellisen viikon r\u00f6ntgenkuvista. R\u00f6ntgenhoitajan teht\u00e4v\u00e4n\u00e4 oli purkaa sanelut ja kirjoittaa lausunnot vanhalla j\u00e4yk\u00e4ll\u00e4 matkakirjoituskoneella.<\/p>\n\n\n\n<p>R\u00f6ntgenfilmien kehityskone oli yl\u00e4kerrassa. Kunto koheni, kun juoksin filmikasetit kainalossa yl\u00f6s ja alas.<\/p>\n\n\n\n<p>Olin my\u00f6s kes\u00e4ll\u00e4 1976 kes\u00e4- ja hein\u00e4kuun vuosilomasijaisena. Tuolloin r\u00f6ntgeniss\u00e4 oli jo kaksi hoitajaa. 1980-luvulla vuodeosasto oli lopetettu tai siirretty muualle ja kehityskoneelle oli rakennettu huone alakertaan entisen osastonhoitajan kanslian ja osaston pienen keitti\u00f6n paikalle.<\/p>\n\n\n\n<p><em>Hilkka Luomanp\u00e4\u00e4<\/em><\/p>\n\n\n\n<p class=\"has-extra-small-font-size\">Julkaistu kirjassa Pirkko Kivim\u00e4ki &#8211; Esko Uotila: Muuralan sairaala \u2013 Espoon ensimm\u00e4inen, Espoon perinneseura 2018<br><\/p>\n","protected":false},"excerpt":{"rendered":"<p>Vastavalmistuneena r\u00f6ntgenhoitajana ensimm\u00e4inen ty\u00f6paikkani oli Espoon kauppalan paikallissairaalan r\u00f6ntgeniss\u00e4. Olin vuosiloman sijaisena hein\u00e4kuun 1970. Puiset sairaalarakennukset olivat tuolloin vaaleankeltaiset. R\u00f6ntgen sijaitsi Finnoontielt\u00e4 katsottuna oikeanpuoleisessa rakennuksessa. Sit\u00e4 vastap\u00e4\u00e4t\u00e4 olevassa rakennuksessa oli muistaakseni l\u00e4\u00e4k\u00e4rien vastaanotot ja keskimm\u00e4isess\u00e4 ainakin henkil\u00f6kunnan ruokala. Samassa talossa r\u00f6ntgenin kanssa sijaitsi yksi vuodeosasto. Rakennuksen jatkeena oli uusi pitk\u00e4 yksikerroksinen lis\u00e4rakennus, miss\u00e4 sijaitsi my\u00f6s&hellip; <a class=\"more-link\" href=\"https:\/\/espoonperinneseura.net\/espoo1972\/muistoja-espoosta\/rontgenhoitajana-muuralan-sairaalassa\/\">Jatka lukemista <span class=\"screen-reader-text\">R\u00f6ntgenhoitajana Muuralan sairaalassa<\/span><\/a><\/p>\n","protected":false},"author":1,"featured_media":0,"parent":302,"menu_order":135,"comment_status":"closed","ping_status":"closed","template":"","meta":{"_eb_attr":"","_exactmetrics_skip_tracking":false,"_exactmetrics_sitenote_active":false,"_exactmetrics_sitenote_note":"","_exactmetrics_sitenote_category":0,"footnotes":""},"class_list":["post-1263","page","type-page","status-publish","hentry","entry"],"_links":{"self":[{"href":"https:\/\/espoonperinneseura.net\/espoo1972\/wp-json\/wp\/v2\/pages\/1263","targetHints":{"allow":["GET"]}}],"collection":[{"href":"https:\/\/espoonperinneseura.net\/espoo1972\/wp-json\/wp\/v2\/pages"}],"about":[{"href":"https:\/\/espoonperinneseura.net\/espoo1972\/wp-json\/wp\/v2\/types\/page"}],"author":[{"embeddable":true,"href":"https:\/\/espoonperinneseura.net\/espoo1972\/wp-json\/wp\/v2\/users\/1"}],"replies":[{"embeddable":true,"href":"https:\/\/espoonperinneseura.net\/espoo1972\/wp-json\/wp\/v2\/comments?post=1263"}],"version-history":[{"count":6,"href":"https:\/\/espoonperinneseura.net\/espoo1972\/wp-json\/wp\/v2\/pages\/1263\/revisions"}],"predecessor-version":[{"id":1285,"href":"https:\/\/espoonperinneseura.net\/espoo1972\/wp-json\/wp\/v2\/pages\/1263\/revisions\/1285"}],"up":[{"embeddable":true,"href":"https:\/\/espoonperinneseura.net\/espoo1972\/wp-json\/wp\/v2\/pages\/302"}],"wp:attachment":[{"href":"https:\/\/espoonperinneseura.net\/espoo1972\/wp-json\/wp\/v2\/media?parent=1263"}],"curies":[{"name":"wp","href":"https:\/\/api.w.org\/{rel}","templated":true}]}}