{"id":1313,"date":"2022-01-13T12:27:12","date_gmt":"2022-01-13T10:27:12","guid":{"rendered":"https:\/\/espoonperinneseura.net\/espoo1972\/?page_id=1313"},"modified":"2022-01-13T12:55:27","modified_gmt":"2022-01-13T10:55:27","slug":"maarika-merojalan-koulumuistoja","status":"publish","type":"page","link":"https:\/\/espoonperinneseura.net\/espoo1972\/muistoja-espoosta\/maarika-merojalan-koulumuistoja\/","title":{"rendered":"Maarika Merojalan koulumuistoja"},"content":{"rendered":"\n<h4 class=\"wp-block-heading\">Kansakouluni<\/h4>\n\n\n\n<div class=\"wp-block-image\"><figure class=\"aligncenter size-full\"><img loading=\"lazy\" decoding=\"async\" width=\"784\" height=\"483\" src=\"https:\/\/espoonperinneseura.net\/espoo1972\/wp-content\/uploads\/2022\/01\/Traskandan-koulu-1982.jpg\" alt=\"\" class=\"wp-image-1324\" srcset=\"https:\/\/espoonperinneseura.net\/espoo1972\/wp-content\/uploads\/2022\/01\/Traskandan-koulu-1982.jpg 784w, https:\/\/espoonperinneseura.net\/espoo1972\/wp-content\/uploads\/2022\/01\/Traskandan-koulu-1982-300x185.jpg 300w, https:\/\/espoonperinneseura.net\/espoo1972\/wp-content\/uploads\/2022\/01\/Traskandan-koulu-1982-768x473.jpg 768w\" sizes=\"auto, (max-width: 784px) 100vw, 784px\" \/><figcaption>Tr\u00e4sk\u00e4ndan koulu. Kuva: Erkki H\u00e4r\u00f6 1982, Espoon kaupunginmuseo.<\/figcaption><\/figure><\/div>\n\n\n\n<p>Olen syntynyt vuonna 1963 Espoossa. K\u00e4vin Aurora Karamzinin perustamassa Tr\u00e4sk\u00e4ndan kansakoulussa ensimm\u00e4isen ja toisen luokan vuosina 1970 \u2013 72.<\/p>\n\n\n\n<p>Koulurakennus oli vanha kaksikerroksinen puutalo. Koulussa oli yksi, vai olisiko ollut kaksi luokkahuonetta. Yl\u00e4kerrassa asui koulun vahtimestari perheineen. Perheen \u00e4iti k\u00e4vi ty\u00f6ss\u00e4 Aurorakodissa, jossa h\u00e4n oli osasto kakkosen osastonhoitaja.<\/p>\n\n\n\n<p>Kun Tr\u00e4sk\u00e4ndan koulu muutettiin Auroran p\u00e4iv\u00e4kodiksi, me oppilaat siirryimme Kolkekannaksentielle Myllykyl\u00e4n kansakouluun eli nykyiseen Auroran kouluun.<\/p>\n\n\n\n<p>Koulumatka Tr\u00e4sk\u00e4ndan kouluun oli kaksi kilometri\u00e4. Wickstr\u00f6min liikenteen koulubussi kuljetti koululaisia Kunnarlasta Kuninkaantiet\u00e4 pitkin. Min\u00e4 nousin kyytiin Ollaksentien risteyksest\u00e4.<\/p>\n\n\n\n<p>Luokallani toisen luolan luokkakuvan mukaan oli 27 oppilasta. Muistan, ett\u00e4 romanisisarukset Kunnarlasta joutuivat lopettamaan luokallamme.<\/p>\n\n\n\n<h4 class=\"wp-block-heading\">Keskin\u00e4inen vuorovaikutus<\/h4>\n\n\n\n<p>Varmaakin suhtautuminen kouluun, opettajiin ja opiskeluun oli vapaamuotoisempaa kuin 1950 \u2013 60-luvuilla oli. Muistaakseni opettaja oli mukava ja suhtautui meihin hyvin. Istuimme paripulpeteissa ja alaluokilla nousimme vastatessamme seisomaan.<\/p>\n\n\n\n<p>Ollessani ensimm\u00e4isell\u00e4 luokalla opettaja ilmoitti vanhemmilleni, ett\u00e4 en ollut viel\u00e4 kyps\u00e4 kouluun. No \u2013 p\u00e4\u00e4sin kuitenkin seuraavana syksyn\u00e4 toiselle luokalle.<\/p>\n\n\n\n<p>Koulun vahtimestariin ja ruokalan henkil\u00f6kuntaan muistaakseni v\u00e4li olivat hyv\u00e4t. Me oppilaat ruokailimme luokkahuonessa.<\/p>\n\n\n\n<p>Joihinkin luokkatovereihin yst\u00e4vyyssuhteet s\u00e4ilyiv\u00e4t alakouluajalta keskikoulun loppuun saakka. Aloitin keskikoulun Rastaalan koulussa, josta siirryin Karakallion kouluun sen valmistuttua.<\/p>\n\n\n\n<h4 class=\"wp-block-heading\">Muutama muisto koulunk\u00e4ynnist\u00e4<\/h4>\n\n\n\n<p>Viikossa oli kuusi koulup\u00e4iv\u00e4\u00e4, sill\u00e4 koulua oli my\u00f6s lauantaisin. Muistan sen siit\u00e4, kun tulin lauantaina koulusta, kotona oli siivousp\u00e4iv\u00e4.<\/p>\n\n\n\n<p>Olin vanhin lapsi ja siis ensimm\u00e4inen koululainen perheess\u00e4mme. L\u00e4ksyjen teko oli opeteltava. En ollut k\u00e4ynyt edes leikkikoulua. Kouluteht\u00e4vien hoidossa tarvittavat taidot kehittyiv\u00e4t koulunk\u00e4ynnin my\u00f6t\u00e4.<\/p>\n\n\n\n<p>K\u00e4sit\u00f6ist\u00e4 muistan vain, ett\u00e4 teimme kaikkia kivaa, taisimme jopa virkata alakoulussa jotain. Liikuntatunneista on j\u00e4\u00e4nyt muistiin talvikelien aikainen hiihto. Syksyll\u00e4 ja kev\u00e4\u00e4ll\u00e4 pihapelin\u00e4 oli tervapata.<\/p>\n\n\n\n<p>V\u00e4litunneilta on j\u00e4\u00e4nyt mieleen, ett\u00e4 yht\u00e4 poikaa jopa kiusattiin sanomalla, k\u00e4det yl\u00f6s, housut alas. Se j\u00e4rkytti minua. Kyll\u00e4 me varmaankin kerrottiin se opettajalle. Koulussa oli oppilaita Myllykyl\u00e4n lastenkodista ja heist\u00e4 jotkut oli leimattu \u201dlevottomiksi pojiksi\u201d.<\/p>\n\n\n\n<p>Koulun l\u00e4\u00e4k\u00e4rintarkastuksista on muistissani yksi kerta. Muistan sen, kun j\u00e4rkyttyneen\u00e4 seisoin jonossa ilman paitaa.<\/p>\n\n\n\n<p>Olen muistellut vain alakouluasteen kouluaikaani. Lomiakaan en niilt\u00e4 ajoin muista tarkalleen. Todenn\u00e4k\u00f6isesti lomat olivat samat kuin nyky\u00e4\u00e4nkin. Yksist\u00e4 juhlista muistan, ett\u00e4 minulla oli liian pienet sukkahousut, jotka pisteliv\u00e4t koko ajan. Muistan my\u00f6s, ett\u00e4 esiintymist\u00e4 j\u00e4nnitin.<\/p>\n\n\n\n<p>Hyvin\u00e4 muistoina alakoulun ajoilta on j\u00e4\u00e4nyt mieleeni, kun naapurin t\u00e4ti letitti hiukseni ennen kouluun l\u00e4ht\u00f6\u00e4. Harmillisista muistoista on mieleen j\u00e4\u00e4nyt, kun k\u00e4velin joskus kotiin oikaisten mets\u00e4n poikki, ja minut yll\u00e4tti pissah\u00e4t\u00e4. Niinh\u00e4n siin\u00e4 kastuivat housut.<\/p>\n\n\n\n<p>Miten muutuin koulunk\u00e4yntini aikana? Pikkuhiljaa kasvoin rohkeammaksi. Minusta kehkeytyi sellainen keskitason oppilas.<\/p>\n\n\n\n<p><\/p>\n\n\n\n<p><em>Marika Merojala<\/em><\/p>\n\n\n\n<p class=\"has-small-font-size\">Julkaistu vuonna 2014 Espoon perinneseuran sivulla <a href=\"https:\/\/espoonperinneseura.net\/perinnetietoa\/oppilaat-ja-opettajat-muistelevat\/\">Oppilaat ja opettajat muistelevat | Espoon perinneseura<\/a><\/p>\n","protected":false},"excerpt":{"rendered":"<p>Kansakouluni Olen syntynyt vuonna 1963 Espoossa. K\u00e4vin Aurora Karamzinin perustamassa Tr\u00e4sk\u00e4ndan kansakoulussa ensimm\u00e4isen ja toisen luokan vuosina 1970 \u2013 72. Koulurakennus oli vanha kaksikerroksinen puutalo. Koulussa oli yksi, vai olisiko ollut kaksi luokkahuonetta. Yl\u00e4kerrassa asui koulun vahtimestari perheineen. Perheen \u00e4iti k\u00e4vi ty\u00f6ss\u00e4 Aurorakodissa, jossa h\u00e4n oli osasto kakkosen osastonhoitaja. Kun Tr\u00e4sk\u00e4ndan koulu muutettiin Auroran p\u00e4iv\u00e4kodiksi,&hellip; <a class=\"more-link\" href=\"https:\/\/espoonperinneseura.net\/espoo1972\/muistoja-espoosta\/maarika-merojalan-koulumuistoja\/\">Jatka lukemista <span class=\"screen-reader-text\">Maarika Merojalan koulumuistoja<\/span><\/a><\/p>\n","protected":false},"author":1,"featured_media":0,"parent":302,"menu_order":96,"comment_status":"closed","ping_status":"closed","template":"","meta":{"_eb_attr":"","_exactmetrics_skip_tracking":false,"_exactmetrics_sitenote_active":false,"_exactmetrics_sitenote_note":"","_exactmetrics_sitenote_category":0,"footnotes":""},"class_list":["post-1313","page","type-page","status-publish","hentry","entry"],"_links":{"self":[{"href":"https:\/\/espoonperinneseura.net\/espoo1972\/wp-json\/wp\/v2\/pages\/1313","targetHints":{"allow":["GET"]}}],"collection":[{"href":"https:\/\/espoonperinneseura.net\/espoo1972\/wp-json\/wp\/v2\/pages"}],"about":[{"href":"https:\/\/espoonperinneseura.net\/espoo1972\/wp-json\/wp\/v2\/types\/page"}],"author":[{"embeddable":true,"href":"https:\/\/espoonperinneseura.net\/espoo1972\/wp-json\/wp\/v2\/users\/1"}],"replies":[{"embeddable":true,"href":"https:\/\/espoonperinneseura.net\/espoo1972\/wp-json\/wp\/v2\/comments?post=1313"}],"version-history":[{"count":4,"href":"https:\/\/espoonperinneseura.net\/espoo1972\/wp-json\/wp\/v2\/pages\/1313\/revisions"}],"predecessor-version":[{"id":1327,"href":"https:\/\/espoonperinneseura.net\/espoo1972\/wp-json\/wp\/v2\/pages\/1313\/revisions\/1327"}],"up":[{"embeddable":true,"href":"https:\/\/espoonperinneseura.net\/espoo1972\/wp-json\/wp\/v2\/pages\/302"}],"wp:attachment":[{"href":"https:\/\/espoonperinneseura.net\/espoo1972\/wp-json\/wp\/v2\/media?parent=1313"}],"curies":[{"name":"wp","href":"https:\/\/api.w.org\/{rel}","templated":true}]}}