{"id":1317,"date":"2022-01-13T12:34:42","date_gmt":"2022-01-13T10:34:42","guid":{"rendered":"https:\/\/espoonperinneseura.net\/espoo1972\/?page_id=1317"},"modified":"2022-01-13T14:52:02","modified_gmt":"2022-01-13T12:52:02","slug":"heli-elorannan-koulumuistoja","status":"publish","type":"page","link":"https:\/\/espoonperinneseura.net\/espoo1972\/muistoja-espoosta\/heli-elorannan-koulumuistoja\/","title":{"rendered":"Heli Elorannan koulumuistoja"},"content":{"rendered":"\n<div class=\"wp-block-image\"><figure class=\"aligncenter size-full\"><img loading=\"lazy\" decoding=\"async\" width=\"800\" height=\"487\" src=\"https:\/\/espoonperinneseura.net\/espoo1972\/wp-content\/uploads\/2022\/01\/myllykyla-2012.jpg\" alt=\"\" class=\"wp-image-1328\" srcset=\"https:\/\/espoonperinneseura.net\/espoo1972\/wp-content\/uploads\/2022\/01\/myllykyla-2012.jpg 800w, https:\/\/espoonperinneseura.net\/espoo1972\/wp-content\/uploads\/2022\/01\/myllykyla-2012-300x183.jpg 300w, https:\/\/espoonperinneseura.net\/espoo1972\/wp-content\/uploads\/2022\/01\/myllykyla-2012-768x468.jpg 768w\" sizes=\"auto, (max-width: 800px) 100vw, 800px\" \/><figcaption>Auroran vanha koulurakennus, joka purettiin vuonna 2015. Kuva: Esko Uotila 2012.<\/figcaption><\/figure><\/div>\n\n\n\n<p>Olen syntynyt vuonna 1966. Kouluni olivat Auroran koulu ja Lepp\u00e4vaaran koulu. Aloitin vuonna 1974 Auroran koulussa, jossa k\u00e4vin kaksi vuotta. Sitten muutin Lepp\u00e4vaaraan. Luokkia oli kuudenteen luokkaan asti. Oppilaita luokillani oli noin 20 \u2013 25.<\/p>\n\n\n\n<p>Auroran koulu oli pieni, mukava ja rauhallinen. Koulumatkaa kotoani sinne oli 1 \u2013 2 kilometri\u00e4. Kuljin matkan jalan.<\/p>\n\n\n\n<p>Minun aikanani koulua kunnioitettiin. Oppilaat olivat kilttej\u00e4. Opettajaa teititeltiin tai sanottiin puhuteltaessa opettajaksi.<\/p>\n\n\n\n<p>Minun vaikeuteni oli se, ett\u00e4 opettaja ei ymm\u00e4rt\u00e4nyt, mit\u00e4 on lukih\u00e4iri\u00f6, vaan kohteli minua idioottina, kun en oppinut lukemaan samaan aikaan muiden kanssa.<\/p>\n\n\n\n<p>En muista, miten vanhempani suhtautuivat koulunk\u00e4yntiini. Sen muistan, ett\u00e4 koulun vahtimestari leikki ulkona v\u00e4litunneilla oppilaiden kanssa.<\/p>\n\n\n\n<p>Koulunk\u00e4ynnist\u00e4 en osaa kertoa paljoakaan. Tavanomainen koulup\u00e4iv\u00e4 alkoi klo 9.00 aamulla. Koulu p\u00e4\u00e4ttyi kello 13.30 tai klo 14.00. Koulussa oli ihan mukavaa.<\/p>\n\n\n\n<p>Kouluaineina oli: lukeminen, laskento, yhteiskuntaoppi, kirjoitus, \u00e4idinkieli, k\u00e4sity\u00f6t, kuvaamataito jne. K\u00e4sit\u00f6iss\u00e4 ommeltiin k\u00e4sin patalappu ja kudottiin lapasia.<\/p>\n\n\n\n<p>Muistan, ett\u00e4 ensimm\u00e4inen koulukirjani oli aapinen. Muita kirjoja oli laskento\/matematiikan kirja. L\u00e4ksyist\u00e4 en tyk\u00e4nnyt, kurjaa, lintsasin usein.<\/p>\n\n\n\n<p>Liikuntaharrastuksina oli voimistelua ja liikuntaa tamburiinin tahdissa. V\u00e4litunti oli noin 15 \u2013 20 minuuttia. Sin\u00e4 aikana leikittiin, juostiin kilpaa tai tapeltiin poikien kanssa.<\/p>\n\n\n\n<p>Koulussa oli ilmainen ruoka. L\u00e4\u00e4k\u00e4rintarkastus oli 1 \u2013 2 kertaa vuodessa.<\/p>\n\n\n\n<p>Koulussa oli joululoma ja kes\u00e4loma. Joululoman alkaessa oli koulussa joulujuhla. Tavallinen ohjelma: oli tontut, enkelit, joulupukki ja teatteriesitys. Kes\u00e4lomalle l\u00e4hdett\u00e4ess\u00e4 oli koulun yhteinen kev\u00e4tjuhla.<\/p>\n\n\n\n<p><\/p>\n\n\n\n<p><em>Heli Eloranta<\/em><\/p>\n\n\n\n<p> Julkaistu vuonna 2014 Espoon perinneseuran sivulla <a href=\"https:\/\/espoonperinneseura.net\/perinnetietoa\/oppilaat-ja-opettajat-muistelevat\/\">Oppilaat ja opettajat muistelevat | Espoon perinneseura<\/a><\/p>\n","protected":false},"excerpt":{"rendered":"<p>Olen syntynyt vuonna 1966. Kouluni olivat Auroran koulu ja Lepp\u00e4vaaran koulu. Aloitin vuonna 1974 Auroran koulussa, jossa k\u00e4vin kaksi vuotta. Sitten muutin Lepp\u00e4vaaraan. Luokkia oli kuudenteen luokkaan asti. Oppilaita luokillani oli noin 20 \u2013 25. Auroran koulu oli pieni, mukava ja rauhallinen. Koulumatkaa kotoani sinne oli 1 \u2013 2 kilometri\u00e4. Kuljin matkan jalan. Minun aikanani&hellip; <a class=\"more-link\" href=\"https:\/\/espoonperinneseura.net\/espoo1972\/muistoja-espoosta\/heli-elorannan-koulumuistoja\/\">Jatka lukemista <span class=\"screen-reader-text\">Heli Elorannan koulumuistoja<\/span><\/a><\/p>\n","protected":false},"author":1,"featured_media":0,"parent":302,"menu_order":54,"comment_status":"closed","ping_status":"closed","template":"","meta":{"_eb_attr":"","_exactmetrics_skip_tracking":false,"_exactmetrics_sitenote_active":false,"_exactmetrics_sitenote_note":"","_exactmetrics_sitenote_category":0,"footnotes":""},"class_list":["post-1317","page","type-page","status-publish","hentry","entry"],"_links":{"self":[{"href":"https:\/\/espoonperinneseura.net\/espoo1972\/wp-json\/wp\/v2\/pages\/1317","targetHints":{"allow":["GET"]}}],"collection":[{"href":"https:\/\/espoonperinneseura.net\/espoo1972\/wp-json\/wp\/v2\/pages"}],"about":[{"href":"https:\/\/espoonperinneseura.net\/espoo1972\/wp-json\/wp\/v2\/types\/page"}],"author":[{"embeddable":true,"href":"https:\/\/espoonperinneseura.net\/espoo1972\/wp-json\/wp\/v2\/users\/1"}],"replies":[{"embeddable":true,"href":"https:\/\/espoonperinneseura.net\/espoo1972\/wp-json\/wp\/v2\/comments?post=1317"}],"version-history":[{"count":3,"href":"https:\/\/espoonperinneseura.net\/espoo1972\/wp-json\/wp\/v2\/pages\/1317\/revisions"}],"predecessor-version":[{"id":1334,"href":"https:\/\/espoonperinneseura.net\/espoo1972\/wp-json\/wp\/v2\/pages\/1317\/revisions\/1334"}],"up":[{"embeddable":true,"href":"https:\/\/espoonperinneseura.net\/espoo1972\/wp-json\/wp\/v2\/pages\/302"}],"wp:attachment":[{"href":"https:\/\/espoonperinneseura.net\/espoo1972\/wp-json\/wp\/v2\/media?parent=1317"}],"curies":[{"name":"wp","href":"https:\/\/api.w.org\/{rel}","templated":true}]}}