{"id":1365,"date":"2022-01-17T21:37:50","date_gmt":"2022-01-17T19:37:50","guid":{"rendered":"https:\/\/espoonperinneseura.net\/espoo1972\/?page_id=1365"},"modified":"2022-07-17T10:17:30","modified_gmt":"2022-07-17T07:17:30","slug":"lillhemt-vuonna-1972","status":"publish","type":"page","link":"https:\/\/espoonperinneseura.net\/espoo1972\/muistoja-espoosta\/lillhemt-vuonna-1972\/","title":{"rendered":"Lillhemt vuonna 1972\u200b"},"content":{"rendered":"\n<div class=\"wp-block-image\"><figure class=\"aligncenter size-full\"><img loading=\"lazy\" decoding=\"async\" width=\"721\" height=\"315\" src=\"https:\/\/espoonperinneseura.net\/espoo1972\/wp-content\/uploads\/2022\/01\/Lillhemt-1972.png\" alt=\"\" class=\"wp-image-1353\" srcset=\"https:\/\/espoonperinneseura.net\/espoo1972\/wp-content\/uploads\/2022\/01\/Lillhemt-1972.png 721w, https:\/\/espoonperinneseura.net\/espoo1972\/wp-content\/uploads\/2022\/01\/Lillhemt-1972-300x131.png 300w\" sizes=\"auto, (max-width: 721px) 100vw, 721px\" \/><figcaption>Kuva Lillhemtin kaupasta, V\u00e4li-Henttaan tie 9. Rakennus on sittemmin purettu. Kuva: Rafael Corander.<\/figcaption><\/figure><\/div>\n\n\n\n<p id=\"block-eb87eddc-33ac-4fc0-905b-ab3548eb373a\">Lillhemt on nykyisin Henttaan kaupunginosaan kuuluva aktiivinen pientaloalue Espoon keskuspuiston ja Suurpellon kasvavan kerrostalol\u00e4hi\u00f6n v\u00e4liss\u00e4. Vuonna 1972 Lillhemt oli kuin vire\u00e4 maalaiskyl\u00e4 keskell\u00e4 kaupunkia, Henttaan vuosisataisten peltoaukeiden reunalla. Asukasm\u00e4\u00e4r\u00e4 oli noin 240 henkil\u00f6\u00e4. Muutamaa vuotta aikaisemmin perustetun omakotiyhdistyksen (Lillhemtin omakotiyhdistys ry \u2013 Egnahemsf\u00f6reningen Lillhemt rf) johdolla kyl\u00e4 pyrki puolustamaan olemassaoloaan, kehitt\u00e4m\u00e4\u00e4n palveluita ja parantamaan asukkaiden elinoloja.<\/p>\n\n\n\n<p id=\"block-e17f6447-7d2a-48fa-898e-ddb1a8e7e178\">Lillhemtin asutus juontaa juurensa 1700-luvun lopulle, jolloin toimitetun isojaon perusteella Hemtansin kyl\u00e4n taloista toinen, Lillhemtans, siirrettiin nykyisen Punaisen tuvan paikalle. Talonv\u00e4en ja alustalaisten lis\u00e4ksi kyl\u00e4n v\u00e4kiluku alkoi kasvaa erityisesti 1930-luvulla, kun tiloja lohkottiin ensin kes\u00e4m\u00f6kkipalstoiksi ja my\u00f6hemmin pysyv\u00e4\u00e4kin asutusta varten. 1960-luvulla kyl\u00e4n tulevaisuus koettiin ep\u00e4varmaksi, kun jotkut Espoon kauppalan virkamiehet esittiv\u00e4t lausuntoja, joissa kyl\u00e4\u00e4 ehdotettiin purettavaksi ja aluetta liitett\u00e4v\u00e4ksi suunniteltuun keskuspuistoon. T\u00e4m\u00e4 uhka toimi yhten\u00e4 pontimena omakotiyhdistyksen perustamiselle. Uhka saatiin torjuttua avoimella keskustelulla. Yhdistys koordinoi my\u00f6s kyl\u00e4l\u00e4isten jo pitk\u00e4\u00e4n jatkunutta yhteistoimintaa, jonka tuloksena oli aiemmin syntynyt muun muassa talkoovoimin rakennettu ja yll\u00e4pidetty autotie Lillhemtist\u00e4 Kokinkyl\u00e4\u00e4n. Omakotiyhdistys joutui puolustamaan kyl\u00e4l\u00e4isten etuja ja torjumaan asumisviihtyvyytt\u00e4 uhkaavia suunnitelmia 1970-luvullakin. Olarin rakentaminen vaati paljon kiviainesta, ja jossakin vaiheessa suunniteltiin kivimurskaamoa kyl\u00e4n kylkeen. Seuraava uhka oli Espoon S\u00e4hk\u00f6n suurj\u00e4nnitelinja, jonka varhaisen linjauksen alta olisi jouduttu purkamaan joitakin taloja. Yhdistyksen ja kyl\u00e4n asukkaiden yhteisten ponnistusten avulla n\u00e4m\u00e4kin uhat saatiin torjuttua.<\/p>\n\n\n\n<p id=\"block-1a407a3a-10df-4e9a-b7e6-5079e6ad58fb\">Paradoksaalista kyll\u00e4kin mutta vuonna 1972 Lillhemtiss\u00e4 oli joitakin l\u00e4hipalveluita, joita nykyisin ei ole. Juhanilan Linjan bussi numero 122 vei matkustajat suoraan Helsingin Kamppiin, ja kyl\u00e4ss\u00e4 oli oma kauppa, V\u00e4li-Henttaan tie 9:ss\u00e4. Vahva kyl\u00e4identiteetti, yhteishenki ja luonnonl\u00e4heisyys ovat kuitenkin s\u00e4ilyneet asukasm\u00e4\u00e4r\u00e4n voimakkaasta kasvusta ja tiivistyv\u00e4st\u00e4 rakennuskannasta huolimatta.<\/p>\n\n\n\n<p id=\"block-3a381564-19b7-4a52-8c52-5575f7a6463b\"><em>Tapani Hovi<\/em><\/p>\n\n\n\n<p id=\"block-f790cf79-1019-43e9-89ff-6efe39372ee7\">L\u00e4hde:<br>Lillhemt \u2013 kyl\u00e4 keskell\u00e4 kaupunkia. Lillhemtin omakotiyhdistyksen 50-vuotishistoriikki (2018)<\/p>\n","protected":false},"excerpt":{"rendered":"<p>Lillhemt on nykyisin Henttaan kaupunginosaan kuuluva aktiivinen pientaloalue Espoon keskuspuiston ja Suurpellon kasvavan kerrostalol\u00e4hi\u00f6n v\u00e4liss\u00e4. Vuonna 1972 Lillhemt oli kuin vire\u00e4 maalaiskyl\u00e4 keskell\u00e4 kaupunkia, Henttaan vuosisataisten peltoaukeiden reunalla. Asukasm\u00e4\u00e4r\u00e4 oli noin 240 henkil\u00f6\u00e4. Muutamaa vuotta aikaisemmin perustetun omakotiyhdistyksen (Lillhemtin omakotiyhdistys ry \u2013 Egnahemsf\u00f6reningen Lillhemt rf) johdolla kyl\u00e4 pyrki puolustamaan olemassaoloaan, kehitt\u00e4m\u00e4\u00e4n palveluita ja parantamaan asukkaiden&hellip; <a class=\"more-link\" href=\"https:\/\/espoonperinneseura.net\/espoo1972\/muistoja-espoosta\/lillhemt-vuonna-1972\/\">Jatka lukemista <span class=\"screen-reader-text\">Lillhemt vuonna 1972\u200b<\/span><\/a><\/p>\n","protected":false},"author":1,"featured_media":0,"parent":302,"menu_order":82,"comment_status":"closed","ping_status":"closed","template":"","meta":{"_eb_attr":"","_exactmetrics_skip_tracking":false,"_exactmetrics_sitenote_active":false,"_exactmetrics_sitenote_note":"","_exactmetrics_sitenote_category":0,"footnotes":""},"class_list":["post-1365","page","type-page","status-publish","hentry","entry"],"_links":{"self":[{"href":"https:\/\/espoonperinneseura.net\/espoo1972\/wp-json\/wp\/v2\/pages\/1365","targetHints":{"allow":["GET"]}}],"collection":[{"href":"https:\/\/espoonperinneseura.net\/espoo1972\/wp-json\/wp\/v2\/pages"}],"about":[{"href":"https:\/\/espoonperinneseura.net\/espoo1972\/wp-json\/wp\/v2\/types\/page"}],"author":[{"embeddable":true,"href":"https:\/\/espoonperinneseura.net\/espoo1972\/wp-json\/wp\/v2\/users\/1"}],"replies":[{"embeddable":true,"href":"https:\/\/espoonperinneseura.net\/espoo1972\/wp-json\/wp\/v2\/comments?post=1365"}],"version-history":[{"count":4,"href":"https:\/\/espoonperinneseura.net\/espoo1972\/wp-json\/wp\/v2\/pages\/1365\/revisions"}],"predecessor-version":[{"id":2033,"href":"https:\/\/espoonperinneseura.net\/espoo1972\/wp-json\/wp\/v2\/pages\/1365\/revisions\/2033"}],"up":[{"embeddable":true,"href":"https:\/\/espoonperinneseura.net\/espoo1972\/wp-json\/wp\/v2\/pages\/302"}],"wp:attachment":[{"href":"https:\/\/espoonperinneseura.net\/espoo1972\/wp-json\/wp\/v2\/media?parent=1365"}],"curies":[{"name":"wp","href":"https:\/\/api.w.org\/{rel}","templated":true}]}}