{"id":1485,"date":"2022-01-23T10:25:03","date_gmt":"2022-01-23T08:25:03","guid":{"rendered":"https:\/\/espoonperinneseura.net\/espoo1972\/?page_id=1485"},"modified":"2022-07-17T10:19:27","modified_gmt":"2022-07-17T07:19:27","slug":"terveydenhuolto-1970-luvulla","status":"publish","type":"page","link":"https:\/\/espoonperinneseura.net\/espoo1972\/kasvu-kaupungiksi\/terveydenhuolto-1970-luvulla\/","title":{"rendered":"Terveydenhuolto 1970-luvulla"},"content":{"rendered":"\n<p><em>Esko Uotila<\/em><\/p>\n\n\n\n<h4 class=\"wp-block-heading\" id=\"kansanterveyslaki-1-4-1972-31-12-2022\"><strong>Kansanterveyslaki 1.4.1972 &#8211; 31.12.2022<\/strong><\/h4>\n\n\n\n<p>Vuoden 1972 kansanterveyslaki lis\u00e4si kaupungin vastuita terveyden- ja sairaanhoidon j\u00e4rjest\u00e4misess\u00e4 sek\u00e4 ennaltaehk\u00e4isev\u00e4n hoidon ja avohoidon kehitt\u00e4misess\u00e4. Kaupungin oli perustettava terveyskeskuksia ja j\u00e4rjestett\u00e4v\u00e4 sairaankuljetus, hammashoito ja kouluterveydenhoito alueellaan. Valtio tuki terveyskeskusten rakentamista my\u00f6nt\u00e4m\u00e4ll\u00e4 valtionapua perustamis- ja k\u00e4ytt\u00f6kustannuksiin.<\/p>\n\n\n\n<p>Uuden lain my\u00f6t\u00e4 terveydenhoitolautakunta muuttui terveyslautakunnaksi vuonna 1972. Espoon paikallissairaalan johtokunnan teht\u00e4v\u00e4t siirrettiin terveyslautakunnalle. Terveydenhoitotoimisto muuttui terveysvirastoksi lokakuussa 1973. Se toimi Tapiolan terveystalossa. Terveysvirasto muutti syksyll\u00e4 1979 Espoon keskuksen uuteen virastotaloon.<\/p>\n\n\n\n<p>Kansanterveyslaki kumottiin kes\u00e4kuussa 2021 samalla, kun sote-uudistukseen liittyv\u00e4t lait hyv\u00e4ksyttiin eduskunnassa. P\u00e4\u00e4t\u00f6s oikaistiin erillisell\u00e4 s\u00e4\u00e4d\u00f6ksell\u00e4 siten, ett\u00e4 kansanterveyslaki on voimassa 31.12.2022 saakka, jonka j\u00e4lkeen sosiaali- ja terveyspalvelut ja pelastustoimi siirtyv\u00e4t L\u00e4nsi-Uudenmaan hyvinvointialueen vastuulle.<\/p>\n\n\n\n<h4 class=\"wp-block-heading\" id=\"terveyspalvelut\"><strong>Terveyspalvelut<\/strong><\/h4>\n\n\n\n<p>Kaupunginl\u00e4\u00e4k\u00e4reit\u00e4 alettiin uuden lain mukaisesti kutsua terveyskeskusl\u00e4\u00e4k\u00e4reiksi. Vuonna 1972 Espoossa oli 14 terveyskeskusl\u00e4\u00e4k\u00e4ri\u00e4 Muuralan, Tapiolan, Matinkyl\u00e4n, Viherlaakson, Kauklahden, Lepp\u00e4vaaran ja Soukan terveysasemilla. Terveyskeskusl\u00e4\u00e4k\u00e4reiden m\u00e4\u00e4r\u00e4 kasvoi tasaisesti: vuonna 1973 heit\u00e4 oli 17, seuraavana vuonna 25 ja vuonna 1979 terveysasemien vastaanotoilla toimi 40 l\u00e4\u00e4k\u00e4ri\u00e4.<\/p>\n\n\n\n<p>Vuonna 1972 laboratorio- ja r\u00f6ntgentutkimuksia tehtiin Tapiolassa, Lepp\u00e4vaarassa, Viherlaaksossa ja Muuralassa.<\/p>\n\n\n\n<p>\u00c4itiys- ja lastenneuvoloiden henkil\u00f6st\u00f6n m\u00e4\u00e4r\u00e4 kasvoi nopeasti. Vuonna 1972 terveydenhoitajia oli 38, ja heist\u00e4 13 oli \u00e4itiyshuollossa ja 25 muussa neuvonta- ja kouluterveydenhuollossa. Vuonna 1977 terveysneuvonnassa oli 56 terveydenhoitajan virkaa, joista neuvoloissa oli 51, terveystarkastuksissa kaksi, ehk\u00e4isyneuvonnassa kaksi ja terveysvalistuksessa yksi virka. Toimipaikkojen lukum\u00e4\u00e4r\u00e4 vaihteli vuosittain 23 ja 28 v\u00e4lill\u00e4.<\/p>\n\n\n\n<p>Kansanterveyslain voimaantulo lis\u00e4si kotisairaanhoidon palvelujen kysynt\u00e4\u00e4 huomattavasti. Espoo oli jaettu viiteen toimintapiiriin. Henkil\u00f6kunnan m\u00e4\u00e4r\u00e4 lis\u00e4\u00e4ntyi, ja ty\u00f6ss\u00e4 oli nelj\u00e4 sairaanhoitajaa, l\u00e4\u00e4kint\u00e4voimistelija ja keskim\u00e4\u00e4rin 40 kotiavustajaa. Kotisairaanhoidon henkil\u00f6st\u00f6m\u00e4\u00e4r\u00e4 pysyi vuosikymmenen lopun l\u00e4hes muuttumattomana.<\/p>\n\n\n\n<p>Vuodesta 1972 Espoolla oli kaksi sairaankuljetusautoa paloasemilla. Sopimusyritt\u00e4jill\u00e4 oli nelj\u00e4 autoa. Autot sijaitsivat Lepp\u00e4vaarassa, Niittykummussa ja Kauklahdessa.<\/p>\n\n\n\n<p>Vuonna 1972 Espoon kaupungissa oli virkoja ja kuukausipalkkaisia ty\u00f6sopimussuhteisia toimia yhteens\u00e4 2 864. Lis\u00e4ksi oli tuntipalkkaisia ty\u00f6ntekij\u00f6it\u00e4 noin 700. Terveyden- ja sairaanhoidossa oli 224 virkaa (14% koko kaupungin viroista) ja 78 tointa (6,2% toimista). Henkil\u00f6kuntaa oli yhteens\u00e4 302 eli 10,6 prosenttia koko kaupungin henkil\u00f6st\u00f6st\u00e4. Vuonna 2020 kaupungin henkil\u00f6st\u00f6\u00e4 oli yhteens\u00e4 14 951, joista sosiaali- ja terveystoimessa ty\u00f6skenteli 3 983 henkil\u00f6\u00e4.<\/p>\n\n\n\n<figure class=\"wp-block-gallery has-nested-images columns-default is-cropped tw-cols-large wp-block-gallery-1 is-layout-flex wp-block-gallery-is-layout-flex\">\n<figure class=\"wp-block-image size-large\"><img loading=\"lazy\" decoding=\"async\" width=\"1024\" height=\"839\" data-id=\"1213\" src=\"https:\/\/espoonperinneseura.net\/espoo1972\/wp-content\/uploads\/2022\/01\/Muuralan-sairaala-1-1024x839.jpg\" alt=\"\" class=\"wp-image-1213\" srcset=\"https:\/\/espoonperinneseura.net\/espoo1972\/wp-content\/uploads\/2022\/01\/Muuralan-sairaala-1-1024x839.jpg 1024w, https:\/\/espoonperinneseura.net\/espoo1972\/wp-content\/uploads\/2022\/01\/Muuralan-sairaala-1-300x246.jpg 300w, https:\/\/espoonperinneseura.net\/espoo1972\/wp-content\/uploads\/2022\/01\/Muuralan-sairaala-1-768x629.jpg 768w, https:\/\/espoonperinneseura.net\/espoo1972\/wp-content\/uploads\/2022\/01\/Muuralan-sairaala-1.jpg 1452w\" sizes=\"auto, (max-width: 1024px) 100vw, 1024px\" \/><figcaption>Muuralan sairaala. Kuva: Esko Uotila 2018.<\/figcaption><\/figure>\n\n\n\n<figure class=\"wp-block-image size-large\"><img loading=\"lazy\" decoding=\"async\" width=\"800\" height=\"624\" data-id=\"1487\" src=\"https:\/\/espoonperinneseura.net\/espoo1972\/wp-content\/uploads\/2022\/01\/Puolarmetsan-sairaala.jpg\" alt=\"\" class=\"wp-image-1487\" srcset=\"https:\/\/espoonperinneseura.net\/espoo1972\/wp-content\/uploads\/2022\/01\/Puolarmetsan-sairaala.jpg 800w, https:\/\/espoonperinneseura.net\/espoo1972\/wp-content\/uploads\/2022\/01\/Puolarmetsan-sairaala-300x234.jpg 300w, https:\/\/espoonperinneseura.net\/espoo1972\/wp-content\/uploads\/2022\/01\/Puolarmetsan-sairaala-768x599.jpg 768w\" sizes=\"auto, (max-width: 800px) 100vw, 800px\" \/><figcaption>Puolarmets\u00e4n sairaala rakenteilla. Kuva: Mauritz Hellstr\u00f6m 1977. Espoon kaupunginmuseo.<\/figcaption><\/figure>\n\n\n\n<figure class=\"wp-block-image size-large\"><img loading=\"lazy\" decoding=\"async\" width=\"795\" height=\"800\" data-id=\"1472\" src=\"https:\/\/espoonperinneseura.net\/espoo1972\/wp-content\/uploads\/2022\/01\/Jorvin-sairaala.jpg\" alt=\"\" class=\"wp-image-1472\" srcset=\"https:\/\/espoonperinneseura.net\/espoo1972\/wp-content\/uploads\/2022\/01\/Jorvin-sairaala.jpg 795w, https:\/\/espoonperinneseura.net\/espoo1972\/wp-content\/uploads\/2022\/01\/Jorvin-sairaala-298x300.jpg 298w, https:\/\/espoonperinneseura.net\/espoo1972\/wp-content\/uploads\/2022\/01\/Jorvin-sairaala-150x150.jpg 150w, https:\/\/espoonperinneseura.net\/espoo1972\/wp-content\/uploads\/2022\/01\/Jorvin-sairaala-768x773.jpg 768w\" sizes=\"auto, (max-width: 795px) 100vw, 795px\" \/><figcaption> Jorvin sairaalan rakentaminen alkoi 1972. Kuva: Hans Fransman, 1973-74. Espoon kaupunginmuseo. <\/figcaption><\/figure>\n<\/figure>\n\n\n\n<h4 class=\"wp-block-heading\" id=\"espoon-sairaalat\"><strong>Espoon sairaalat<\/strong><\/h4>\n\n\n\n<p>Muuralan sairaala aloitti toimintansa vuonna 1920. Vuoden 1972 uudistusten my\u00f6t\u00e4 Espoon paikallissairaala ja sairaalan avopoliklinikka suljettiin. Samalla sairaalan nimi muutettiin Espoon terveyskeskuksen Muuralan vuodeosastoksi. Vuoden aikana Muuralaan valmistui uusi 62 sairaansijaa k\u00e4sitt\u00e4v\u00e4 lis\u00e4rakennus, ja sairaansijojen m\u00e4\u00e4r\u00e4 nousi 133:een.<\/p>\n\n\n\n<p>Muuralan vuodeosaston sairaansijojen m\u00e4\u00e4r\u00e4 v\u00e4heni vuosikymmenen aikana, ja vuonna 1979 osastolla oli 83 vuodepaikkaa ja 10 p\u00e4iv\u00e4sairaalapaikkaa.<\/p>\n\n\n\n<p><a href=\"https:\/\/espoonperinneseura.net\/wp-content\/uploads\/2018\/11\/Muuralan-sairaala-1920-2017.pdf\" target=\"_blank\" rel=\"noreferrer noopener\">Muuralan sairaala 1920-2017<\/a><\/p>\n\n\n\n<p>Puolarmets\u00e4n sairaala valmistui vuonna 1977. Puolarmets\u00e4n sairaala aloitti 264-paikkaisena terveyskeskussairaalana. L\u00e4\u00e4k\u00e4rit siirtyiv\u00e4t Muuralan sairaalasta Puolarmets\u00e4n sairaalaan, mist\u00e4 k\u00e4sin he hoitivat Muuralan sairaalan l\u00e4\u00e4k\u00e4rin teht\u00e4v\u00e4t.&nbsp;<\/p>\n\n\n\n<p>Puolarmets\u00e4n ja Muuralan sairaaloiden teht\u00e4v\u00e4ksi tuli yhdess\u00e4 kotisairaanhoidon kanssa huolehtia perustason sairaanhoitoa vaativien potilaiden hoidosta. Espoon kotisairaanhoitotoiminta oli alkanut jo vuonna 1965, jolloin teht\u00e4v\u00e4\u00e4n oli valittu ensimm\u00e4inen kotisairaanhoitaja.<\/p>\n\n\n\n<p>Erikoisl\u00e4\u00e4k\u00e4rijohtoisia kuntainliittojen sairaaloita, joissa Espoo oli osakkaana, olivat Helsingin yliopistollinen keskussairaala, Jorvin sairaala, Lastenlinna, Meltolan sairaala, Reumas\u00e4\u00e4ti\u00f6n sairaala, Ty\u00f6terveyslaitos, Invalidis\u00e4\u00e4ti\u00f6n sairaala, Tammiharjun sairaala ja Pelto sek\u00e4 vuoteen 1977 saakka Mehil\u00e4isen sairaalan ja Eiran sairaalan osastot.<\/p>\n\n\n\n<p>Jorvin sairaalaa rakennettiin vuosina 1972-1976. Sairaala avattiin osittain vuonna 1976, jolloin k\u00e4ynnistyi ajanvaraukseen perustuva poliklinikkatoiminta. Vuonna 1977 sairaala laajensi toimintaansa niin, ett\u00e4 Espoon k\u00e4yt\u00f6ss\u00e4 oli aluksi 116,8 sairaansijaa ja vuoden lopussa 151,9 sairaansijaa. Sis\u00e4tautien, kirurgian, lastentautien ja gynekologinen p\u00e4ivystys sek\u00e4 \u00e4itiyspoliklinikka k\u00e4ynnistyiv\u00e4t vuoden aikana. Sairaalan toiminta laajeni edelleen vuonna 1978 ja vuoden lopussa Espoolla oli k\u00e4yt\u00f6ss\u00e4 188 sairaansijaa. Sairaala saatiin vuoden 1979 lopussa kokonaisuudessaan k\u00e4ytt\u00f6\u00f6n, mik\u00e4 mahdollisti entist\u00e4 paremmin hoidon porrastamisen HYKSin kanssa. Sairaansijojen lukum\u00e4\u00e4r\u00e4 oli yhteens\u00e4 298. Vuoden aikana Jorviin saatiin muun muassa 20 psykiatrisen hoidon paikkaa.<\/p>\n\n\n\n<p>L\u00e4hteet:<\/p>\n\n\n\n<p>Pirkko Kivim\u00e4ki &#8211; Esko Uotila: Muuralan sairaala \u2013 Espoon ensimm\u00e4inen. Espoon perinneseura&nbsp; 2018.<\/p>\n\n\n\n<p>Kristiina Alppivuori: Espoon kehitys maalaiskunnasta kaupungiksi &#8211; Terveystoimen kehitys Espoossa vuosina 1929 &#8211; 1995. Espoon kaupunki 2020.<\/p>\n","protected":false},"excerpt":{"rendered":"<p>Esko Uotila Kansanterveyslaki 1.4.1972 &#8211; 31.12.2022 Vuoden 1972 kansanterveyslaki lis\u00e4si kaupungin vastuita terveyden- ja sairaanhoidon j\u00e4rjest\u00e4misess\u00e4 sek\u00e4 ennaltaehk\u00e4isev\u00e4n hoidon ja avohoidon kehitt\u00e4misess\u00e4. Kaupungin oli perustettava terveyskeskuksia ja j\u00e4rjestett\u00e4v\u00e4 sairaankuljetus, hammashoito ja kouluterveydenhoito alueellaan. Valtio tuki terveyskeskusten rakentamista my\u00f6nt\u00e4m\u00e4ll\u00e4 valtionapua perustamis- ja k\u00e4ytt\u00f6kustannuksiin. Uuden lain my\u00f6t\u00e4 terveydenhoitolautakunta muuttui terveyslautakunnaksi vuonna 1972. Espoon paikallissairaalan johtokunnan teht\u00e4v\u00e4t siirrettiin&hellip; <a class=\"more-link\" href=\"https:\/\/espoonperinneseura.net\/espoo1972\/kasvu-kaupungiksi\/terveydenhuolto-1970-luvulla\/\">Jatka lukemista <span class=\"screen-reader-text\">Terveydenhuolto 1970-luvulla<\/span><\/a><\/p>\n","protected":false},"author":1,"featured_media":0,"parent":298,"menu_order":103,"comment_status":"closed","ping_status":"closed","template":"","meta":{"_eb_attr":"","_exactmetrics_skip_tracking":false,"_exactmetrics_sitenote_active":false,"_exactmetrics_sitenote_note":"","_exactmetrics_sitenote_category":0,"footnotes":""},"class_list":["post-1485","page","type-page","status-publish","hentry","entry"],"_links":{"self":[{"href":"https:\/\/espoonperinneseura.net\/espoo1972\/wp-json\/wp\/v2\/pages\/1485","targetHints":{"allow":["GET"]}}],"collection":[{"href":"https:\/\/espoonperinneseura.net\/espoo1972\/wp-json\/wp\/v2\/pages"}],"about":[{"href":"https:\/\/espoonperinneseura.net\/espoo1972\/wp-json\/wp\/v2\/types\/page"}],"author":[{"embeddable":true,"href":"https:\/\/espoonperinneseura.net\/espoo1972\/wp-json\/wp\/v2\/users\/1"}],"replies":[{"embeddable":true,"href":"https:\/\/espoonperinneseura.net\/espoo1972\/wp-json\/wp\/v2\/comments?post=1485"}],"version-history":[{"count":12,"href":"https:\/\/espoonperinneseura.net\/espoo1972\/wp-json\/wp\/v2\/pages\/1485\/revisions"}],"predecessor-version":[{"id":1808,"href":"https:\/\/espoonperinneseura.net\/espoo1972\/wp-json\/wp\/v2\/pages\/1485\/revisions\/1808"}],"up":[{"embeddable":true,"href":"https:\/\/espoonperinneseura.net\/espoo1972\/wp-json\/wp\/v2\/pages\/298"}],"wp:attachment":[{"href":"https:\/\/espoonperinneseura.net\/espoo1972\/wp-json\/wp\/v2\/media?parent=1485"}],"curies":[{"name":"wp","href":"https:\/\/api.w.org\/{rel}","templated":true}]}}