{"id":1869,"date":"2022-02-03T07:58:01","date_gmt":"2022-02-03T05:58:01","guid":{"rendered":"https:\/\/espoonperinneseura.net\/espoo1972\/?page_id=1869"},"modified":"2026-03-23T18:46:22","modified_gmt":"2026-03-23T16:46:22","slug":"huikea-esimerkki-espoon-oppikouluista-tapiolan-yhteiskoulu","status":"publish","type":"page","link":"https:\/\/espoonperinneseura.net\/espoo1972\/kasvu-kaupungiksi\/huikea-esimerkki-espoon-oppikouluista-tapiolan-yhteiskoulu\/","title":{"rendered":"Huikea esimerkki Espoon oppikouluista: Tapiolan yhteiskoulu"},"content":{"rendered":"<!-- Added by Post\/Page Specific Custom Code plugin, thank you for using! -->\n<style>.entry-title,  .entry-header {\r\n\tdisplay: none;\r\n}<\/style>\n\n<h5 style=\"padding: 0 5px;\">Koulutuksen kehittyminen Espoossa<\/h5>\r\n<div style=\"margin: auto;\">\r\n<div class=\"btn\"><a class=\"btn-text\" style=\"color: #fff;\" href=\"https:\/\/espoonperinneseura.net\/espoo1972\/koulutus-espoossa-1970-luvulla\/\">1970-luku<\/a><\/div>\r\n<div class=\"btn\"><a class=\"btn-text\" style=\"color: #000;\" href=\"https:\/\/espoonperinneseura.net\/espoo1972\/koulutus-espoossa-1980-luvulla\/\">1980-luku<\/a><\/div>\r\n<div class=\"btn\"><a class=\"btn-text\" style=\"color: #000;\" href=\"https:\/\/espoonperinneseura.net\/espoo1972\/koulutus-espoossa-1990-luvulla\/\">1990-luku<\/a><\/div>\r\n<div class=\"btn\"><a class=\"btn-text\" style=\"color: #000;\" href=\"https:\/\/espoonperinneseura.net\/espoo1972\/koulutus-espoossa-2000-luvulla\/\">2000-luku<\/a><\/div>\r\n<div class=\"btn\"><a class=\"btn-text\" style=\"color: #000;\" href=\"https:\/\/espoonperinneseura.net\/espoo1972\/koulutus-espoossa-2010-luvulla\/\">2010-luku<\/a><\/div>\r\n<div class=\"btn\"><a class=\"btn-text\" style=\"color: #000;\" href=\"https:\/\/espoonperinneseura.net\/espoo1972\/koulutus-espoossa-2020-luvulla\/\">2020-luku<\/a><\/div>\r\n<\/div>\n\n\n<div style=\"margin: auto;\">\n<header class=\"entry-header alignwide\" style=\"display: inline-block;\">\n<h1 class=\"entry-title\" style=\"display: inline-block; padding: 0;\">Huikea esimerkki Espoon oppikouluista: Tapiolan yhteiskoulu<\/h1>\n<\/header>\n<\/div>\n\n\n<p><em>Martti Hellstr\u00f6m<\/em><\/p>\n\n\n\n<figure class=\"wp-block-image size-full\"><img loading=\"lazy\" decoding=\"async\" width=\"800\" height=\"512\" src=\"https:\/\/espoonperinneseura.net\/espoo1972\/wp-content\/uploads\/2022\/02\/Tapiolan-yhteiskoulu.jpg\" alt=\"\" class=\"wp-image-1871\" srcset=\"https:\/\/espoonperinneseura.net\/espoo1972\/wp-content\/uploads\/2022\/02\/Tapiolan-yhteiskoulu.jpg 800w, https:\/\/espoonperinneseura.net\/espoo1972\/wp-content\/uploads\/2022\/02\/Tapiolan-yhteiskoulu-300x192.jpg 300w, https:\/\/espoonperinneseura.net\/espoo1972\/wp-content\/uploads\/2022\/02\/Tapiolan-yhteiskoulu-768x492.jpg 768w\" sizes=\"auto, (max-width: 800px) 100vw, 800px\" \/><figcaption class=\"wp-element-caption\">Tapiolan yhteiskoulu. Asuntos\u00e4\u00e4ti\u00f6 1970-1979. Espoon kaupunginmuseo.<\/figcaption><\/figure>\n\n\n\n<p>Uunituoreessa Espoon kaupungissa oli vuonna 1972 yhteens\u00e4 11 oppikoulua. Tapiolan yhteiskoulu oli niist\u00e4 ehk\u00e4 kaikkein kiinnostavin. Koulu oli yksityisoppikoulu lukukausimaksuineen. Sinne pyrittiin, ja kaikki koulutarvikkeet maksettiin itse. My\u00f6s kouluruoka oli maksullista. Koulun omisti vuoteen 1976 saakka Tapiolan yhteiskoulu Oy ja vuosina 1976-1977 Tapiolan koulukiinteist\u00f6 Oy.<\/p>\n\n\n\n<p>Tapiolaan oli muuttanut 1950-luvulla korkeakoulutettua, aktiivista v\u00e4ke\u00e4. Niinp\u00e4 alueen rakentajassa Asuntos\u00e4\u00e4ti\u00f6ss\u00e4 her\u00e4si ajatus omasta oppikoulusta. Nopeimmaksi vaihtoehdoksi todettiin Helsingin Uuden Yhteiskoulun haaraosasto.&nbsp;<\/p>\n\n\n\n<p>Tapiolan yhteiskoulun toiminta alkoi Helsingin uuden yhteiskoulun haaraosastona. Se toimikin Silkkiniityn kupeessa parakissa kaksi lukuvuotta 1956-1958. Tapiolan yhteiskoulu perustettiin vuonna 1958. Tuolloin koulussa k\u00e4ynnistettiin kolme ensimm\u00e4ist\u00e4 luokkaa. Koulu otti hoitaakseen my\u00f6s ne Helsingin Uuden yhteiskoulun rinnakkaisluokat, jotka olivat toimineet Tapiolassa lukuvuosina 1956-1958. Oppilasm\u00e4\u00e4r\u00e4 oli tuolloin 345.<\/p>\n\n\n\n<p>Koulu sai oikeuden antaa keskikoulutodistuksia vuonna 1960. Seuraavana vuonna se sai my\u00f6s oikeuden antaa ylioppilastutkinto.<br>Koulun ensimm\u00e4iset ylioppilaat valmistuivat kev\u00e4\u00e4ll\u00e4 1963, jolloin oppilasm\u00e4\u00e4r\u00e4 oli kasvanut yli 770 oppilaaseen.<\/p>\n\n\n\n<figure class=\"wp-block-image size-full\"><img loading=\"lazy\" decoding=\"async\" width=\"800\" height=\"602\" src=\"https:\/\/espoonperinneseura.net\/espoo1972\/wp-content\/uploads\/2022\/02\/Tapiolan-yhteiskoulun-juhlasali.jpg\" alt=\"\" class=\"wp-image-1872\" srcset=\"https:\/\/espoonperinneseura.net\/espoo1972\/wp-content\/uploads\/2022\/02\/Tapiolan-yhteiskoulun-juhlasali.jpg 800w, https:\/\/espoonperinneseura.net\/espoo1972\/wp-content\/uploads\/2022\/02\/Tapiolan-yhteiskoulun-juhlasali-300x226.jpg 300w, https:\/\/espoonperinneseura.net\/espoo1972\/wp-content\/uploads\/2022\/02\/Tapiolan-yhteiskoulun-juhlasali-768x578.jpg 768w\" sizes=\"auto, (max-width: 800px) 100vw, 800px\" \/><figcaption class=\"wp-element-caption\">Tapiolan yhteiskoulun voimistelu- ja juhlasali. Asuntos\u00e4\u00e4ti\u00f6 1964-1970. Espoon kaupunginmuseo.<\/figcaption><\/figure>\n\n\n\n<p class=\"has-large-font-size\">Uusi, innovatiivinen koulurakennus<\/p>\n\n\n\n<p>Tapiolan yhteiskoulu toimi aluksi vuokratiloissa. Lis\u00e4tiloina k\u00e4ytettiin kouluparakkeja. Koululle haluttiin oma rakennus. Ja se koulurakennus oli innovaatio.<\/p>\n\n\n\n<p>Koulukokonaisuus oli valmis vuonna 1961. Omaper\u00e4isen koulurakennuksen kennoluokkineen ja luonnossa matalina kiemurtelevine muotoineen suunnitteli arkkitehti Jorma J\u00e4rvi. Erikoisluokat olivat kuusikulmaisia mutteriluokkia. Liikuntasalin katossa oli satulapinta, joka loi omaper\u00e4isen tila-avaruus -vaikutelman.<\/p>\n\n\n\n<p>Tilat olivat k\u00e4yt\u00f6ss\u00e4 aamusta iltaan, ja toimintaa oli my\u00f6s viikonloppuisin. Voimistelusali oli Tapiolan Hongan kotisali. Ennen kuin Tapiolan kirkko valmistui, samassa salissa pidettiin jumalanpalveluksiakin.<\/p>\n\n\n\n<p>Rakennus sijaitsee saneerattuna yh\u00e4 osoitteessa Opintie 1.<\/p>\n\n\n\n<p class=\"has-large-font-size\">Upeaa kehitt\u00e4mistoimintaa<\/p>\n\n\n\n<p>Tuohon aikaan oppikoulut olivat varsin j\u00e4m\u00e4ht\u00e4neit\u00e4, ja niiden kehitt\u00e4mist\u00e4 pidettiin vaikeana. T\u00e4rke\u00e4 poiju Tapiolan yhteiskoulun historiassa osui vuoteen 1959: koulun johtokunnan puheenjohtajaksi saatiin vision\u00e4\u00e4rinen Urpo Ratia, joka pian antoi &#8221;k\u00e4skyn&#8221;: Kokeilkaa. Heti ei tapahtunut mit\u00e4\u00e4n. Mutta pian kyll\u00e4.<\/p>\n\n\n\n<p>Urpo Ratian lausuman mission voisi tiivist\u00e4\u00e4:<br>\u201dKoulun tulee olla sellainen, ett\u00e4 siell\u00e4 jokainen oppilas tuntee olevansa hyv\u00e4 jossain. Jos h\u00e4n ei ole hyv\u00e4 oppimisessa, h\u00e4n voi olla hyv\u00e4 harrastuksessa.\u201d<\/p>\n\n\n\n<p>Opetukseen tuotiin uusia ideoita. Kokeiltiin uusia opetusmenetelmi\u00e4, muun muassa oppilast\u00f6it\u00e4 fysiikassa, mets\u00e4retki\u00e4 biologiassa ja minimaantiedett\u00e4. Opettajat tekiv\u00e4t kokeilumonisteita, joista kehittyi oikeita oppikirjoja useaan aineeseen. Jokaisella luokalla oli oma tutor-opettaja. Ohjelmaan mahtui tiedett\u00e4, taidetta ja urheilua. Kerhotoiminta oli laajaa. Lukion oppilaat tekiv\u00e4t n\u00e4ytelmi\u00e4. SuperS- kaitafilmej\u00e4 kuvattiin. Opettajat tekiv\u00e4t yhteisty\u00f6t\u00e4 ja opettivat yhdess\u00e4 rypp\u00e4it\u00e4 \u2013 ns. rumpin systeemill\u00e4.<\/p>\n\n\n\n<p>Tapiolan yhteiskoulu avautui ulos ja teki yhteisty\u00f6t\u00e4. Tapiolan kamerakerhon kilpailuihin osallistuttiin ja menestyttiin. Liikennekilpailussa polkupy\u00f6rill\u00e4 poliisiopiston oppilaat antoivat tarkastusrasteilla pisteit\u00e4.<\/p>\n\n\n\n<p>Ei ihme, ett\u00e4 Tapiolan yhteiskoulusta tuli yksi Espoon suosituimmista kouluista. Koulu oli eliittikoulun maineessa. Tapiolan kansakouluissa oikein prepattiin sen sis\u00e4\u00e4np\u00e4\u00e4sykokeisiin.<\/p>\n\n\n\n<p>Oppilaat arvostivat koulua sen rennon vapaan ilmapiirin ja hyv\u00e4n opetuksen vuoksi. Ja vanhemmat tulosten. Tapiolan yhteiskoulua kutsuttiin Teknillisen korkeakoulun esikouluksi \u2013 siksi moni sen oppilaista sai opiskelupaikan Otaniemest\u00e4. Koulu tuotti monen alan huippuosaajia. Oppilaista tuli arkkitehteja, taidealan professoreita\u2026<\/p>\n\n\n\n<p>Tapiolan yhteiskoulussa toteutettiin my\u00f6s virallista kokeilutoimintaa kouluhallituksen luvalla. Ainevalintaisen tuntijaon\/lukusuunnitelman kokeilu alkoi vuonna 1968. Oppilaille pakollisia aineita oli vain kolmannes. Joukko-oppiin perehdyttiin pohjoismaisessa PMOU:n kokeiluohjemassa. Koulu l\u00e4hti rohkeasti kokeilemaan my\u00f6s linjajakoa: perinteisen klassisen rinnalle luotiin kolme uutta linjaa: matemaattis-luonnontieteellinen, kaupallistekninen ja kielilinja. Kullakin linjalla oli oma opettaja-johtaja.<\/p>\n\n\n\n<figure class=\"wp-block-image size-full\"><img loading=\"lazy\" decoding=\"async\" width=\"800\" height=\"611\" src=\"https:\/\/espoonperinneseura.net\/espoo1972\/wp-content\/uploads\/2022\/02\/Tapiolan-kuoro.jpg\" alt=\"\" class=\"wp-image-1873\" srcset=\"https:\/\/espoonperinneseura.net\/espoo1972\/wp-content\/uploads\/2022\/02\/Tapiolan-kuoro.jpg 800w, https:\/\/espoonperinneseura.net\/espoo1972\/wp-content\/uploads\/2022\/02\/Tapiolan-kuoro-300x229.jpg 300w, https:\/\/espoonperinneseura.net\/espoo1972\/wp-content\/uploads\/2022\/02\/Tapiolan-kuoro-768x587.jpg 768w\" sizes=\"auto, (max-width: 800px) 100vw, 800px\" \/><figcaption class=\"wp-element-caption\">Tapiolan yhteiskoulun kuoro esiintym\u00e4ss\u00e4 Erkki Pohjolan johdolla Heikintorin avajaisissa 30.10.1968. Asuntos\u00e4\u00e4ti\u00f6. Espoon kaupunginmuseo.<\/figcaption><\/figure>\n\n\n\n<p>Eritt\u00e4in kuuluisaksi koulu tuli musiikkiluokkatoiminnastaan. Vuonna 1963 arvostettu musiikkipedagogi, opettaja Erkki Pohjola perusti Tapiolan kuoron, josta kasvoi yksi maailman arvostetuimmista lapsikuoroista. Tapiolan kuoro p\u00e4\u00e4si vuonna 1966 Tukholmaan yhteispohjoismaiseen lapsikuorokatselmukseen. Sielt\u00e4 alkoi Tapiolan kuoron kymmenien kansainv\u00e4listen kiertueiden sarja, johon mahtui mm. BBC:n &#8221;Let the peoples sing&#8221; -kuorokilpailun voitto. Kuoro teki vuosina 1966-1982 kaikkiaan 23 kansainv\u00e4list\u00e4 konserttikiertuetta.<\/p>\n\n\n\n<p>Menestyksen takana olivat my\u00f6s vahvat tukijoukot. Tapiolan Yhteiskoulun Tuki ry ja naistoimikunta hankkivat rahaa kerhoihin, opintomatkoihin ja muun muassa AV-v\u00e4lineisin. Tapiolaan mm. perustettiin Suomen ensimm\u00e4inen atk-kerho vuonna 1964.<\/p>\n\n\n\n<p class=\"has-large-font-size\">Oma iltalinja<\/p>\n\n\n\n<p>Tapiolan yhteiskoululla k\u00e4ynnistyi my\u00f6s iltalinja, joka oli tarkoitettu ennen muuta niille aikuisille, jotka eiv\u00e4t olleet aikanaan p\u00e4\u00e4sseet oppikouluun. Vuodesta 1969 alkaen iltalinjalla oli lupa kolmiluokkaiselle keskikoululle ja kolmiluokkaiselle lukiolle.<\/p>\n\n\n\n<p>Yhteiskoululla oli yhteinen rehtori. Vuosina 1958-1967 rehtorina oli Tauno Kajatsalo ja vuodesta 1967 alkaen Heikki Niemel\u00e4. Iltalinjalla oli lis\u00e4ksi oma apulaisrehtori. T\u00e4ss\u00e4 teht\u00e4v\u00e4ss\u00e4 toimi vuoteen 1973 saakka Reino Nieminen.<\/p>\n\n\n\n<p class=\"has-large-font-size\">Tapiolan yhteiskoulu 1970-luvun alussa<\/p>\n\n\n\n<p>Tapiolan yhteiskoulu eli kulta-aikaansa 1970-luvulla. Se oli kokeilukoulu, joka vastasi kansainv\u00e4lisiin pedagogisiin haasteisiin. T\u00e4rke\u00e4\u00e4 toiminnan kehitt\u00e4misess\u00e4 oli oppilaskeskeisyys ja kokeellisuus. Opettaja astui alas kateederilta, ja h\u00e4nest\u00e4 tuli oppilaittensa ty\u00f6toveri. Koulussa oli omaa kouluneuvostotoimintaa jo ennen valtakunnallista j\u00e4rjestelm\u00e4\u00e4: Ratian junior Board Yhdysoppilastoiminta k\u00e4ynnistettiin.<\/p>\n\n\n\n<p>Vuonna 1970 Tapiolan yhteiskoulu valittiin OECD:n innovatiivisten koulujen listalle ja mukaan suureen kouluopetuksen innovaatiotutkimukseen. Siin\u00e4 haluttiin tiet\u00e4\u00e4, miten innovaatiot hakeutuvat kouluihin ja miten uusien opetusmenetelmien toteutumista voidaan koulussa edist\u00e4\u00e4. Tutkimuksen suoritti opettaja Lyyli Virtanen.<\/p>\n\n\n\n<p>Koulu oli aktiivinen j\u00e4sen my\u00f6s IADAS-yhdistyksess\u00e4, joka j\u00e4rjesti kansainv\u00e4lisi\u00e4 monip\u00e4iv\u00e4isi\u00e4 seminaareja. Teemoja olivat mm. kriittinen kansalaisuus, opetussuunnitelmien uudistaminen, joustavat opetusj\u00e4rjestelyt, oppilaiden ohjaus ja osallistuminen koulun hallintoon.<\/p>\n\n\n\n<p>1960-luvulla ideoitu linjaj\u00e4rjestelm\u00e4 vaihtui vuonna 1970 aine- ja kurssivalintaiseen opetussuunnitelmaan. Oppilaat saivat nyt suuren vapauden valita oppiaineita ja niiden suppeampia, laajempi ja erikoiskursseja. Matematiikassa oli esim. lyhyit\u00e4, pitki\u00e4 ja ylipitki\u00e4 kursseja. Pitk\u00e4n englannin ja ruotsin lis\u00e4ksi sai valita keskikoulun nelj\u00e4nnelt\u00e4 seuraavan vieraan kielen.<\/p>\n\n\n\n<p>Joka vuosi j\u00e4rjestettiin kulttuurikilpailuja. Joulujuhlissa oli upeat, usein oppilaiden kirjoittamat teatteriesitykset. Avauduttiin maailmaan ja tehtiin oikeasti. Tapiolan uimahallissa kaikki suorittivat uimakandidaatti- tai maisteritutkinnon. Oppilaat p\u00e4\u00e4siv\u00e4t haastattelemaan presidentti Urho Kekkosta. Kouluneuvosto l\u00e4hetti torstaiaamuisin keskusradiouutiset. Ajokortin suorittaneille lukiolaisille j\u00e4rjestettiin St-ajot.<\/p>\n\n\n\n<p>Tapiolan yhteiskoulu tuki eritt\u00e4in aktiivisesti my\u00f6s vapaaehtoista urheilutoimintaa. Oppilaat osallistuivat Ateenassa koululaisten EM-kisoihin koripallossa ja eteniv\u00e4t aina loppuotteluun asti, jossa is\u00e4nt\u00e4maa Kreikan joukkue oli vahvempi. Kansainv\u00e4list\u00e4 toimintaa oli paljon my\u00f6s j\u00e4\u00e4kiekossa ja yleisurheilussa. Kotimaassa Tapiolan yhteiskoulu oli aivan omaa luokkaansa. Koulun urheiluseuraa Viesti\u00e4 luotsasi aina koulun oppilas, ja johtokunnan muodostivat niin ik\u00e4\u00e4n oppilaat. Ansiokkaat liikunnanopettajat sparrasivat.<\/p>\n\n\n\n<p>Kerhotoiminta jatkui vilkkaana. 70 % oppilaista kuului 1970-luvun alussa johonkin kerhoon. Oli marimekkopaitaisia ja vuokkohameisia kuorolaisia ja koripalloilevia koulutovereita.<\/p>\n\n\n\n<p class=\"has-large-font-size\">The End?<\/p>\n\n\n\n<p>1970-luvulla Suomi oli siirtym\u00e4ss\u00e4 peruskouluj\u00e4rjestelm\u00e4\u00e4n, mik\u00e4 tuli merkitsem\u00e4\u00e4n loppua yksityiselle Tapiolan yhteiskoululle. Koululta alkoivat my\u00f6s loppua rahat. Vuonna 1972 koulun talous alkoi jo tiukentua, ja vuonna 1976 koulun taustayhteis\u00f6 Tapiolan yhteiskoulu Oy ajautui konkurssiin. Viimeiset ajat yksityisen\u00e4 oppikouluna olivat kurjia. My\u00f6s kouluhallitus pys\u00e4ytti yksityisten koulujen ideoinnit ja kokeilut.<\/p>\n\n\n\n<p>Syksyll\u00e4 1977 Espoo siirtyi peruskouluj\u00e4rjestelm\u00e4\u00e4n. Peruskouluun siirrytt\u00e4ess\u00e4 Espoon kaupunki otti Tapiolan yhteiskoulun omistukseensa. Koulu jatkoi nyt toimintaansa kolmena eri oppilaitoksena: Tapiolan yl\u00e4asteena ja lukiona sek\u00e4 Tapiolan lukion iltalinjana.<\/p>\n\n\n\n<p>KIRJALLISUUTTA ja LINKKEJ\u00c4<\/p>\n\n\n\n<p>Holma-Kokkanen, H., Kalsta, M., Kervinen, M., Pajari, R., K\u00e4ns\u00e4l\u00e4, U. ja Siivola, L. (toim.) 1998. Opintiell\u00e4. Tapiolan yhteiskoulu, koulu ja lukio 1958 \u2013 1998. Espoo: Tapiolan Yhteiskoulun Tuki ry.<br>Virtanen, Lyyli (1974). Case studies of Educational innovations, OECD-tutkimus, Pariisi.<br>Virtainen, Lyyli (1973) Tapiolan yhteiskoulun lukion lukusuunnitelmien vertailua. Laudaturty\u00f6. Helsinki.<\/p>\n\n\n\n<p><a href=\"http:\/\/pedagogiikkaa.blogspot.com\/2014\/06\/espoon-oppikoulujen-kronikka.html\">http:\/\/pedagogiikkaa.blogspot.com\/2014\/06\/espoon-oppikoulujen-kronikka.html<\/a><br><a href=\"http:\/\/pedagogiikkaa.blogspot.com\/2019\/03\/innovatiivisia-kouluja-osa-3-tapiolan.html\">http:\/\/pedagogiikkaa.blogspot.com\/2019\/03\/innovatiivisia-kouluja-osa-3-tapiolan.html<\/a><br><a href=\"http:\/\/pedagogiikkaa.blogspot.com\/2020\/07\/innovatiivisia-kouluja-osa-3b-tapiolan.html\">http:\/\/pedagogiikkaa.blogspot.com\/2020\/07\/innovatiivisia-kouluja-osa-3b-tapiolan.html<\/a><br><a href=\"http:\/\/www.tapiolankoulu.fi\/arkisto\/historiaa\/\">http:\/\/www.tapiolankoulu.fi\/arkisto\/historiaa\/<\/a><br><a href=\"http:\/\/www.yksityiskoulut.fi\/yksityiskoulujenmatrikkeli\/tapiolan.htm\">http:\/\/www.yksityiskoulut.fi\/yksityiskoulujenmatrikkeli\/tapiolan.htm<\/a><\/p>\n","protected":false},"excerpt":{"rendered":"<p>Koulutuksen kehittyminen Espoossa 1970-luku 1980-luku 1990-luku 2000-luku 2010-luku 2020-luku Huikea esimerkki Espoon oppikouluista: Tapiolan yhteiskoulu Martti Hellstr\u00f6m Uunituoreessa Espoon kaupungissa oli vuonna 1972 yhteens\u00e4 11 oppikoulua. Tapiolan yhteiskoulu oli niist\u00e4 ehk\u00e4 kaikkein kiinnostavin. Koulu oli yksityisoppikoulu lukukausimaksuineen. Sinne pyrittiin, ja kaikki koulutarvikkeet maksettiin itse. My\u00f6s kouluruoka oli maksullista. Koulun omisti vuoteen 1976 saakka Tapiolan yhteiskoulu&hellip; <a class=\"more-link\" href=\"https:\/\/espoonperinneseura.net\/espoo1972\/kasvu-kaupungiksi\/huikea-esimerkki-espoon-oppikouluista-tapiolan-yhteiskoulu\/\">Jatka lukemista <span class=\"screen-reader-text\">Huikea esimerkki Espoon oppikouluista: Tapiolan yhteiskoulu<\/span><\/a><\/p>\n","protected":false},"author":1,"featured_media":0,"parent":298,"menu_order":70,"comment_status":"closed","ping_status":"closed","template":"","meta":{"_eb_attr":"","_exactmetrics_skip_tracking":false,"_exactmetrics_sitenote_active":false,"_exactmetrics_sitenote_note":"","_exactmetrics_sitenote_category":0,"footnotes":""},"class_list":["post-1869","page","type-page","status-publish","hentry","entry"],"_links":{"self":[{"href":"https:\/\/espoonperinneseura.net\/espoo1972\/wp-json\/wp\/v2\/pages\/1869","targetHints":{"allow":["GET"]}}],"collection":[{"href":"https:\/\/espoonperinneseura.net\/espoo1972\/wp-json\/wp\/v2\/pages"}],"about":[{"href":"https:\/\/espoonperinneseura.net\/espoo1972\/wp-json\/wp\/v2\/types\/page"}],"author":[{"embeddable":true,"href":"https:\/\/espoonperinneseura.net\/espoo1972\/wp-json\/wp\/v2\/users\/1"}],"replies":[{"embeddable":true,"href":"https:\/\/espoonperinneseura.net\/espoo1972\/wp-json\/wp\/v2\/comments?post=1869"}],"version-history":[{"count":13,"href":"https:\/\/espoonperinneseura.net\/espoo1972\/wp-json\/wp\/v2\/pages\/1869\/revisions"}],"predecessor-version":[{"id":4199,"href":"https:\/\/espoonperinneseura.net\/espoo1972\/wp-json\/wp\/v2\/pages\/1869\/revisions\/4199"}],"up":[{"embeddable":true,"href":"https:\/\/espoonperinneseura.net\/espoo1972\/wp-json\/wp\/v2\/pages\/298"}],"wp:attachment":[{"href":"https:\/\/espoonperinneseura.net\/espoo1972\/wp-json\/wp\/v2\/media?parent=1869"}],"curies":[{"name":"wp","href":"https:\/\/api.w.org\/{rel}","templated":true}]}}