{"id":1903,"date":"2022-02-06T15:03:20","date_gmt":"2022-02-06T13:03:20","guid":{"rendered":"https:\/\/espoonperinneseura.net\/espoo1972\/?page_id=1903"},"modified":"2022-08-16T09:29:59","modified_gmt":"2022-08-16T06:29:59","slug":"espoon-tyovaenopisto-kansan-sivistajasta-monipuoliseksi-oppimiskeitaaksi","status":"publish","type":"page","link":"https:\/\/espoonperinneseura.net\/espoo1972\/kasvu-kaupungiksi\/espoon-tyovaenopisto-kansan-sivistajasta-monipuoliseksi-oppimiskeitaaksi\/","title":{"rendered":"Espoon ty\u00f6v\u00e4enopisto: Rahvaan valistajasta monipuoliseksi oppimiskeitaaksi"},"content":{"rendered":"<!-- Added by Post\/Page Specific Custom Code plugin, thank you for using! -->\n<style>.entry-title,  .entry-header {\r\n\tdisplay: none;\r\n}<\/style>\n\r\n<h5 style=\"padding: 0 5px;\">Koulutuksen kehittyminen Espoossa<\/h5>\r\n<div style=\"margin: auto;\">\r\n<div class=\"btn\"><a class=\"btn-text\" style=\"color: #fff;\" href=\"https:\/\/espoonperinneseura.net\/espoo1972\/koulutus-espoossa-1970-luvulla\/\">1970-luku<\/a><\/div>\r\n<div class=\"btn\"><a class=\"btn-text\" style=\"color: #000;\" href=\"https:\/\/espoonperinneseura.net\/espoo1972\/koulutus-espoossa-1980-luvulla\/\">1980-luku<\/a><\/div>\r\n<div class=\"btn\"><a class=\"btn-text\" style=\"color: #000;\" href=\"https:\/\/espoonperinneseura.net\/espoo1972\/koulutus-espoossa-1990-luvulla\/\">1990-luku<\/a><\/div>\r\n<div class=\"btn\"><a class=\"btn-text\" style=\"color: #000;\" href=\"https:\/\/espoonperinneseura.net\/espoo1972\/koulutus-espoossa-2000-luvulla\/\">2000-luku<\/a><\/div>\r\n<div class=\"btn\"><a class=\"btn-text\" style=\"color: #000;\" href=\"https:\/\/espoonperinneseura.net\/espoo1972\/koulutus-espoossa-2010-luvulla\/\">2010-luku<\/a><\/div>\r\n<div class=\"btn\"><a class=\"btn-text\" style=\"color: #000;\" href=\"https:\/\/espoonperinneseura.net\/espoo1972\/koulutus-espoossa-2020-luvulla\/\">2020-luku<\/a><\/div>\r\n<\/div>\r\n\r\n<div style=\"margin: auto;\"><header class=\"entry-header alignwide\" style=\"display: inline-block;\">\r\n<h1 class=\"entry-title\" style=\"display: inline-block; padding: 0;\">Espoon ty\u00f6v\u00e4enopisto: Rahvaan valistajasta monipuoliseksi oppimiskeitaaksi<\/h1>\r\n<\/header><\/div>\r\n\r\n<p><em>Martti Hellstr\u00f6m<\/em><\/p>\r\n\r\n\r\n\r\n<p>Vuonna 1972, jolloin Espoosta tuli kaupunki, Espoon ty\u00f6v\u00e4enopisto oli toiminut 15 vuotta. Kaksikielinen ty\u00f6v\u00e4enopisto oli perutettu Espoon maalaiskuntaan vuonna 1957. Espooseen alkoi tuolloin muuttaa yh\u00e4 enemm\u00e4n aktiivista, dynaamista ja koulutettua v\u00e4ke\u00e4. Uskottiin, ett\u00e4 he haluavat opiskella ja ett\u00e4 Espoo modernisoituu koulutuksen avulla.<\/p>\r\n\r\n\r\n\r\n<p>Maamme ensimm\u00e4inen ty\u00f6v\u00e4enopisto oli perustettu vuonna 1899 Tampereelle Ruotsin mallin mukaan sivist\u00e4m\u00e4\u00e4n kouluja k\u00e4ym\u00e4t\u00f6nt\u00e4 rahvasta ja teollisuuskaupunkien vaaroille helposti altistuvaa ty\u00f6v\u00e4ke\u00e4. Tarkoitus oli hyv\u00e4: Liberaali nuorsuomalainen porvaristo halusi nostaa kansan sivistystasoa niin, ett\u00e4 se pystyisi parantamaan elinolojaan, toimimaan yhteiskunnassa ja osallistumaan jalostaviin rientoihin. T\u00e4llainen rahvas oli my\u00f6s paremmin hallittavissa.<\/p>\r\n\r\n\r\n\r\n<p>Varsin pitk\u00e4\u00e4n ty\u00f6v\u00e4enopistojen tavoitteena oli vapaa kansansivistys. Opinnointi oli vapaaehtoista, itseisarvoista ja se tapahtui vapaa- aikana. Opistoissa ei ollut tarkoitus suorittaa tutkintoja tai jakaa todistuksia. Niit\u00e4 ei ollut tarkoitus \u201dk\u00e4yd\u00e4 loppuun.\u201d Niiss\u00e4 jaettiin valoa kansalle. Kun Espoon ty\u00f6v\u00e4enopisto aloitti toimintansa, ammatillinen koulutus ja tutkintokoulutus oli jo kuitenkin uitettu ty\u00f6v\u00e4enopistoon.<\/p>\r\n\r\n\r\n\r\n<p>Espoon ty\u00f6v\u00e4enpiston ydinteht\u00e4v\u00e4ksi kirjattiin vuonna 1957 varttuneiden nuorten ja t\u00e4ysikasvuisten kansalaisten sivistystason kohottaminen kasvavassa ja koulutusmy\u00f6nteisess\u00e4 kaupungissa. Espoolaisille oli tarjottava vapaa-aikana mahdollisuus lis\u00e4t\u00e4 tietoja ja taitoja, jotka olivat tarpeellisia kansalaisel\u00e4m\u00e4ss\u00e4, edistiv\u00e4t itseopiskelua ja henkist\u00e4 itsens\u00e4 kehitt\u00e4mist\u00e4.<\/p>\r\n\r\n\r\n\r\n<div class=\"wp-block-image\">\r\n<figure class=\"alignleft size-full is-resized\"><img loading=\"lazy\" decoding=\"async\" class=\"wp-image-1915\" src=\"https:\/\/espoonperinneseura.net\/espoo1972\/wp-content\/uploads\/2022\/02\/Raili-Kilpi.jpg\" alt=\"\" width=\"300\" height=\"400\" srcset=\"https:\/\/espoonperinneseura.net\/espoo1972\/wp-content\/uploads\/2022\/02\/Raili-Kilpi.jpg 642w, https:\/\/espoonperinneseura.net\/espoo1972\/wp-content\/uploads\/2022\/02\/Raili-Kilpi-225x300.jpg 225w\" sizes=\"auto, (max-width: 300px) 100vw, 300px\" \/>\r\n<figcaption>Raili Kilpi oli vasemmistolaista sivistyssukua. H\u00e4n loi ainoana vakituisena ty\u00f6ntekij\u00e4n\u00e4 omin k\u00e4sin tyhj\u00e4st\u00e4 koko opiston, opiston kurssit ja ty\u00f6skentelytavat.<\/figcaption>\r\n<\/figure>\r\n<\/div>\r\n\r\n\r\n\r\n<p><span style=\"white-space: nowrap;\">Ty\u00f6v\u00e4enopiston<\/span> rehtoriksi saatiin Kuopion kansalaisopistosta FM Raili Kilpi. Ruotsinkielist\u00e4 Arbista johti h\u00e4nen rinnallaan sivutoiminen apulaisrehtori, diplomiekonomi Ola \u00d6hman vuodesta 1959 vuoteen 1966 saakka, ja h\u00e4nen j\u00e4lkeens\u00e4 l\u00e4hes 30 vuotta apulaisrehtori, kieltenopettaja Benita \u00c5kerlund.<\/p>\r\n\r\n\r\n\r\n<p>Kilpi kehitti opistoa Zachris Castr\u00e9nin hengess\u00e4. Castr\u00e9n oli koko ty\u00f6v\u00e4enopistoaatteen sielu. H\u00e4nelle kansansivistys tarkoitti aikuisten vapaita itsekasvatuspyrkimyksi\u00e4, siis pyrkimyksi\u00e4 syvent\u00e4\u00e4 ja laajentaa tietojaan sek\u00e4 jalostaa tunne-el\u00e4m\u00e4\u00e4ns\u00e4 ja k\u00e4yt\u00f6stapojaan, jotta he t\u00e4ydellisemmin kehittyisiv\u00e4t sivistyneiksi ihmisiksi ja vastuukykyisiksi yhteiskunnan j\u00e4seniksi niiss\u00e4 el\u00e4m\u00e4noloissa ja el\u00e4m\u00e4nteht\u00e4viss\u00e4, jotka he tuntevat omikseen.<\/p>\r\n\r\n\r\n\r\n<p class=\"has-large-font-size\">1950-luvun loppu<\/p>\r\n\r\n\r\n\r\n<p>Kilven johdolla rakennettiin espoolaista identiteetti\u00e4 per\u00e4ti 30 vuotta. 1950-luvulla p\u00e4\u00e4fokus oli auttaa juurettomia ihmisi\u00e4 yhdist\u00e4m\u00e4\u00e4n ja selvi\u00e4m\u00e4\u00e4n arjessa. Naisiasiaa edistettiin. Viro-yhteisty\u00f6t\u00e4 k\u00e4ynnistettiin.<\/p>\r\n\r\n\r\n\r\n<p>Ty\u00f6v\u00e4enopistossa j\u00e4rjestettiin luentoja ja kursseja ja tilaisuuksia liikkua. Opiskeltiin kieli\u00e4, kirjallisuutta ja harrastettiin mm. maalausta. Nuorille oli oma keskustelupiiri. Vanhemmat harrastivat pelimannimusiikkia ja kansantansseja. Kurssien aiheina olivat my\u00f6s omakotitalon hoito, satelliitit ja esim. rakennuspiirustus. Opiskelu tapahtui vapaa-aikana, iltaopiskeluna.<\/p>\r\n\r\n\r\n\r\n<p>1950-luvun lopun ty\u00f6v\u00e4enopisto toimi vuokratiloissa Tapiolassa, Lepp\u00e4vaarassa ja Lagstadissa. Kanslia oli rehtorin kotona. P\u00e4\u00e4toimisia opettajanpaikkoja ei ollut, mutta opistossa j\u00e4rjestettiin auskultointikursseja sellaisiin haluaville. Ensimm\u00e4inen p\u00e4\u00e4toiminen opettaja palkattiin vasta vuonna 1974.<\/p>\r\n\r\n\r\n\r\n<p class=\"has-large-font-size\">1960-luvun edistyst\u00e4<\/p>\r\n\r\n\r\n\r\n<p>Vuonna 1961 ty\u00f6v\u00e4enopistolle l\u00f6ytyi tilat Lepp\u00e4vaaran vanhan yhteiskoulun k\u00e4ytt\u00f6\u00f6n tarkoitetuissa v\u00e4liaikaisissa puuparakeissa. P\u00e4ivisin siell\u00e4 toimi Espoon kauppakoulu. Muutaman vuoden kuluttua saatiin k\u00e4ytt\u00f6\u00f6n my\u00f6s muita opetustiloja. Nyt Espoon ty\u00f6v\u00e4enopisto pystyi tarjoamaan monipuolisia vapaa-ajan opiskelumahdollisuuksia eri puolilla laajaa kauppalaa.<\/p>\r\n\r\n\r\n\r\n<p>Toiminta laajeni nopeasti. Vuonna 1967 ty\u00f6v\u00e4enopistolla oli jo 100 luennoitsijaa. Vuonna 1968 perustettiin oma osasto my\u00f6s Kauniaisiin.<\/p>\r\n\r\n\r\n\r\n<p>Opisto j\u00e4rjesti perinteisi\u00e4 harrastustilaisuuksia, mm. kirjallisuusiltoja. Vuonna 1963 saatiin kudonta-asema. Ty\u00f6v\u00e4enopistoista alkoi tulla osittain vajavaisen ammattikoulutusj\u00e4rjestelm\u00e4n korvikkeita. My\u00f6s Espoossa alettiin tukea tutkintotavoitteista opiskelua. Mukaan ohjelmaan tuli ammatillista koulutusta, erikoisalojen kieliopintoja, rannikkolaivurikurssi, erikoisalojen kielet, valmennus teknisten koulujen p\u00e4\u00e4sytutkintoihin, kesken j\u00e4\u00e4neiden keskikoulukurssit, kotiavustajakurssi 1967-68 sek\u00e4 liikuntaa.<\/p>\r\n\r\n\r\n\r\n<p>Opistossa oli mahdollista paikata kesken j\u00e4\u00e4neit\u00e4 keskikoulukursseja ja saada valmennusta teknisten koulujen p\u00e4\u00e4sytutkintoihin. Uusi toimintamuoto oli my\u00f6s seikkailujumppa, johon my\u00f6s lapset saivat tulla mukaan. Kouluhallitus hylk\u00e4si liian radikaaleja kursseja, kuten vesijumpan ja joogan.<\/p>\r\n\r\n\r\n\r\n<p>Vuonna 1966 Helsingin maalaiskunta eli Vantaa, Espoon kauppala ja Helsingin kaupunki perustivat yhdess\u00e4 Helsingin seudun kes\u00e4yliopiston. Sen kautta ty\u00f6v\u00e4enopistoon tuli tarjolle my\u00f6s akateemisia opintoja.<\/p>\r\n\r\n\r\n\r\n<p>Aivan 1970-luvun alussa pidettiin my\u00f6s perhep\u00e4iv\u00e4hoitajakursseja.<\/p>\r\n\r\n\r\n\r\n<figure class=\"wp-block-image size-full is-resized\"><img loading=\"lazy\" decoding=\"async\" class=\"wp-image-1916\" src=\"https:\/\/espoonperinneseura.net\/espoo1972\/wp-content\/uploads\/2022\/02\/Espoon-tyovaenopiston-kulkue.jpg\" alt=\"\" width=\"588\" height=\"600\" srcset=\"https:\/\/espoonperinneseura.net\/espoo1972\/wp-content\/uploads\/2022\/02\/Espoon-tyovaenopiston-kulkue.jpg 784w, https:\/\/espoonperinneseura.net\/espoo1972\/wp-content\/uploads\/2022\/02\/Espoon-tyovaenopiston-kulkue-294x300.jpg 294w, https:\/\/espoonperinneseura.net\/espoo1972\/wp-content\/uploads\/2022\/02\/Espoon-tyovaenopiston-kulkue-768x784.jpg 768w\" sizes=\"auto, (max-width: 588px) 100vw, 588px\" \/>\r\n<figcaption>Espoon ty\u00f6v\u00e4enopiston kulkue 1970-luvulla Tapiolassa. Kuva: Asuntos\u00e4\u00e4ti\u00f6. Espoon kaupunginmuseo.<\/figcaption>\r\n<\/figure>\r\n\r\n\r\n\r\n<p class=\"has-large-font-size\">Vuosi 1972<\/p>\r\n\r\n\r\n\r\n<p><img loading=\"lazy\" decoding=\"async\" class=\"alignleft size-full wp-image-3972\" src=\"https:\/\/espoonperinneseura.net\/espoo1972\/wp-content\/uploads\/2022\/08\/Tyovaenopisto.jpg\" alt=\"\" width=\"700\" height=\"371\" srcset=\"https:\/\/espoonperinneseura.net\/espoo1972\/wp-content\/uploads\/2022\/08\/Tyovaenopisto.jpg 700w, https:\/\/espoonperinneseura.net\/espoo1972\/wp-content\/uploads\/2022\/08\/Tyovaenopisto-300x159.jpg 300w\" sizes=\"auto, (max-width: 700px) 100vw, 700px\" \/><\/p>\r\n<p style=\"clear: both;\">Kun Espoosta tuli kaupunki, ty\u00f6v\u00e4enopiston nime\u00e4kin tuunattiin. Nyt se oli Espoon kaupungin ty\u00f6v\u00e4enopisto. Vuoden kohokohta oli oman opistotalon valmistuminen Lepp\u00e4vaaraan. Samassa rakennuksessa toimi my\u00f6s Espoon p\u00e4\u00e4kirjasto. Talossa oli useita tilavia luokkia, oma juhlasali, n\u00e4ytt\u00e4m\u00f6, kuvataideluokat ja mm. kielistudio.<\/p>\r\n\r\n\r\n\r\n<p>Uudella vuosikymmenell\u00e4 ty\u00f6v\u00e4enopiston toiminnassa korostuivat yhteiskunnalliset asiat. Opisto j\u00e4rjesti mm. perehdytt\u00e4miskursseja kaupunginvaltuutetuille. Tarjolla oli yh\u00e4 enemm\u00e4n tavoitteellista opiskelua: ammatillisia kursseja mm. kotiavustajaksi ja oppaaksi, auskultointikursseja vapaan sivistysty\u00f6n opettajiksi ja rehtoreiksi aikoville, jatko- ja t\u00e4ydennyskoulutusta peruskoulujen ja esikoulujen opettajille sek\u00e4 erityisopettajille. Lukiokurssien suorittajille oli tarjolla tukiopetusta ja akateemisista asioista kiinnostuneille yliopistollisia arvosanoja. Kilven aloitteesta Espoon ty\u00f6v\u00e4enopisto tarjosi ensimm\u00e4isen\u00e4 Suomessa yliopistotasoista opetusta: opistossa oli mahdollista suorittaa sosiaalipolitiikan approbatur. Oman talon my\u00f6t\u00e4 alettiin j\u00e4rjest\u00e4\u00e4 my\u00f6s p\u00e4iv\u00e4opiskelua.<\/p>\r\n\r\n\r\n\r\n<p>Vuosikymmen oli my\u00f6s taidekasvatuksen kulta-aikaa: oli n\u00e4yttelyit\u00e4, esityksi\u00e4 ja liikuntatapahtumia.<\/p>\r\n\r\n\r\n\r\n<p>Vuodesta 2015 alkaen Espoon ty\u00f6v\u00e4enopisto on ollut osa Omniaa. Se on edelleen Suomen toiseksi suurin ty\u00f6v\u00e4enopisto. Yh\u00e4 ty\u00f6v\u00e4enopiston teht\u00e4v\u00e4 uuden vuosituhannen yhteiskunnassa on tasa-arvon edist\u00e4minen ja syrj\u00e4ytymisen est\u00e4minen. Sata vuotta siten kotoutettiin maalta kaupunkeihin muuttanutta kouluttamatonta rahvasta, nyt t\u00e4nne tulleita maahanmuuttajia. Toisaalta opiskelija-aines on my\u00f6s muuttunut. Sata vuotta sitten opistolaisten koulutustaso oli vaatimaton, samoin varakkuus. Suurelta osin opistolaisten tilanne on nyt toisenlainen.<\/p>\r\n\r\n\r\n\r\n<p>KIRJALLISUUTTA<\/p>\r\n\r\n\r\n\r\n<p>Aaltonen, Rainer ja Tuomisto, Jukka. (toim.). (1991). Valistus, sivistys, kasvatus. Vapaan sivistysty\u00f6n XXXII vuosikirja. Helsinki: Kansanvalistusseura ja Aikuiskasvatuksen tutkimusseura.<\/p>\r\n\r\n\r\n\r\n<p>Hellstr\u00f6m, Martti. (2021). Omnian tarina. Matka monialaiseksi ja monimuotoiseksi koulutus- ja palveluorganisaatioksi. Espoo: Omnia.<\/p>\r\n\r\n\r\n\r\n<p>Nystr\u00f6m, Samu. (2014). Oodi sivistykselle. Helsingin ty\u00f6v\u00e4enopisto 100 vuotta. Helsinki: Minerva Kustannus oy.<\/p>\r\n\r\n\r\n\r\n<p>Suihko, Sampo ym. (2013). Suomenkielisen aikuiskoulutuksen ja vapaan sivistysty\u00f6n kehitt\u00e4mismahdollisuudet. Aikuislukio. Ty\u00f6v\u00e4enopisto. Aikuisopisto. Moniste. Espoo.<\/p>\r\n\r\n\r\n\r\n<p><a href=\"https:\/\/fi.wikipedia.org\/wiki\/Espoon_ty\u00f6v\u00e4enopisto\">https:\/\/fi.wikipedia.org\/wiki\/Espoon_ty\u00f6v\u00e4enopisto<\/a><\/p>\r\n","protected":false},"excerpt":{"rendered":"<p>Koulutuksen kehittyminen Espoossa 1970-luku 1980-luku 1990-luku 2000-luku 2010-luku 2020-luku Espoon ty\u00f6v\u00e4enopisto: Rahvaan valistajasta monipuoliseksi oppimiskeitaaksi Martti Hellstr\u00f6m Vuonna 1972, jolloin Espoosta tuli kaupunki, Espoon ty\u00f6v\u00e4enopisto oli toiminut 15 vuotta. Kaksikielinen ty\u00f6v\u00e4enopisto oli perutettu Espoon maalaiskuntaan vuonna 1957. Espooseen alkoi tuolloin muuttaa yh\u00e4 enemm\u00e4n aktiivista, dynaamista ja koulutettua v\u00e4ke\u00e4. Uskottiin, ett\u00e4 he haluavat opiskella ja ett\u00e4&hellip; <a class=\"more-link\" href=\"https:\/\/espoonperinneseura.net\/espoo1972\/kasvu-kaupungiksi\/espoon-tyovaenopisto-kansan-sivistajasta-monipuoliseksi-oppimiskeitaaksi\/\">Jatka lukemista <span class=\"screen-reader-text\">Espoon ty\u00f6v\u00e4enopisto: Rahvaan valistajasta monipuoliseksi oppimiskeitaaksi<\/span><\/a><\/p>\n","protected":false},"author":1,"featured_media":0,"parent":298,"menu_order":76,"comment_status":"closed","ping_status":"closed","template":"","meta":{"_eb_attr":"","_exactmetrics_skip_tracking":false,"_exactmetrics_sitenote_active":false,"_exactmetrics_sitenote_note":"","_exactmetrics_sitenote_category":0,"footnotes":""},"class_list":["post-1903","page","type-page","status-publish","hentry","entry"],"_links":{"self":[{"href":"https:\/\/espoonperinneseura.net\/espoo1972\/wp-json\/wp\/v2\/pages\/1903","targetHints":{"allow":["GET"]}}],"collection":[{"href":"https:\/\/espoonperinneseura.net\/espoo1972\/wp-json\/wp\/v2\/pages"}],"about":[{"href":"https:\/\/espoonperinneseura.net\/espoo1972\/wp-json\/wp\/v2\/types\/page"}],"author":[{"embeddable":true,"href":"https:\/\/espoonperinneseura.net\/espoo1972\/wp-json\/wp\/v2\/users\/1"}],"replies":[{"embeddable":true,"href":"https:\/\/espoonperinneseura.net\/espoo1972\/wp-json\/wp\/v2\/comments?post=1903"}],"version-history":[{"count":8,"href":"https:\/\/espoonperinneseura.net\/espoo1972\/wp-json\/wp\/v2\/pages\/1903\/revisions"}],"predecessor-version":[{"id":3975,"href":"https:\/\/espoonperinneseura.net\/espoo1972\/wp-json\/wp\/v2\/pages\/1903\/revisions\/3975"}],"up":[{"embeddable":true,"href":"https:\/\/espoonperinneseura.net\/espoo1972\/wp-json\/wp\/v2\/pages\/298"}],"wp:attachment":[{"href":"https:\/\/espoonperinneseura.net\/espoo1972\/wp-json\/wp\/v2\/media?parent=1903"}],"curies":[{"name":"wp","href":"https:\/\/api.w.org\/{rel}","templated":true}]}}