{"id":1953,"date":"2022-02-10T09:25:09","date_gmt":"2022-02-10T07:25:09","guid":{"rendered":"https:\/\/espoonperinneseura.net\/espoo1972\/?page_id=1953"},"modified":"2022-02-10T11:08:56","modified_gmt":"2022-02-10T09:08:56","slug":"kirstinmaki-1970-luvulla","status":"publish","type":"page","link":"https:\/\/espoonperinneseura.net\/espoo1972\/muistoja-espoosta\/kirstinmaki-1970-luvulla\/","title":{"rendered":"Kirstinm\u00e4ki 1970-luvulla"},"content":{"rendered":"\n<p id=\"block-041303af-9ff4-45b3-8246-5276b100e53a\"><em>Nina<\/em> <em>M\u00e4kel\u00e4<\/em><\/p>\n\n\n\n<figure class=\"wp-block-image size-full\"><img loading=\"lazy\" decoding=\"async\" width=\"800\" height=\"561\" src=\"https:\/\/espoonperinneseura.net\/espoo1972\/wp-content\/uploads\/2022\/02\/Suvela-Kirstinmaki.jpg\" alt=\"\" class=\"wp-image-1963\" srcset=\"https:\/\/espoonperinneseura.net\/espoo1972\/wp-content\/uploads\/2022\/02\/Suvela-Kirstinmaki.jpg 800w, https:\/\/espoonperinneseura.net\/espoo1972\/wp-content\/uploads\/2022\/02\/Suvela-Kirstinmaki-300x210.jpg 300w, https:\/\/espoonperinneseura.net\/espoo1972\/wp-content\/uploads\/2022\/02\/Suvela-Kirstinmaki-768x539.jpg 768w\" sizes=\"auto, (max-width: 800px) 100vw, 800px\" \/><figcaption>Suvela, Kirstinm\u00e4ki 1970-kuvulla. Kuva: Toivo Kalliom\u00e4ki. Espoon kaupunginmuseo.<\/figcaption><\/figure>\n\n\n\n<p id=\"block-b83e78a2-268d-430a-9761-3ec743724bca\">Espoon juna-aseman l\u00e4heisyydess\u00e4 sijaitsi ennen Kirstin tila, jonka maille ruvettiin 1970-luvulla rakentamaan kerrostaloja. Rakennusalueena oli Kirstinm\u00e4ki, jonne nousi ensimm\u00e4isten kerrostalojen joukossa SKOPin ty\u00f6ntekij\u00f6ille korkea 6-kerroksinen vuokratalo. Vanhempani muuttivat Helsingist\u00e4 maalle Espooseen heti talon valmistuttua joulukuussa 1971. Ymp\u00e4rist\u00f6ss\u00e4 oli paljon puita, peltoja ja kuulemma hyv\u00e4t sienimets\u00e4t, kunnes asuintaloja alkoi my\u00f6hemmin rakentumaan kuin sieni\u00e4 sateella. Kun muutosta oli kulunut reilu pari viikkoa, nuoripari oli taas \u201ckaupunkilaisia\u201d, sill\u00e4 vuoden 1972 alusta Espoon kauppalasta tuli Espoon kaupunki.<\/p>\n\n\n\n<p id=\"block-fda2f7ee-6067-4418-af3a-fcf0a913caa6\">Molemmat olivat Kilossa t\u00f6iss\u00e4, \u00e4itini oli SKOPissa ja is\u00e4ni Tietotehtaalla. Ty\u00f6matkat kuljettiin junalla Espoon asemalta Keran asemalle, josta sitten k\u00e4veltiin polkua pitkin mets\u00e4n halki ty\u00f6paikalle. Talvella kannatti j\u00e4\u00e4d\u00e4 jo Kauniaisten asemalla pois, niin sai kulkea aurattua oikeaa tiet\u00e4 pitkin t\u00f6ihin. Kun is\u00e4ni seisoi silloin ensimm\u00e4isen\u00e4 ty\u00f6aamuna kello 6.30 uuden kotiseutunsa juna-asemalla, ei ket\u00e4\u00e4n muita matkustajia n\u00e4kynyt miss\u00e4\u00e4n. Her\u00e4si jo pelko, ett\u00e4 kulkeeko t\u00e4st\u00e4 junaa ollenkaan, mutta kyll\u00e4 se sielt\u00e4 sitten tuli ja pari muutakin aikaista ty\u00f6matkalaista oli kyydiss\u00e4. Muutaman vuoden kuluttua asemalla oli aamuisin t\u00f6ihin menij\u00f6it\u00e4 jo sitten enemm\u00e4n, kun uusia taloja oli rakentunut ja asukasm\u00e4\u00e4r\u00e4 lis\u00e4\u00e4ntynyt.<\/p>\n\n\n\n<p id=\"block-f03ce577-40b2-48a8-9e2e-4da92c849b2a\">1972 kauppoja tai muita palveluita ei Kirstinm\u00e4ell\u00e4 ollut. Ainoa l\u00e4hialueen kauppa oli Varuboden Espoon aseman vieress\u00e4, josta tarvittavat ruokatarpeet oli kannettava yl\u00e4m\u00e4keen kotiin Kirstinm\u00e4elle. Talojen edustalla oli isot parkkipaikat, mutta ne olivat aluksi l\u00e4hes tyhjill\u00e4\u00e4n, kun harvalla oli oma auto. Kaupungin vuokratalossa oli jollakin kuulemma hevonen, joka oli viety v\u00e4lill\u00e4 sis\u00e4\u00e4n, mutta sit\u00e4 ei kiinteist\u00f6huolto varmasti kauaa sallinut.<\/p>\n\n\n\n<p id=\"block-496fd6cb-34a8-4768-87ae-2ff900d72d65\">Naapurustossa asui samanik\u00e4isi\u00e4 ihmisi\u00e4, jotka olivat ty\u00f6paikalta tuttuja. Jotkut heist\u00e4 ovat vanhempieni yst\u00e4vi\u00e4 viel\u00e4kin. Er\u00e4s rouva, joka siihen taloon muutti silloin sen valmistuttua 50-vuotta sitten, asuu kuulemma siell\u00e4 yh\u00e4.<\/p>\n\n\n\n<p id=\"block-23f2940e-405b-4d38-9ff9-d8a381de38b7\">Kun synnyin vuonna 1974, vanhempani hankkivat ensimm\u00e4isen auton, valkoisen Vauxhall Vivan. Omalla autolla oli k\u00e4tev\u00e4 reissata pienokainen kyydiss\u00e4 isovanhempien luo kyl\u00e4ilem\u00e4\u00e4n ja ruokaostoksetkin kulkivat kevyemmin takaluukussa m\u00e4ke\u00e4 yl\u00f6s.<\/p>\n\n\n\n<p id=\"block-0b654e89-3b3f-4231-913d-23dc3ad9b188\">Aikamoista rakennusty\u00f6maata Kirstinm\u00e4en seutu oli pitk\u00e4\u00e4n. Vuonna 1975 muutimme uuteen l\u00e4hell\u00e4 sijaitsevaan kerrostaloon Kirstinsyrj\u00e4\u00e4n. Muistan, ett\u00e4 min\u00e4 j\u00e4in kerran pihalla mutaan jumiin, kun nurmikon siemeni\u00e4 oli kylvetty maahan. Saappaat vajosivat ja j\u00e4iv\u00e4t saviseen multaan kiinni. Ei auttanut muu kuin j\u00e4tt\u00e4\u00e4 saappaat siihen ja muutaman kaatuilun j\u00e4lkeen k\u00e4vell\u00e4 kuraisena sukkasillaan sis\u00e4\u00e4n apua hakemaan. Kyll\u00e4 oli h\u00e4t\u00e4, mutta is\u00e4 sai saappaat maasta turvaan. Pihan hiekkalaatikon ymp\u00e4rill\u00e4 oli yleens\u00e4 paljon leikkikavereita ja muistan, kuinka kerran \u00e4itini laski toisessa kerroksessa olevan asuntomme ikkunasta pienell\u00e4 korilla j\u00e4\u00e4tel\u00f6it\u00e4 meille pihan lapsille.<\/p>\n\n\n\n<p id=\"block-32803651-3514-43ef-a7ee-47868cf3ffa2\">Vuonna 1978 meid\u00e4n perheelt\u00e4mme vaihtuivat Kirstinm\u00e4en maisemat toiseen, kun muutimme L\u00e4hderantaan.<\/p>\n","protected":false},"excerpt":{"rendered":"<p>Nina M\u00e4kel\u00e4 Espoon juna-aseman l\u00e4heisyydess\u00e4 sijaitsi ennen Kirstin tila, jonka maille ruvettiin 1970-luvulla rakentamaan kerrostaloja. Rakennusalueena oli Kirstinm\u00e4ki, jonne nousi ensimm\u00e4isten kerrostalojen joukossa SKOPin ty\u00f6ntekij\u00f6ille korkea 6-kerroksinen vuokratalo. Vanhempani muuttivat Helsingist\u00e4 maalle Espooseen heti talon valmistuttua joulukuussa 1971. Ymp\u00e4rist\u00f6ss\u00e4 oli paljon puita, peltoja ja kuulemma hyv\u00e4t sienimets\u00e4t, kunnes asuintaloja alkoi my\u00f6hemmin rakentumaan kuin sieni\u00e4 sateella.&hellip; <a class=\"more-link\" href=\"https:\/\/espoonperinneseura.net\/espoo1972\/muistoja-espoosta\/kirstinmaki-1970-luvulla\/\">Jatka lukemista <span class=\"screen-reader-text\">Kirstinm\u00e4ki 1970-luvulla<\/span><\/a><\/p>\n","protected":false},"author":1,"featured_media":0,"parent":302,"menu_order":79,"comment_status":"closed","ping_status":"closed","template":"","meta":{"_eb_attr":"","_exactmetrics_skip_tracking":false,"_exactmetrics_sitenote_active":false,"_exactmetrics_sitenote_note":"","_exactmetrics_sitenote_category":0,"footnotes":""},"class_list":["post-1953","page","type-page","status-publish","hentry","entry"],"_links":{"self":[{"href":"https:\/\/espoonperinneseura.net\/espoo1972\/wp-json\/wp\/v2\/pages\/1953","targetHints":{"allow":["GET"]}}],"collection":[{"href":"https:\/\/espoonperinneseura.net\/espoo1972\/wp-json\/wp\/v2\/pages"}],"about":[{"href":"https:\/\/espoonperinneseura.net\/espoo1972\/wp-json\/wp\/v2\/types\/page"}],"author":[{"embeddable":true,"href":"https:\/\/espoonperinneseura.net\/espoo1972\/wp-json\/wp\/v2\/users\/1"}],"replies":[{"embeddable":true,"href":"https:\/\/espoonperinneseura.net\/espoo1972\/wp-json\/wp\/v2\/comments?post=1953"}],"version-history":[{"count":4,"href":"https:\/\/espoonperinneseura.net\/espoo1972\/wp-json\/wp\/v2\/pages\/1953\/revisions"}],"predecessor-version":[{"id":1965,"href":"https:\/\/espoonperinneseura.net\/espoo1972\/wp-json\/wp\/v2\/pages\/1953\/revisions\/1965"}],"up":[{"embeddable":true,"href":"https:\/\/espoonperinneseura.net\/espoo1972\/wp-json\/wp\/v2\/pages\/302"}],"wp:attachment":[{"href":"https:\/\/espoonperinneseura.net\/espoo1972\/wp-json\/wp\/v2\/media?parent=1953"}],"curies":[{"name":"wp","href":"https:\/\/api.w.org\/{rel}","templated":true}]}}