{"id":2000,"date":"2022-02-16T15:21:25","date_gmt":"2022-02-16T13:21:25","guid":{"rendered":"https:\/\/espoonperinneseura.net\/espoo1972\/?page_id=2000"},"modified":"2022-07-17T10:19:54","modified_gmt":"2022-07-17T07:19:54","slug":"penkkariajelun-tunnelmaa-pohjois-espalla","status":"publish","type":"page","link":"https:\/\/espoonperinneseura.net\/espoo1972\/muistoja-espoosta\/penkkariajelun-tunnelmaa-pohjois-espalla\/","title":{"rendered":"Penkkariajelun tunnelmaa Pohjois-Espalla"},"content":{"rendered":"\n<p><em>Anne Varkkola<\/em><\/p>\n\n\n\n<p>10.2.1972 oli todella kylm\u00e4 pakkasp\u00e4iv\u00e4. Me Tapiolan yhteiskoulun abit remuttiin perinpohjin luokissa, heiteltiin karkkeja alaluokkalaisille ja kiivettiin rekkojen kyytiin. Meid\u00e4n rekassa luki \u201dT\u00e4ss\u00e4 menee yo-lautakunnan makkaraa!\u201d<\/p>\n\n\n\n<p>L\u00e4nsiv\u00e4yl\u00e4ll\u00e4 oli hyist\u00e4, kun ajettiin Etel\u00e4satamaan, jonne kaikki p\u00e4\u00e4kaupunkiseudun abit kokoontuivat. Espalla perhe oli vilkuttamassa ja saatiin kaksi valokuvaa muistoksi.<\/p>\n\n\n\n<p>Erikoista sin\u00e4 kev\u00e4\u00e4n\u00e4 oli, ett\u00e4 lakkiaiset aikaan oli Alkon lakko! Kierrettiin niiden kavereiden juhlissa skoolaamassa, joiden vanhemmat olivat ostaneet samppanjaa varastoon!<\/p>\n\n\n\n<figure class=\"wp-block-image size-large is-resized\"><img loading=\"lazy\" decoding=\"async\" src=\"https:\/\/espoonperinneseura.net\/espoo1972\/wp-content\/uploads\/2022\/02\/Tapiolan-penkkarit-1-1024x768.jpg\" alt=\"\" class=\"wp-image-2001\" width=\"768\" height=\"576\" srcset=\"https:\/\/espoonperinneseura.net\/espoo1972\/wp-content\/uploads\/2022\/02\/Tapiolan-penkkarit-1-1024x768.jpg 1024w, https:\/\/espoonperinneseura.net\/espoo1972\/wp-content\/uploads\/2022\/02\/Tapiolan-penkkarit-1-300x225.jpg 300w, https:\/\/espoonperinneseura.net\/espoo1972\/wp-content\/uploads\/2022\/02\/Tapiolan-penkkarit-1-768x576.jpg 768w, https:\/\/espoonperinneseura.net\/espoo1972\/wp-content\/uploads\/2022\/02\/Tapiolan-penkkarit-1-1536x1152.jpg 1536w, https:\/\/espoonperinneseura.net\/espoo1972\/wp-content\/uploads\/2022\/02\/Tapiolan-penkkarit-1-2048x1536.jpg 2048w, https:\/\/espoonperinneseura.net\/espoo1972\/wp-content\/uploads\/2022\/02\/Tapiolan-penkkarit-1-1568x1176.jpg 1568w\" sizes=\"auto, (max-width: 768px) 100vw, 768px\" \/><\/figure>\n\n\n\n<figure class=\"wp-block-image size-large is-resized\"><img loading=\"lazy\" decoding=\"async\" src=\"https:\/\/espoonperinneseura.net\/espoo1972\/wp-content\/uploads\/2022\/02\/Tapiolan-penkkarit-2-1024x768.jpg\" alt=\"\" class=\"wp-image-2002\" width=\"768\" height=\"576\" srcset=\"https:\/\/espoonperinneseura.net\/espoo1972\/wp-content\/uploads\/2022\/02\/Tapiolan-penkkarit-2-1024x768.jpg 1024w, https:\/\/espoonperinneseura.net\/espoo1972\/wp-content\/uploads\/2022\/02\/Tapiolan-penkkarit-2-300x225.jpg 300w, https:\/\/espoonperinneseura.net\/espoo1972\/wp-content\/uploads\/2022\/02\/Tapiolan-penkkarit-2-768x576.jpg 768w, https:\/\/espoonperinneseura.net\/espoo1972\/wp-content\/uploads\/2022\/02\/Tapiolan-penkkarit-2-1536x1152.jpg 1536w, https:\/\/espoonperinneseura.net\/espoo1972\/wp-content\/uploads\/2022\/02\/Tapiolan-penkkarit-2-2048x1536.jpg 2048w, https:\/\/espoonperinneseura.net\/espoo1972\/wp-content\/uploads\/2022\/02\/Tapiolan-penkkarit-2-1568x1176.jpg 1568w\" sizes=\"auto, (max-width: 768px) 100vw, 768px\" \/><\/figure>\n","protected":false},"excerpt":{"rendered":"<p>Anne Varkkola 10.2.1972 oli todella kylm\u00e4 pakkasp\u00e4iv\u00e4. Me Tapiolan yhteiskoulun abit remuttiin perinpohjin luokissa, heiteltiin karkkeja alaluokkalaisille ja kiivettiin rekkojen kyytiin. Meid\u00e4n rekassa luki \u201dT\u00e4ss\u00e4 menee yo-lautakunnan makkaraa!\u201d L\u00e4nsiv\u00e4yl\u00e4ll\u00e4 oli hyist\u00e4, kun ajettiin Etel\u00e4satamaan, jonne kaikki p\u00e4\u00e4kaupunkiseudun abit kokoontuivat. Espalla perhe oli vilkuttamassa ja saatiin kaksi valokuvaa muistoksi. Erikoista sin\u00e4 kev\u00e4\u00e4n\u00e4 oli, ett\u00e4 lakkiaiset aikaan&hellip; <a class=\"more-link\" href=\"https:\/\/espoonperinneseura.net\/espoo1972\/muistoja-espoosta\/penkkariajelun-tunnelmaa-pohjois-espalla\/\">Jatka lukemista <span class=\"screen-reader-text\">Penkkariajelun tunnelmaa Pohjois-Espalla<\/span><\/a><\/p>\n","protected":false},"author":1,"featured_media":0,"parent":302,"menu_order":121,"comment_status":"closed","ping_status":"closed","template":"","meta":{"_eb_attr":"","_exactmetrics_skip_tracking":false,"_exactmetrics_sitenote_active":false,"_exactmetrics_sitenote_note":"","_exactmetrics_sitenote_category":0,"footnotes":""},"class_list":["post-2000","page","type-page","status-publish","hentry","entry"],"_links":{"self":[{"href":"https:\/\/espoonperinneseura.net\/espoo1972\/wp-json\/wp\/v2\/pages\/2000","targetHints":{"allow":["GET"]}}],"collection":[{"href":"https:\/\/espoonperinneseura.net\/espoo1972\/wp-json\/wp\/v2\/pages"}],"about":[{"href":"https:\/\/espoonperinneseura.net\/espoo1972\/wp-json\/wp\/v2\/types\/page"}],"author":[{"embeddable":true,"href":"https:\/\/espoonperinneseura.net\/espoo1972\/wp-json\/wp\/v2\/users\/1"}],"replies":[{"embeddable":true,"href":"https:\/\/espoonperinneseura.net\/espoo1972\/wp-json\/wp\/v2\/comments?post=2000"}],"version-history":[{"count":3,"href":"https:\/\/espoonperinneseura.net\/espoo1972\/wp-json\/wp\/v2\/pages\/2000\/revisions"}],"predecessor-version":[{"id":2005,"href":"https:\/\/espoonperinneseura.net\/espoo1972\/wp-json\/wp\/v2\/pages\/2000\/revisions\/2005"}],"up":[{"embeddable":true,"href":"https:\/\/espoonperinneseura.net\/espoo1972\/wp-json\/wp\/v2\/pages\/302"}],"wp:attachment":[{"href":"https:\/\/espoonperinneseura.net\/espoo1972\/wp-json\/wp\/v2\/media?parent=2000"}],"curies":[{"name":"wp","href":"https:\/\/api.w.org\/{rel}","templated":true}]}}