{"id":2081,"date":"2022-02-28T17:49:06","date_gmt":"2022-02-28T15:49:06","guid":{"rendered":"https:\/\/espoonperinneseura.net\/espoo1972\/?page_id=2081"},"modified":"2022-08-02T19:31:18","modified_gmt":"2022-08-02T16:31:18","slug":"pelto-elviksesta-kaupunkilaiseksi","status":"publish","type":"page","link":"https:\/\/espoonperinneseura.net\/espoo1972\/muistoja-espoosta\/pelto-elviksesta-kaupunkilaiseksi\/","title":{"rendered":"Pelto-Elviksest\u00e4* kaupunkilaiseksi"},"content":{"rendered":"\n<p><em>Jari \u201dHirkka\u201d Hirvonen<\/em><br>Syntyper\u00e4inen tapiolalainen jo vuodesta 1961<\/p>\n\n\n\n<p class=\"has-small-font-size\">*Lauttasaarelaisten nimitys tapiolalaisista 60-luvulla<\/p>\n\n\n\n<p>Kun Espoosta leivottiin kaupunki vuonna 1972, olin 11-vuotias. Henkil\u00f6kohtaista el\u00e4m\u00e4\u00e4 tuo uudistus ei liiemmin heilauttanut, sill\u00e4 tunsin olevani enemm\u00e4n tapiolalainen kuin espoolainen. Tuntui kuitenkin hienommalta asua kaupungissa kuin kauppalassa.<\/p>\n\n\n\n<p>Suomen toiseksi vanhin kauppakeskus Heikintori oli avattu 60-luvun lopussa, ja siit\u00e4 oli muodostunut meille nuorille t\u00e4rke\u00e4 hengaamis- ja kohtaamispaikka, jossa vietettiin runsaasti aikaa p\u00e4ivitt\u00e4in. Juhlap\u00e4iv\u00e4 oli silloin, kun oli rahaa menn\u00e4 Ribikseen sy\u00f6m\u00e4\u00e4n: hampurinpihvi ranskalaisilla maistui taivaalliselta. Jos jotain j\u00e4i viel\u00e4 taskunpohjalle, mentiin \u201dHekarin\u201d puolelta ostamaan samettij\u00e4\u00e4tel\u00f6\u00e4.<\/p>\n\n\n\n<p>Rahaa saatiin viikkorahan muodossa vanhemmilta, mutta eih\u00e4n se oikein mihink\u00e4\u00e4n riitt\u00e4nyt. Niinp\u00e4 ker\u00e4ttiin pulloja. Tapiolassa ja ymp\u00e4rist\u00f6ss\u00e4 parveili tuohon aikaan runsaasti \u201dhumppuja\u201d eli spurguja, jotka aivan avoimesti juopottelivat ns. ihmisten ilmoilla ja mahdollistivat meille toisinaan jopa runsaat tienistit j\u00e4tt\u00e4mill\u00e4\u00e4n pulloilla. Useimmat heist\u00e4 asuivat Mankkaan kaatopaikan vieress\u00e4 h\u00f6kkelikyl\u00e4ss\u00e4, mutta joukkoon mahtui my\u00f6s sielunvelji\u00e4 paremmistakin piireist\u00e4.<\/p>\n\n\n\n<p>Tuolloin elettiin markettien syntymisen kulta-aikaa. Hansa Market oli avattu Pohjois-Tapiolaan radiomastojen juurelle 1970 ja Maxi-market aukesi Lepp\u00e4vaaraan 1971. Niiss\u00e4 tuli noihin aikoihin paljon luuhattua, ja matka niihin taittui useimmiten fillarilla.<\/p>\n\n\n\n<p>Vuonna 1972 Aarnivalkean kansakoulun nelj\u00e4s luokka j\u00e4i taakse ja p\u00e4\u00e4sin pyrkim\u00e4\u00e4n oppikouluun. Ensimm\u00e4ist\u00e4 kertaa sinne oli mahdollista p\u00e4\u00e4st\u00e4 suoraan jo pelk\u00e4n todistuksen perusteella. Meid\u00e4n luokan pojista ainoastaan min\u00e4 ja paras kaverini Mikko p\u00e4\u00e4simme toivottuun Tapiolan Yhteiskouluun, muut luokan pojat \u201djoutuivat\u201d suurimmaksi osaksi Pohjois-Tapiolaan. Tyt\u00f6ist\u00e4 ei viel\u00e4 tuolloin pidetty sen suurempaa lukua.<\/p>\n\n\n\n<p>Vapaa-aikana urheiltiin paljon. Kes\u00e4ll\u00e4 pelattiin fudista, syksyll\u00e4 ja talvella taas l\u00e4tk\u00e4\u00e4 ja pihal\u00e4tk\u00e4\u00e4.<\/p>\n\n\n\n<p>Tapiolassa py\u00f6ri mittava nappulaliigasarja, jossa oli toistakymment\u00e4 jalkapallojoukkuetta Tapiolan eri asuinalueilta. L\u00e4hes kaikki pihan kaverit olivat tuossa touhussa mukana &#8211; pelitaidoista riippumatta. Kausi huipentui aina Syyslystien aikaan yhteismarssiin, jossa kaikki joukkueet marssivat pelipaidoissaan Tapiolan ymp\u00e4ri ja kokoontuivat p\u00e4\u00e4tt\u00e4j\u00e4isiin keskuskent\u00e4lle. Tuo nappulaliiga toimi vahvana pohjana my\u00f6hemm\u00e4lle Hongan menestyksekk\u00e4\u00e4lle nuorisoty\u00f6lle.<\/p>\n\n\n\n<p>J\u00e4\u00e4kiekon perustaidot hankittiin alkuun pihal\u00e4tk\u00e4\u00e4 pelaamalla \u2013 tossut jalassa ja ilman luistimia. Samaan aikaan Tapiolan kent\u00e4n tervantuoksuisesta pukukopista muodostui l\u00e4hes toinen koti kaikille aloitteleville kiekkoilijoille. Totta kai tuolloin my\u00f6s ihan oikeassa joukkueessa pelaaminen alkoi kiinnostaa. J\u00e4\u00e4aika seuroille oli viel\u00e4 melko kortilla, sill\u00e4 tekoj\u00e4\u00e4t\u00e4 l\u00f6ytyi vain Matinkyl\u00e4st\u00e4 ja Laaksolahdesta. Siksi toisinaan syksyll\u00e4 k\u00e4ytiinkin Forssassa asti ottamassa tuntumaa j\u00e4\u00e4h\u00e4n, ja silloin matkaan l\u00e4hdettiin jo aamunelj\u00e4lt\u00e4. (Joukkueet, joissa noihin aikoihin pelasin, olivat J\u00e4\u00e4honka ja GrIFK.)<\/p>\n\n\n\n<p>Koska Espoossa ei silloin ollut huipputason l\u00e4tk\u00e4joukkueita, k\u00e4ytiin pelej\u00e4 katsomassa Helsingin puolella. HJK, HIFK, Jokerit ja Karhukissat tarjosivat liigatason j\u00e4nnityst\u00e4 n\u00e4lk\u00e4isille katsojille. Nouseva fanikulttuuri alkoi n\u00e4ky\u00e4 my\u00f6s pukeutumisessa Tapiolan kouluissa, ja ainakin HIFK- ja Jokerirotsit ker\u00e4siv\u00e4t paljon huomiota ja kateellisia katseita ylpeiden kantajiensa riemuksi.<\/p>\n\n\n\n<p><\/p>\n","protected":false},"excerpt":{"rendered":"<p>Jari \u201dHirkka\u201d HirvonenSyntyper\u00e4inen tapiolalainen jo vuodesta 1961 *Lauttasaarelaisten nimitys tapiolalaisista 60-luvulla Kun Espoosta leivottiin kaupunki vuonna 1972, olin 11-vuotias. Henkil\u00f6kohtaista el\u00e4m\u00e4\u00e4 tuo uudistus ei liiemmin heilauttanut, sill\u00e4 tunsin olevani enemm\u00e4n tapiolalainen kuin espoolainen. Tuntui kuitenkin hienommalta asua kaupungissa kuin kauppalassa. Suomen toiseksi vanhin kauppakeskus Heikintori oli avattu 60-luvun lopussa, ja siit\u00e4 oli muodostunut meille nuorille&hellip; <a class=\"more-link\" href=\"https:\/\/espoonperinneseura.net\/espoo1972\/muistoja-espoosta\/pelto-elviksesta-kaupunkilaiseksi\/\">Jatka lukemista <span class=\"screen-reader-text\">Pelto-Elviksest\u00e4* kaupunkilaiseksi<\/span><\/a><\/p>\n","protected":false},"author":1,"featured_media":0,"parent":302,"menu_order":124,"comment_status":"closed","ping_status":"closed","template":"","meta":{"_eb_attr":"","_exactmetrics_skip_tracking":false,"_exactmetrics_sitenote_active":false,"_exactmetrics_sitenote_note":"","_exactmetrics_sitenote_category":0,"footnotes":""},"class_list":["post-2081","page","type-page","status-publish","hentry","entry"],"_links":{"self":[{"href":"https:\/\/espoonperinneseura.net\/espoo1972\/wp-json\/wp\/v2\/pages\/2081","targetHints":{"allow":["GET"]}}],"collection":[{"href":"https:\/\/espoonperinneseura.net\/espoo1972\/wp-json\/wp\/v2\/pages"}],"about":[{"href":"https:\/\/espoonperinneseura.net\/espoo1972\/wp-json\/wp\/v2\/types\/page"}],"author":[{"embeddable":true,"href":"https:\/\/espoonperinneseura.net\/espoo1972\/wp-json\/wp\/v2\/users\/1"}],"replies":[{"embeddable":true,"href":"https:\/\/espoonperinneseura.net\/espoo1972\/wp-json\/wp\/v2\/comments?post=2081"}],"version-history":[{"count":4,"href":"https:\/\/espoonperinneseura.net\/espoo1972\/wp-json\/wp\/v2\/pages\/2081\/revisions"}],"predecessor-version":[{"id":3744,"href":"https:\/\/espoonperinneseura.net\/espoo1972\/wp-json\/wp\/v2\/pages\/2081\/revisions\/3744"}],"up":[{"embeddable":true,"href":"https:\/\/espoonperinneseura.net\/espoo1972\/wp-json\/wp\/v2\/pages\/302"}],"wp:attachment":[{"href":"https:\/\/espoonperinneseura.net\/espoo1972\/wp-json\/wp\/v2\/media?parent=2081"}],"curies":[{"name":"wp","href":"https:\/\/api.w.org\/{rel}","templated":true}]}}