{"id":2152,"date":"2022-03-10T17:55:37","date_gmt":"2022-03-10T15:55:37","guid":{"rendered":"https:\/\/espoonperinneseura.net\/espoo1972\/?page_id=2152"},"modified":"2022-03-10T17:56:16","modified_gmt":"2022-03-10T15:56:16","slug":"8-vuotias-koululainen","status":"publish","type":"page","link":"https:\/\/espoonperinneseura.net\/espoo1972\/muistoja-espoosta\/8-vuotias-koululainen\/","title":{"rendered":"8-vuotias koululainen"},"content":{"rendered":"\n<p><em>Heidi J\u00e4rvinen<\/em><\/p>\n\n\n\n<p>Olin vuonna 1972 Hakan kansakoulun toisluokkalainen.<\/p>\n\n\n\n<p>Kuljin kotoani Hakalehdosta koulumatkani k\u00e4vellen. Siihen aikaan tuo alue oli pajukkoa.<\/p>\n\n\n\n<p>Koulun j\u00e4lkeen menin kotiin, otin j\u00e4\u00e4kaapista \u00e4idin tekem\u00e4t voileiv\u00e4t ja termospullosta kaakaota. Tein l\u00e4ksyt ja l\u00e4hdin pihalle leikkim\u00e4\u00e4n rofea ja poldea, kirkonrottaa tai juoksemaan vallihaudoissa kavereiden kanssa.<\/p>\n\n\n\n<p>Illalla k\u00e4vin kylvyss\u00e4 pesin hampaat ja k\u00e4vin nukkumaan.<\/p>\n\n\n\n<p>Olin avainkaulalapsi. Vanhemmat tuli kotiin illalla kuuden aikaan, ja mielest\u00e4ni oli kiva lapsuus.<\/p>\n\n\n\n<p>Koulussa oli oppitunti liittyen Espoon kaupungiksi tulemisesta ja mielest\u00e4ni kultainen vaakuna oli hieno.<\/p>\n","protected":false},"excerpt":{"rendered":"<p>Heidi J\u00e4rvinen Olin vuonna 1972 Hakan kansakoulun toisluokkalainen. Kuljin kotoani Hakalehdosta koulumatkani k\u00e4vellen. Siihen aikaan tuo alue oli pajukkoa. Koulun j\u00e4lkeen menin kotiin, otin j\u00e4\u00e4kaapista \u00e4idin tekem\u00e4t voileiv\u00e4t ja termospullosta kaakaota. Tein l\u00e4ksyt ja l\u00e4hdin pihalle leikkim\u00e4\u00e4n rofea ja poldea, kirkonrottaa tai juoksemaan vallihaudoissa kavereiden kanssa. Illalla k\u00e4vin kylvyss\u00e4 pesin hampaat ja k\u00e4vin nukkumaan. Olin&hellip; <a class=\"more-link\" href=\"https:\/\/espoonperinneseura.net\/espoo1972\/muistoja-espoosta\/8-vuotias-koululainen\/\">Jatka lukemista <span class=\"screen-reader-text\">8-vuotias koululainen<\/span><\/a><\/p>\n","protected":false},"author":1,"featured_media":0,"parent":302,"menu_order":28,"comment_status":"closed","ping_status":"closed","template":"","meta":{"_eb_attr":"","_exactmetrics_skip_tracking":false,"_exactmetrics_sitenote_active":false,"_exactmetrics_sitenote_note":"","_exactmetrics_sitenote_category":0,"footnotes":""},"class_list":["post-2152","page","type-page","status-publish","hentry","entry"],"_links":{"self":[{"href":"https:\/\/espoonperinneseura.net\/espoo1972\/wp-json\/wp\/v2\/pages\/2152","targetHints":{"allow":["GET"]}}],"collection":[{"href":"https:\/\/espoonperinneseura.net\/espoo1972\/wp-json\/wp\/v2\/pages"}],"about":[{"href":"https:\/\/espoonperinneseura.net\/espoo1972\/wp-json\/wp\/v2\/types\/page"}],"author":[{"embeddable":true,"href":"https:\/\/espoonperinneseura.net\/espoo1972\/wp-json\/wp\/v2\/users\/1"}],"replies":[{"embeddable":true,"href":"https:\/\/espoonperinneseura.net\/espoo1972\/wp-json\/wp\/v2\/comments?post=2152"}],"version-history":[{"count":1,"href":"https:\/\/espoonperinneseura.net\/espoo1972\/wp-json\/wp\/v2\/pages\/2152\/revisions"}],"predecessor-version":[{"id":2153,"href":"https:\/\/espoonperinneseura.net\/espoo1972\/wp-json\/wp\/v2\/pages\/2152\/revisions\/2153"}],"up":[{"embeddable":true,"href":"https:\/\/espoonperinneseura.net\/espoo1972\/wp-json\/wp\/v2\/pages\/302"}],"wp:attachment":[{"href":"https:\/\/espoonperinneseura.net\/espoo1972\/wp-json\/wp\/v2\/media?parent=2152"}],"curies":[{"name":"wp","href":"https:\/\/api.w.org\/{rel}","templated":true}]}}