{"id":2164,"date":"2022-03-11T20:29:11","date_gmt":"2022-03-11T18:29:11","guid":{"rendered":"https:\/\/espoonperinneseura.net\/espoo1972\/?page_id=2164"},"modified":"2022-07-17T10:17:37","modified_gmt":"2022-07-17T07:17:37","slug":"laajalahti-1972","status":"publish","type":"page","link":"https:\/\/espoonperinneseura.net\/espoo1972\/muistoja-espoosta\/laajalahti-1972\/","title":{"rendered":"Laajalahti 1972"},"content":{"rendered":"\n<p><em>Heli Nikunen<\/em><\/p>\n\n\n\n<p>Vuonna 1972 maailmalla riehui terrorismin aalto. Suomessa j\u00e4nnitettiin jatkaako Kekkonen viel\u00e4 presidenttin\u00e4 ja hyvien neuvostosuhteiden takaajana. Otaniemen Dipolissa alkoivat ETY-kokouksen valmistelevat neuvottelut. Ymp\u00e4rist\u00f6tietoisuus voimistui ja Rooman klubi julkaisi ensimm\u00e4isen kasvun rajat raportin. Monen tunnemuistiin on kuitenkin ehk\u00e4 voimakkaimmin sy\u00f6pynyt Lasse Viren, joka M\u00fcnchenin Olympialaisissa kaatui, nousi ja juoksi voittoon.<\/p>\n\n\n\n<p>Vuosi 1972 oli murrosten aikaa my\u00f6s Laajalahdessa. Suurten ik\u00e4luokkien nuoret aikuiset muuttivat ty\u00f6n per\u00e4ss\u00e4 kaupunkeihin. Asuntopulaa pyrittiin helpottamaan rakentamalla kerrostaloalueita kantakaupungin ulkopuolelle, niin sanottuja mets\u00e4l\u00e4hi\u00f6it\u00e4. Laajalahteenkin rakennettiin SOK:n toimesta kerrostaloalue ty\u00f6v\u00e4en asunnoiksi. Mets\u00e4l\u00e4hi\u00f6ist\u00e4 poiketen alue rakennettiin olemassa olevan rintamamiestaloalueen ja palvelujen viereen. Alueella oli jo runsaasti aktiivista yhdistystoimintaa ja toiminta vain lis\u00e4\u00e4ntyi uusien asukkaiden my\u00f6t\u00e4. Oltiin yhdess\u00e4, luotettiin ja tarjottiin apua. Runsas lapsijoukko pelasi pihalla kirkonrottaa ja fillarihippaa. Laajalahden liikunta j\u00e4rjesti toimintaa niin lapsille kuin aikuisille. Vpk, kirjasto, kirjaston alakerran partiotoiminta sek\u00e4 kerrostalojen alakerrassa toimiva pyh\u00e4koulu tarjosivat ohjattua toimintaa kansakunnan toivoille. Viikkorahat tuhlattiin l\u00e4hiruokakauppoihin tai kirjakauppaan. Polyesteri valtasi vaatekaapit. Lahkeet olivat leveit\u00e4 ja kaulukset ter\u00e4vi\u00e4. Asunnoissa kaikui Fredin <em>Puhu hiljaa rakkaudesta<\/em> ja Sweetin <em>Poppa Joe<\/em>.<\/p>\n\n\n\n<figure class=\"wp-block-image size-full\"><img loading=\"lazy\" decoding=\"async\" width=\"800\" height=\"537\" src=\"https:\/\/espoonperinneseura.net\/espoo1972\/wp-content\/uploads\/2022\/03\/Laajalahden-kirjasto-1970.jpg\" alt=\"\" class=\"wp-image-2166\" srcset=\"https:\/\/espoonperinneseura.net\/espoo1972\/wp-content\/uploads\/2022\/03\/Laajalahden-kirjasto-1970.jpg 800w, https:\/\/espoonperinneseura.net\/espoo1972\/wp-content\/uploads\/2022\/03\/Laajalahden-kirjasto-1970-300x201.jpg 300w, https:\/\/espoonperinneseura.net\/espoo1972\/wp-content\/uploads\/2022\/03\/Laajalahden-kirjasto-1970-768x516.jpg 768w\" sizes=\"auto, (max-width: 800px) 100vw, 800px\" \/><figcaption>Laajalahden kirjasto vuonna 1970. Laajalahti ry, Espoon kaupunginmuseo.<\/figcaption><\/figure>\n\n\n\n<p>Muutoksen tuulia koettiin tuolloin my\u00f6s paikallisessa kirjastossa. Laajalahden kirjasto toimi vuoteen 1972 asti koko Espoon kirjastolaitoksen syd\u00e4men\u00e4, siell\u00e4 toimi niin hallinto kuin auto-osasto. Uuden p\u00e4\u00e4kirjaston valmistuminen Lepp\u00e4vaaraan teki Laajalahden kirjastosta tavallisen sivukirjaston ja vapautuneita tiloja voitiin k\u00e4ytt\u00e4\u00e4 satutunteihin ja nukketeatteri- ja elokuvaesityksiin. Kirjaston kellarissa kokoontui my\u00f6s kirjastopoliittinen yhdistys, jonka tavoitteena on kirjastolaitoksen kehitt\u00e4minen. Yhdistys ajoi mm. vankilakirjastojen perustamista, kirjastotieteen saamista akateemiseksi oppiaineeksi ja k\u00e4ytt\u00e4jien kuulemista kirjavalinnoissa. Kirjastonhoitajan ty\u00f6 ei kuitenkaan aina ollut vain hohdokkaiden tulevaisuusvisioiden laadintaa. Irmeli Per\u00e4l\u00e4 muistelee uransa alkuvuosia Laajalahdessa: \u201dKirjaston pihalle kokoontui iltaisin miehi\u00e4 kallistelemaan pulloja ja humaltumisasteet vaihtelivat kova\u00e4\u00e4nisyydest\u00e4 sammumiseen. Sis\u00e4lle tultiin l\u00e4mmittelem\u00e4\u00e4n ja itkem\u00e4\u00e4n el\u00e4m\u00e4n kurjuutta. Joskus oli kirjastoa sulkiessa pakko raahata joku ulos nukahtanut tuulikaappiin hetkeksi selvi\u00e4m\u00e4\u00e4n, ettei j\u00e4\u00e4tynyt pakkaseen. Pakko oli v\u00e4list\u00e4 kutsua poliisikin paikalle, vaikka siihen harvoin turvauduttiin\u201d.<\/p>\n\n\n\n<p>Monet n\u00e4ist\u00e4 el\u00e4m\u00e4n kolhimista miehist\u00e4 majaili l\u00e4heisen Mankkaansuon ymp\u00e4rille muodostuneessa h\u00f6kkelikyl\u00e4ss\u00e4. Toisen maailmansodan j\u00e4lkeisess\u00e4 asutustoiminnassa perheelliset olivat olleet etusijalla ja moni yksin\u00e4inen rintamalta palaaja oli j\u00e4\u00e4nyt kodittomaksi. Miehet olivat muuttaneet t\u00f6iden per\u00e4ss\u00e4 p\u00e4\u00e4kaupunkiseudulle, ja t\u00f6iden loputtua pullo oli auennut. Mets\u00e4st\u00e4 suon laitamilta l\u00f6ytyi sek\u00e4 vapaus ett\u00e4 yhteis\u00f6, johon kuulua. Tarve-esineet ja elintarvikkeet haettiin \u2019Mankkaan valinnasta\u2019 eli suolle syntyneest\u00e4 kaatopaikasta. Tuo ep\u00e4virallinen kaatopaikka oli vuosien mittaan muuttunut viralliseksi, kun kulutuskulttuuri oli paisuttanut j\u00e4teongelmaa. Laajalahtelaisille kaatopaikka merkitsi j\u00e4terallia, lokkiparvia, rottia, l\u00f6yhk\u00e4\u00e4 ja roskaisia tienpientareita. Alue, jonka nykyisin tunnemme Tapiola Golfin kentt\u00e4n\u00e4, olikin tuolloin kovin erilainen.<\/p>\n\n\n\n<p>Hyvin erilainen oli my\u00f6s varsinainen Laajalahti. Se oli pahoin saastunut ja vesi oli usein hapetonta. Espoo ja Helsinki olivatkin suunnitelleet pahoin saastuneen ja aikansa mittapuulla l\u00e4hes merkityksett\u00f6m\u00e4n merenlahden t\u00e4ytt\u00e4mist\u00e4 j\u00e4tteill\u00e4. Laajalahtea pidettiin \u2018kuolleena alueena\u2019 ja kaatopaikan sijoittelua teknistaloudellisena kysymyksen\u00e4. Hitaan suunnitteluprosessin aikana suhde luonnonsuojeluun ja kaupunkisuunnitteluun oli kuitenkin muuttunut kunnallishallinnossa ja yhteiskunnassa laajemminkin. Perinteinen koskemattoman luonnon suojelu laajeni ymp\u00e4rist\u00f6nsuojeluksi, jossa arvostettiin my\u00f6s ihmisen muokkaamia perinnemaisemia ja rantaniittyj\u00e4. Vuoden 1962 vesilaki nousi my\u00f6s merkitt\u00e4v\u00e4ksi tekij\u00e4ksi hankkeen kuoppaamisessa. Kaatopaikkaa ei perustettu merenlahteen vaan Espoo osti Mankkaan suoalueen, jolla jo toimi kauppalan kaatopaikka. Lis\u00e4ksi Espoo p\u00e4\u00e4tti j\u00e4tt\u00e4\u00e4 Laajalahden rakentamatta maisemallisesti arvokkaana ymp\u00e4rist\u00f6n\u00e4. T\u00e4ll\u00f6in Helsinkikin joutui luopumaan kaatopaikkahankkeesta ja vuonna 1973 hanke kuopattiin.<\/p>\n\n\n\n<p>L\u00e4hteet: <\/p>\n\n\n\n<p>Laajalahden kirjasto 40 vuotta, Laajalahden kirjasto<\/p>\n\n\n\n<p>Hannikainen, \u201cKaikki eiv\u00e4t halua kaatopaikkaa\u201d &#8211; tapaustutkimus Laajalahden kaatopaikasta, Alue ja Ymp\u00e4rist\u00f6 2019<\/p>\n\n\n\n<p>Sch\u00f6nach, Kaupungin savut ja k\u00e4ryt, Helsingin ilmansuojelu 1945-1982, Helsingin yliopiston v\u00e4it\u00f6skirja 2008<\/p>\n\n\n\n<p>Linkki Paavo Noposen selostukseen <a href=\"https:\/\/yle.fi\/aihe\/artikkeli\/2009\/03\/30\/lasse-viren-ja-10-000-mn-draama-munchenissa\" target=\"_blank\" rel=\"noreferrer noopener\">https:\/\/yle.fi\/aihe\/artikkeli\/2009\/03\/30\/lasse-viren-ja-10-000-mn-draama-munchenissa<\/a><\/p>\n\n\n\n<p>Puhu hiljaa rakkaudesta <a href=\"https:\/\/www.youtube.com\/watch?v=Z1kqeKgmPmc&amp;ab_channel=SuklaaEnsio\" target=\"_blank\" rel=\"noreferrer noopener\">https:\/\/www.youtube.com\/watch?v=Z1kqeKgmPmc&amp;ab_channel=SuklaaEnsio<\/a><\/p>\n\n\n\n<p>Poppa Joe <a href=\"https:\/\/www.youtube.com\/watch?v=gV0ujTVD9kI&amp;ab_channel=OfficialSweetChannel\" target=\"_blank\" rel=\"noreferrer noopener\">https:\/\/www.youtube.com\/watch?v=gV0ujTVD9kI&amp;ab_channel=OfficialSweetChannel<\/a><\/p>\n\n\n\n<p>Linkki Mankkaan suolla asuivat alkoholistit <a href=\"https:\/\/yle.fi\/aihe\/artikkeli\/2009\/03\/18\/mankkaan-suolla-asuivat-alkoholistit\" target=\"_blank\" rel=\"noreferrer noopener\">https:\/\/yle.fi\/aihe\/artikkeli\/2009\/03\/18\/mankkaan-suolla-asuivat-alkoholistit<\/a><\/p>\n\n\n\n<p>Linkki Laajalahden erakkokalastaja Arvin kova el\u00e4m\u00e4 <a rel=\"noreferrer noopener\" href=\"https:\/\/yle.fi\/aihe\/artikkeli\/2014\/06\/06\/laajalahden-erakkokalastaja-arvin-kova-elama\" target=\"_blank\">https:\/\/yle.fi\/aihe\/artikkeli\/2014\/06\/06\/laajalahden-erakkokalastaja-arvin-kova-elama<\/a><\/p>\n","protected":false},"excerpt":{"rendered":"<p>Heli Nikunen Vuonna 1972 maailmalla riehui terrorismin aalto. Suomessa j\u00e4nnitettiin jatkaako Kekkonen viel\u00e4 presidenttin\u00e4 ja hyvien neuvostosuhteiden takaajana. Otaniemen Dipolissa alkoivat ETY-kokouksen valmistelevat neuvottelut. Ymp\u00e4rist\u00f6tietoisuus voimistui ja Rooman klubi julkaisi ensimm\u00e4isen kasvun rajat raportin. Monen tunnemuistiin on kuitenkin ehk\u00e4 voimakkaimmin sy\u00f6pynyt Lasse Viren, joka M\u00fcnchenin Olympialaisissa kaatui, nousi ja juoksi voittoon. Vuosi 1972 oli murrosten&hellip; <a class=\"more-link\" href=\"https:\/\/espoonperinneseura.net\/espoo1972\/muistoja-espoosta\/laajalahti-1972\/\">Jatka lukemista <span class=\"screen-reader-text\">Laajalahti 1972<\/span><\/a><\/p>\n","protected":false},"author":1,"featured_media":0,"parent":302,"menu_order":80,"comment_status":"closed","ping_status":"closed","template":"","meta":{"_eb_attr":"","_exactmetrics_skip_tracking":false,"_exactmetrics_sitenote_active":false,"_exactmetrics_sitenote_note":"","_exactmetrics_sitenote_category":0,"footnotes":""},"class_list":["post-2164","page","type-page","status-publish","hentry","entry"],"_links":{"self":[{"href":"https:\/\/espoonperinneseura.net\/espoo1972\/wp-json\/wp\/v2\/pages\/2164","targetHints":{"allow":["GET"]}}],"collection":[{"href":"https:\/\/espoonperinneseura.net\/espoo1972\/wp-json\/wp\/v2\/pages"}],"about":[{"href":"https:\/\/espoonperinneseura.net\/espoo1972\/wp-json\/wp\/v2\/types\/page"}],"author":[{"embeddable":true,"href":"https:\/\/espoonperinneseura.net\/espoo1972\/wp-json\/wp\/v2\/users\/1"}],"replies":[{"embeddable":true,"href":"https:\/\/espoonperinneseura.net\/espoo1972\/wp-json\/wp\/v2\/comments?post=2164"}],"version-history":[{"count":2,"href":"https:\/\/espoonperinneseura.net\/espoo1972\/wp-json\/wp\/v2\/pages\/2164\/revisions"}],"predecessor-version":[{"id":2167,"href":"https:\/\/espoonperinneseura.net\/espoo1972\/wp-json\/wp\/v2\/pages\/2164\/revisions\/2167"}],"up":[{"embeddable":true,"href":"https:\/\/espoonperinneseura.net\/espoo1972\/wp-json\/wp\/v2\/pages\/302"}],"wp:attachment":[{"href":"https:\/\/espoonperinneseura.net\/espoo1972\/wp-json\/wp\/v2\/media?parent=2164"}],"curies":[{"name":"wp","href":"https:\/\/api.w.org\/{rel}","templated":true}]}}