{"id":2326,"date":"2022-03-30T09:24:10","date_gmt":"2022-03-30T06:24:10","guid":{"rendered":"https:\/\/espoonperinneseura.net\/espoo1972\/?page_id=2326"},"modified":"2022-04-05T14:47:23","modified_gmt":"2022-04-05T11:47:23","slug":"taskumatti-rakkaani","status":"publish","type":"page","link":"https:\/\/espoonperinneseura.net\/espoo1972\/muistoja-espoosta\/taskumatti-rakkaani\/","title":{"rendered":"Taskumatti \u2013 rakkaani"},"content":{"rendered":"\n<p> <em>Antero Krekola<\/em><\/p>\n\n\n\n<p>Muutimme Matinkyl\u00e4\u00e4n hieman alle kolmekymppisin\u00e4, nelj\u00e4n hengen perusperheen\u00e4 v. 1973. Kauppa, p\u00e4iv\u00e4kotipaikka, pari ruokakauppaa ja alakoulu l\u00f6ytyiv\u00e4t mukavasti. Muut palvelut harmaasein\u00e4isess\u00e4 l\u00e4hi\u00f6ss\u00e4 olivat sitten jossain muualla. Sosiaaliset tarpeet hoidettiin Akselinpolun taloyhti\u00f6ss\u00e4, jossa kaikki asunnot olivat samankokoisia alle 80 m2 kokoisia ja ik\u00e4- ja sosiaalirakenne yhtenev\u00e4inen. Naapurit ihan mukavaa porukkaa.<\/p>\n\n\n\n<p>Tuon ajan tyypillinen aktiivisessa el\u00e4m\u00e4n vaiheessa oleva, ty\u00f6el\u00e4m\u00e4\u00e4n, perheeseen ja arjen pikkupaineisiin sopeutunut perhe ei el\u00e4m\u00e4lt\u00e4 juuri muuta odottanutkaan, perustarpeet hoituivat, uusi nukkumal\u00e4hi\u00f6 ja hektinen el\u00e4m\u00e4n vaihe jotenkin sujuivat.<\/p>\n\n\n\n<p>Kaikenlaisten palvelujen tarve ja sosiaalisen el\u00e4m\u00e4n vaatimukset kasvavassa l\u00e4hi\u00f6ss\u00e4 kuitenkin kasvoivat. Samaan aikaan kasvoi my\u00f6s Matinkyl\u00e4 erityisesti Matinkyl\u00e4ntien l\u00e4nsipuolelle eli Matinmets\u00e4n alueelle. N\u00e4kyvin ja koskettavin vaihe ajoittui vuoteen 1977 jolloin Matinkyl\u00e4n uusi uljas ostoskeskus valmistui. Kaupallinen palvelutarjonta moninkertaistui ja monipuolistui. L\u00e4hes kaikki el\u00e4m\u00e4lle v\u00e4ltt\u00e4m\u00e4tt\u00f6m\u00e4t hankinnat voitiin nyt tehd\u00e4 muutaman sadan metrin k\u00e4velymatkan p\u00e4\u00e4ss\u00e4 kotoa omassa l\u00e4hi\u00f6ss\u00e4.<\/p>\n\n\n\n<p>Ostarin vilkkain ja kukoistavin kausi ajoittuu viime vuosituhannen loppuun tai loppuvuosikymmenelle. Oli tarjolla ruokakauppaa, pankkipalveluja, kenki\u00e4, kukkia, postipalveluja, Alko, lastenvaatteita, kauneudenhoitoa, kirpputoria ja tietenkin R-kioski ym. Parhaimmillaan ostoskeskuksesta sai k\u00e4yt\u00e4nn\u00f6ss\u00e4 kaikki tarvittavat palvelut.<\/p>\n\n\n\n<p>Kehitykselle alkoi tietenkin ilmaantua my\u00f6s omia varjopuoliaan. Ravintolael\u00e4m\u00e4 ja Alkon l\u00e4sn\u00e4olo alkoivat h\u00e4irit\u00e4 l\u00e4hinaapurustoa. Alkon poistamista vaadittiin jopa adressien voimalla. Saattoi olla samassa perheess\u00e4 osapuolia, joista toinen ker\u00e4si nimi\u00e4 Alkon vastustamisadressiin ja toinen vastusti palvelujen heikent\u00e4mist\u00e4. Alkon myym\u00e4l\u00e4 h\u00e4ipyikin Matinkyl\u00e4st\u00e4 varsin nopeasti.<\/p>\n\n\n\n<figure class=\"wp-block-image size-large floatimage\"><img loading=\"lazy\" decoding=\"async\" width=\"1024\" height=\"730\" src=\"https:\/\/espoonperinneseura.net\/espoo1972\/wp-content\/uploads\/2022\/04\/Matinkyla-13-1024x730.jpg\" alt=\"\" class=\"wp-image-2370\" srcset=\"https:\/\/espoonperinneseura.net\/espoo1972\/wp-content\/uploads\/2022\/04\/Matinkyla-13-1024x730.jpg 1024w, https:\/\/espoonperinneseura.net\/espoo1972\/wp-content\/uploads\/2022\/04\/Matinkyla-13-300x214.jpg 300w, https:\/\/espoonperinneseura.net\/espoo1972\/wp-content\/uploads\/2022\/04\/Matinkyla-13-768x548.jpg 768w, https:\/\/espoonperinneseura.net\/espoo1972\/wp-content\/uploads\/2022\/04\/Matinkyla-13-1536x1095.jpg 1536w, https:\/\/espoonperinneseura.net\/espoo1972\/wp-content\/uploads\/2022\/04\/Matinkyla-13-2048x1460.jpg 2048w, https:\/\/espoonperinneseura.net\/espoo1972\/wp-content\/uploads\/2022\/04\/Matinkyla-13-1568x1118.jpg 1568w\" sizes=\"auto, (max-width: 1024px) 100vw, 1024px\" \/><figcaption>Matinkyl\u00e4n ostari. Kuva: Mauritz Hellstr\u00f6m.<\/figcaption><\/figure>\n\n\n\n<figure class=\"wp-block-image size-large floatimage\"><img loading=\"lazy\" decoding=\"async\" width=\"1024\" height=\"730\" src=\"https:\/\/espoonperinneseura.net\/espoo1972\/wp-content\/uploads\/2022\/04\/Matinkyla-3-edited-scaled-e1649159176407-1024x730.jpg\" alt=\"\" class=\"wp-image-2373\" srcset=\"https:\/\/espoonperinneseura.net\/espoo1972\/wp-content\/uploads\/2022\/04\/Matinkyla-3-edited-scaled-e1649159176407-1024x730.jpg 1024w, https:\/\/espoonperinneseura.net\/espoo1972\/wp-content\/uploads\/2022\/04\/Matinkyla-3-edited-scaled-e1649159176407-300x214.jpg 300w, https:\/\/espoonperinneseura.net\/espoo1972\/wp-content\/uploads\/2022\/04\/Matinkyla-3-edited-scaled-e1649159176407-768x547.jpg 768w, https:\/\/espoonperinneseura.net\/espoo1972\/wp-content\/uploads\/2022\/04\/Matinkyla-3-edited-scaled-e1649159176407-1536x1094.jpg 1536w, https:\/\/espoonperinneseura.net\/espoo1972\/wp-content\/uploads\/2022\/04\/Matinkyla-3-edited-scaled-e1649159176407-2048x1459.jpg 2048w, https:\/\/espoonperinneseura.net\/espoo1972\/wp-content\/uploads\/2022\/04\/Matinkyla-3-edited-scaled-e1649159176407-1568x1117.jpg 1568w\" sizes=\"auto, (max-width: 1024px) 100vw, 1024px\" \/><figcaption>Ostarin k\u00e4yt\u00e4v\u00e4n komeat graffitit edustavat Ostarin viimeist\u00e4 nousua. Kuva: Mauritz Hellstr\u00f6m.<\/figcaption><\/figure>\n\n\n\n<p>Vanhan Ostarin varsinainen alam\u00e4ki alkoi vuosituhannen vaihteessa. Uusi uljas Iso Omena valmistui muutaman sadan metrin p\u00e4\u00e4h\u00e4n p\u00e4\u00e4osin v. 2001 ja vanha Ostari alkoi k\u00e4yd\u00e4 tarpeettomaksi. Ensimm\u00e4isin\u00e4 l\u00e4htiv\u00e4t erikoisliikkeet. Pankit, Alko olivat jo tietenkin h\u00e4ipyneet. pankkisali muuttunut uudeksi kotikapakaksi. Erilaiset baarit ja kapakat olivatkin poikkeuksia, joiden m\u00e4\u00e4r\u00e4 lis\u00e4\u00e4ntyi. Viimeisten vuosien aikana Ostarin v\u00e4litt\u00f6m\u00e4ss\u00e4 tuntumassa oli nelj\u00e4 ravintolaa, l\u00e4hes kaikki muut kaupalliset palvelut olivat h\u00e4vinneet.<\/p>\n\n\n\n<p>Palvelurakenteen muutos alkoi n\u00e4ky\u00e4 ja tuntua my\u00f6s Ostarin ymp\u00e4rist\u00f6ss\u00e4. Levottomuus, h\u00e4iri\u00f6k\u00e4ytt\u00e4ytyminen, turvattomuus iltaisin ja y\u00f6aikaan heijastui somessa Suomi 24 sivustoilta v. 2014 mm. seuraavasti:<\/p>\n\n\n<p style=\"margin-left: 40px;\">\u201dMatinkyl\u00e4n ostari on kyll\u00e4 huima paikka joka on kuin pudonnut keskelle etel\u00e4ist\u00e4 Espoota jostain rinnakkaistodellisuudsesta tai mahdollisesti teleportattu siperialaisesta teollisuuskaupungista. Paikka on t\u00e4ynn\u00e4 eri ik\u00e4isi\u00e4 mutta yht\u00e4 lailla vakavasti alkoholisoituneita punanaamaisia otuksia, jotka istuvat\/lojuvat kellonajasta riippumatta sekaisin saatavilla olevista p\u00e4ihteist\u00e4. Tule Matinkyl\u00e4\u00e4n, et en\u00e4\u00e4 tarvitse tosi TV:t\u00e4.&#8221;<\/p>\n<p style=\"margin-left: 40px;\">\u201dSamanlaista oli jo kymmenen vuotta sitten. Ei ik\u00e4v\u00e4 lainkaan. Sit\u00e4paitsi vaarallinen paikka, jopa portsareita piti varoa\u201d.<\/p>\n<p style=\"margin-left: 40px;\">\u201dSitten kun siin\u00e4 (vanhassa ostarissa siis) on kolme toimivaa r\u00e4k\u00e4l\u00e4\u00e4 ja kaikissa musiikkia raiskaava karaoke sek\u00e4 yksi grillikioski, niin se on p\u00e4\u00e4kaupunkiseudun viihtyisin paikka? Jos rumaa, paskasta ja ep\u00e4viihtyis\u00e4\u00e4 paikkaa etsitte niin tulkaa Matinkyl\u00e4n vanhalle ostarille.\u201d<\/p>\n<p style=\"margin-left: 40px;\">\u201dVanhan Ostarin sivistystason saavuttamiseksi on ehdottomasti kustava k\u00e4yt\u00e4v\u00e4\u00e4n, syljett\u00e4v\u00e4 lattia t\u00e4yteen, oksennettava mieluummin. Ihana vanha Ostari. Viipurin aseman vessa 1960\u201370- lukujen vaihteessa oli miellytt\u00e4v\u00e4mpi ja siistimpi paikka. Samanlaista oli jo kymmenen vuotta sitten.\u201d<\/p>\n\n\n<p>Kaikilla asioilla ilmi\u00f6ill\u00e4 tai fyysisill\u00e4 paikoilla on aina merkityksi\u00e4. Jos joku paikka saa aikaan viel\u00e4 vuosien j\u00e4lkeenkin t\u00e4llaisia tuntemuksia, se ei ole yhdentekev\u00e4 vaan t\u00e4rke\u00e4 kohtaamispaikka erityisesti yksin\u00e4isille henkil\u00f6ille. Itse enn\u00e4tin py\u00f6ri\u00e4 alueella yli 40 vuotta enemm\u00e4n tai v\u00e4hemm\u00e4n s\u00e4\u00e4nn\u00f6llisesti \u2013 my\u00f6s my\u00f6h\u00e4isin\u00e4 iltoina. En tunnista noin rajuja kuvauksia. En muista koskaan kokeneeni fyysisen v\u00e4kivallan uhkaa. Siit\u00e4kin paljon puhuttiin aikoinaan. Toki Taskumatin edustalla oli usein \u00e4\u00e4nek\u00e4st\u00e4 tupakkaporukkaa, mutta ei varsinaista \u00f6rvelt\u00e4mist\u00e4. Taskarin osaavat ja kokeneet portsarit hallitsivat tilanteet hyvin.<\/p>\n\n\n\n<p>Ravintoloista Taskumatti toimi ostoskeskuksessa vuodesta 1977 tammikuuhun 2019. Muut kaksi, viimeisin\u00e4 vuosina kolme ravintolaa, avattiin sit\u00e4 mukaa kun sopivia tiloja vapautui. Tietenkin alueen luonne palvelujen yksipuolistuessa muuttui ja h\u00e4iri\u00f6tilanteitakin luonnollisesti syntyi.<\/p>\n\n\n\n<p>Vanhojen matinkyl\u00e4l\u00e4isten kannalta Taskumatti eli Taskari oli kuitenkin oma instituutionsa. Omistajat ja henkil\u00f6kunta vaihtuivat, paikka kuitenkin pysyi entisiss\u00e4 tiloissaan. Ravintola eli monenlaisia vaiheita. Alkuvaiheissaan hienona ruokaravintolana, jonkin aikaa my\u00f6s y\u00f6kerhona, v\u00e4lill\u00e4 nuhjuisena kaljakuppilana. Viimeisin\u00e4 vuosinaan Taskari ehti viel\u00e4 muuttua viihtyis\u00e4ksi \u201dkaupunkibistroksi\u201d. Viimeisten vuosien aikana kaikki tuolloin toimivat kolme ravintolaa (Taskumatti, Vanha Ostari ja Fortuna) profiloituivat my\u00f6s suosituiksi karaokepaikoiksi, mik\u00e4 osaltaan vaikutti asiakaskunnan muotoutumiseen. Alueen yleisilmett\u00e4 kohensivat oleellisesti loppuvuosien ammattitaitoisten taiteilijoiden sein\u00e4pinnoille tekem\u00e4t graffiti ty\u00f6t, joista osa otettiin talteen Ostarin purun yhteydess\u00e4. My\u00f6s pienimuotoisia kulttuuritapahtumia, yhteislaulua ym. j\u00e4rjestettiin loppuvaiheissa pienin\u00e4 toritapahtumina.<\/p>\n\n\n\n<p>Elinkaareltaan pitk\u00e4ik\u00e4isin Taskumatti merkitsi eniten ainakin vanhemman polven matinkyl\u00e4l\u00e4isille. Erilaisia tapaamisia, harrastusten jatkoja, kokousten j\u00e4lkipuinteja ja ihan yleisi\u00e4 el\u00e4m\u00e4n hallintaan liittyvi\u00e4 arvoituksia. Syntyi yst\u00e4vyys- ja kaverisuhteita ja ehk\u00e4 muitakin suhteita. N\u00e4it\u00e4 tietenkin puitiin enemm\u00e4n tai v\u00e4hemm\u00e4n kosteissa merkeiss\u00e4. Oli polttareita, perhedraamaa, kadonnutta tai karkuun juossutta puoliskoaan etsivi\u00e4 puolisoita ja tietenkin iloista menoa. El\u00e4m\u00e4n koko kirjoa.<\/p>\n\n\n\n<p>Tietenkin kaiken sosiaalisen viihtymisen perusedellytys oli asiantunteva ja aidosti my\u00f6nteisen asiakasl\u00e4ht\u00f6inen henkil\u00f6kunta kaikissa rooleissaan. Taskumatin viimeinen asiakasprojekti lienee karaokekansan opettaminen itsepalveluun kappalevalinnoissa. My\u00f6s viimeinen aukioloilta 15.1.2019 oli tunnelmaltaan haikean hieno ja ikimuistettava.<br>Uskon, ett\u00e4 henkil\u00f6kunta p\u00e4\u00e4s\u00e4\u00e4nt\u00f6isesti piti asiakaskunnastaan ja t\u00e4t\u00e4 kautta sai sis\u00e4lt\u00f6\u00e4 ja mielekkyytt\u00e4 t\u00e4rke\u00e4\u00e4n ty\u00f6h\u00f6ns\u00e4 miellytt\u00e4vien puitteiden ja edellytysten luojana suomalaisen perusl\u00e4hi\u00f6n ihmisten sosiaalisten tarpeiden tyydytt\u00e4miselle. Siihen viittaa ainakin sosiaalisessa mediassa silmiin osunut julkinen kannanotto, jossa \u201dviimeiset ihanat sissit kiitt\u00e4v\u00e4t rakkaudella kaikkia, vuosien, vuosikymmenten aikana Taskaria pystyss\u00e4 pit\u00e4neit\u00e4 ja henkil\u00f6kunnalle tiett\u00e4v\u00e4ksi tehneit\u00e4, miksi tiskin<br>takana on tyk\u00e4tty olla. Ootte ihania ja rakkaita. Rakkaudella ja j\u00e4lleen n\u00e4kemist\u00e4 odottaen nelj\u00e4 henkil\u00f6kunnan nime\u00e4 )\u201d.<br>Harvan lopettavan firman henkil\u00f6kunta muistaa asiakkaitaan n\u00e4in herkist\u00e4v\u00e4ll\u00e4 tavalla. N\u00e4ill\u00e4 tunnelmilla haluan itsekin kiitt\u00e4\u00e4 henkil\u00f6kuntaa rikkaista sosiaalisia ja yhdess\u00e4olon tarpeita tyydytt\u00e4neiden puitteiden ja tunnelman luomisesta. Itsekin herkistyen. Taskumatti \u2013 rakkaani.<\/p>\n","protected":false},"excerpt":{"rendered":"<p>Antero Krekola Muutimme Matinkyl\u00e4\u00e4n hieman alle kolmekymppisin\u00e4, nelj\u00e4n hengen perusperheen\u00e4 v. 1973. Kauppa, p\u00e4iv\u00e4kotipaikka, pari ruokakauppaa ja alakoulu l\u00f6ytyiv\u00e4t mukavasti. Muut palvelut harmaasein\u00e4isess\u00e4 l\u00e4hi\u00f6ss\u00e4 olivat sitten jossain muualla. Sosiaaliset tarpeet hoidettiin Akselinpolun taloyhti\u00f6ss\u00e4, jossa kaikki asunnot olivat samankokoisia alle 80 m2 kokoisia ja ik\u00e4- ja sosiaalirakenne yhtenev\u00e4inen. Naapurit ihan mukavaa porukkaa. Tuon ajan tyypillinen aktiivisessa&hellip; <a class=\"more-link\" href=\"https:\/\/espoonperinneseura.net\/espoo1972\/muistoja-espoosta\/taskumatti-rakkaani\/\">Jatka lukemista <span class=\"screen-reader-text\">Taskumatti \u2013 rakkaani<\/span><\/a><\/p>\n","protected":false},"author":1,"featured_media":0,"parent":302,"menu_order":138,"comment_status":"closed","ping_status":"closed","template":"","meta":{"_eb_attr":"","_exactmetrics_skip_tracking":false,"_exactmetrics_sitenote_active":false,"_exactmetrics_sitenote_note":"","_exactmetrics_sitenote_category":0,"footnotes":""},"class_list":["post-2326","page","type-page","status-publish","hentry","entry"],"_links":{"self":[{"href":"https:\/\/espoonperinneseura.net\/espoo1972\/wp-json\/wp\/v2\/pages\/2326","targetHints":{"allow":["GET"]}}],"collection":[{"href":"https:\/\/espoonperinneseura.net\/espoo1972\/wp-json\/wp\/v2\/pages"}],"about":[{"href":"https:\/\/espoonperinneseura.net\/espoo1972\/wp-json\/wp\/v2\/types\/page"}],"author":[{"embeddable":true,"href":"https:\/\/espoonperinneseura.net\/espoo1972\/wp-json\/wp\/v2\/users\/1"}],"replies":[{"embeddable":true,"href":"https:\/\/espoonperinneseura.net\/espoo1972\/wp-json\/wp\/v2\/comments?post=2326"}],"version-history":[{"count":3,"href":"https:\/\/espoonperinneseura.net\/espoo1972\/wp-json\/wp\/v2\/pages\/2326\/revisions"}],"predecessor-version":[{"id":2374,"href":"https:\/\/espoonperinneseura.net\/espoo1972\/wp-json\/wp\/v2\/pages\/2326\/revisions\/2374"}],"up":[{"embeddable":true,"href":"https:\/\/espoonperinneseura.net\/espoo1972\/wp-json\/wp\/v2\/pages\/302"}],"wp:attachment":[{"href":"https:\/\/espoonperinneseura.net\/espoo1972\/wp-json\/wp\/v2\/media?parent=2326"}],"curies":[{"name":"wp","href":"https:\/\/api.w.org\/{rel}","templated":true}]}}