{"id":2331,"date":"2022-03-30T09:32:50","date_gmt":"2022-03-30T06:32:50","guid":{"rendered":"https:\/\/espoonperinneseura.net\/espoo1972\/?page_id=2331"},"modified":"2022-03-30T09:32:50","modified_gmt":"2022-03-30T06:32:50","slug":"muistoja-matinlahdenkatu-3-yhtiosta","status":"publish","type":"page","link":"https:\/\/espoonperinneseura.net\/espoo1972\/muistoja-espoosta\/muistoja-matinlahdenkatu-3-yhtiosta\/","title":{"rendered":"Muistoja Matinlahdenkatu 3 yhti\u00f6st\u00e4"},"content":{"rendered":"\n<p><em> Arja af Heurlin<\/em><\/p>\n\n\n\n<p>Muutimme 1974 S\u00e4\u00e4st\u00f6pankkiopiston viereen Hakan rakentamiin rivitaloihin. Asuimme siell\u00e4 kahdeksan vuotta, kunnes muutimme Lepp\u00e4vaaraan. Yhti\u00f6\u00f6n muutti ohellamme my\u00f6s paljon lapsiperheit\u00e4. Siit\u00e4 syntyi luonnostaan varsin vire\u00e4 yhteis\u00f6, joka toteutti monenmoisia tempauksia. Mielenkiintoista oli my\u00f6s se, ett\u00e4 kun johonkin perheeseen oli syntynyt uusi vauva, niin kuin meille Eeva niin eik\u00f6 jo kohta naapuri perheeseenkin oli tulossa uusi vauva. Oli ns. ikkunanpesuefekti. <\/p>\n\n\n\n<p>Talvella kolasimme nykyisen pitopalvelun paikalle lapsille luistinradan samoin uimarannalle j\u00e4\u00e4lle varsin ison luisteluradan. Hiiht\u00e4minen metsik\u00f6ss\u00e4kin tarjosi mukavan retkikohteen mehuineen ja appelsiineineen. <\/p>\n\n\n\n<p>Matinlahden uimaranta tarjosi uimamahdollisuuden hienosti. Aikanamme rannalle tuotiin liukum\u00e4ki. Puitteiltaan muuten se oli vaatimaton verrattuna nykyiseen rantaan, joka on kaunis, hyvin hoidettu ja viihtyis\u00e4. Koululaisille kolasin mets\u00e4tien Matinlahden kouluun. <\/p>\n\n\n\n<p>Koulussa oli aihe: Koulutieni vaarat. Tytt\u00e4remme Elli kirjoitti, ett\u00e4 vaarana koulupolulla olivat puiden juuret. Muilla taisi olla liikenteen haasteet. Perjantaisin koululaisten palatessa koteihinsa kohdallamme tuoksui aina ihana pullan tuoksu, kertoivat nuoret. El\u00e4m\u00e4 oli lapsiperheiss\u00e4 uomautunut totuttuihin tapoihin. <\/p>\n\n\n\n<p>Olin perustamassa Matinlahden koti- ja kouluyhdistyst\u00e4, joka tiet\u00e4m\u00e4ni mukaan toimii edelleen ansiokkaasti. Rehtori Kontu otti asian omakseen ja tuki yhteisty\u00f6t\u00e4. J\u00e4rjestimme koulussa suosittuja tapahtumia mm myyj\u00e4isi\u00e4. <\/p>\n\n\n\n<p>Ennen koulun laajentumista joutuivat oppilaat opiskelemaan parakeissa. Lapsilla oli ihana metsikk\u00f6 omille leikeilleen. Laskiaisena pulkkailimme melko haastavassa m\u00e4ess\u00e4 kerrostalojen ja rivitalojen v\u00e4lisess\u00e4 metsik\u00f6ss\u00e4. Pihapiiriss\u00e4 lapsilla oli perinteisi\u00e4 ulkopelej\u00e4 kymmenen tikkua laudalla jne. J\u00e4rjestimme ns. iltamia, loppiaistanssiaisia toistemme kodeissa ja yhteishenki oli mahtava.<\/p>\n","protected":false},"excerpt":{"rendered":"<p>Arja af Heurlin Muutimme 1974 S\u00e4\u00e4st\u00f6pankkiopiston viereen Hakan rakentamiin rivitaloihin. Asuimme siell\u00e4 kahdeksan vuotta, kunnes muutimme Lepp\u00e4vaaraan. Yhti\u00f6\u00f6n muutti ohellamme my\u00f6s paljon lapsiperheit\u00e4. Siit\u00e4 syntyi luonnostaan varsin vire\u00e4 yhteis\u00f6, joka toteutti monenmoisia tempauksia. Mielenkiintoista oli my\u00f6s se, ett\u00e4 kun johonkin perheeseen oli syntynyt uusi vauva, niin kuin meille Eeva niin eik\u00f6 jo kohta naapuri perheeseenkin&hellip; <a class=\"more-link\" href=\"https:\/\/espoonperinneseura.net\/espoo1972\/muistoja-espoosta\/muistoja-matinlahdenkatu-3-yhtiosta\/\">Jatka lukemista <span class=\"screen-reader-text\">Muistoja Matinlahdenkatu 3 yhti\u00f6st\u00e4<\/span><\/a><\/p>\n","protected":false},"author":1,"featured_media":0,"parent":302,"menu_order":105,"comment_status":"closed","ping_status":"closed","template":"","meta":{"_eb_attr":"","_exactmetrics_skip_tracking":false,"_exactmetrics_sitenote_active":false,"_exactmetrics_sitenote_note":"","_exactmetrics_sitenote_category":0,"footnotes":""},"class_list":["post-2331","page","type-page","status-publish","hentry","entry"],"_links":{"self":[{"href":"https:\/\/espoonperinneseura.net\/espoo1972\/wp-json\/wp\/v2\/pages\/2331","targetHints":{"allow":["GET"]}}],"collection":[{"href":"https:\/\/espoonperinneseura.net\/espoo1972\/wp-json\/wp\/v2\/pages"}],"about":[{"href":"https:\/\/espoonperinneseura.net\/espoo1972\/wp-json\/wp\/v2\/types\/page"}],"author":[{"embeddable":true,"href":"https:\/\/espoonperinneseura.net\/espoo1972\/wp-json\/wp\/v2\/users\/1"}],"replies":[{"embeddable":true,"href":"https:\/\/espoonperinneseura.net\/espoo1972\/wp-json\/wp\/v2\/comments?post=2331"}],"version-history":[{"count":1,"href":"https:\/\/espoonperinneseura.net\/espoo1972\/wp-json\/wp\/v2\/pages\/2331\/revisions"}],"predecessor-version":[{"id":2332,"href":"https:\/\/espoonperinneseura.net\/espoo1972\/wp-json\/wp\/v2\/pages\/2331\/revisions\/2332"}],"up":[{"embeddable":true,"href":"https:\/\/espoonperinneseura.net\/espoo1972\/wp-json\/wp\/v2\/pages\/302"}],"wp:attachment":[{"href":"https:\/\/espoonperinneseura.net\/espoo1972\/wp-json\/wp\/v2\/media?parent=2331"}],"curies":[{"name":"wp","href":"https:\/\/api.w.org\/{rel}","templated":true}]}}