{"id":2513,"date":"2022-04-19T14:48:48","date_gmt":"2022-04-19T11:48:48","guid":{"rendered":"https:\/\/espoonperinneseura.net\/espoo1972\/?page_id=2513"},"modified":"2022-04-30T19:37:20","modified_gmt":"2022-04-30T16:37:20","slug":"nar-jag-fick-halla-tal-for-den-nya-staden-esbo","status":"publish","type":"page","link":"https:\/\/espoonperinneseura.net\/espoo1972\/muistoja-espoosta\/nar-jag-fick-halla-tal-for-den-nya-staden-esbo\/","title":{"rendered":"N\u00e4r jag fick h\u00e5lla tal f\u00f6r den nya staden Esbo"},"content":{"rendered":"\n<p><em>Henry Rask<\/em><\/p>\n\n\n\n<figure class=\"wp-block-image size-full\"><img loading=\"lazy\" decoding=\"async\" width=\"800\" height=\"542\" src=\"https:\/\/espoonperinneseura.net\/espoo1972\/wp-content\/uploads\/2022\/04\/Vikingaborg_2001_Bengt-Winqvist.jpg\" alt=\"\" class=\"wp-image-2587\" srcset=\"https:\/\/espoonperinneseura.net\/espoo1972\/wp-content\/uploads\/2022\/04\/Vikingaborg_2001_Bengt-Winqvist.jpg 800w, https:\/\/espoonperinneseura.net\/espoo1972\/wp-content\/uploads\/2022\/04\/Vikingaborg_2001_Bengt-Winqvist-300x203.jpg 300w, https:\/\/espoonperinneseura.net\/espoo1972\/wp-content\/uploads\/2022\/04\/Vikingaborg_2001_Bengt-Winqvist-768x520.jpg 768w\" sizes=\"auto, (max-width: 800px) 100vw, 800px\" \/><figcaption>S\u00e5 h\u00e4r s\u00e5g Vikingaborg ut f\u00f6r femtio \u00e5r sedan, n\u00e4r huset l\u00e5g i S\u00f6k\u00f6. Bild: Bengt Winqvist, Esbo Stadsmuseum.<\/figcaption><\/figure>\n\n\n\n<p>Jag har ett mycket klart minne av den stund d\u00e5 Esbo blev stad vid ny\u00e5r 1972. \u00c5ret d\u00e4rf\u00f6rinnan hade jag av min professor i historia, Jarl Gall\u00e9n, kallats att tr\u00e4da till som hans assistent. Jag h\u00f6ll p\u00e5 att slutf\u00f6ra mina studier i historia vid Helsingfors universitet f\u00f6r just Jarl Gall\u00e9n, Finlands ledande medeltidshistoriker.<\/p>\n\n\n\n<p>Professor Gall\u00e9n hade ett par \u00e5r innan flyttat bort fr\u00e5n Helsingfors centrum, till sitt gamla, stora hus p\u00e5 Svin\u00f6 i Esbo sk\u00e4rg\u00e5rd. Han hade etablerat kontakt med handelsman Tor Wikstr\u00f6m i byn. Vid jultiden 1971 fr\u00e5gade Gall\u00e9n pl\u00f6tsligt om jag kunde tr\u00e4da till i st\u00e4llet f\u00f6r honom vid den fest ungdomsf\u00f6reningen Sk\u00e4rg\u00e5rdens V\u00e4nner i Esbo (SViE) ordnade p\u00e5 ny\u00e5rsaftonen, det med anledning av att Esbo den 1 januari skulle upph\u00f6jas till stad. Ordf\u00f6randen i f\u00f6reningen, n\u00e4mnde Tor \u201dToje\u201d Wikstr\u00f6m, hade tyckt att en professor i historia vore den r\u00e4tte att h\u00e5lla ett v\u00e4rdigt tal vid festen.<\/p>\n\n\n\n<p>Mot den bakgrunden k\u00e4ndes det som lite v\u00e4l stort f\u00f6r mig. Gall\u00e9n h\u00e4vdade dock att han f\u00e5tt gr\u00f6nt ljus av ordf\u00f6rande Wikstr\u00f6m \u2013 och att SViE ju var en ungdomsf\u00f6rening! S\u00e5 n\u00e5got f\u00f6r en ung historiker\u2026 Det k\u00e4ndes f\u00f6ljaktligen om\u00f6jligt att s\u00e4ga nej till min professor. Jag fick aldrig veta varf\u00f6r han drog sig ur. Senare, n\u00e4r jag l\u00e4rde k\u00e4nna Gall\u00e9n b\u00e4ttre, kom jag underfund med att han brukade stiga upp klockan fem p\u00e5 morgonen och l\u00e4gga sig vid niotiden. Kanske han drog sig f\u00f6r en sen ny\u00e5rsfest.<\/p>\n\n\n\n<p>Inget arvode utlovades, men jag och min fru (vi var nygifta) skulle bjudas p\u00e5 den middag som serverades. Jag f\u00f6rstod att Esbo k\u00f6ping gett dylika f\u00f6reningar sm\u00e4rre bidrag f\u00f6r att arrangera fester inf\u00f6r den stora dagen. Men vad skulle jag s\u00e4ga i mitt anf\u00f6rande? Gall\u00e9n tyckte att jag som inf\u00f6dd Esbobo g\u00e4rna kunde ta upp de stora f\u00f6r\u00e4ndringar som jag sj\u00e4lv hunnit uppleva. Och s\u00e5 f\u00f6rst\u00e5s d\u00e4rtill visa p\u00e5 mitt historiska kunnande! Det k\u00e4ndes som n\u00e5got jag kunde klara av, trots att jag aldrig f\u00f6re det h\u00e5llit n\u00e5got festtal.<\/p>\n\n\n\n<p>Uf-huset Vikingaborg var fyllt till bristningsgr\u00e4nsen, middagen och st\u00e4mningen var god. Jag f\u00f6rstod att jag m\u00e5ste fatta mig kort, och samtidigt f\u00f6rs\u00f6ka vara klar och redig i min argumentering. Jag b\u00f6rjade f\u00f6rst\u00e5s med att visa p\u00e5 v\u00e5r mer \u00e4n 500-\u00e5riga historia som f\u00f6rst socken, sedan kommun och k\u00f6ping, och nu rentav stad. En hisnande snabb tillv\u00e4xt just under min uppv\u00e4xttid. Jag kom ih\u00e5g hur Esbo i ett skede p\u00e5 tidigt sextiotal hade n\u00e4stsnabbaste tillv\u00e4xten i hela v\u00e4rlden, efter Sao Paulo i Brasilien. Jag sade att i det perspektivet kan vi vara tacksamma \u00f6ver att vara Esbobor \u2013 och nu stolta \u00f6ver att om en stund kalla oss stadsbor!<\/p>\n\n\n\n<p>Men i den allm\u00e4nna festyran ville jag \u00e4nd\u00e5 komma med en kritisk anm\u00e4rkning, inte mot Esbo utan mot Finlands s\u00e4tt att hantera tillv\u00e4xten p\u00e5 kommunal niv\u00e5. Min mamma tyckte att det h\u00e4r med stad var dumt, Esbo ser ju inte alls ut som en stad! Och r\u00e4tt hade hon d\u00e5, och s\u00e5 ocks\u00e5 i det l\u00e5nga perspektivet. Just \u00e5r 1972 var det m\u00e5nga kommuner runt om i landet som siktade p\u00e5 status av stad. S\u00e5 jag kastade in en brandfackla: vi borde ha gjort som i Sverige, d\u00e4r kommun blev den samlande ben\u00e4mningen p\u00e5 alla sj\u00e4lvstyrda lokalsamh\u00e4llen. Begreppet stad reserverades f\u00f6r centrumdelarna av de gamla st\u00e4derna.<\/p>\n\n\n\n<p>Jag formulerade mig f\u00f6rst\u00e5s s\u00e5 f\u00f6rsiktigt som m\u00f6jligt i fr\u00e5gan, jag tror ingen blev ledsen. Och jag skyndade mig att s\u00e4ga att just Esbo, i ett Finlandsperspektiv, var v\u00e4rdigt att bli stad. Man visste redan d\u00e5 att det var en tidsfr\u00e5ga innan Esbo skulle bli den n\u00e4stst\u00f6rsta staden i landet!<\/p>\n\n\n\n<p>Min debut som festtalare blev en trevlig upplevelse f\u00f6r mig. Efterhand skulle jag riktigt ofta bli ombedd att h\u00e5lla dylika tal. Och jag kom ocks\u00e5 att bli mycket aktiv inom ungdomsf\u00f6reningsr\u00f6relsen. Att jag h\u00f6ll mitt f\u00f6rsta tal just d\u00e5 det gamla Esbo blev stad \u00e4r onekligen att minne f\u00f6r livet.<\/p>\n","protected":false},"excerpt":{"rendered":"<p>Henry Rask Jag har ett mycket klart minne av den stund d\u00e5 Esbo blev stad vid ny\u00e5r 1972. \u00c5ret d\u00e4rf\u00f6rinnan hade jag av min professor i historia, Jarl Gall\u00e9n, kallats att tr\u00e4da till som hans assistent. Jag h\u00f6ll p\u00e5 att slutf\u00f6ra mina studier i historia vid Helsingfors universitet f\u00f6r just Jarl Gall\u00e9n, Finlands ledande medeltidshistoriker.&hellip; <a class=\"more-link\" href=\"https:\/\/espoonperinneseura.net\/espoo1972\/muistoja-espoosta\/nar-jag-fick-halla-tal-for-den-nya-staden-esbo\/\">Jatka lukemista <span class=\"screen-reader-text\">N\u00e4r jag fick h\u00e5lla tal f\u00f6r den nya staden Esbo<\/span><\/a><\/p>\n","protected":false},"author":1,"featured_media":0,"parent":302,"menu_order":112,"comment_status":"closed","ping_status":"closed","template":"","meta":{"_eb_attr":"","_exactmetrics_skip_tracking":false,"_exactmetrics_sitenote_active":false,"_exactmetrics_sitenote_note":"","_exactmetrics_sitenote_category":0,"footnotes":""},"class_list":["post-2513","page","type-page","status-publish","hentry","entry"],"_links":{"self":[{"href":"https:\/\/espoonperinneseura.net\/espoo1972\/wp-json\/wp\/v2\/pages\/2513","targetHints":{"allow":["GET"]}}],"collection":[{"href":"https:\/\/espoonperinneseura.net\/espoo1972\/wp-json\/wp\/v2\/pages"}],"about":[{"href":"https:\/\/espoonperinneseura.net\/espoo1972\/wp-json\/wp\/v2\/types\/page"}],"author":[{"embeddable":true,"href":"https:\/\/espoonperinneseura.net\/espoo1972\/wp-json\/wp\/v2\/users\/1"}],"replies":[{"embeddable":true,"href":"https:\/\/espoonperinneseura.net\/espoo1972\/wp-json\/wp\/v2\/comments?post=2513"}],"version-history":[{"count":2,"href":"https:\/\/espoonperinneseura.net\/espoo1972\/wp-json\/wp\/v2\/pages\/2513\/revisions"}],"predecessor-version":[{"id":2590,"href":"https:\/\/espoonperinneseura.net\/espoo1972\/wp-json\/wp\/v2\/pages\/2513\/revisions\/2590"}],"up":[{"embeddable":true,"href":"https:\/\/espoonperinneseura.net\/espoo1972\/wp-json\/wp\/v2\/pages\/302"}],"wp:attachment":[{"href":"https:\/\/espoonperinneseura.net\/espoo1972\/wp-json\/wp\/v2\/media?parent=2513"}],"curies":[{"name":"wp","href":"https:\/\/api.w.org\/{rel}","templated":true}]}}