{"id":2580,"date":"2022-04-30T07:45:48","date_gmt":"2022-04-30T04:45:48","guid":{"rendered":"https:\/\/espoonperinneseura.net\/espoo1972\/?page_id=2580"},"modified":"2022-04-30T07:45:48","modified_gmt":"2022-04-30T04:45:48","slug":"virkea-niittykumpu","status":"publish","type":"page","link":"https:\/\/espoonperinneseura.net\/espoo1972\/muistoja-espoosta\/virkea-niittykumpu\/","title":{"rendered":"Virke\u00e4 Niittykumpu"},"content":{"rendered":"\n<p><em>Tapani Hovi<\/em><\/p>\n\n\n\n<p>Nyt vuonna 2022 tornitaloja puskeva yliurbaani Niittykumpu oli 50 vuotta sitten ihan toista maata. Satunnainen ohiajaja saattoi silloinkin ajatella, ett\u00e4 onpa siin\u00e4 v\u00e4h\u00e4n ahdistavan n\u00e4k\u00f6inen kerrostalorykelm\u00e4 vilkkaiden teiden v\u00e4liss\u00e4. Muutto sinne asumaan avasi kuitenkin silm\u00e4t.<\/p>\n\n\n\n<p>Talot oli sijoiteltu mets\u00e4isen m\u00e4en rinteille v\u00e4lj\u00e4sti. Nimen mukainen kumpu viel\u00e4 n\u00e4kyi. Nyt se on peitetty korkeilla torneilla. Tiet tarjosivat nopeat liikenneyhteydet, my\u00f6s busseilla, Helsingin keskustaan ja Espoon eri osiin. Kerrostalojen pihoilla ja v\u00e4limaastossa oli leikkipaikkoja ja kiipeilytelineit\u00e4 lapsille, muun muassa mahtava &#8221;Bronto&#8221; k\u00f6ysiratoineen. Hiekkalaatikoissa ja niiden reunoilla syntyi vuosikymmeni\u00e4 kest\u00e4vi\u00e4 yst\u00e4vyyssuhteita.<\/p>\n\n\n\n<p>Gr\u00e4sanojan j\u00e4\u00e4t\u00e4 pitkin hiihdettiin talvella Mellsteninrantaan ja toiseen suuntaan Henttaan pelloille.<\/p>\n\n\n\n<p>Niittykummussa oli kaksi ruokakauppaa. Koulu ja kappeli olivat turvallisen k\u00e4velymatkan p\u00e4\u00e4ss\u00e4. V\u00e4est\u00f6nsuojassa j\u00e4rjestettiin ryhm\u00e4jumppaa ja siell\u00e4 toimi my\u00f6s nuorten nyrkkeilykerho.<\/p>\n\n\n\n<p>Niittykumpuseura j\u00e4rjesti virkist\u00e4vi\u00e4 tapahtumia eri vuodenaikoina. Muistissa ovat muiden muassa lasten muotin\u00e4yt\u00f6s ostoskeskuksen patiolla ja kaikenik\u00e4isten cooper-testi urheilukent\u00e4ll\u00e4 sek\u00e4 &#8221;Niittykummun talvi 1972&#8221;. Talvi oli hyvin v\u00e4h\u00e4luminen, mutta onneksemme lunta satoi mustaan maahan juuri pari p\u00e4iv\u00e4\u00e4 ennen viikkoja aiemmin sovittua p\u00e4iv\u00e4m\u00e4\u00e4r\u00e4\u00e4. Talvi paikallaan.<\/p>\n","protected":false},"excerpt":{"rendered":"<p>Tapani Hovi Nyt vuonna 2022 tornitaloja puskeva yliurbaani Niittykumpu oli 50 vuotta sitten ihan toista maata. Satunnainen ohiajaja saattoi silloinkin ajatella, ett\u00e4 onpa siin\u00e4 v\u00e4h\u00e4n ahdistavan n\u00e4k\u00f6inen kerrostalorykelm\u00e4 vilkkaiden teiden v\u00e4liss\u00e4. Muutto sinne asumaan avasi kuitenkin silm\u00e4t. Talot oli sijoiteltu mets\u00e4isen m\u00e4en rinteille v\u00e4lj\u00e4sti. Nimen mukainen kumpu viel\u00e4 n\u00e4kyi. Nyt se on peitetty korkeilla torneilla.&hellip; <a class=\"more-link\" href=\"https:\/\/espoonperinneseura.net\/espoo1972\/muistoja-espoosta\/virkea-niittykumpu\/\">Jatka lukemista <span class=\"screen-reader-text\">Virke\u00e4 Niittykumpu<\/span><\/a><\/p>\n","protected":false},"author":1,"featured_media":0,"parent":302,"menu_order":143,"comment_status":"closed","ping_status":"closed","template":"","meta":{"_eb_attr":"","_exactmetrics_skip_tracking":false,"_exactmetrics_sitenote_active":false,"_exactmetrics_sitenote_note":"","_exactmetrics_sitenote_category":0,"footnotes":""},"class_list":["post-2580","page","type-page","status-publish","hentry","entry"],"_links":{"self":[{"href":"https:\/\/espoonperinneseura.net\/espoo1972\/wp-json\/wp\/v2\/pages\/2580","targetHints":{"allow":["GET"]}}],"collection":[{"href":"https:\/\/espoonperinneseura.net\/espoo1972\/wp-json\/wp\/v2\/pages"}],"about":[{"href":"https:\/\/espoonperinneseura.net\/espoo1972\/wp-json\/wp\/v2\/types\/page"}],"author":[{"embeddable":true,"href":"https:\/\/espoonperinneseura.net\/espoo1972\/wp-json\/wp\/v2\/users\/1"}],"replies":[{"embeddable":true,"href":"https:\/\/espoonperinneseura.net\/espoo1972\/wp-json\/wp\/v2\/comments?post=2580"}],"version-history":[{"count":1,"href":"https:\/\/espoonperinneseura.net\/espoo1972\/wp-json\/wp\/v2\/pages\/2580\/revisions"}],"predecessor-version":[{"id":2581,"href":"https:\/\/espoonperinneseura.net\/espoo1972\/wp-json\/wp\/v2\/pages\/2580\/revisions\/2581"}],"up":[{"embeddable":true,"href":"https:\/\/espoonperinneseura.net\/espoo1972\/wp-json\/wp\/v2\/pages\/302"}],"wp:attachment":[{"href":"https:\/\/espoonperinneseura.net\/espoo1972\/wp-json\/wp\/v2\/media?parent=2580"}],"curies":[{"name":"wp","href":"https:\/\/api.w.org\/{rel}","templated":true}]}}