{"id":2592,"date":"2022-05-05T08:02:02","date_gmt":"2022-05-05T05:02:02","guid":{"rendered":"https:\/\/espoonperinneseura.net\/espoo1972\/?page_id=2592"},"modified":"2022-05-05T08:37:33","modified_gmt":"2022-05-05T05:37:33","slug":"espoo-50-v-sitten-kaupungiksi-markku-sistosen-muisteluhaastattelu","status":"publish","type":"page","link":"https:\/\/espoonperinneseura.net\/espoo1972\/muistoja-espoosta\/espoo-50-v-sitten-kaupungiksi-markku-sistosen-muisteluhaastattelu\/","title":{"rendered":"Espoo 50 vuotta sitten kaupungiksi: Markku Sistosen muisteluhaastattelu"},"content":{"rendered":"\n<p><em>Antti J\u00e4rvinen, LEOKY ry<\/em><\/p>\n\n\n\n<p class=\"has-large-font-size\">Markku Sistosen kotitalo 1970-luvulla<\/p>\n\n\n\n<p>Markku alkoi seurustella tulevan vaimonsa kanssa 70 luvulla.&nbsp; Helena Sistonen tuli ensi kerran N\u00f6ykki\u00f6\u00f6n Helsingist\u00e4, h\u00e4n ajatteli nyt on tulossa kaupunkiin Espooseen, mutta h\u00e4mm\u00e4stys oli suuri, kun h\u00e4n&nbsp; tuli bussilla. Maisema muuttui maalaisemmaksi kun k\u00e4\u00e4ntyi L\u00e4nsiv\u00e4yl\u00e4lt\u00e4 N\u00f6ykki\u00f6\u00f6n niin n\u00e4kyi ensin hevosia ja sitten kilipukkeja ja lampaita Sirenin rouvalla.<\/p>\n\n\n\n<figure class=\"wp-block-image size-large\"><img loading=\"lazy\" decoding=\"async\" width=\"1024\" height=\"744\" src=\"https:\/\/espoonperinneseura.net\/espoo1972\/wp-content\/uploads\/2022\/05\/MS-1-1024x744.jpg\" alt=\"\" class=\"wp-image-2594\" srcset=\"https:\/\/espoonperinneseura.net\/espoo1972\/wp-content\/uploads\/2022\/05\/MS-1-1024x744.jpg 1024w, https:\/\/espoonperinneseura.net\/espoo1972\/wp-content\/uploads\/2022\/05\/MS-1-300x218.jpg 300w, https:\/\/espoonperinneseura.net\/espoo1972\/wp-content\/uploads\/2022\/05\/MS-1-768x558.jpg 768w, https:\/\/espoonperinneseura.net\/espoo1972\/wp-content\/uploads\/2022\/05\/MS-1-1536x1115.jpg 1536w, https:\/\/espoonperinneseura.net\/espoo1972\/wp-content\/uploads\/2022\/05\/MS-1-1568x1139.jpg 1568w, https:\/\/espoonperinneseura.net\/espoo1972\/wp-content\/uploads\/2022\/05\/MS-1.jpg 1614w\" sizes=\"auto, (max-width: 1024px) 100vw, 1024px\" \/><\/figure>\n\n\n\n<p>Aarne Sistonen rakensi talonsa jo 1950-luvuilla. Talo rakennettiin mets\u00e4\u00e4n. Taloa rakennettiin kuin Iisakin kirkkoa ensin sauna ja alaosasto ja v\u00e4liaikainen m\u00f6kki, jossa asuttiin. Silloin Isois\u00e4n kanssa kynnettiin tontille peltoa. Markku rakensi oman talon my\u00f6hemmin rintamamiestontille. Silloin ajettiin Vehaksentien kautta Espoon keskukseen ja paljon liikennett\u00e4 Latokaskeen.<\/p>\n\n\n\n<p>Aluksi isolla 5000 m2 tontilla viljeltiin paljon hy\u00f6tykasveja ja kasvatettiin ankkoja, possuja, mehil\u00e4isi\u00e4. Puutarhassa oli 100 omenapuuta pioneja, ruusuja ja paljon erilaisia kukkia.<\/p>\n\n\n\n<p class=\"tw-mt-6 has-large-font-size\">Mit\u00e4 ensiksi tulee mieleen N\u00f6ykki\u00f6st\u00e4? Miten arki sujui 50 vuotta sitten, millainen yhteis\u00f6 N\u00f6ykki\u00f6 oli?<\/p>\n\n\n\n<p>Markku 13v juhli vuonna 1972 Yl\u00e4soukan kent\u00e4ll\u00e4 Espoon kaupungiksi tulemista Markku H\u00e4m\u00e4l\u00e4isen kanssa. Siell\u00e4 tarjottiin ilmaista makkaraa ja VPK esiintyi.<\/p>\n\n\n\n<p>Kivenlahdessa oli silloin posti ja Kahvikaisa ja kalastettiin ahvenia.<\/p>\n\n\n\n<p>Honkasten kohdalle tuli bussi, jossa p\u00e4\u00e4tepys\u00e4kki Vehaksentiell\u00e4 (nykyinen Haltianlehto).&nbsp;Kuski tuli v\u00e4lill\u00e4 kahville Sistoselle, kun oli pidempi tauko.<\/p>\n\n\n\n<p>Toinen bussin meni Teerel\u00e4\u00e4n (nykyinen Latokaski).<\/p>\n\n\n\n<p>Aarne hommasi filmin Suomi filmilt\u00e4 ja ker\u00e4si rahat katsojilta ja n\u00e4ytti filmin omassa kellarissa.<\/p>\n\n\n\n<p>Martim\u00e4ki oli se alue, joka on koulusta it\u00e4\u00e4n m\u00e4ell\u00e4, mutta ydin N\u00f6ykki\u00f6 oli Oxfotintien ymp\u00e4rist\u00f6.<\/p>\n\n\n\n<p>Aksun kioski oli nykyist\u00e4 kirjastoa vastap\u00e4\u00e4t\u00e4 ja Kalliolan majatalo oli kaksikerroksinen tiilitalo, jossa oli my\u00f6s kioski. Sis\u00e4tilassa oli flipperi ja Kalliola j\u00e4rjesti kes\u00e4ll\u00e4 crossi kilpailuja ja antoi palkinnoksi karkkia. Useat ostivat kioskista tietenkin karkkeja ja lihapiirakkaa. Mopoja tarvittiin koska oli pitk\u00e4t matkat.<\/p>\n\n\n<p>Kauppoja 1970-luvun alussa:<\/p>\n<ul style=\"margin-left: 22px;\">\n<li>Olinin kauppa oli Cajanderin kaupalta Kattilalaaksoon p\u00e4in.<\/li>\n<li>Cajanderin kauppa avattiin my\u00f6s sunnuntaina, jos k\u00e4vi koputtamassa ovelle.<\/li>\n<li>Sepp\u00e4l\u00e4n kauppa.<\/li>\n<li>Elanto: Salmen Juhan \u00e4iti oli myym\u00e4l\u00e4nhoitaja, pennill\u00e4 ostettiin nallekarkkeja.<\/li>\n<\/ul>\n\n\n<p>Purotien kioskilta Markku sai tennisvuoron ja pelasi tennist\u00e4. Biljardia my\u00f6s pelattiin Purotien kioskilla.<\/p>\n\n\n\n<p class=\"tw-mt-6 has-large-font-size\">Mitk\u00e4 olivat t\u00e4rkeit\u00e4 paikkoja N\u00f6ykki\u00f6ss\u00e4<\/p>\n\n\n\n<p>Paikka 1: Oma upea puutarha jossa 100 omenapuita, paljon pioneja, ruusuja<\/p>\n\n\n\n<p>Paikka 2: N\u00f6ykki\u00f6n koulun kentt\u00e4, jossa oppi luistelemaan ja Markun ensimm\u00e4inen ty\u00f6paikka oli luistelukoulu N\u00f6ykki\u00f6n koulussa. Kes\u00e4ll\u00e4 pelattiin jalkapalloa.<\/p>\n\n\n\n<p>Paikka 3: Lippulaivan luona oli Sammalvuon koulun kentt\u00e4, jossa Sepp\u00e4l\u00e4n Arin is\u00e4 t\u00f6iss\u00e4.<\/p>\n\n\n\n<p class=\"tw-mt-6 has-large-font-size\">N\u00f6ykki\u00f6 50 vuoden aikana ja ket\u00e4 vanhoja kavereita viel\u00e4 muistat? Onko n\u00f6ykki\u00f6l\u00e4isyytt\u00e4 viel\u00e4 sinussa?<\/p>\n\n\n\n<p>Markku Sistonen: olen asunut t\u00e4\u00e4ll\u00e4 aina, syntynyt Vehaksentiell\u00e4 ja ostin ensimm\u00e4isen asunnon N\u00f6ykki\u00f6nniityss\u00e4 ja sitten rakensin 90-luvulla oman talon vanhempien rintamamiestontille.<\/p>\n\n\n\n<p>Silloin naapurina oli haudankaivajan talo.<\/p>\n\n\n\n<p>Ensimm\u00e4inen ty\u00f6suhde oli N\u00f6ykki\u00f6n koulussa luistelu ja hiihdon opettajana 15v vanhana.<\/p>\n\n\n\n<p>Markku oli N\u00f6ykki\u00f6n koulussa liikunnanopettajana.<\/p>\n\n\n\n<p>Kivenlahden koululla Markku piti jalkapallokoulua<\/p>\n\n\n\n<p>Sammalvuon koululla Markku piti yleisurheilukoulua jossa olivat Teemu, Panu ja Paavo Sel\u00e4nne oppilaina.<\/p>\n\n\n\n<p>G\u00e5sgrundetissa Markku organisoi kes\u00e4leirin jossa 50 koululaista ja lasta mukana useana vuonna.<\/p>\n\n\n\n<p>Nykyisin Markku on t\u00f6iss\u00e4 Espoon kaupungilla.<\/p>\n\n\n\n<p>Monet kaverit ovat muuttaneet pois N\u00f6ykki\u00f6st\u00e4.<\/p>\n\n\n\n<p>Omat siskot asuvat Kivenlahdessa, veli asuu nykyisin Heinolassa.<\/p>\n\n\n\n<p class=\"tw-mt-6 has-large-font-size\">Mink\u00e4laisia tapahtumia ja sattumia N\u00f6ykki\u00f6st\u00e4 muistuu 50 vuoden ajalta<\/p>\n\n\n\n<p>Rahikaisen talo kunnostettiin juuri nyt Haltialehdossa ja sielt\u00e4 Markku osti ensimm\u00e4isen mopon.<\/p>\n\n\n\n<p>Sorsan poika, joka asui N\u00f6ykki\u00f6ss\u00e4 ja oli Klaus kurjessa hovimestarina t\u00f6iss\u00e4 ja kavalsi kassan ja h\u00e4ipyi maasta. H\u00e4nt\u00e4 ei ole tavattu sen j\u00e4lkeen.<\/p>\n\n\n\n<p>Tarmion Hannun talo on viel\u00e4 Kirkkotiell\u00e4 ja siell\u00e4 Markku tapasi V\u00e4in\u00f6 Linnan.<\/p>\n\n\n\n<p>Lahden hyppyrim\u00e4ki oli paimenenkalliolta alas laskettaessa. Raatom\u00e4ki Latokaskessa, jossa usein laskijoilla meni jalka tai k\u00e4si pakettiin.<\/p>\n\n\n\n<figure class=\"wp-block-image size-large\"><img loading=\"lazy\" decoding=\"async\" width=\"1024\" height=\"741\" src=\"https:\/\/espoonperinneseura.net\/espoo1972\/wp-content\/uploads\/2022\/05\/MS-2-1024x741.jpg\" alt=\"\" class=\"wp-image-2595\" srcset=\"https:\/\/espoonperinneseura.net\/espoo1972\/wp-content\/uploads\/2022\/05\/MS-2-1024x741.jpg 1024w, https:\/\/espoonperinneseura.net\/espoo1972\/wp-content\/uploads\/2022\/05\/MS-2-300x217.jpg 300w, https:\/\/espoonperinneseura.net\/espoo1972\/wp-content\/uploads\/2022\/05\/MS-2-768x555.jpg 768w, https:\/\/espoonperinneseura.net\/espoo1972\/wp-content\/uploads\/2022\/05\/MS-2-1536x1111.jpg 1536w, https:\/\/espoonperinneseura.net\/espoo1972\/wp-content\/uploads\/2022\/05\/MS-2-1568x1134.jpg 1568w, https:\/\/espoonperinneseura.net\/espoo1972\/wp-content\/uploads\/2022\/05\/MS-2.jpg 1796w\" sizes=\"auto, (max-width: 1024px) 100vw, 1024px\" \/><figcaption>H\u00e4m\u00e4l\u00e4isen Markun kanssa virpomassa.<\/figcaption><\/figure>\n\n\n\n<p>Hannu Tarmio talo oli Kirkkotiell\u00e4; Tarmion kolme poikaa Pekka, Tarmo ja Janne. Hannu oli usein mukana pelaamassa ja loukkasi kerran p\u00e4\u00e4ns\u00e4 kaatuessaan maalitolppaan<\/p>\n\n\n\n<p>L\u00e4tk\u00e4jengin paidat kustansi Hannu Tarmio, ja joukkue pelasi Soukan kent\u00e4ll\u00e4.<\/p>\n\n\n\n<figure class=\"wp-block-image size-large\"><img loading=\"lazy\" decoding=\"async\" width=\"1024\" height=\"722\" src=\"https:\/\/espoonperinneseura.net\/espoo1972\/wp-content\/uploads\/2022\/05\/MS-3-1024x722.jpg\" alt=\"\" class=\"wp-image-2596\" srcset=\"https:\/\/espoonperinneseura.net\/espoo1972\/wp-content\/uploads\/2022\/05\/MS-3-1024x722.jpg 1024w, https:\/\/espoonperinneseura.net\/espoo1972\/wp-content\/uploads\/2022\/05\/MS-3-300x211.jpg 300w, https:\/\/espoonperinneseura.net\/espoo1972\/wp-content\/uploads\/2022\/05\/MS-3-768x541.jpg 768w, https:\/\/espoonperinneseura.net\/espoo1972\/wp-content\/uploads\/2022\/05\/MS-3-1536x1082.jpg 1536w, https:\/\/espoonperinneseura.net\/espoo1972\/wp-content\/uploads\/2022\/05\/MS-3-1568x1105.jpg 1568w, https:\/\/espoonperinneseura.net\/espoo1972\/wp-content\/uploads\/2022\/05\/MS-3.jpg 1967w\" sizes=\"auto, (max-width: 1024px) 100vw, 1024px\" \/><figcaption>N\u00f6ykki\u00f6n L\u00e4tk\u00e4jengi: Markku kapteeni punaisessa kyp\u00e4r\u00e4ss\u00e4; Sepp\u00e4l\u00e4n Ari, Tarmion Janne, Sistosen Markku kapteeni, Meril\u00e4isen Pekka, Ruuskasen Petri, Salmen Mika Haapasalon Jopi, Viljasen poika, Muttosen poika.<\/figcaption><\/figure>\n\n\n\n<p>Pioneeerien m\u00f6kille kiellettiin lapsia menem\u00e4st\u00e4, vaikka siell\u00e4 oli hauskaa.<\/p>\n\n\n\n<p>Puujalan leipomosta saatiin maksutta rikkin\u00e4iset piparit pelin j\u00e4lkeen.<\/p>\n\n\n<p style=\"margin-bottom: 0px;\">Urheiluseurat<\/p>\n<ul style=\"margin-top: 0px; margin-left: 22px;\">\n<li>ESA, = Espoon Ankkurit, Lahtisen Paavo perusti<\/li>\n<li>ESU= Espoon Urheilijat, Martti Heiskanen perusti<\/li>\n<li>Soukat toimi Soukassa ja rinnassa Asterixin kuva<\/li>\n<li>Tikka Iivisniemess\u00e4.<\/li>\n<li>&nbsp;Honka<\/li>\n<\/ul>","protected":false},"excerpt":{"rendered":"<p>Antti J\u00e4rvinen, LEOKY ry Markku Sistosen kotitalo 1970-luvulla Markku alkoi seurustella tulevan vaimonsa kanssa 70 luvulla.&nbsp; Helena Sistonen tuli ensi kerran N\u00f6ykki\u00f6\u00f6n Helsingist\u00e4, h\u00e4n ajatteli nyt on tulossa kaupunkiin Espooseen, mutta h\u00e4mm\u00e4stys oli suuri, kun h\u00e4n&nbsp; tuli bussilla. Maisema muuttui maalaisemmaksi kun k\u00e4\u00e4ntyi L\u00e4nsiv\u00e4yl\u00e4lt\u00e4 N\u00f6ykki\u00f6\u00f6n niin n\u00e4kyi ensin hevosia ja sitten kilipukkeja ja lampaita Sirenin&hellip; <a class=\"more-link\" href=\"https:\/\/espoonperinneseura.net\/espoo1972\/muistoja-espoosta\/espoo-50-v-sitten-kaupungiksi-markku-sistosen-muisteluhaastattelu\/\">Jatka lukemista <span class=\"screen-reader-text\">Espoo 50 vuotta sitten kaupungiksi: Markku Sistosen muisteluhaastattelu<\/span><\/a><\/p>\n","protected":false},"author":1,"featured_media":0,"parent":302,"menu_order":42,"comment_status":"closed","ping_status":"closed","template":"","meta":{"_eb_attr":"","_exactmetrics_skip_tracking":false,"_exactmetrics_sitenote_active":false,"_exactmetrics_sitenote_note":"","_exactmetrics_sitenote_category":0,"footnotes":""},"class_list":["post-2592","page","type-page","status-publish","hentry","entry"],"_links":{"self":[{"href":"https:\/\/espoonperinneseura.net\/espoo1972\/wp-json\/wp\/v2\/pages\/2592","targetHints":{"allow":["GET"]}}],"collection":[{"href":"https:\/\/espoonperinneseura.net\/espoo1972\/wp-json\/wp\/v2\/pages"}],"about":[{"href":"https:\/\/espoonperinneseura.net\/espoo1972\/wp-json\/wp\/v2\/types\/page"}],"author":[{"embeddable":true,"href":"https:\/\/espoonperinneseura.net\/espoo1972\/wp-json\/wp\/v2\/users\/1"}],"replies":[{"embeddable":true,"href":"https:\/\/espoonperinneseura.net\/espoo1972\/wp-json\/wp\/v2\/comments?post=2592"}],"version-history":[{"count":12,"href":"https:\/\/espoonperinneseura.net\/espoo1972\/wp-json\/wp\/v2\/pages\/2592\/revisions"}],"predecessor-version":[{"id":2627,"href":"https:\/\/espoonperinneseura.net\/espoo1972\/wp-json\/wp\/v2\/pages\/2592\/revisions\/2627"}],"up":[{"embeddable":true,"href":"https:\/\/espoonperinneseura.net\/espoo1972\/wp-json\/wp\/v2\/pages\/302"}],"wp:attachment":[{"href":"https:\/\/espoonperinneseura.net\/espoo1972\/wp-json\/wp\/v2\/media?parent=2592"}],"curies":[{"name":"wp","href":"https:\/\/api.w.org\/{rel}","templated":true}]}}