{"id":2614,"date":"2022-05-05T08:33:17","date_gmt":"2022-05-05T05:33:17","guid":{"rendered":"https:\/\/espoonperinneseura.net\/espoo1972\/?page_id=2614"},"modified":"2022-05-05T08:35:10","modified_gmt":"2022-05-05T05:35:10","slug":"elamaa-noykkiossa-50-vuotta-sitten-nuorten-kokemana","status":"publish","type":"page","link":"https:\/\/espoonperinneseura.net\/espoo1972\/muistoja-espoosta\/elamaa-noykkiossa-50-vuotta-sitten-nuorten-kokemana\/","title":{"rendered":"El\u00e4m\u00e4\u00e4 N\u00f6ykki\u00f6ss\u00e4 50 vuotta sitten nuorten kokemana"},"content":{"rendered":"\n<p><em>Risto Nevalainen ja Antti J\u00e4rvinen, Lounais-Espoon Omakotiyhdistys ry<\/em><\/p>\n\n\n\n<p>Espoon perinneseura ry otti yhteytt\u00e4 paikallisiin kotiseutuyhdistyksiin joulukuussa 2021. Tavoitteena oli ker\u00e4t\u00e4 muistoja ajalta 50 vuotta sitten, kun Espoosta tuli kaupunki. My\u00f6s Lounais-Espoon Omakotiyhdistys ry (my\u00f6hemmin LEOKY) l\u00e4hti mukaan muistojen keruuseen. T\u00e4ss\u00e4 artikkelissa on muistoja kolmen syntyper\u00e4isen n\u00f6ykki\u00f6l\u00e4isen el\u00e4m\u00e4st\u00e4 tuohon aikaan. K\u00e4yt\u00e4mme heist\u00e4 nimi\u00e4 Juha, Markku ja Ari. He kaikki olivat silloin teini-i\u00e4ss\u00e4 ja heid\u00e4n el\u00e4m\u00e4ns\u00e4 oli hyvinkin aktiivista. Julkaisemme muitakin artikkeleita t\u00e4m\u00e4n vuoden aikana, kattaen LEOKY:n muita toiminta-alueita.<\/p>\n\n\n\n<p class=\"has-large-font-size\">N\u00f6ykki\u00f6 alkoi kasvaa<\/p>\n\n\n\n<p>Iso muutos tapahtui N\u00f6ykki\u00f6ss\u00e4 1960-luvun lopulla, kun L\u00e4nsiv\u00e4yl\u00e4 valmistui. Se halkaisi ison omakotialueen kahtia, N\u00f6ykki\u00f6\u00f6n moottoritien pohjoispuolella ja Hannukseen etel\u00e4puolella. Tosin alueiden rajat eiv\u00e4t silloin olleet ihan samoilla kohdin kuin nyky\u00e4\u00e4n. Pohjoispuolesta k\u00e4ytettiin laajalti my\u00f6s nime\u00e4 Martinm\u00e4ki ja N\u00f6ykki\u00f6 oli nykyist\u00e4 pienempi alue.<\/p>\n\n\n\n<p>Saimme k\u00e4ytt\u00f6\u00f6mme Espoon opaskartan vuodelta 1972. N\u00f6ykki\u00f6n tiest\u00f6 oli isolta osin erilainen ja verkostomaisempi kuin nyt. Useimmat tiet olivat samanarvoisia, eik\u00e4 niit\u00e4 p\u00e4tkitty umpikujiksi. Teiden nimetkin ovat muuttuneet todella monessa paikassa. T\u00e4ss\u00e4 artikkelissa k\u00e4ytet\u00e4\u00e4n paikoista ja teist\u00e4 vuoden 1972 nimi\u00e4 ja haastateltujen sen aikaisia muistoja paikoista. Vain tarpeen tullen selvennet\u00e4\u00e4n, mik\u00e4 tie tai paikka oli kyseess\u00e4. Lukijallekin j\u00e4\u00e4 hieman pohdittavaa, mik\u00e4h\u00e4n paikka on kyseess\u00e4? No, t\u00e4m\u00e4n artikkelin liitteen\u00e4 on N\u00f6ykki\u00f6n otos opaskartasta eli sielt\u00e4 voi tarkistaa asioita.<br>N\u00f6ykki\u00f6 oli muuttumassa 1970-luvulla. Paljon oli viel\u00e4 mets\u00e4\u00e4 tonttien v\u00e4liss\u00e4. Oli kes\u00e4m\u00f6kkej\u00e4kin, mutta ne kohennettiin ymp\u00e4rivuotiseen asumiseen tai myytiin rakennuspaikaksi. Sotaveteraaneille luovutettuja aika isoja tontteja oli paljon, ja he rakensivat talonsa rintamamiehen tyyppitalon piirustusten mukaan. Talot rakennettiin itse ja naapuriavun turvin. Talkoita oli usein; milloin kaivettiin kuoppaa, valettiin perustuksia tai tehtiin vesikattoa. N\u00e4in k\u00f6yhemm\u00e4tkin p\u00e4\u00e4siv\u00e4t toteuttamaan unelmansa, oman kodin ja puutarhan.<\/p>\n\n\n\n<figure class=\"wp-block-image size-large is-resized\"><img loading=\"lazy\" decoding=\"async\" src=\"https:\/\/espoonperinneseura.net\/espoo1972\/wp-content\/uploads\/2022\/05\/Noykkio-1-1-1024x718.jpg\" alt=\"\" class=\"wp-image-2622\" width=\"768\" height=\"539\" srcset=\"https:\/\/espoonperinneseura.net\/espoo1972\/wp-content\/uploads\/2022\/05\/Noykkio-1-1-1024x718.jpg 1024w, https:\/\/espoonperinneseura.net\/espoo1972\/wp-content\/uploads\/2022\/05\/Noykkio-1-1-300x210.jpg 300w, https:\/\/espoonperinneseura.net\/espoo1972\/wp-content\/uploads\/2022\/05\/Noykkio-1-1-768x539.jpg 768w, https:\/\/espoonperinneseura.net\/espoo1972\/wp-content\/uploads\/2022\/05\/Noykkio-1-1.jpg 1307w\" sizes=\"auto, (max-width: 768px) 100vw, 768px\" \/><figcaption>N\u00e4kym\u00e4 Merituulentielt\u00e4 (nyk. Martinsillantielt\u00e4) Purotielle. Se oli viel\u00e4 1970-luvulla hiekkatie, kuten kaikki muutkin N\u00f6ykki\u00f6n tiet.<\/figcaption><\/figure>\n\n\n\n<p class=\"has-large-font-size\">Arki sujui ja oli turvallista<\/p>\n\n\n\n<p>Haastateltavat kertoivat, ett\u00e4 lapsiperheit\u00e4 oli paljon. Aina oltiin ulkona, enimm\u00e4kseen jonkun liikuntaharrastuksen parissa. Ryhm\u00e4t olivat isoja, joukkueen sai helposti kasaan. Lajina oli usein jalkapallo ja talvella j\u00e4\u00e4kiekko. My\u00f6s hiihtoa oli, samaten pilleripalloa. Tossul\u00e4tk\u00e4\u00e4 pelattiin metsien keskell\u00e4 olleilla soilla talvisaikaan.<br>Pyysimme Juhaa, Markkua ja Aria nime\u00e4m\u00e4\u00e4n muutaman paikan N\u00f6ykki\u00f6ss\u00e4, josta heill\u00e4 oli muistoja ja oli t\u00e4rke\u00e4. Saatiin seuraava lista:<\/p>\n\n\n\n<ul class=\"wp-block-list\"><li>K\u00e4ytiin N\u00f6ykki\u00f6n koulua. P\u00e4\u00e4stiin juuri sopivasti aloittamaan eka luokka, kun koulu valmistui vuonna 1965. Sit\u00e4 ennen lapset k\u00e4viv\u00e4t Sammalvuon koulua. N\u00f6ykki\u00f6n koululla oli urheilukentt\u00e4, joka oli t\u00e4rke\u00e4 tapaamispaikka my\u00f6s vapaa-aikana. L\u00e4hell\u00e4 olivat my\u00f6s Aksun kioski ja Erkin kioski Oxfotintien varrella (katso valokuva). Sielt\u00e4 sai karkkia ja kes\u00e4ll\u00e4 j\u00e4\u00e4tel\u00f6\u00e4.<\/li><li>Muitakin kioskeja oli, joissa kokoonnuttiin. L\u00e4tt\u00e4hattujen kioski oli Er\u00e4tien ja Peltotien risteyksess\u00e4. Siin\u00e4 oli my\u00f6s alueen yksi puhelinkioski ja mik\u00e4 t\u00e4rkeint\u00e4, Purotien bussin p\u00e4\u00e4tepys\u00e4kki. Myym\u00e4l\u00e4auto ja kirjastoautokin pys\u00e4htyiv\u00e4t t\u00e4ss\u00e4 risteyksess\u00e4. Purotien kioski oli my\u00f6s t\u00e4rke\u00e4 kokoontumispaikka, jossa pelattiin ja sen l\u00e4hell\u00e4 L\u00e4nsiv\u00e4yl\u00e4n varressa oli pelikentt\u00e4 jalkapalloilua varten.<\/li><li>Liikuntapaikkana ylivertainen oli Haukkavuoreen itse rakennettu lentopallokentt\u00e4, jossa pelattiin jalkapalloa, lentopalloa ja talvisin oli pulkkam\u00e4kikin. J\u00e4\u00e4kiekkoa pelattiin Puujalan leipomon pohjoispuolella olleella suolla. Leipomosta saatiin sitten mahtavat piparit pelin p\u00e4\u00e4lle! Hiihtoa oli Topin tennishallin takana olevassa metsik\u00f6ss\u00e4.<\/li><li>Kun tultiin mopoik\u00e4\u00e4n niin tuli uusiakin t\u00e4rkeit\u00e4 paikkoja. Haapasalon tallilla korjailtiin mopoja ja seurusteltiin. Puniksen m\u00f6kille kokoonnuttiin. Haapasalon tallilla korjailtiin ja rassailtiin mopoja. Siell\u00e4 n\u00e4htiin my\u00f6s jenkkiautojen virittely\u00e4 ja laittoa.<br>Arki sujui pojilla hienosti 50 vuotta sitten. Kauppoja oli jopa enemm\u00e4n kuin nyky\u00e4\u00e4n. Oli Sepp\u00e4l\u00e4n kauppa Ensitiell\u00e4. Elanto oli N\u00f6ykki\u00f6ntien varressa Cajanderin kauppaa vastap\u00e4\u00e4t\u00e4. Kaupasta haettiin irtomaitoa ja muuta pient\u00e4, merkiten ostokset vanhempien ja kauppiaan v\u00e4liseen vastakirjaan. Sepp\u00e4l\u00e4n kauppa toimitti my\u00f6s kotiin tarvittaessa ostokset. Kananmunat voitiin ostaa suoraan tilalta nykyisen Latokasken niityn koillispuolelta.<\/li><\/ul>\n\n\n\n<figure class=\"wp-block-image size-large is-resized\"><img loading=\"lazy\" decoding=\"async\" src=\"https:\/\/espoonperinneseura.net\/espoo1972\/wp-content\/uploads\/2022\/05\/Noykkio-2-2-894x1024.jpg\" alt=\"\" class=\"wp-image-2618\" width=\"671\" height=\"768\" srcset=\"https:\/\/espoonperinneseura.net\/espoo1972\/wp-content\/uploads\/2022\/05\/Noykkio-2-2-894x1024.jpg 894w, https:\/\/espoonperinneseura.net\/espoo1972\/wp-content\/uploads\/2022\/05\/Noykkio-2-2-262x300.jpg 262w, https:\/\/espoonperinneseura.net\/espoo1972\/wp-content\/uploads\/2022\/05\/Noykkio-2-2-768x879.jpg 768w, https:\/\/espoonperinneseura.net\/espoo1972\/wp-content\/uploads\/2022\/05\/Noykkio-2-2.jpg 931w\" sizes=\"auto, (max-width: 671px) 100vw, 671px\" \/><figcaption>N\u00e4kym\u00e4 N\u00f6ykki\u00f6n koulun parkkipaikalta Aksun kioskin suuntaan<\/figcaption><\/figure>\n\n\n\n<p>Tuntui turvalliselta. Oltiin kuin lintukodossa, ovet voitiin pit\u00e4\u00e4 p\u00e4iv\u00e4t auki. Kaupoissakaan ei tapahtunut kummempaa. Elokuvissa k\u00e4ytiin joko Tapiolassa tai Kauklahdessa. Ker\u00e4yspaperin tuotolla saatiin ostettua kouluun televisio ja voitiin maksaa luokkaretken kuluja. Katuvalot olivat vain Purotien bussin reitill\u00e4, hiekkatiet pidettiin kunnossa p\u00e4\u00e4osin omin voimin ja tiehoitokunnan avulla. Katuvalot asennettiin vasta my\u00f6hemmin 70-luvulla.<\/p>\n\n\n\n<figure class=\"wp-block-image size-full is-resized\"><img loading=\"lazy\" decoding=\"async\" src=\"https:\/\/espoonperinneseura.net\/espoo1972\/wp-content\/uploads\/2022\/05\/Noykkio-3.jpg\" alt=\"\" class=\"wp-image-2619\" width=\"674\" height=\"688\" srcset=\"https:\/\/espoonperinneseura.net\/espoo1972\/wp-content\/uploads\/2022\/05\/Noykkio-3.jpg 898w, https:\/\/espoonperinneseura.net\/espoo1972\/wp-content\/uploads\/2022\/05\/Noykkio-3-294x300.jpg 294w, https:\/\/espoonperinneseura.net\/espoo1972\/wp-content\/uploads\/2022\/05\/Noykkio-3-768x784.jpg 768w\" sizes=\"auto, (max-width: 674px) 100vw, 674px\" \/><figcaption>Nuoria istuskelemassa Sepp\u00e4l\u00e4n kaupan portailla \u2013 yksi mielipaikoista!<\/figcaption><\/figure>\n\n\n\n<p>Kuten t\u00e4rkeist\u00e4 paikoista huomaa, urheilu oli henki ja el\u00e4m\u00e4 nuorille. Espoon Urheilijat oli seura, ja aktiivit vanhemmat j\u00e4rjestiv\u00e4t toimintaa. Martti Heiskanen oli keskeinen henkil\u00f6 ja seuran perustaja.<\/p>\n\n\n\n<p class=\"has-large-font-size\">N\u00f6ykki\u00f6l\u00e4isyys s\u00e4ilyy meiss\u00e4<\/p>\n\n\n\n<p>Juha, Markku ja Ari kertoivat haastattelussa, ett\u00e4 yhteydet lapsuusajan yst\u00e4viin ovat s\u00e4ilyneet. Suurin osa on pysynyt Espoonlahdessa, vaikka onkin muuttanut sen aikaisesta N\u00f6ykki\u00f6n talosta pois. Kiinte\u00e4 s\u00e4hlyjengikin on viel\u00e4 olemassa ja siell\u00e4 tavataan vanhoja tuttuja.<\/p>\n\n\n\n<p>N\u00f6ykki\u00f6t\u00e4 pidet\u00e4\u00e4n edelleen rauhallisena ja turvallisena paikkana. Yhteis\u00f6llisyytt\u00e4 ei ole niin paljoa kuin 50 vuotta sitten, mutta on kuitenkin.<\/p>\n\n\n\n<p>Haastattelun lopuksi mietimme, mik\u00e4 on muuttunut N\u00f6ykki\u00f6ss\u00e4. Toki ilmeinen seikka on suuri m\u00e4\u00e4r\u00e4 uusia taloja ja erityisesti yhti\u00f6muotoisen asumisen yleistyminen. Tiet on rakennettu paremmiksi ja niit\u00e4 on tullut aika paljon lis\u00e4\u00e4. Joka pihassa tuntuu olevan auto taikka kaksi, ilman ei tulla toimeen.<\/p>\n\n\n\n<figure class=\"wp-block-image size-large is-resized\"><img loading=\"lazy\" decoding=\"async\" src=\"https:\/\/espoonperinneseura.net\/espoo1972\/wp-content\/uploads\/2022\/05\/Noykkio-4-724x1024.jpg\" alt=\"\" class=\"wp-image-2620\" width=\"362\" height=\"512\" srcset=\"https:\/\/espoonperinneseura.net\/espoo1972\/wp-content\/uploads\/2022\/05\/Noykkio-4-724x1024.jpg 724w, https:\/\/espoonperinneseura.net\/espoo1972\/wp-content\/uploads\/2022\/05\/Noykkio-4-212x300.jpg 212w, https:\/\/espoonperinneseura.net\/espoo1972\/wp-content\/uploads\/2022\/05\/Noykkio-4-768x1087.jpg 768w, https:\/\/espoonperinneseura.net\/espoo1972\/wp-content\/uploads\/2022\/05\/Noykkio-4.jpg 785w\" sizes=\"auto, (max-width: 362px) 100vw, 362px\" \/><figcaption>Kotiintilauksen lomake Sepp\u00e4l\u00e4n kaupasta. Osattiin sit\u00e4 1970-luvullakin tilata tavaraa kotiin ja maksaa tilille! Er\u00e4\u00e4nlaista verkkokauppaa t\u00e4m\u00e4kin.<\/figcaption><\/figure>\n\n\n\n<p>Palveluja oli aika paljon jo 50 vuotta sitten. Oli Purotien bussi, koululla oli hammasl\u00e4\u00e4k\u00e4rin vastaanottoja. Kauppoja oli enemm\u00e4nkin kuin nyky\u00e4\u00e4n. Pitk\u00e4n pohdinnan j\u00e4lkeen vain neuvola keksittiin uudeksi palveluksi, mutta eiv\u00e4t haastateltavat osanneet sit\u00e4 silloin kaivata ollessaan Espoon kaupungiksi tultaessa noin 15-vuotiaita!<\/p>\n\n\n\n<figure class=\"wp-block-image size-full\"><img loading=\"lazy\" decoding=\"async\" width=\"451\" height=\"488\" src=\"https:\/\/espoonperinneseura.net\/espoo1972\/wp-content\/uploads\/2022\/05\/Noykkio-5.jpg\" alt=\"\" class=\"wp-image-2624\" srcset=\"https:\/\/espoonperinneseura.net\/espoo1972\/wp-content\/uploads\/2022\/05\/Noykkio-5.jpg 451w, https:\/\/espoonperinneseura.net\/espoo1972\/wp-content\/uploads\/2022\/05\/Noykkio-5-277x300.jpg 277w\" sizes=\"auto, (max-width: 451px) 100vw, 451px\" \/><figcaption>N\u00f6ykki\u00f6n opaskartta vuodelta 1972<\/figcaption><\/figure>\n","protected":false},"excerpt":{"rendered":"<p>Risto Nevalainen ja Antti J\u00e4rvinen, Lounais-Espoon Omakotiyhdistys ry Espoon perinneseura ry otti yhteytt\u00e4 paikallisiin kotiseutuyhdistyksiin joulukuussa 2021. Tavoitteena oli ker\u00e4t\u00e4 muistoja ajalta 50 vuotta sitten, kun Espoosta tuli kaupunki. My\u00f6s Lounais-Espoon Omakotiyhdistys ry (my\u00f6hemmin LEOKY) l\u00e4hti mukaan muistojen keruuseen. T\u00e4ss\u00e4 artikkelissa on muistoja kolmen syntyper\u00e4isen n\u00f6ykki\u00f6l\u00e4isen el\u00e4m\u00e4st\u00e4 tuohon aikaan. K\u00e4yt\u00e4mme heist\u00e4 nimi\u00e4 Juha, Markku ja&hellip; <a class=\"more-link\" href=\"https:\/\/espoonperinneseura.net\/espoo1972\/muistoja-espoosta\/elamaa-noykkiossa-50-vuotta-sitten-nuorten-kokemana\/\">Jatka lukemista <span class=\"screen-reader-text\">El\u00e4m\u00e4\u00e4 N\u00f6ykki\u00f6ss\u00e4 50 vuotta sitten nuorten kokemana<\/span><\/a><\/p>\n","protected":false},"author":1,"featured_media":0,"parent":302,"menu_order":35,"comment_status":"closed","ping_status":"closed","template":"","meta":{"_eb_attr":"","_exactmetrics_skip_tracking":false,"_exactmetrics_sitenote_active":false,"_exactmetrics_sitenote_note":"","_exactmetrics_sitenote_category":0,"footnotes":""},"class_list":["post-2614","page","type-page","status-publish","hentry","entry"],"_links":{"self":[{"href":"https:\/\/espoonperinneseura.net\/espoo1972\/wp-json\/wp\/v2\/pages\/2614","targetHints":{"allow":["GET"]}}],"collection":[{"href":"https:\/\/espoonperinneseura.net\/espoo1972\/wp-json\/wp\/v2\/pages"}],"about":[{"href":"https:\/\/espoonperinneseura.net\/espoo1972\/wp-json\/wp\/v2\/types\/page"}],"author":[{"embeddable":true,"href":"https:\/\/espoonperinneseura.net\/espoo1972\/wp-json\/wp\/v2\/users\/1"}],"replies":[{"embeddable":true,"href":"https:\/\/espoonperinneseura.net\/espoo1972\/wp-json\/wp\/v2\/comments?post=2614"}],"version-history":[{"count":2,"href":"https:\/\/espoonperinneseura.net\/espoo1972\/wp-json\/wp\/v2\/pages\/2614\/revisions"}],"predecessor-version":[{"id":2625,"href":"https:\/\/espoonperinneseura.net\/espoo1972\/wp-json\/wp\/v2\/pages\/2614\/revisions\/2625"}],"up":[{"embeddable":true,"href":"https:\/\/espoonperinneseura.net\/espoo1972\/wp-json\/wp\/v2\/pages\/302"}],"wp:attachment":[{"href":"https:\/\/espoonperinneseura.net\/espoo1972\/wp-json\/wp\/v2\/media?parent=2614"}],"curies":[{"name":"wp","href":"https:\/\/api.w.org\/{rel}","templated":true}]}}