{"id":2734,"date":"2022-06-02T15:02:28","date_gmt":"2022-06-02T12:02:28","guid":{"rendered":"https:\/\/espoonperinneseura.net\/espoo1972\/?page_id=2734"},"modified":"2022-08-31T18:34:40","modified_gmt":"2022-08-31T15:34:40","slug":"historiapolku","status":"publish","type":"page","link":"https:\/\/espoonperinneseura.net\/espoo1972\/historiapolku\/","title":{"rendered":"Historiapolku: Espoo 50 vuotta kaupunkina"},"content":{"rendered":"<div style=\"width: 100%; max-width: var(--responsive--alignwide-width); margin: auto;\">\n<div style=\"width: 100%; max-width: 360px; float: right; margin-left: 50px;\">\n<p><img loading=\"lazy\" decoding=\"async\" class=\"alignright wp-image-2855 size-medium\" style=\"margin: 10px 10px 10px 0px;\" src=\"https:\/\/espoonperinneseura.net\/espoo1972\/wp-content\/uploads\/2022\/06\/EspooJuhlii-300x237.png\" alt=\"\" width=\"300\" height=\"237\" srcset=\"https:\/\/espoonperinneseura.net\/espoo1972\/wp-content\/uploads\/2022\/06\/EspooJuhlii-300x237.png 300w, https:\/\/espoonperinneseura.net\/espoo1972\/wp-content\/uploads\/2022\/06\/EspooJuhlii-1024x809.png 1024w, https:\/\/espoonperinneseura.net\/espoo1972\/wp-content\/uploads\/2022\/06\/EspooJuhlii-768x607.png 768w, https:\/\/espoonperinneseura.net\/espoo1972\/wp-content\/uploads\/2022\/06\/EspooJuhlii-1536x1213.png 1536w, https:\/\/espoonperinneseura.net\/espoo1972\/wp-content\/uploads\/2022\/06\/EspooJuhlii-2048x1618.png 2048w, https:\/\/espoonperinneseura.net\/espoo1972\/wp-content\/uploads\/2022\/06\/EspooJuhlii-1568x1239.png 1568w\" sizes=\"auto, (max-width: 300px) 100vw, 300px\" \/><\/p>\n<\/div>\n<\/div>\n<p><span style=\"white-space: nowrap;\">Espoo juhlii! -juhlaviikkoa<\/span> vietettiin elokuun viimeisell\u00e4 viikolla 22.\u201327.8.2022. Viikon aikana eri puolilla Espoota (J\u00e4rvenper\u00e4, Lepp\u00e4vaara, Suurpelto, Oittaa, Vanttila) j\u00e4rjestettiin viisi yhteis\u00f6llist\u00e4 juhlakarnevaalia, jotka tarjosivat ulkotiloissa erilaisia esityksi\u00e4, el\u00e4myksi\u00e4, ty\u00f6pajoja ja aktiviteetteja. Juhlakarnevaalit j\u00e4rjesti Kaupunkitapahtumat Espoo, ja sen ohjelman toteuttivat paikalliset toimijat, asukkaat, seurat ja yhdistykset. Lue lis\u00e4\u00e4 <a href=\"https:\/\/espoopaiva.fi\/juhlakarnevaalit\/\" target=\"_blank\" rel=\"noreferrer noopener\">Juhlakarnevaalit<\/a><\/p>\n<p>Espoon perinneseura toteutti tapahtumiin historiapolun, joka sis\u00e4lsi 10 Espoon historiasta kertovaa taulua. Taulujen sis\u00e4lt\u00f6\u00e4 t\u00e4ydent\u00e4v\u00e4t n\u00e4m\u00e4 taulujen aiheista laajemmin kertovat verkkosivut.<\/p>\n<div style=\"clear: both; height: 24px;\">\n<p><strong>Historiapolun verkkosivut<\/strong><\/p>\n<\/div>\n<div style=\"width: 100%; max-width: var(--responsive--alignwide-width); margin: auto;\">\n<div style=\"width: 100%; max-width: 480px; float: right;\">\n<p><img loading=\"lazy\" decoding=\"async\" class=\"alignright size-large wp-image-4041\" style=\"margin: 10px 10px 10px 0;\" src=\"https:\/\/espoonperinneseura.net\/espoo1972\/wp-content\/uploads\/2022\/08\/IMG_5762-1024x811.jpeg\" alt=\"\" width=\"450\" height=\"357\" align=\"alignright\" srcset=\"https:\/\/espoonperinneseura.net\/espoo1972\/wp-content\/uploads\/2022\/08\/IMG_5762-1024x811.jpeg 1024w, https:\/\/espoonperinneseura.net\/espoo1972\/wp-content\/uploads\/2022\/08\/IMG_5762-300x238.jpeg 300w, https:\/\/espoonperinneseura.net\/espoo1972\/wp-content\/uploads\/2022\/08\/IMG_5762-768x608.jpeg 768w, https:\/\/espoonperinneseura.net\/espoo1972\/wp-content\/uploads\/2022\/08\/IMG_5762-1536x1216.jpeg 1536w, https:\/\/espoonperinneseura.net\/espoo1972\/wp-content\/uploads\/2022\/08\/IMG_5762-2048x1622.jpeg 2048w, https:\/\/espoonperinneseura.net\/espoo1972\/wp-content\/uploads\/2022\/08\/IMG_5762-1568x1242.jpeg 1568w\" sizes=\"auto, (max-width: 450px) 100vw, 450px\" \/><\/p>\n<p style=\"clear: both; text-align: center; font-size: 80%; margin-bottom: 20px;\">Historiapolku Juhlakarnevaaleilla<\/p>\n<\/div>\n<\/div>\n<p><a href=\"https:\/\/espoonperinneseura.net\/espoo1972\/historiapolku\/taulu-1\/\" data-type=\"page\" data-id=\"2805\"><span style=\"white-space: nowrap;\">Espoo kaupungiksi 1972<\/span><\/a><\/p>\n\n\n<p><a href=\"https:\/\/espoonperinneseura.net\/espoo1972\/historiapolku\/taulu-3\/\" data-type=\"page\" data-id=\"2798\">Espoon maank\u00e4yt\u00f6n muutoksia<\/a><\/p>\n\n\n\n<p><a href=\"https:\/\/espoonperinneseura.net\/espoo1972\/historiapolku\/taulu-2\/\" data-type=\"page\" data-id=\"2796\">Espoon v\u00e4kim\u00e4\u00e4r\u00e4 kasvaa<\/a><\/p>\n\n\n\n<p><a href=\"https:\/\/espoonperinneseura.net\/espoo1972\/historiapolku\/taulu-4\/\" data-type=\"page\" data-id=\"2800\">Lagstadista Otaniemen kansainv\u00e4liselle kampukselle<\/a><\/p>\n\n\n\n<p><a href=\"https:\/\/espoonperinneseura.net\/espoo1972\/historiapolku\/taulu-9\/\">Espoon sairaalat<\/a><\/p>\n\n\n\n<p><a href=\"https:\/\/espoonperinneseura.net\/espoo1972\/historiapolku\/taulu-5\/\">Espoonkartano<\/a><\/p>\n\n\n\n<p><a href=\"https:\/\/espoonperinneseura.net\/espoo1972\/historiapolku\/taulu-6\/\">Albergan kartanon Musta ja Valkea rouva<\/a><\/p>\n\n\n\n<p><a href=\"https:\/\/espoonperinneseura.net\/espoo1972\/historiapolku\/taulu-7\/\">Tr\u00e4sk\u00e4ndan kartano ja kartanopuisto<\/a><\/p>\n\n\n\n<p><a href=\"https:\/\/espoonperinneseura.net\/espoo1972\/historiapolku\/taulu-8\/\">Espoon tuomiokirkko<\/a><\/p>\n\n\n\n<p><a href=\"https:\/\/espoonperinneseura.net\/espoo1972\/historiapolku\/taulu-10\/\">Bemb\u00f6le &#8211; aivan erityinen kyl\u00e4<\/a><\/p>\n\n\n\n<figure class=\"wp-block-gallery has-nested-images columns-5 is-cropped tw-mt-6 wp-block-gallery-1 is-layout-flex wp-block-gallery-is-layout-flex\">\n<figure class=\"wp-block-image size-medium\"><a href=\"https:\/\/espoonperinneseura.net\/espoo1972\/wp-content\/uploads\/2022\/08\/historiapolku-1-scaled.jpg\"><img loading=\"lazy\" decoding=\"async\" width=\"214\" height=\"300\" data-id=\"4087\" src=\"https:\/\/espoonperinneseura.net\/espoo1972\/wp-content\/uploads\/2022\/08\/historiapolku-1-214x300.jpg\" alt=\"\" class=\"wp-image-4087\" srcset=\"https:\/\/espoonperinneseura.net\/espoo1972\/wp-content\/uploads\/2022\/08\/historiapolku-1-214x300.jpg 214w, https:\/\/espoonperinneseura.net\/espoo1972\/wp-content\/uploads\/2022\/08\/historiapolku-1-731x1024.jpg 731w, https:\/\/espoonperinneseura.net\/espoo1972\/wp-content\/uploads\/2022\/08\/historiapolku-1-768x1075.jpg 768w, https:\/\/espoonperinneseura.net\/espoo1972\/wp-content\/uploads\/2022\/08\/historiapolku-1-1097x1536.jpg 1097w, https:\/\/espoonperinneseura.net\/espoo1972\/wp-content\/uploads\/2022\/08\/historiapolku-1-1463x2048.jpg 1463w, https:\/\/espoonperinneseura.net\/espoo1972\/wp-content\/uploads\/2022\/08\/historiapolku-1-1568x2195.jpg 1568w, https:\/\/espoonperinneseura.net\/espoo1972\/wp-content\/uploads\/2022\/08\/historiapolku-1-scaled.jpg 1829w\" sizes=\"auto, (max-width: 214px) 100vw, 214px\" \/><\/a><\/figure>\n\n\n\n<figure class=\"wp-block-image size-medium\"><a href=\"https:\/\/espoonperinneseura.net\/espoo1972\/wp-content\/uploads\/2022\/08\/historiapolku-2-scaled.jpg\"><img loading=\"lazy\" decoding=\"async\" width=\"214\" height=\"300\" data-id=\"4086\" src=\"https:\/\/espoonperinneseura.net\/espoo1972\/wp-content\/uploads\/2022\/08\/historiapolku-2-214x300.jpg\" alt=\"\" class=\"wp-image-4086\" srcset=\"https:\/\/espoonperinneseura.net\/espoo1972\/wp-content\/uploads\/2022\/08\/historiapolku-2-214x300.jpg 214w, https:\/\/espoonperinneseura.net\/espoo1972\/wp-content\/uploads\/2022\/08\/historiapolku-2-731x1024.jpg 731w, https:\/\/espoonperinneseura.net\/espoo1972\/wp-content\/uploads\/2022\/08\/historiapolku-2-768x1075.jpg 768w, https:\/\/espoonperinneseura.net\/espoo1972\/wp-content\/uploads\/2022\/08\/historiapolku-2-1097x1536.jpg 1097w, https:\/\/espoonperinneseura.net\/espoo1972\/wp-content\/uploads\/2022\/08\/historiapolku-2-1463x2048.jpg 1463w, https:\/\/espoonperinneseura.net\/espoo1972\/wp-content\/uploads\/2022\/08\/historiapolku-2-1568x2195.jpg 1568w, https:\/\/espoonperinneseura.net\/espoo1972\/wp-content\/uploads\/2022\/08\/historiapolku-2-scaled.jpg 1829w\" sizes=\"auto, (max-width: 214px) 100vw, 214px\" \/><\/a><\/figure>\n\n\n\n<figure class=\"wp-block-image size-medium\"><a href=\"https:\/\/espoonperinneseura.net\/espoo1972\/wp-content\/uploads\/2022\/08\/historiapolku-3-scaled.jpg\"><img loading=\"lazy\" decoding=\"async\" width=\"214\" height=\"300\" data-id=\"4091\" src=\"https:\/\/espoonperinneseura.net\/espoo1972\/wp-content\/uploads\/2022\/08\/historiapolku-3-214x300.jpg\" alt=\"\" class=\"wp-image-4091\" srcset=\"https:\/\/espoonperinneseura.net\/espoo1972\/wp-content\/uploads\/2022\/08\/historiapolku-3-214x300.jpg 214w, https:\/\/espoonperinneseura.net\/espoo1972\/wp-content\/uploads\/2022\/08\/historiapolku-3-731x1024.jpg 731w, https:\/\/espoonperinneseura.net\/espoo1972\/wp-content\/uploads\/2022\/08\/historiapolku-3-768x1075.jpg 768w, https:\/\/espoonperinneseura.net\/espoo1972\/wp-content\/uploads\/2022\/08\/historiapolku-3-1097x1536.jpg 1097w, https:\/\/espoonperinneseura.net\/espoo1972\/wp-content\/uploads\/2022\/08\/historiapolku-3-1463x2048.jpg 1463w, https:\/\/espoonperinneseura.net\/espoo1972\/wp-content\/uploads\/2022\/08\/historiapolku-3-1568x2195.jpg 1568w, https:\/\/espoonperinneseura.net\/espoo1972\/wp-content\/uploads\/2022\/08\/historiapolku-3-scaled.jpg 1829w\" sizes=\"auto, (max-width: 214px) 100vw, 214px\" \/><\/a><\/figure>\n\n\n\n<figure class=\"wp-block-image size-medium\"><a href=\"https:\/\/espoonperinneseura.net\/espoo1972\/wp-content\/uploads\/2022\/08\/historiapolku-4-scaled.jpg\"><img loading=\"lazy\" decoding=\"async\" width=\"214\" height=\"300\" data-id=\"4094\" src=\"https:\/\/espoonperinneseura.net\/espoo1972\/wp-content\/uploads\/2022\/08\/historiapolku-4-214x300.jpg\" alt=\"\" class=\"wp-image-4094\" srcset=\"https:\/\/espoonperinneseura.net\/espoo1972\/wp-content\/uploads\/2022\/08\/historiapolku-4-214x300.jpg 214w, https:\/\/espoonperinneseura.net\/espoo1972\/wp-content\/uploads\/2022\/08\/historiapolku-4-731x1024.jpg 731w, https:\/\/espoonperinneseura.net\/espoo1972\/wp-content\/uploads\/2022\/08\/historiapolku-4-768x1075.jpg 768w, https:\/\/espoonperinneseura.net\/espoo1972\/wp-content\/uploads\/2022\/08\/historiapolku-4-1097x1536.jpg 1097w, https:\/\/espoonperinneseura.net\/espoo1972\/wp-content\/uploads\/2022\/08\/historiapolku-4-1463x2048.jpg 1463w, https:\/\/espoonperinneseura.net\/espoo1972\/wp-content\/uploads\/2022\/08\/historiapolku-4-1568x2195.jpg 1568w, https:\/\/espoonperinneseura.net\/espoo1972\/wp-content\/uploads\/2022\/08\/historiapolku-4-scaled.jpg 1829w\" sizes=\"auto, (max-width: 214px) 100vw, 214px\" \/><\/a><\/figure>\n\n\n\n<figure class=\"wp-block-image size-medium\"><a href=\"https:\/\/espoonperinneseura.net\/espoo1972\/wp-content\/uploads\/2022\/08\/historiapolku-5-scaled.jpg\"><img loading=\"lazy\" decoding=\"async\" width=\"214\" height=\"300\" data-id=\"4092\" src=\"https:\/\/espoonperinneseura.net\/espoo1972\/wp-content\/uploads\/2022\/08\/historiapolku-5-214x300.jpg\" alt=\"\" class=\"wp-image-4092\" srcset=\"https:\/\/espoonperinneseura.net\/espoo1972\/wp-content\/uploads\/2022\/08\/historiapolku-5-214x300.jpg 214w, https:\/\/espoonperinneseura.net\/espoo1972\/wp-content\/uploads\/2022\/08\/historiapolku-5-731x1024.jpg 731w, https:\/\/espoonperinneseura.net\/espoo1972\/wp-content\/uploads\/2022\/08\/historiapolku-5-768x1075.jpg 768w, https:\/\/espoonperinneseura.net\/espoo1972\/wp-content\/uploads\/2022\/08\/historiapolku-5-1097x1536.jpg 1097w, https:\/\/espoonperinneseura.net\/espoo1972\/wp-content\/uploads\/2022\/08\/historiapolku-5-1463x2048.jpg 1463w, https:\/\/espoonperinneseura.net\/espoo1972\/wp-content\/uploads\/2022\/08\/historiapolku-5-1568x2195.jpg 1568w, https:\/\/espoonperinneseura.net\/espoo1972\/wp-content\/uploads\/2022\/08\/historiapolku-5-scaled.jpg 1829w\" sizes=\"auto, (max-width: 214px) 100vw, 214px\" \/><\/a><\/figure>\n\n\n\n<figure class=\"wp-block-image size-medium\"><a href=\"https:\/\/espoonperinneseura.net\/espoo1972\/wp-content\/uploads\/2022\/08\/historiapolku-6-scaled.jpg\"><img loading=\"lazy\" decoding=\"async\" width=\"214\" height=\"300\" data-id=\"4089\" src=\"https:\/\/espoonperinneseura.net\/espoo1972\/wp-content\/uploads\/2022\/08\/historiapolku-6-214x300.jpg\" alt=\"\" class=\"wp-image-4089\" srcset=\"https:\/\/espoonperinneseura.net\/espoo1972\/wp-content\/uploads\/2022\/08\/historiapolku-6-214x300.jpg 214w, https:\/\/espoonperinneseura.net\/espoo1972\/wp-content\/uploads\/2022\/08\/historiapolku-6-731x1024.jpg 731w, https:\/\/espoonperinneseura.net\/espoo1972\/wp-content\/uploads\/2022\/08\/historiapolku-6-768x1075.jpg 768w, https:\/\/espoonperinneseura.net\/espoo1972\/wp-content\/uploads\/2022\/08\/historiapolku-6-1097x1536.jpg 1097w, https:\/\/espoonperinneseura.net\/espoo1972\/wp-content\/uploads\/2022\/08\/historiapolku-6-1463x2048.jpg 1463w, https:\/\/espoonperinneseura.net\/espoo1972\/wp-content\/uploads\/2022\/08\/historiapolku-6-1568x2195.jpg 1568w, https:\/\/espoonperinneseura.net\/espoo1972\/wp-content\/uploads\/2022\/08\/historiapolku-6-scaled.jpg 1829w\" sizes=\"auto, (max-width: 214px) 100vw, 214px\" \/><\/a><\/figure>\n\n\n\n<figure class=\"wp-block-image size-medium\"><a href=\"https:\/\/espoonperinneseura.net\/espoo1972\/wp-content\/uploads\/2022\/08\/historiapolku-7-scaled.jpg\"><img loading=\"lazy\" decoding=\"async\" width=\"214\" height=\"300\" data-id=\"4093\" src=\"https:\/\/espoonperinneseura.net\/espoo1972\/wp-content\/uploads\/2022\/08\/historiapolku-7-214x300.jpg\" alt=\"\" class=\"wp-image-4093\" srcset=\"https:\/\/espoonperinneseura.net\/espoo1972\/wp-content\/uploads\/2022\/08\/historiapolku-7-214x300.jpg 214w, https:\/\/espoonperinneseura.net\/espoo1972\/wp-content\/uploads\/2022\/08\/historiapolku-7-731x1024.jpg 731w, https:\/\/espoonperinneseura.net\/espoo1972\/wp-content\/uploads\/2022\/08\/historiapolku-7-768x1075.jpg 768w, https:\/\/espoonperinneseura.net\/espoo1972\/wp-content\/uploads\/2022\/08\/historiapolku-7-1097x1536.jpg 1097w, https:\/\/espoonperinneseura.net\/espoo1972\/wp-content\/uploads\/2022\/08\/historiapolku-7-1463x2048.jpg 1463w, https:\/\/espoonperinneseura.net\/espoo1972\/wp-content\/uploads\/2022\/08\/historiapolku-7-1568x2195.jpg 1568w, https:\/\/espoonperinneseura.net\/espoo1972\/wp-content\/uploads\/2022\/08\/historiapolku-7-scaled.jpg 1829w\" sizes=\"auto, (max-width: 214px) 100vw, 214px\" \/><\/a><\/figure>\n\n\n\n<figure class=\"wp-block-image size-medium\"><a href=\"https:\/\/espoonperinneseura.net\/espoo1972\/wp-content\/uploads\/2022\/08\/historiapolku-8-scaled.jpg\"><img loading=\"lazy\" decoding=\"async\" width=\"214\" height=\"300\" data-id=\"4090\" src=\"https:\/\/espoonperinneseura.net\/espoo1972\/wp-content\/uploads\/2022\/08\/historiapolku-8-214x300.jpg\" alt=\"\" class=\"wp-image-4090\" srcset=\"https:\/\/espoonperinneseura.net\/espoo1972\/wp-content\/uploads\/2022\/08\/historiapolku-8-214x300.jpg 214w, https:\/\/espoonperinneseura.net\/espoo1972\/wp-content\/uploads\/2022\/08\/historiapolku-8-731x1024.jpg 731w, https:\/\/espoonperinneseura.net\/espoo1972\/wp-content\/uploads\/2022\/08\/historiapolku-8-768x1075.jpg 768w, https:\/\/espoonperinneseura.net\/espoo1972\/wp-content\/uploads\/2022\/08\/historiapolku-8-1097x1536.jpg 1097w, https:\/\/espoonperinneseura.net\/espoo1972\/wp-content\/uploads\/2022\/08\/historiapolku-8-1463x2048.jpg 1463w, https:\/\/espoonperinneseura.net\/espoo1972\/wp-content\/uploads\/2022\/08\/historiapolku-8-1568x2195.jpg 1568w, https:\/\/espoonperinneseura.net\/espoo1972\/wp-content\/uploads\/2022\/08\/historiapolku-8-scaled.jpg 1829w\" sizes=\"auto, (max-width: 214px) 100vw, 214px\" \/><\/a><\/figure>\n\n\n\n<figure class=\"wp-block-image size-medium\"><a href=\"https:\/\/espoonperinneseura.net\/espoo1972\/wp-content\/uploads\/2022\/08\/historiapolku-9-scaled.jpg\"><img loading=\"lazy\" decoding=\"async\" width=\"214\" height=\"300\" data-id=\"4088\" src=\"https:\/\/espoonperinneseura.net\/espoo1972\/wp-content\/uploads\/2022\/08\/historiapolku-9-214x300.jpg\" alt=\"\" class=\"wp-image-4088\" srcset=\"https:\/\/espoonperinneseura.net\/espoo1972\/wp-content\/uploads\/2022\/08\/historiapolku-9-214x300.jpg 214w, https:\/\/espoonperinneseura.net\/espoo1972\/wp-content\/uploads\/2022\/08\/historiapolku-9-731x1024.jpg 731w, https:\/\/espoonperinneseura.net\/espoo1972\/wp-content\/uploads\/2022\/08\/historiapolku-9-768x1075.jpg 768w, https:\/\/espoonperinneseura.net\/espoo1972\/wp-content\/uploads\/2022\/08\/historiapolku-9-1097x1536.jpg 1097w, https:\/\/espoonperinneseura.net\/espoo1972\/wp-content\/uploads\/2022\/08\/historiapolku-9-1463x2048.jpg 1463w, https:\/\/espoonperinneseura.net\/espoo1972\/wp-content\/uploads\/2022\/08\/historiapolku-9-1568x2195.jpg 1568w, https:\/\/espoonperinneseura.net\/espoo1972\/wp-content\/uploads\/2022\/08\/historiapolku-9-scaled.jpg 1829w\" sizes=\"auto, (max-width: 214px) 100vw, 214px\" \/><\/a><\/figure>\n\n\n\n<figure class=\"wp-block-image size-medium\"><a href=\"https:\/\/espoonperinneseura.net\/espoo1972\/wp-content\/uploads\/2022\/08\/historiapolku-10-scaled.jpg\"><img loading=\"lazy\" decoding=\"async\" width=\"214\" height=\"300\" data-id=\"4085\" src=\"https:\/\/espoonperinneseura.net\/espoo1972\/wp-content\/uploads\/2022\/08\/historiapolku-10-214x300.jpg\" alt=\"\" class=\"wp-image-4085\" srcset=\"https:\/\/espoonperinneseura.net\/espoo1972\/wp-content\/uploads\/2022\/08\/historiapolku-10-214x300.jpg 214w, https:\/\/espoonperinneseura.net\/espoo1972\/wp-content\/uploads\/2022\/08\/historiapolku-10-731x1024.jpg 731w, https:\/\/espoonperinneseura.net\/espoo1972\/wp-content\/uploads\/2022\/08\/historiapolku-10-768x1075.jpg 768w, https:\/\/espoonperinneseura.net\/espoo1972\/wp-content\/uploads\/2022\/08\/historiapolku-10-1097x1536.jpg 1097w, https:\/\/espoonperinneseura.net\/espoo1972\/wp-content\/uploads\/2022\/08\/historiapolku-10-1463x2048.jpg 1463w, https:\/\/espoonperinneseura.net\/espoo1972\/wp-content\/uploads\/2022\/08\/historiapolku-10-1568x2195.jpg 1568w, https:\/\/espoonperinneseura.net\/espoo1972\/wp-content\/uploads\/2022\/08\/historiapolku-10-scaled.jpg 1829w\" sizes=\"auto, (max-width: 214px) 100vw, 214px\" \/><\/a><\/figure>\n<\/figure>\n","protected":false},"excerpt":{"rendered":"<p>Espoo juhlii! -juhlaviikkoa vietettiin elokuun viimeisell\u00e4 viikolla 22.\u201327.8.2022. Viikon aikana eri puolilla Espoota (J\u00e4rvenper\u00e4, Lepp\u00e4vaara, Suurpelto, Oittaa, Vanttila) j\u00e4rjestettiin viisi yhteis\u00f6llist\u00e4 juhlakarnevaalia, jotka tarjosivat ulkotiloissa erilaisia esityksi\u00e4, el\u00e4myksi\u00e4, ty\u00f6pajoja ja aktiviteetteja. Juhlakarnevaalit j\u00e4rjesti Kaupunkitapahtumat Espoo, ja sen ohjelman toteuttivat paikalliset toimijat, asukkaat, seurat ja yhdistykset. Lue lis\u00e4\u00e4 Juhlakarnevaalit Espoon perinneseura toteutti tapahtumiin historiapolun, joka sis\u00e4lsi&hellip; <a class=\"more-link\" href=\"https:\/\/espoonperinneseura.net\/espoo1972\/historiapolku\/\">Jatka lukemista <span class=\"screen-reader-text\">Historiapolku: Espoo 50 vuotta kaupunkina<\/span><\/a><\/p>\n","protected":false},"author":1,"featured_media":0,"parent":0,"menu_order":34,"comment_status":"closed","ping_status":"closed","template":"","meta":{"_eb_attr":"","_exactmetrics_skip_tracking":false,"_exactmetrics_sitenote_active":false,"_exactmetrics_sitenote_note":"","_exactmetrics_sitenote_category":0,"footnotes":""},"class_list":["post-2734","page","type-page","status-publish","hentry","entry"],"_links":{"self":[{"href":"https:\/\/espoonperinneseura.net\/espoo1972\/wp-json\/wp\/v2\/pages\/2734","targetHints":{"allow":["GET"]}}],"collection":[{"href":"https:\/\/espoonperinneseura.net\/espoo1972\/wp-json\/wp\/v2\/pages"}],"about":[{"href":"https:\/\/espoonperinneseura.net\/espoo1972\/wp-json\/wp\/v2\/types\/page"}],"author":[{"embeddable":true,"href":"https:\/\/espoonperinneseura.net\/espoo1972\/wp-json\/wp\/v2\/users\/1"}],"replies":[{"embeddable":true,"href":"https:\/\/espoonperinneseura.net\/espoo1972\/wp-json\/wp\/v2\/comments?post=2734"}],"version-history":[{"count":62,"href":"https:\/\/espoonperinneseura.net\/espoo1972\/wp-json\/wp\/v2\/pages\/2734\/revisions"}],"predecessor-version":[{"id":4099,"href":"https:\/\/espoonperinneseura.net\/espoo1972\/wp-json\/wp\/v2\/pages\/2734\/revisions\/4099"}],"wp:attachment":[{"href":"https:\/\/espoonperinneseura.net\/espoo1972\/wp-json\/wp\/v2\/media?parent=2734"}],"curies":[{"name":"wp","href":"https:\/\/api.w.org\/{rel}","templated":true}]}}