{"id":2736,"date":"2022-06-02T15:04:19","date_gmt":"2022-06-02T12:04:19","guid":{"rendered":"https:\/\/espoonperinneseura.net\/espoo1972\/?page_id=2736"},"modified":"2022-08-14T08:30:45","modified_gmt":"2022-08-14T05:30:45","slug":"taulu-9","status":"publish","type":"page","link":"https:\/\/espoonperinneseura.net\/espoo1972\/historiapolku\/taulu-9\/","title":{"rendered":"Historiapolku: Espoon sairaalat"},"content":{"rendered":"<div style=\"width: 100%;\">\n<div style=\"float: right; max-width: 35%;\"><a href=\"https:\/\/espoonperinneseura.net\/espoo1972\/historiapolku\/\"><img loading=\"lazy\" decoding=\"async\" class=\"alignright size-medium wp-image-3607\" style=\"float: right; width: 100%; height: auto;\" src=\"https:\/\/espoonperinneseura.net\/espoo1972\/wp-content\/uploads\/2022\/07\/Historiapolun-alkuun-300x38.jpg\" alt=\"\" width=\"200\" height=\"26\" srcset=\"https:\/\/espoonperinneseura.net\/espoo1972\/wp-content\/uploads\/2022\/07\/Historiapolun-alkuun-300x38.jpg 300w, https:\/\/espoonperinneseura.net\/espoo1972\/wp-content\/uploads\/2022\/07\/Historiapolun-alkuun-1024x131.jpg 1024w, https:\/\/espoonperinneseura.net\/espoo1972\/wp-content\/uploads\/2022\/07\/Historiapolun-alkuun-768x99.jpg 768w, https:\/\/espoonperinneseura.net\/espoo1972\/wp-content\/uploads\/2022\/07\/Historiapolun-alkuun-1536x197.jpg 1536w, https:\/\/espoonperinneseura.net\/espoo1972\/wp-content\/uploads\/2022\/07\/Historiapolun-alkuun-2048x263.jpg 2048w, https:\/\/espoonperinneseura.net\/espoo1972\/wp-content\/uploads\/2022\/07\/Historiapolun-alkuun-1568x201.jpg 1568w\" sizes=\"auto, (max-width: 200px) 100vw, 200px\" \/><\/a><\/div>\n<p><em>Esko Uotila<\/em><\/p>\n<\/div>\n\n\n<p><strong>Muurala oli Espoon ensimm\u00e4inen sairaala. <\/strong>Se valmistui vuonna 1920. Sairaalaan kuului kolme pihan ymp\u00e4rille sijoitetusta hirsisest\u00e4 rakennuk\u00adsesta. Tiloissa toimi Espoon kunnansairaala, joka muuttui 1958 paikallissairaalaksi ja my\u00f6hemmin terveyskeskuksen vuodeosastoksi. Vuodesta alkaen se toimi p\u00e4iv\u00e4sairaalana. Toiminta siirtyi kev\u00e4\u00e4ll\u00e4 2017 uuteen Espoon sairaalaan.<\/p>\n\n\n\n<p><strong>Muuralan sairaalan esittely<\/strong><\/p>\n\n\n<a href=\"https:\/\/espoonperinneseura.net\/espoo1972\/wp-content\/uploads\/2022\/06\/Muuralan-sairaala-1920-2017.pdf\" class=\"pdfemb-viewer\" style=\"\" data-width=\"max\" data-height=\"max\" data-toolbar=\"bottom\" data-toolbar-fixed=\"off\">Muuralan-sairaala-1920-2017<\/a>\n<p class=\"wp-block-pdfemb-pdf-embedder-viewer\"><\/p>\n\n\n\n<p><strong>Puolarmets\u00e4n sairaala <\/strong>valmistui vuonna 1977. Sairaalan lis\u00e4ksi tiloissa ovat toimineet terveysasema, hammashoitola, pitk\u00e4aikaissairaiden vuodeosastoja, muistipoliklinikka sek\u00e4 Puolarvilla-saattohoitokeskus. Sis\u00e4ilmaongelmista k\u00e4rsinyt sairaala purettiin vuonna 2017, ja sairaalan toiminnot siirrettiin Jorviin valmistuneeseen uuteen Espoon sairaalaan. <\/p>\n\n\n\n<p><strong>Espoon sairaala <\/strong>toimii Jorvin sairaalan vieress\u00e4, ja se aloitti toimintansa maaliskuussa 2017. Sairaala korvasi Puolarmets\u00e4n ja Muuralan sairaalat, Jorvin&nbsp;terveyskeskusosastot ja Kauniaisten ja Kirkkonummen terveyskeskussairaalat.<\/p>\n\n\n\n<p>L\u00e4nsi-Uudenmaan hyvinvointialue j\u00e4rjest\u00e4\u00e4 Espoon sosiaali- ja terveyspalvelut 1.1.2023 alkaen. Espoon sairaalan kiinteist\u00f6 siirtyi maaliskuussa 2022 Espoon kaupungilta L\u00e4hiTapiolan hallinnoiman rahaston omistukseeen.<\/p>\n\n\n\n<p><strong>Kuvia Espoon sairaalasta helmikuussa 2017 ennen sairaalan avajaisia<\/strong><\/p>\n\n\n<style type=\"text\/css\">\n#foogallery-gallery-2773 .fg-image { width: 640px; }<\/style>\n\t\t\t<div class=\"foogallery foogallery-container foogallery-image-viewer foogallery-link-image foogallery-lightbox-none fg-center fg-image-viewer fg-ready fg-light fg-border-thin fg-shadow-outline fg-loading-default fg-loaded-fade-in fg-caption-hover fg-hover-fade fg-hover-zoom\" id=\"foogallery-gallery-2773\" data-foogallery=\"{&quot;item&quot;:{&quot;showCaptionTitle&quot;:true,&quot;showCaptionDescription&quot;:true},&quot;lazy&quot;:true,&quot;template&quot;:{&quot;loop&quot;:true}}\" style=\"--fg-title-line-clamp: 0; --fg-description-line-clamp: 0;\" >\n\t<div class=\"fiv-inner\">\n\t\t<div class=\"fiv-inner-container\">\n\t\t\t<div class=\"fg-item fg-type-image fg-idle\"><figure class=\"fg-item-inner\"><a href=\"https:\/\/espoonperinneseura.net\/espoo1972\/wp-content\/uploads\/2022\/06\/Espoon-sairaala.jpg\" data-attachment-id=\"2785\" data-type=\"image\" class=\"fg-thumb\"><span class=\"fg-image-wrap\"><img fetchpriority=\"high\" decoding=\"async\" width=\"640\" height=\"480\" class=\"skip-lazy fg-image\" data-src-fg=\"https:\/\/espoonperinneseura.net\/espoo1972\/wp-content\/uploads\/cache\/2022\/06\/Espoon-sairaala\/1407839123.jpg\" src=\"data:image\/svg+xml,%3Csvg%20xmlns%3D%22http%3A%2F%2Fwww.w3.org%2F2000%2Fsvg%22%20width%3D%22640%22%20height%3D%22480%22%20viewBox%3D%220%200%20640%20480%22%3E%3C%2Fsvg%3E\" loading=\"eager\"><\/span><span class=\"fg-image-overlay\"><\/span><\/a><\/figure><div class=\"fg-loader\"><\/div><\/div><div class=\"fg-item fg-type-image fg-idle\"><figure class=\"fg-item-inner\"><a href=\"https:\/\/espoonperinneseura.net\/espoo1972\/wp-content\/uploads\/2022\/06\/IMG_9328.jpg\" data-attachment-id=\"2756\" data-type=\"image\" class=\"fg-thumb\"><span class=\"fg-image-wrap\"><img decoding=\"async\" width=\"640\" height=\"480\" class=\"skip-lazy fg-image\" data-src-fg=\"https:\/\/espoonperinneseura.net\/espoo1972\/wp-content\/uploads\/cache\/2022\/06\/IMG_9328\/2801251022.jpg\" src=\"data:image\/svg+xml,%3Csvg%20xmlns%3D%22http%3A%2F%2Fwww.w3.org%2F2000%2Fsvg%22%20width%3D%22640%22%20height%3D%22480%22%20viewBox%3D%220%200%20640%20480%22%3E%3C%2Fsvg%3E\" loading=\"eager\"><\/span><span class=\"fg-image-overlay\"><\/span><\/a><\/figure><div class=\"fg-loader\"><\/div><\/div><div class=\"fg-item fg-type-image fg-idle\"><figure class=\"fg-item-inner\"><a href=\"https:\/\/espoonperinneseura.net\/espoo1972\/wp-content\/uploads\/2022\/06\/IMG_9325.jpg\" data-attachment-id=\"2753\" data-type=\"image\" class=\"fg-thumb\"><span class=\"fg-image-wrap\"><img decoding=\"async\" width=\"640\" height=\"480\" class=\"skip-lazy fg-image\" data-src-fg=\"https:\/\/espoonperinneseura.net\/espoo1972\/wp-content\/uploads\/cache\/2022\/06\/IMG_9325\/1497609081.jpg\" src=\"data:image\/svg+xml,%3Csvg%20xmlns%3D%22http%3A%2F%2Fwww.w3.org%2F2000%2Fsvg%22%20width%3D%22640%22%20height%3D%22480%22%20viewBox%3D%220%200%20640%20480%22%3E%3C%2Fsvg%3E\" loading=\"eager\"><\/span><span class=\"fg-image-overlay\"><\/span><\/a><\/figure><div class=\"fg-loader\"><\/div><\/div><div class=\"fg-item fg-type-image fg-idle\"><figure class=\"fg-item-inner\"><a href=\"https:\/\/espoonperinneseura.net\/espoo1972\/wp-content\/uploads\/2022\/06\/IMG_9326.jpg\" data-attachment-id=\"2754\" data-type=\"image\" class=\"fg-thumb\"><span class=\"fg-image-wrap\"><img decoding=\"async\" width=\"640\" height=\"480\" class=\"skip-lazy fg-image\" data-src-fg=\"https:\/\/espoonperinneseura.net\/espoo1972\/wp-content\/uploads\/cache\/2022\/06\/IMG_9326\/1426216170.jpg\" src=\"data:image\/svg+xml,%3Csvg%20xmlns%3D%22http%3A%2F%2Fwww.w3.org%2F2000%2Fsvg%22%20width%3D%22640%22%20height%3D%22480%22%20viewBox%3D%220%200%20640%20480%22%3E%3C%2Fsvg%3E\" loading=\"eager\"><\/span><span class=\"fg-image-overlay\"><\/span><\/a><\/figure><div class=\"fg-loader\"><\/div><\/div><div class=\"fg-item fg-type-image fg-idle\"><figure class=\"fg-item-inner\"><a href=\"https:\/\/espoonperinneseura.net\/espoo1972\/wp-content\/uploads\/2022\/06\/IMG_9332.jpg\" data-attachment-id=\"2758\" data-type=\"image\" class=\"fg-thumb\"><span class=\"fg-image-wrap\"><img decoding=\"async\" width=\"640\" height=\"480\" class=\"skip-lazy fg-image\" data-src-fg=\"https:\/\/espoonperinneseura.net\/espoo1972\/wp-content\/uploads\/cache\/2022\/06\/IMG_9332\/4271930596.jpg\" src=\"data:image\/svg+xml,%3Csvg%20xmlns%3D%22http%3A%2F%2Fwww.w3.org%2F2000%2Fsvg%22%20width%3D%22640%22%20height%3D%22480%22%20viewBox%3D%220%200%20640%20480%22%3E%3C%2Fsvg%3E\" loading=\"eager\"><\/span><span class=\"fg-image-overlay\"><\/span><\/a><\/figure><div class=\"fg-loader\"><\/div><\/div><div class=\"fg-item fg-type-image fg-idle\"><figure class=\"fg-item-inner\"><a href=\"https:\/\/espoonperinneseura.net\/espoo1972\/wp-content\/uploads\/2022\/06\/IMG_9323.jpg\" data-attachment-id=\"2752\" data-type=\"image\" class=\"fg-thumb\"><span class=\"fg-image-wrap\"><img decoding=\"async\" width=\"640\" height=\"480\" class=\"skip-lazy fg-image\" data-src-fg=\"https:\/\/espoonperinneseura.net\/espoo1972\/wp-content\/uploads\/cache\/2022\/06\/IMG_9323\/3960684789.jpg\" src=\"data:image\/svg+xml,%3Csvg%20xmlns%3D%22http%3A%2F%2Fwww.w3.org%2F2000%2Fsvg%22%20width%3D%22640%22%20height%3D%22480%22%20viewBox%3D%220%200%20640%20480%22%3E%3C%2Fsvg%3E\" loading=\"eager\"><\/span><span class=\"fg-image-overlay\"><\/span><\/a><\/figure><div class=\"fg-loader\"><\/div><\/div><div class=\"fg-item fg-type-image fg-idle\"><figure class=\"fg-item-inner\"><a href=\"https:\/\/espoonperinneseura.net\/espoo1972\/wp-content\/uploads\/2022\/06\/IMG_9327.jpg\" data-attachment-id=\"2755\" data-type=\"image\" class=\"fg-thumb\"><span class=\"fg-image-wrap\"><img decoding=\"async\" width=\"640\" height=\"480\" class=\"skip-lazy fg-image\" data-src-fg=\"https:\/\/espoonperinneseura.net\/espoo1972\/wp-content\/uploads\/cache\/2022\/06\/IMG_9327\/3935809151.jpg\" src=\"data:image\/svg+xml,%3Csvg%20xmlns%3D%22http%3A%2F%2Fwww.w3.org%2F2000%2Fsvg%22%20width%3D%22640%22%20height%3D%22480%22%20viewBox%3D%220%200%20640%20480%22%3E%3C%2Fsvg%3E\" loading=\"eager\"><\/span><span class=\"fg-image-overlay\"><\/span><\/a><\/figure><div class=\"fg-loader\"><\/div><\/div><div class=\"fg-item fg-type-image fg-idle\"><figure class=\"fg-item-inner\"><a href=\"https:\/\/espoonperinneseura.net\/espoo1972\/wp-content\/uploads\/2022\/06\/IMG_9341.jpg\" data-attachment-id=\"2762\" data-type=\"image\" class=\"fg-thumb\"><span class=\"fg-image-wrap\"><img decoding=\"async\" width=\"640\" height=\"480\" class=\"skip-lazy fg-image\" data-src-fg=\"https:\/\/espoonperinneseura.net\/espoo1972\/wp-content\/uploads\/cache\/2022\/06\/IMG_9341\/3200193237.jpg\" src=\"data:image\/svg+xml,%3Csvg%20xmlns%3D%22http%3A%2F%2Fwww.w3.org%2F2000%2Fsvg%22%20width%3D%22640%22%20height%3D%22480%22%20viewBox%3D%220%200%20640%20480%22%3E%3C%2Fsvg%3E\" loading=\"eager\"><\/span><span class=\"fg-image-overlay\"><\/span><\/a><\/figure><div class=\"fg-loader\"><\/div><\/div><div class=\"fg-item fg-type-image fg-idle\"><figure class=\"fg-item-inner\"><a href=\"https:\/\/espoonperinneseura.net\/espoo1972\/wp-content\/uploads\/2022\/06\/IMG_9331.jpg\" data-attachment-id=\"2757\" data-type=\"image\" class=\"fg-thumb\"><span class=\"fg-image-wrap\"><img decoding=\"async\" width=\"640\" height=\"480\" class=\"skip-lazy fg-image\" data-src-fg=\"https:\/\/espoonperinneseura.net\/espoo1972\/wp-content\/uploads\/cache\/2022\/06\/IMG_9331\/3724298157.jpg\" src=\"data:image\/svg+xml,%3Csvg%20xmlns%3D%22http%3A%2F%2Fwww.w3.org%2F2000%2Fsvg%22%20width%3D%22640%22%20height%3D%22480%22%20viewBox%3D%220%200%20640%20480%22%3E%3C%2Fsvg%3E\" loading=\"eager\"><\/span><span class=\"fg-image-overlay\"><\/span><\/a><\/figure><div class=\"fg-loader\"><\/div><\/div><div class=\"fg-item fg-type-image fg-idle\"><figure class=\"fg-item-inner\"><a href=\"https:\/\/espoonperinneseura.net\/espoo1972\/wp-content\/uploads\/2022\/06\/IMG_9338.jpg\" data-attachment-id=\"2761\" data-type=\"image\" class=\"fg-thumb\"><span class=\"fg-image-wrap\"><img decoding=\"async\" width=\"640\" height=\"480\" class=\"skip-lazy fg-image\" data-src-fg=\"https:\/\/espoonperinneseura.net\/espoo1972\/wp-content\/uploads\/cache\/2022\/06\/IMG_9338\/1355901482.jpg\" src=\"data:image\/svg+xml,%3Csvg%20xmlns%3D%22http%3A%2F%2Fwww.w3.org%2F2000%2Fsvg%22%20width%3D%22640%22%20height%3D%22480%22%20viewBox%3D%220%200%20640%20480%22%3E%3C%2Fsvg%3E\" loading=\"eager\"><\/span><span class=\"fg-image-overlay\"><\/span><\/a><\/figure><div class=\"fg-loader\"><\/div><\/div><div class=\"fg-item fg-type-image fg-idle\"><figure class=\"fg-item-inner\"><a href=\"https:\/\/espoonperinneseura.net\/espoo1972\/wp-content\/uploads\/2022\/06\/IMG_9336.jpg\" data-attachment-id=\"2760\" data-type=\"image\" class=\"fg-thumb\"><span class=\"fg-image-wrap\"><img decoding=\"async\" width=\"640\" height=\"480\" class=\"skip-lazy fg-image\" data-src-fg=\"https:\/\/espoonperinneseura.net\/espoo1972\/wp-content\/uploads\/cache\/2022\/06\/IMG_9336\/912556563.jpg\" src=\"data:image\/svg+xml,%3Csvg%20xmlns%3D%22http%3A%2F%2Fwww.w3.org%2F2000%2Fsvg%22%20width%3D%22640%22%20height%3D%22480%22%20viewBox%3D%220%200%20640%20480%22%3E%3C%2Fsvg%3E\" loading=\"eager\"><\/span><span class=\"fg-image-overlay\"><\/span><\/a><\/figure><div class=\"fg-loader\"><\/div><\/div><div class=\"fg-item fg-type-image fg-idle\"><figure class=\"fg-item-inner\"><a href=\"https:\/\/espoonperinneseura.net\/espoo1972\/wp-content\/uploads\/2022\/06\/IMG_9334.jpg\" data-attachment-id=\"2759\" data-type=\"image\" class=\"fg-thumb\"><span class=\"fg-image-wrap\"><img decoding=\"async\" width=\"640\" height=\"480\" class=\"skip-lazy fg-image\" data-src-fg=\"https:\/\/espoonperinneseura.net\/espoo1972\/wp-content\/uploads\/cache\/2022\/06\/IMG_9334\/1274056552.jpg\" src=\"data:image\/svg+xml,%3Csvg%20xmlns%3D%22http%3A%2F%2Fwww.w3.org%2F2000%2Fsvg%22%20width%3D%22640%22%20height%3D%22480%22%20viewBox%3D%220%200%20640%20480%22%3E%3C%2Fsvg%3E\" loading=\"eager\"><\/span><span class=\"fg-image-overlay\"><\/span><\/a><\/figure><div class=\"fg-loader\"><\/div><\/div>\t\t<\/div>\n\t\t<div class=\"fiv-ctrls\">\n\t\t\t<button type=\"button\" class=\"fiv-prev\" title=\"Prev\"><span>Prev<\/span><\/button>\n\t\t\t<label class=\"fiv-count\"><span class=\"fiv-count-current\">1<\/span>of<span class=\"fiv-count-total\">12<\/span><\/label>\n\t\t\t<button type=\"button\" class=\"fiv-next\" title=\"Next\"><span>Next<\/span><\/button>\n\t\t<\/div>\n\t<\/div>\n<\/div>\n\n\n<p><\/p>\n\n\n\n<p>Lis\u00e4tietoa:<\/p>\n\n\n\n<p>Pirkko Kivim\u00e4ki ja Esko Uotila: Muuralan sairaala \u2013 Espoon ensimm\u00e4inen. Espoon perinneseura 2018.<br><a href=\"https:\/\/espoonperinneseura.net\/espoo1972\/wp-content\/uploads\/2022\/06\/Muuralan-sairaala-net.pdf\">Muuralan sairaala<\/a> (pdf)<\/p>\n\n\n\n<p>Kristiina Alppivuori: <a href=\"https:\/\/static.espoo.fi\/cdn\/ff\/qxUz6fnV-ELSX61TVCEg8FEI8lYTIYgwIUgO1gc-SQs\/1632295672\/public\/2021-09\/Terveystoimen%20kehitys%20Espoossa%201929-1995.pdf\" target=\"_blank\" rel=\"noreferrer noopener\">Terveystoimen kehitys Espoossa 1929\u20131995<\/a>. Espoon kaupunki 2020.<\/p>\n","protected":false},"excerpt":{"rendered":"<p>Esko Uotila Muurala oli Espoon ensimm\u00e4inen sairaala. Se valmistui vuonna 1920. Sairaalaan kuului kolme pihan ymp\u00e4rille sijoitetusta hirsisest\u00e4 rakennuk\u00adsesta. Tiloissa toimi Espoon kunnansairaala, joka muuttui 1958 paikallissairaalaksi ja my\u00f6hemmin terveyskeskuksen vuodeosastoksi. Vuodesta alkaen se toimi p\u00e4iv\u00e4sairaalana. Toiminta siirtyi kev\u00e4\u00e4ll\u00e4 2017 uuteen Espoon sairaalaan. Muuralan sairaalan esittely Puolarmets\u00e4n sairaala valmistui vuonna 1977. Sairaalan lis\u00e4ksi tiloissa ovat&hellip; <a class=\"more-link\" href=\"https:\/\/espoonperinneseura.net\/espoo1972\/historiapolku\/taulu-9\/\">Jatka lukemista <span class=\"screen-reader-text\">Historiapolku: Espoon sairaalat<\/span><\/a><\/p>\n","protected":false},"author":1,"featured_media":0,"parent":2734,"menu_order":56,"comment_status":"closed","ping_status":"closed","template":"","meta":{"_eb_attr":"","_exactmetrics_skip_tracking":false,"_exactmetrics_sitenote_active":false,"_exactmetrics_sitenote_note":"","_exactmetrics_sitenote_category":0,"footnotes":""},"class_list":["post-2736","page","type-page","status-publish","hentry","entry"],"_links":{"self":[{"href":"https:\/\/espoonperinneseura.net\/espoo1972\/wp-json\/wp\/v2\/pages\/2736","targetHints":{"allow":["GET"]}}],"collection":[{"href":"https:\/\/espoonperinneseura.net\/espoo1972\/wp-json\/wp\/v2\/pages"}],"about":[{"href":"https:\/\/espoonperinneseura.net\/espoo1972\/wp-json\/wp\/v2\/types\/page"}],"author":[{"embeddable":true,"href":"https:\/\/espoonperinneseura.net\/espoo1972\/wp-json\/wp\/v2\/users\/1"}],"replies":[{"embeddable":true,"href":"https:\/\/espoonperinneseura.net\/espoo1972\/wp-json\/wp\/v2\/comments?post=2736"}],"version-history":[{"count":35,"href":"https:\/\/espoonperinneseura.net\/espoo1972\/wp-json\/wp\/v2\/pages\/2736\/revisions"}],"predecessor-version":[{"id":3907,"href":"https:\/\/espoonperinneseura.net\/espoo1972\/wp-json\/wp\/v2\/pages\/2736\/revisions\/3907"}],"up":[{"embeddable":true,"href":"https:\/\/espoonperinneseura.net\/espoo1972\/wp-json\/wp\/v2\/pages\/2734"}],"wp:attachment":[{"href":"https:\/\/espoonperinneseura.net\/espoo1972\/wp-json\/wp\/v2\/media?parent=2736"}],"curies":[{"name":"wp","href":"https:\/\/api.w.org\/{rel}","templated":true}]}}