{"id":2796,"date":"2022-06-03T10:23:58","date_gmt":"2022-06-03T07:23:58","guid":{"rendered":"https:\/\/espoonperinneseura.net\/espoo1972\/?page_id=2796"},"modified":"2022-08-14T08:30:04","modified_gmt":"2022-08-14T05:30:04","slug":"taulu-2","status":"publish","type":"page","link":"https:\/\/espoonperinneseura.net\/espoo1972\/historiapolku\/taulu-2\/","title":{"rendered":"Historiapolku: Espoon v\u00e4kim\u00e4\u00e4r\u00e4 kasvaa"},"content":{"rendered":"<div style=\"width: 100%;\">\r\n<div style=\"float: right; max-width: 35%;\"><a href=\"https:\/\/espoonperinneseura.net\/espoo1972\/historiapolku\/\"><img loading=\"lazy\" decoding=\"async\" class=\"alignright size-medium wp-image-3607\" style=\"float: right; width: 100%; height: auto;\" src=\"https:\/\/espoonperinneseura.net\/espoo1972\/wp-content\/uploads\/2022\/07\/Historiapolun-alkuun-300x38.jpg\" alt=\"\" width=\"200\" height=\"26\" srcset=\"https:\/\/espoonperinneseura.net\/espoo1972\/wp-content\/uploads\/2022\/07\/Historiapolun-alkuun-300x38.jpg 300w, https:\/\/espoonperinneseura.net\/espoo1972\/wp-content\/uploads\/2022\/07\/Historiapolun-alkuun-1024x131.jpg 1024w, https:\/\/espoonperinneseura.net\/espoo1972\/wp-content\/uploads\/2022\/07\/Historiapolun-alkuun-768x99.jpg 768w, https:\/\/espoonperinneseura.net\/espoo1972\/wp-content\/uploads\/2022\/07\/Historiapolun-alkuun-1536x197.jpg 1536w, https:\/\/espoonperinneseura.net\/espoo1972\/wp-content\/uploads\/2022\/07\/Historiapolun-alkuun-2048x263.jpg 2048w, https:\/\/espoonperinneseura.net\/espoo1972\/wp-content\/uploads\/2022\/07\/Historiapolun-alkuun-1568x201.jpg 1568w\" sizes=\"auto, (max-width: 200px) 100vw, 200px\" \/><\/a><\/div>\r\n<p><em>Esko Uotila<\/em><\/p>\r\n<\/div>\r\n\r\n<p class=\"has-large-font-size\"><strong>Nopeaa v\u00e4est\u00f6nkasvua<\/strong><\/p>\r\n\r\n\r\n\r\n<p>Espoossa on asuttu jo tuhansia vuosia. Espoo oli perinteinen rannikko- ja maalaispit\u00e4j\u00e4 viime vuosisadan puoliv\u00e4liin saakka. Asukasluku k\u00e4\u00e4ntyi voimakkaaseen kasvuun sotien j\u00e4lkeen maan sis\u00e4isen muuttoliikkeen vuoksi. Kaupan, palvelujen ja teollisuuden ty\u00f6voiman tarve muutti v\u00e4est\u00f6rakennetta nopeasti, ja Espoo kasvu kaupungiksi p\u00e4\u00e4si alkamaan.<\/p>\r\n\r\n\r\n\r\n<p>Espoon v\u00e4kim\u00e4\u00e4r\u00e4 ylitti 100 000 vuonna 1971. Tuolloin Espoon v\u00e4est\u00f6 kasvoi 6 265 asukkaalla. T\u00e4m\u00e4 on enemm\u00e4n kuin min\u00e4\u00e4n vuonna sit\u00e4 ennen tai sen j\u00e4lkeen. 200 000 asukkaan raja ylittyi vuonna 1997.<\/p>\r\n\r\n\r\n\r\n<p>Espoossa oli vuoden 2022 alussa 297 132 asukasta, ja 300 000 asukkaan raja ylittyi kes\u00e4ll\u00e4. Suuralueista eniten kasvoivat Suur-Lepp\u00e4vaara ja Suur-Tapiola. Asukaslukuun suhteutettuna kasvu oli suurinta Suur-Kauklahdessa.<\/p>\r\n\r\n\r\n\r\n<div style=\"margin: 0 auto; clear: both;\">\r\n<div style=\"float: left; width: 100%; max-width: 669px; min-width: 400px; margin-left: 1%;\">\r\n<figure><img decoding=\"async\" src=\"https:\/\/espoonperinneseura.net\/espoo1972\/wp-content\/uploads\/2021\/12\/Vaesto-1880-2020-1024x670.jpg\" \/>\r\n<figcaption>Espoon v\u00e4est\u00f6kehitys vuosina 1880 &#8211; 2020<\/figcaption>\r\n<\/figure>\r\n<\/div>\r\n<\/div>\r\n<div style=\"margin: 0 auto; clear: both;\">\u00a0<\/div>\r\n\r\n\r\n\r\n<p class=\"has-large-font-size\"><strong>Alueiden v\u00e4lill\u00e4 suuria eroja<\/strong><\/p>\r\n\r\n\r\n\r\n<p>1970-luvun alussa Tapiola oli Espoon suuralueista v\u00e4kirikkain. Asuntos\u00e4\u00e4ti\u00f6n toteuttama Tapiolan rakentaminen toi alueelle paljon uusia asukkaita. Sen j\u00e4lkeen sek\u00e4 Suur-Lepp\u00e4vaara ett\u00e4 Suur-Espoonlahti ovat kasvaneet suuremmiksi. My\u00f6s Suur-Matinkyl\u00e4n ja Vanhan-Espoon v\u00e4kiluku on kasvamassa nopeasti.<\/p>\r\n\r\n\r\n\r\n<p>Espoo suuntaa kaupungin kasvun erityisesti l\u00e4nsimetron, sen jatkeen, Raide-Jokerin ja kaupunkiradan ymp\u00e4rist\u00f6\u00f6n. Kaupunkikeskukset tulevat t\u00e4m\u00e4n mukaisesti kasvamaan edelleen nopeasti. Ennen L\u00e4nsimetron liikenteen k\u00e4ynnistymist\u00e4 marraskuussa 2017 Espoon valtav\u00e4yli\u00e4 olivat rautatie, L\u00e4nsiv\u00e4yl\u00e4 ja Turunv\u00e4yl\u00e4.<\/p>\r\n\r\n\r\n\r\n<div style=\"margin: 0 auto; clear: both;\">\r\n<div style=\"float: left; width: 100%; max-width: 669px; min-width: 400px; margin-left: 1%;\">\r\n<figure><img decoding=\"async\" src=\"https:\/\/espoonperinneseura.net\/espoo1972\/wp-content\/uploads\/2021\/12\/Espoon-vaesto-1974-2020a-819x1024.jpg\" \/>\r\n<figcaption>Espoon v\u00e4kim\u00e4\u00e4r\u00e4 vuosina 1974 ja 2020<\/figcaption>\r\n<\/figure>\r\n<\/div>\r\n<\/div>\r\n<div style=\"margin: 0 auto; clear: both;\">\u00a0<\/div>\r\n\r\n\r\n\r\n<p>Espoo on k\u00e4ynnist\u00e4m\u00e4ss\u00e4 yleiskaavojen ajantasaisuuden tarkistamisen. Siin\u00e4 yhteydess\u00e4 analysoidaan kaupunkiin tulo- ja l\u00e4ht\u00f6muuton syit\u00e4 sek\u00e4 selvitet\u00e4\u00e4n asukkaiden n\u00e4kemyksi\u00e4 toivotusta asuinymp\u00e4rist\u00f6st\u00e4.<\/p>\r\n","protected":false},"excerpt":{"rendered":"<p>Esko Uotila Nopeaa v\u00e4est\u00f6nkasvua Espoossa on asuttu jo tuhansia vuosia. Espoo oli perinteinen rannikko- ja maalaispit\u00e4j\u00e4 viime vuosisadan puoliv\u00e4liin saakka. Asukasluku k\u00e4\u00e4ntyi voimakkaaseen kasvuun sotien j\u00e4lkeen maan sis\u00e4isen muuttoliikkeen vuoksi. Kaupan, palvelujen ja teollisuuden ty\u00f6voiman tarve muutti v\u00e4est\u00f6rakennetta nopeasti, ja Espoo kasvu kaupungiksi p\u00e4\u00e4si alkamaan. Espoon v\u00e4kim\u00e4\u00e4r\u00e4 ylitti 100 000 vuonna 1971. Tuolloin Espoon v\u00e4est\u00f6&hellip; <a class=\"more-link\" href=\"https:\/\/espoonperinneseura.net\/espoo1972\/historiapolku\/taulu-2\/\">Jatka lukemista <span class=\"screen-reader-text\">Historiapolku: Espoon v\u00e4kim\u00e4\u00e4r\u00e4 kasvaa<\/span><\/a><\/p>\n","protected":false},"author":1,"featured_media":0,"parent":2734,"menu_order":58,"comment_status":"closed","ping_status":"closed","template":"","meta":{"_eb_attr":"","_exactmetrics_skip_tracking":false,"_exactmetrics_sitenote_active":false,"_exactmetrics_sitenote_note":"","_exactmetrics_sitenote_category":0,"footnotes":""},"class_list":["post-2796","page","type-page","status-publish","hentry","entry"],"_links":{"self":[{"href":"https:\/\/espoonperinneseura.net\/espoo1972\/wp-json\/wp\/v2\/pages\/2796","targetHints":{"allow":["GET"]}}],"collection":[{"href":"https:\/\/espoonperinneseura.net\/espoo1972\/wp-json\/wp\/v2\/pages"}],"about":[{"href":"https:\/\/espoonperinneseura.net\/espoo1972\/wp-json\/wp\/v2\/types\/page"}],"author":[{"embeddable":true,"href":"https:\/\/espoonperinneseura.net\/espoo1972\/wp-json\/wp\/v2\/users\/1"}],"replies":[{"embeddable":true,"href":"https:\/\/espoonperinneseura.net\/espoo1972\/wp-json\/wp\/v2\/comments?post=2796"}],"version-history":[{"count":6,"href":"https:\/\/espoonperinneseura.net\/espoo1972\/wp-json\/wp\/v2\/pages\/2796\/revisions"}],"predecessor-version":[{"id":3905,"href":"https:\/\/espoonperinneseura.net\/espoo1972\/wp-json\/wp\/v2\/pages\/2796\/revisions\/3905"}],"up":[{"embeddable":true,"href":"https:\/\/espoonperinneseura.net\/espoo1972\/wp-json\/wp\/v2\/pages\/2734"}],"wp:attachment":[{"href":"https:\/\/espoonperinneseura.net\/espoo1972\/wp-json\/wp\/v2\/media?parent=2796"}],"curies":[{"name":"wp","href":"https:\/\/api.w.org\/{rel}","templated":true}]}}