{"id":2798,"date":"2022-06-04T13:27:42","date_gmt":"2022-06-04T10:27:42","guid":{"rendered":"https:\/\/espoonperinneseura.net\/espoo1972\/?page_id=2798"},"modified":"2022-08-14T08:29:12","modified_gmt":"2022-08-14T05:29:12","slug":"taulu-3","status":"publish","type":"page","link":"https:\/\/espoonperinneseura.net\/espoo1972\/historiapolku\/taulu-3\/","title":{"rendered":"Historiapolku: Espoon maank\u00e4yt\u00f6n muutoksia"},"content":{"rendered":"<div style=\"width: 100%;\">\r\n<div style=\"float: right; max-width: 35%;\"><a href=\"https:\/\/espoonperinneseura.net\/espoo1972\/historiapolku\/\"><img loading=\"lazy\" decoding=\"async\" class=\"alignright size-medium wp-image-3607\" style=\"float: right; width: 100%; height: auto;\" src=\"https:\/\/espoonperinneseura.net\/espoo1972\/wp-content\/uploads\/2022\/07\/Historiapolun-alkuun-300x38.jpg\" alt=\"\" width=\"200\" height=\"26\" srcset=\"https:\/\/espoonperinneseura.net\/espoo1972\/wp-content\/uploads\/2022\/07\/Historiapolun-alkuun-300x38.jpg 300w, https:\/\/espoonperinneseura.net\/espoo1972\/wp-content\/uploads\/2022\/07\/Historiapolun-alkuun-1024x131.jpg 1024w, https:\/\/espoonperinneseura.net\/espoo1972\/wp-content\/uploads\/2022\/07\/Historiapolun-alkuun-768x99.jpg 768w, https:\/\/espoonperinneseura.net\/espoo1972\/wp-content\/uploads\/2022\/07\/Historiapolun-alkuun-1536x197.jpg 1536w, https:\/\/espoonperinneseura.net\/espoo1972\/wp-content\/uploads\/2022\/07\/Historiapolun-alkuun-2048x263.jpg 2048w, https:\/\/espoonperinneseura.net\/espoo1972\/wp-content\/uploads\/2022\/07\/Historiapolun-alkuun-1568x201.jpg 1568w\" sizes=\"auto, (max-width: 200px) 100vw, 200px\" \/><\/a><\/div>\r\n<p><em>Esko Uotila<\/em><\/p>\r\n<\/div>\r\n\r\n<p class=\"has-large-font-size\">Maalaispit\u00e4j\u00e4st\u00e4 kasvavaksi kaupungiksi<\/p>\r\n\r\n\r\n\r\n<p>Espoo on rakennettu kartanoiden ja maatilojen entisille maille. Tapiola ja Otaniemi ovat 1950-luvulta alkaen kasvaneet Hagalundin ja Otn\u00e4sin kartanoiden maille. Lepp\u00e4vaara on rakennettu suurelta osin Albergan kartanon maille. My\u00f6s muissa kaupunginosissa viljelys- ja mets\u00e4maat on v\u00e4hitellen otettu asunto- ja toimitilarakentamisen ja kaupunkiymp\u00e4rist\u00f6n k\u00e4ytt\u00f6\u00f6n.<\/p>\r\n\r\n\r\n\r\n<figure class=\"wp-block-image size-large is-resized\"><img loading=\"lazy\" decoding=\"async\" class=\"wp-image-1937\" src=\"https:\/\/espoonperinneseura.net\/espoo1972\/wp-content\/uploads\/2022\/02\/Yleiskaavaluonnos-1968-714x1024.jpg\" alt=\"\" width=\"536\" height=\"768\" srcset=\"https:\/\/espoonperinneseura.net\/espoo1972\/wp-content\/uploads\/2022\/02\/Yleiskaavaluonnos-1968-714x1024.jpg 714w, https:\/\/espoonperinneseura.net\/espoo1972\/wp-content\/uploads\/2022\/02\/Yleiskaavaluonnos-1968-209x300.jpg 209w, https:\/\/espoonperinneseura.net\/espoo1972\/wp-content\/uploads\/2022\/02\/Yleiskaavaluonnos-1968-768x1101.jpg 768w, https:\/\/espoonperinneseura.net\/espoo1972\/wp-content\/uploads\/2022\/02\/Yleiskaavaluonnos-1968-1071x1536.jpg 1071w, https:\/\/espoonperinneseura.net\/espoo1972\/wp-content\/uploads\/2022\/02\/Yleiskaavaluonnos-1968-1428x2048.jpg 1428w, https:\/\/espoonperinneseura.net\/espoo1972\/wp-content\/uploads\/2022\/02\/Yleiskaavaluonnos-1968-1568x2248.jpg 1568w, https:\/\/espoonperinneseura.net\/espoo1972\/wp-content\/uploads\/2022\/02\/Yleiskaavaluonnos-1968-scaled.jpg 1785w\" sizes=\"auto, (max-width: 536px) 100vw, 536px\" \/>\r\n<figcaption>Espoon yleiskaavaluonnos vuodelta 1968<\/figcaption>\r\n<\/figure>\r\n\r\n\r\n\r\n<p class=\"has-large-font-size\">Maatalous v\u00e4istyy kaupunkirakentamisen tielt\u00e4<\/p>\r\n\r\n\r\n\r\n<p>Espoossa oli 50 vuotta sitten yli 100 maatilaa. Luonnonvarakeskuksen tilastojen mukaan Espoossa oli vuonna 2021 en\u00e4\u00e4 33 maatalous- ja puutarhayrityst\u00e4. Kaupungissa ei tuolloin ollut yht\u00e4\u00e4n lehm\u00e4\u00e4, mutta hevosia oli yli 20 hevostilalla.<\/p>\r\n\r\n\r\n\r\n<p>Aikaisemmin viljeltyin\u00e4 olleita peltoja on otettu laajasti virkistysk\u00e4ytt\u00f6\u00f6n. Espoolaisille on tarjolla golf- ja frisbeekentti\u00e4, viljelypalstoja, siirtolapuutarhoja, hedelm\u00e4- ja marjatiloja sek\u00e4 ratsastuskentti\u00e4.<\/p>\r\n\r\n\r\n\r\n<figure class=\"wp-block-gallery has-nested-images columns-default is-cropped wp-block-gallery-1 is-layout-flex wp-block-gallery-is-layout-flex\">\r\n<figure class=\"wp-block-image size-large\"><img loading=\"lazy\" decoding=\"async\" width=\"2560\" height=\"1437\" data-id=\"2839\" class=\"wp-image-2839\" src=\"https:\/\/espoonperinneseura.net\/espoo1972\/wp-content\/uploads\/2022\/06\/IMG_2111-Snettans-1.5.2019-1-scaled.jpg\" alt=\"\" srcset=\"https:\/\/espoonperinneseura.net\/espoo1972\/wp-content\/uploads\/2022\/06\/IMG_2111-Snettans-1.5.2019-1-scaled.jpg 2560w, https:\/\/espoonperinneseura.net\/espoo1972\/wp-content\/uploads\/2022\/06\/IMG_2111-Snettans-1.5.2019-1-300x168.jpg 300w, https:\/\/espoonperinneseura.net\/espoo1972\/wp-content\/uploads\/2022\/06\/IMG_2111-Snettans-1.5.2019-1-1024x575.jpg 1024w, https:\/\/espoonperinneseura.net\/espoo1972\/wp-content\/uploads\/2022\/06\/IMG_2111-Snettans-1.5.2019-1-768x431.jpg 768w, https:\/\/espoonperinneseura.net\/espoo1972\/wp-content\/uploads\/2022\/06\/IMG_2111-Snettans-1.5.2019-1-1536x862.jpg 1536w, https:\/\/espoonperinneseura.net\/espoo1972\/wp-content\/uploads\/2022\/06\/IMG_2111-Snettans-1.5.2019-1-2048x1150.jpg 2048w, https:\/\/espoonperinneseura.net\/espoo1972\/wp-content\/uploads\/2022\/06\/IMG_2111-Snettans-1.5.2019-1-1568x880.jpg 1568w\" sizes=\"auto, (max-width: 2560px) 100vw, 2560px\" \/>\r\n<figcaption>Ratsuhevosia Snettansin tallilla<\/figcaption>\r\n<\/figure>\r\n\r\n\r\n\r\n<figure class=\"wp-block-image size-large\"><img loading=\"lazy\" decoding=\"async\" width=\"2560\" height=\"1437\" data-id=\"2843\" class=\"wp-image-2843\" src=\"https:\/\/espoonperinneseura.net\/espoo1972\/wp-content\/uploads\/2022\/06\/IMG_3115-Traskandan-puutarha-17.5.2019-scaled.jpg\" alt=\"\" srcset=\"https:\/\/espoonperinneseura.net\/espoo1972\/wp-content\/uploads\/2022\/06\/IMG_3115-Traskandan-puutarha-17.5.2019-scaled.jpg 2560w, https:\/\/espoonperinneseura.net\/espoo1972\/wp-content\/uploads\/2022\/06\/IMG_3115-Traskandan-puutarha-17.5.2019-300x168.jpg 300w, https:\/\/espoonperinneseura.net\/espoo1972\/wp-content\/uploads\/2022\/06\/IMG_3115-Traskandan-puutarha-17.5.2019-1024x575.jpg 1024w, https:\/\/espoonperinneseura.net\/espoo1972\/wp-content\/uploads\/2022\/06\/IMG_3115-Traskandan-puutarha-17.5.2019-768x431.jpg 768w, https:\/\/espoonperinneseura.net\/espoo1972\/wp-content\/uploads\/2022\/06\/IMG_3115-Traskandan-puutarha-17.5.2019-1536x862.jpg 1536w, https:\/\/espoonperinneseura.net\/espoo1972\/wp-content\/uploads\/2022\/06\/IMG_3115-Traskandan-puutarha-17.5.2019-2048x1150.jpg 2048w, https:\/\/espoonperinneseura.net\/espoo1972\/wp-content\/uploads\/2022\/06\/IMG_3115-Traskandan-puutarha-17.5.2019-1568x880.jpg 1568w\" sizes=\"auto, (max-width: 2560px) 100vw, 2560px\" \/>\r\n<figcaption>Tr\u00e4sk\u00e4ndan Kauppapuutarhan kasvihuone<\/figcaption>\r\n<\/figure>\r\n<\/figure>\r\n\r\n\r\n\r\n<figure class=\"wp-block-image size-large\" style=\"max-width: 450px;\"><img loading=\"lazy\" decoding=\"async\" width=\"896\" height=\"931\" class=\"wp-image-2835\" src=\"https:\/\/espoonperinneseura.net\/espoo1972\/wp-content\/uploads\/2022\/06\/Espoon-golfkentat.jpg\" alt=\"\" srcset=\"https:\/\/espoonperinneseura.net\/espoo1972\/wp-content\/uploads\/2022\/06\/Espoon-golfkentat.jpg 896w, https:\/\/espoonperinneseura.net\/espoo1972\/wp-content\/uploads\/2022\/06\/Espoon-golfkentat-289x300.jpg 289w, https:\/\/espoonperinneseura.net\/espoo1972\/wp-content\/uploads\/2022\/06\/Espoon-golfkentat-768x798.jpg 768w\" sizes=\"auto, (max-width: 896px) 100vw, 896px\" \/>\r\n<figcaption>Espoon golfkent\u00e4t Tapiolan ja Otaniemen kartalla<\/figcaption>\r\n<\/figure>\r\n\r\n\r\n\r\n<p><strong>Maatiloja kartalla<\/strong><\/p>\r\n\r\n\r\n\r\n<p>Tutustu espoolaisiin maatiloihin ja niiden maiden uusiin k\u00e4ytt\u00f6tarkoituksiin karttasovelluksen avulla. Siirry kartalle:\u00a0<strong><a href=\"https:\/\/espoonperinneseura.net\/maatilat.html\" target=\"_blank\" rel=\"noreferrer noopener\">Maatiloja Espoossa<\/a><\/strong><\/p>\r\n\r\n\r\n\r\n<p>&nbsp;<\/p>\r\n","protected":false},"excerpt":{"rendered":"<p>Esko Uotila Maalaispit\u00e4j\u00e4st\u00e4 kasvavaksi kaupungiksi Espoo on rakennettu kartanoiden ja maatilojen entisille maille. Tapiola ja Otaniemi ovat 1950-luvulta alkaen kasvaneet Hagalundin ja Otn\u00e4sin kartanoiden maille. Lepp\u00e4vaara on rakennettu suurelta osin Albergan kartanon maille. My\u00f6s muissa kaupunginosissa viljelys- ja mets\u00e4maat on v\u00e4hitellen otettu asunto- ja toimitilarakentamisen ja kaupunkiymp\u00e4rist\u00f6n k\u00e4ytt\u00f6\u00f6n. Maatalous v\u00e4istyy kaupunkirakentamisen tielt\u00e4 Espoossa oli 50&hellip; <a class=\"more-link\" href=\"https:\/\/espoonperinneseura.net\/espoo1972\/historiapolku\/taulu-3\/\">Jatka lukemista <span class=\"screen-reader-text\">Historiapolku: Espoon maank\u00e4yt\u00f6n muutoksia<\/span><\/a><\/p>\n","protected":false},"author":1,"featured_media":0,"parent":2734,"menu_order":55,"comment_status":"closed","ping_status":"closed","template":"","meta":{"_eb_attr":"","_exactmetrics_skip_tracking":false,"_exactmetrics_sitenote_active":false,"_exactmetrics_sitenote_note":"","_exactmetrics_sitenote_category":0,"footnotes":""},"class_list":["post-2798","page","type-page","status-publish","hentry","entry"],"_links":{"self":[{"href":"https:\/\/espoonperinneseura.net\/espoo1972\/wp-json\/wp\/v2\/pages\/2798","targetHints":{"allow":["GET"]}}],"collection":[{"href":"https:\/\/espoonperinneseura.net\/espoo1972\/wp-json\/wp\/v2\/pages"}],"about":[{"href":"https:\/\/espoonperinneseura.net\/espoo1972\/wp-json\/wp\/v2\/types\/page"}],"author":[{"embeddable":true,"href":"https:\/\/espoonperinneseura.net\/espoo1972\/wp-json\/wp\/v2\/users\/1"}],"replies":[{"embeddable":true,"href":"https:\/\/espoonperinneseura.net\/espoo1972\/wp-json\/wp\/v2\/comments?post=2798"}],"version-history":[{"count":23,"href":"https:\/\/espoonperinneseura.net\/espoo1972\/wp-json\/wp\/v2\/pages\/2798\/revisions"}],"predecessor-version":[{"id":3903,"href":"https:\/\/espoonperinneseura.net\/espoo1972\/wp-json\/wp\/v2\/pages\/2798\/revisions\/3903"}],"up":[{"embeddable":true,"href":"https:\/\/espoonperinneseura.net\/espoo1972\/wp-json\/wp\/v2\/pages\/2734"}],"wp:attachment":[{"href":"https:\/\/espoonperinneseura.net\/espoo1972\/wp-json\/wp\/v2\/media?parent=2798"}],"curies":[{"name":"wp","href":"https:\/\/api.w.org\/{rel}","templated":true}]}}