{"id":2800,"date":"2022-06-11T06:01:39","date_gmt":"2022-06-11T03:01:39","guid":{"rendered":"https:\/\/espoonperinneseura.net\/espoo1972\/?page_id=2800"},"modified":"2023-01-03T02:35:41","modified_gmt":"2023-01-03T00:35:41","slug":"taulu-4","status":"publish","type":"page","link":"https:\/\/espoonperinneseura.net\/espoo1972\/historiapolku\/taulu-4\/","title":{"rendered":"Historiapolku: Lagstadista Otaniemen kansainv\u00e4liselle kampukselle"},"content":{"rendered":"<!-- Added by Post\/Page Specific Custom Code plugin, thank you for using! -->\n<style>.entry-title,  .entry-header {\r\n\tdisplay: none;\r\n}<\/style>\n<h5>Koulutuksen kehittyminen Espoossa<\/h5>\r\n\r\n<div style=\"margin: auto\">\r\n<div class=\"btn\"><a class=\"btn-text\" style=\"color: #000\" href=\"https:\/\/espoonperinneseura.net\/espoo1972\/koulutus-espoossa-1970-luvulla\/\">1970-luku<\/a><\/div>\r\n<div class=\"btn\"><a class=\"btn-text\" style=\"color: #000\" href=\"https:\/\/espoonperinneseura.net\/espoo1972\/koulutus-espoossa-1980-luvulla\/\">1980-luku<\/a><\/div>\r\n<div class=\"btn\"><a class=\"btn-text\" style=\"color: #000\" href=\"https:\/\/espoonperinneseura.net\/espoo1972\/koulutus-espoossa-1990-luvulla\/\">1990-luku<\/a><\/div>\r\n<div class=\"btn\"><a class=\"btn-text\" style=\"color: #000\" href=\"https:\/\/espoonperinneseura.net\/espoo1972\/koulutus-espoossa-2000-luvulla\/\">2000-luku<\/a><\/div>\r\n<div class=\"btn\"><a class=\"btn-text\" style=\"color: #000\" href=\"https:\/\/espoonperinneseura.net\/espoo1972\/koulutus-espoossa-2010-luvulla\/\">2010-luku<\/a><\/div>\r\n<div class=\"btn\"><a class=\"btn-text\" style=\"color: #000\" href=\"https:\/\/espoonperinneseura.net\/espoo1972\/koulutus-espoossa-2020-luvulla\/\">2020-luku<\/a><\/div>\r\n<\/div>\r\n\r\n<h3 style=\"clear: both;padding-top: 25px\">Historiapolku: Lagstadista Otaniemen kansainv\u00e4liselle kampukselle<\/h3>\r\n<div style=\"width: 100%\">\r\n<div style=\"float: right;max-width: 35%\"><a href=\"https:\/\/espoonperinneseura.net\/espoo1972\/historiapolku\/\"><img loading=\"lazy\" decoding=\"async\" class=\"alignright size-medium wp-image-3607\" style=\"float: right;width: 100%;height: auto\" src=\"https:\/\/espoonperinneseura.net\/espoo1972\/wp-content\/uploads\/2022\/07\/Historiapolun-alkuun-300x38.jpg\" alt=\"\" width=\"200\" height=\"26\" srcset=\"https:\/\/espoonperinneseura.net\/espoo1972\/wp-content\/uploads\/2022\/07\/Historiapolun-alkuun-300x38.jpg 300w, https:\/\/espoonperinneseura.net\/espoo1972\/wp-content\/uploads\/2022\/07\/Historiapolun-alkuun-1024x131.jpg 1024w, https:\/\/espoonperinneseura.net\/espoo1972\/wp-content\/uploads\/2022\/07\/Historiapolun-alkuun-768x99.jpg 768w, https:\/\/espoonperinneseura.net\/espoo1972\/wp-content\/uploads\/2022\/07\/Historiapolun-alkuun-1536x197.jpg 1536w, https:\/\/espoonperinneseura.net\/espoo1972\/wp-content\/uploads\/2022\/07\/Historiapolun-alkuun-2048x263.jpg 2048w, https:\/\/espoonperinneseura.net\/espoo1972\/wp-content\/uploads\/2022\/07\/Historiapolun-alkuun-1568x201.jpg 1568w\" sizes=\"auto, (max-width: 200px) 100vw, 200px\" \/><\/a><\/div>\r\n<p><em>Martti Hellstr\u00f6m ja Marjatta Kuitunen<\/em><\/p>\r\n<\/div>\r\n\r\n<p>Espoon ensimm\u00e4inen kansakoulu, Lagstads folkskola, valmistui 1873 pit\u00e4j\u00e4n yhteiseksi tytt\u00f6jen ja poikien kouluksi S\u00f6drikin kyl\u00e4\u00e4n Espoon Kirkon l\u00e4helle. Ensimm\u00e4inen suomenkielinen kunnallinen kansakoulu, \u00c5minnen suomalainen kansakoulu, aloitti toimintansa 1891.<\/p>\r\n\r\n\r\n\r\n<figure class=\"wp-block-image size-large is-resized\"><img loading=\"lazy\" decoding=\"async\" class=\"wp-image-2867\" src=\"https:\/\/espoonperinneseura.net\/espoo1972\/wp-content\/uploads\/2022\/06\/Lagstad-1024x605.jpg\" alt=\"\" width=\"768\" height=\"454\" srcset=\"https:\/\/espoonperinneseura.net\/espoo1972\/wp-content\/uploads\/2022\/06\/Lagstad-1024x605.jpg 1024w, https:\/\/espoonperinneseura.net\/espoo1972\/wp-content\/uploads\/2022\/06\/Lagstad-300x177.jpg 300w, https:\/\/espoonperinneseura.net\/espoo1972\/wp-content\/uploads\/2022\/06\/Lagstad-768x454.jpg 768w, https:\/\/espoonperinneseura.net\/espoo1972\/wp-content\/uploads\/2022\/06\/Lagstad-1536x908.jpg 1536w, https:\/\/espoonperinneseura.net\/espoo1972\/wp-content\/uploads\/2022\/06\/Lagstad-2048x1210.jpg 2048w, https:\/\/espoonperinneseura.net\/espoo1972\/wp-content\/uploads\/2022\/06\/Lagstad-1568x927.jpg 1568w\" sizes=\"auto, (max-width: 768px) 100vw, 768px\" \/>\r\n<figcaption>Lagstads\u00a0folkskola, nykyisin Lagstadin kotiseututalo. Kuva: Esko Uotila.<\/figcaption>\r\n<\/figure>\r\n\r\n\r\n\r\n<p>Espoossa k\u00e4ytiin kansakoulua yli sadan vuoden ajan. Peruskouluun siirryttiin 1977, ja my\u00f6s muu koulutus jatkoi levi\u00e4mist\u00e4\u00e4n nopeasti kaikkialle Espooseen. Espoo kasvoi maalaiskunnasta Suomen suurimpien kaupunkien joukkoon. Juhlavuonna 2022 v\u00e4kiluku ylitti 300 000.<\/p>\r\n\r\n\r\n\r\n<p>Suomen elinkeinoel\u00e4m\u00e4n modernisointi tarvitsi osaavia tekij\u00f6it\u00e4. Teknillinen korkeakoulu muutti Helsingist\u00e4 Otaniemeen 1950-luvun lopulta alkaen. Vuodesta 1966 l\u00e4htien TKK toimi sit\u00e4 varten rakennetulla kampuksella.<\/p>\r\n\r\n\r\n\r\n<figure class=\"wp-block-image size-large is-resized\"><img loading=\"lazy\" decoding=\"async\" class=\"wp-image-2868\" src=\"https:\/\/espoonperinneseura.net\/espoo1972\/wp-content\/uploads\/2022\/06\/TKK-1024x544.jpg\" alt=\"\" width=\"768\" height=\"408\" srcset=\"https:\/\/espoonperinneseura.net\/espoo1972\/wp-content\/uploads\/2022\/06\/TKK-1024x544.jpg 1024w, https:\/\/espoonperinneseura.net\/espoo1972\/wp-content\/uploads\/2022\/06\/TKK-300x159.jpg 300w, https:\/\/espoonperinneseura.net\/espoo1972\/wp-content\/uploads\/2022\/06\/TKK-768x408.jpg 768w, https:\/\/espoonperinneseura.net\/espoo1972\/wp-content\/uploads\/2022\/06\/TKK-1536x816.jpg 1536w, https:\/\/espoonperinneseura.net\/espoo1972\/wp-content\/uploads\/2022\/06\/TKK-2048x1088.jpg 2048w, https:\/\/espoonperinneseura.net\/espoo1972\/wp-content\/uploads\/2022\/06\/TKK-1568x833.jpg 1568w\" sizes=\"auto, (max-width: 768px) 100vw, 768px\" \/>\r\n<figcaption>Teknillisen korkeakoulun p\u00e4\u00e4rakennus, nykyisin Aalto-yliopiston Kandidaattikeskus. Kuva: Mauritz Hellstr\u00f6m.<\/figcaption>\r\n<\/figure>\r\n\r\n\r\n\r\n<p>Vuonna 2007 Suomen hallitus teki periaatep\u00e4\u00e4t\u00f6ksen, jonka my\u00f6t\u00e4 Otaniemeen syntyi Aalto-yliopisto. Siihen liitettiin kolme kampusta: Taideteollinen korkeakoulu, Teknillinen korkeakoulu ja Helsingin kauppakorkeakoulu. Uusi maailmanluokan yliopisto aloitti toimintansa 1.1.2010.<\/p>\r\n<p style=\"font-size: 115%;margin-top: 24px\">Tutustu koulutukseen Espoossa 1970-luvulta 2020-luvulle: <a href=\"https:\/\/espoonperinneseura.net\/espoo1972\/koulutus-espoossa-1970-2020\/\">Koulutus<\/a><\/p>\r\n","protected":false},"excerpt":{"rendered":"<p>Koulutuksen kehittyminen Espoossa 1970-luku 1980-luku 1990-luku 2000-luku 2010-luku 2020-luku Historiapolku: Lagstadista Otaniemen kansainv\u00e4liselle kampukselle Martti Hellstr\u00f6m ja Marjatta Kuitunen Espoon ensimm\u00e4inen kansakoulu, Lagstads folkskola, valmistui 1873 pit\u00e4j\u00e4n yhteiseksi tytt\u00f6jen ja poikien kouluksi S\u00f6drikin kyl\u00e4\u00e4n Espoon Kirkon l\u00e4helle. Ensimm\u00e4inen suomenkielinen kunnallinen kansakoulu, \u00c5minnen suomalainen kansakoulu, aloitti toimintansa 1891. Espoossa k\u00e4ytiin kansakoulua yli sadan vuoden ajan. Peruskouluun&hellip; <a class=\"more-link\" href=\"https:\/\/espoonperinneseura.net\/espoo1972\/historiapolku\/taulu-4\/\">Jatka lukemista <span class=\"screen-reader-text\">Historiapolku: Lagstadista Otaniemen kansainv\u00e4liselle kampukselle<\/span><\/a><\/p>\n","protected":false},"author":1,"featured_media":0,"parent":2734,"menu_order":60,"comment_status":"closed","ping_status":"closed","template":"","meta":{"_eb_attr":"","_exactmetrics_skip_tracking":false,"_exactmetrics_sitenote_active":false,"_exactmetrics_sitenote_note":"","_exactmetrics_sitenote_category":0,"footnotes":""},"class_list":["post-2800","page","type-page","status-publish","hentry","entry"],"_links":{"self":[{"href":"https:\/\/espoonperinneseura.net\/espoo1972\/wp-json\/wp\/v2\/pages\/2800","targetHints":{"allow":["GET"]}}],"collection":[{"href":"https:\/\/espoonperinneseura.net\/espoo1972\/wp-json\/wp\/v2\/pages"}],"about":[{"href":"https:\/\/espoonperinneseura.net\/espoo1972\/wp-json\/wp\/v2\/types\/page"}],"author":[{"embeddable":true,"href":"https:\/\/espoonperinneseura.net\/espoo1972\/wp-json\/wp\/v2\/users\/1"}],"replies":[{"embeddable":true,"href":"https:\/\/espoonperinneseura.net\/espoo1972\/wp-json\/wp\/v2\/comments?post=2800"}],"version-history":[{"count":23,"href":"https:\/\/espoonperinneseura.net\/espoo1972\/wp-json\/wp\/v2\/pages\/2800\/revisions"}],"predecessor-version":[{"id":4170,"href":"https:\/\/espoonperinneseura.net\/espoo1972\/wp-json\/wp\/v2\/pages\/2800\/revisions\/4170"}],"up":[{"embeddable":true,"href":"https:\/\/espoonperinneseura.net\/espoo1972\/wp-json\/wp\/v2\/pages\/2734"}],"wp:attachment":[{"href":"https:\/\/espoonperinneseura.net\/espoo1972\/wp-json\/wp\/v2\/media?parent=2800"}],"curies":[{"name":"wp","href":"https:\/\/api.w.org\/{rel}","templated":true}]}}