{"id":2801,"date":"2022-06-14T15:54:51","date_gmt":"2022-06-14T12:54:51","guid":{"rendered":"https:\/\/espoonperinneseura.net\/espoo1972\/?page_id=2801"},"modified":"2022-08-14T08:31:06","modified_gmt":"2022-08-14T05:31:06","slug":"taulu-5","status":"publish","type":"page","link":"https:\/\/espoonperinneseura.net\/espoo1972\/historiapolku\/taulu-5\/","title":{"rendered":"Historiapolku: Espoonkartano"},"content":{"rendered":"<div style=\"width: 100%;\">\n<div style=\"float: right; max-width: 35%;\"><a href=\"https:\/\/espoonperinneseura.net\/espoo1972\/historiapolku\/\"><img loading=\"lazy\" decoding=\"async\" class=\"alignright size-medium wp-image-3607\" style=\"float: right; width: 100%; height: auto;\" src=\"https:\/\/espoonperinneseura.net\/espoo1972\/wp-content\/uploads\/2022\/07\/Historiapolun-alkuun-300x38.jpg\" alt=\"\" width=\"200\" height=\"26\" srcset=\"https:\/\/espoonperinneseura.net\/espoo1972\/wp-content\/uploads\/2022\/07\/Historiapolun-alkuun-300x38.jpg 300w, https:\/\/espoonperinneseura.net\/espoo1972\/wp-content\/uploads\/2022\/07\/Historiapolun-alkuun-1024x131.jpg 1024w, https:\/\/espoonperinneseura.net\/espoo1972\/wp-content\/uploads\/2022\/07\/Historiapolun-alkuun-768x99.jpg 768w, https:\/\/espoonperinneseura.net\/espoo1972\/wp-content\/uploads\/2022\/07\/Historiapolun-alkuun-1536x197.jpg 1536w, https:\/\/espoonperinneseura.net\/espoo1972\/wp-content\/uploads\/2022\/07\/Historiapolun-alkuun-2048x263.jpg 2048w, https:\/\/espoonperinneseura.net\/espoo1972\/wp-content\/uploads\/2022\/07\/Historiapolun-alkuun-1568x201.jpg 1568w\" sizes=\"auto, (max-width: 200px) 100vw, 200px\" \/><\/a><\/div>\n<p><em>Leena Yrj\u00f6l\u00e4<\/em><\/p>\n<\/div>\n\n\n<p>Espoonkartano (ruotsiksi Esbo G\u00e5rd) on Kauklahdessa sijaitseva komea kivinen kartano.<\/p>\n\n\n\n<p>Kuningas Kustaa Vaasa perusti Espoonkartanon vuonna 1556 kuninkaalliseksi mallikartanoksi. Kuninkaankartano, johon ymp\u00e4rist\u00f6n v\u00e4ki oli velvollinen tekem\u00e4\u00e4n t\u00f6it\u00e4, perustettiin Esp\u00e5byn ja Mankbyn kylien maille. Kartano kuului Raaseporin l\u00e4\u00e4nille, mutta siirtyi kreivi Fabian Wredelle 1600-luvulla. Sen j\u00e4lkeen kartanon omistivat muun muassa Jacob de la Gardie ja Gustav Horn. <\/p>\n\n\n\n<p>Tilan kukoistuskausi alkoi, kun eversti ja maaherra Anders Ramsay osti kartanon maineen 1756. Qvarbro- ja S\u00e5gbro- nimiset kivisillat sek\u00e4 mylly ovat niilt\u00e4 ajoilta viel\u00e4 j\u00e4ljell\u00e4. Kivisen p\u00e4\u00e4rakennuksen puolestaan rakennutti Andersin tytt\u00e4rentyt\u00e4r Sofia. Varakas Sofia Ramsay perheineen asui komeassa kartanossa ja siell\u00e4 vietettiin vilkasta seurael\u00e4m\u00e4\u00e4. El\u00e4m\u00e4\u00e4 varjosti kuitenkin kahden perheen pojan kaatuminen Suomen sodassa. Runeberg on kirjoittanut surevasta \u00e4idist\u00e4 ja kaatuneista pojista runon <em>Matkamiehen n\u00e4ky<\/em>.<\/p>\n\n\n\n<p>Sofian poika Adolf Ramsay myi kaikki r\u00e4lssitilansa ja muutti Ruotsiin pysyv\u00e4sti vuonna 1824. V\u00e4lill\u00e4 kartanoa alettiin palstoittaa, mutta August Ramsay osti tilan 1914. Siit\u00e4 l\u00e4htien kartano on ollut h\u00e4nen perillistens\u00e4 hoidossa. Kartanon entinen navetta on ollut hevostallina ja kartanoa pihoineen k\u00e4ytet\u00e4\u00e4n monissa juhlissa.<\/p>\n\n\n\n<p>Kartanon maisemakokonaisuuteen kuuluvat rakennusten ja torppien ohella muun muassa Holkenin huvila ja Sperringsin lanterniinikattoinen ulkokartano.<\/p>\n\n\n\n<p>Kartanon l\u00e4hell\u00e4 kohisee Mankinjoen koski. Kartanon n\u00e4kym\u00e4t henkiv\u00e4t yh\u00e4 vanhaa loistoa. Kartanoa kannattaa tulla ihailemaan my\u00f6s py\u00f6r\u00e4ll\u00e4.<\/p>\n\n\n\n<figure class=\"wp-block-image size-large is-resized\"><img loading=\"lazy\" decoding=\"async\" src=\"https:\/\/espoonperinneseura.net\/espoo1972\/wp-content\/uploads\/2022\/06\/Kuva1-1024x768.jpg\" alt=\"\" class=\"wp-image-2900\" width=\"768\" height=\"576\" srcset=\"https:\/\/espoonperinneseura.net\/espoo1972\/wp-content\/uploads\/2022\/06\/Kuva1-1024x768.jpg 1024w, https:\/\/espoonperinneseura.net\/espoo1972\/wp-content\/uploads\/2022\/06\/Kuva1-300x225.jpg 300w, https:\/\/espoonperinneseura.net\/espoo1972\/wp-content\/uploads\/2022\/06\/Kuva1-768x576.jpg 768w, https:\/\/espoonperinneseura.net\/espoo1972\/wp-content\/uploads\/2022\/06\/Kuva1-1536x1152.jpg 1536w, https:\/\/espoonperinneseura.net\/espoo1972\/wp-content\/uploads\/2022\/06\/Kuva1-1568x1176.jpg 1568w, https:\/\/espoonperinneseura.net\/espoo1972\/wp-content\/uploads\/2022\/06\/Kuva1.jpg 1729w\" sizes=\"auto, (max-width: 768px) 100vw, 768px\" \/><figcaption>Espoonkartanon rakennutti Sofia Ramsay 1797 ja sit\u00e4 laajensi August Ramsay 1900-luvulla. Kuva: Leena Yrj\u00f6l\u00e4<\/figcaption><\/figure>\n\n\n\n<figure class=\"wp-block-image size-large is-resized\"><img loading=\"lazy\" decoding=\"async\" src=\"https:\/\/espoonperinneseura.net\/espoo1972\/wp-content\/uploads\/2022\/06\/Kuva2-1024x686.jpg\" alt=\"\" class=\"wp-image-2902\" width=\"768\" height=\"515\" srcset=\"https:\/\/espoonperinneseura.net\/espoo1972\/wp-content\/uploads\/2022\/06\/Kuva2-1024x686.jpg 1024w, https:\/\/espoonperinneseura.net\/espoo1972\/wp-content\/uploads\/2022\/06\/Kuva2-300x201.jpg 300w, https:\/\/espoonperinneseura.net\/espoo1972\/wp-content\/uploads\/2022\/06\/Kuva2-768x514.jpg 768w, https:\/\/espoonperinneseura.net\/espoo1972\/wp-content\/uploads\/2022\/06\/Kuva2-1536x1029.jpg 1536w, https:\/\/espoonperinneseura.net\/espoo1972\/wp-content\/uploads\/2022\/06\/Kuva2-1568x1050.jpg 1568w, https:\/\/espoonperinneseura.net\/espoo1972\/wp-content\/uploads\/2022\/06\/Kuva2.jpg 1762w\" sizes=\"auto, (max-width: 768px) 100vw, 768px\" \/><figcaption>Suomen vanhimpia kiviholvisiltoja l\u00f6ytyy Espoonkartanolta. S\u00e5gbro on saanut nimens\u00e4 sahasta, joka t\u00e4m\u00e4n juoksun varrella on joskus ollut. Silta on valmistunut 1777. Kymmenen metrin p\u00e4\u00e4ss\u00e4 on myllyn alta virtaava Qvarnbro. Kuva: Tony Hagerlund<\/figcaption><\/figure>\n","protected":false},"excerpt":{"rendered":"<p>Leena Yrj\u00f6l\u00e4 Espoonkartano (ruotsiksi Esbo G\u00e5rd) on Kauklahdessa sijaitseva komea kivinen kartano. Kuningas Kustaa Vaasa perusti Espoonkartanon vuonna 1556 kuninkaalliseksi mallikartanoksi. Kuninkaankartano, johon ymp\u00e4rist\u00f6n v\u00e4ki oli velvollinen tekem\u00e4\u00e4n t\u00f6it\u00e4, perustettiin Esp\u00e5byn ja Mankbyn kylien maille. Kartano kuului Raaseporin l\u00e4\u00e4nille, mutta siirtyi kreivi Fabian Wredelle 1600-luvulla. Sen j\u00e4lkeen kartanon omistivat muun muassa Jacob de la Gardie&hellip; <a class=\"more-link\" href=\"https:\/\/espoonperinneseura.net\/espoo1972\/historiapolku\/taulu-5\/\">Jatka lukemista <span class=\"screen-reader-text\">Historiapolku: Espoonkartano<\/span><\/a><\/p>\n","protected":false},"author":1,"featured_media":0,"parent":2734,"menu_order":59,"comment_status":"closed","ping_status":"closed","template":"","meta":{"_eb_attr":"","_exactmetrics_skip_tracking":false,"_exactmetrics_sitenote_active":false,"_exactmetrics_sitenote_note":"","_exactmetrics_sitenote_category":0,"footnotes":""},"class_list":["post-2801","page","type-page","status-publish","hentry","entry"],"_links":{"self":[{"href":"https:\/\/espoonperinneseura.net\/espoo1972\/wp-json\/wp\/v2\/pages\/2801","targetHints":{"allow":["GET"]}}],"collection":[{"href":"https:\/\/espoonperinneseura.net\/espoo1972\/wp-json\/wp\/v2\/pages"}],"about":[{"href":"https:\/\/espoonperinneseura.net\/espoo1972\/wp-json\/wp\/v2\/types\/page"}],"author":[{"embeddable":true,"href":"https:\/\/espoonperinneseura.net\/espoo1972\/wp-json\/wp\/v2\/users\/1"}],"replies":[{"embeddable":true,"href":"https:\/\/espoonperinneseura.net\/espoo1972\/wp-json\/wp\/v2\/comments?post=2801"}],"version-history":[{"count":8,"href":"https:\/\/espoonperinneseura.net\/espoo1972\/wp-json\/wp\/v2\/pages\/2801\/revisions"}],"predecessor-version":[{"id":3908,"href":"https:\/\/espoonperinneseura.net\/espoo1972\/wp-json\/wp\/v2\/pages\/2801\/revisions\/3908"}],"up":[{"embeddable":true,"href":"https:\/\/espoonperinneseura.net\/espoo1972\/wp-json\/wp\/v2\/pages\/2734"}],"wp:attachment":[{"href":"https:\/\/espoonperinneseura.net\/espoo1972\/wp-json\/wp\/v2\/media?parent=2801"}],"curies":[{"name":"wp","href":"https:\/\/api.w.org\/{rel}","templated":true}]}}