{"id":2804,"date":"2022-06-16T17:34:39","date_gmt":"2022-06-16T14:34:39","guid":{"rendered":"https:\/\/espoonperinneseura.net\/espoo1972\/?page_id=2804"},"modified":"2022-08-14T08:32:16","modified_gmt":"2022-08-14T05:32:16","slug":"taulu-8","status":"publish","type":"page","link":"https:\/\/espoonperinneseura.net\/espoo1972\/historiapolku\/taulu-8\/","title":{"rendered":"Historiapolku: Espoon tuomiokirkko"},"content":{"rendered":"<div style=\"width: 100%;\">\r\n<div style=\"float: right; max-width: 35%;\"><a href=\"https:\/\/espoonperinneseura.net\/espoo1972\/historiapolku\/\"><img loading=\"lazy\" decoding=\"async\" class=\"alignright size-medium wp-image-3607\" style=\"float: right; width: 100%; height: auto;\" src=\"https:\/\/espoonperinneseura.net\/espoo1972\/wp-content\/uploads\/2022\/07\/Historiapolun-alkuun-300x38.jpg\" alt=\"\" width=\"200\" height=\"26\" srcset=\"https:\/\/espoonperinneseura.net\/espoo1972\/wp-content\/uploads\/2022\/07\/Historiapolun-alkuun-300x38.jpg 300w, https:\/\/espoonperinneseura.net\/espoo1972\/wp-content\/uploads\/2022\/07\/Historiapolun-alkuun-1024x131.jpg 1024w, https:\/\/espoonperinneseura.net\/espoo1972\/wp-content\/uploads\/2022\/07\/Historiapolun-alkuun-768x99.jpg 768w, https:\/\/espoonperinneseura.net\/espoo1972\/wp-content\/uploads\/2022\/07\/Historiapolun-alkuun-1536x197.jpg 1536w, https:\/\/espoonperinneseura.net\/espoo1972\/wp-content\/uploads\/2022\/07\/Historiapolun-alkuun-2048x263.jpg 2048w, https:\/\/espoonperinneseura.net\/espoo1972\/wp-content\/uploads\/2022\/07\/Historiapolun-alkuun-1568x201.jpg 1568w\" sizes=\"auto, (max-width: 200px) 100vw, 200px\" \/><\/a><\/div>\r\n<p><em>Tarja Rae<\/em><\/p>\r\n<\/div>\r\n\r\n<p>Espoon tuomiokirkko on Espoon vanhin, rakennushistoriallisesti arvokas rakennus. Se on valmistunut keskiajan lopulla vuosien 1485-90 v\u00e4lill\u00e4.<\/p>\r\n\r\n\r\n\r\n<p>Tuolloin espoolaiset kuuluivat Kirkkonummen seurakuntaan. Matkaa kirkolle oli melkoisesti, ja osaksi sen t\u00e4hden espoolaiset halusivat oman seurakunnan, oman papin ja oman kirkon. Tieto ensimm\u00e4isest\u00e4 espoolaisesta papista, nimelt\u00e4 Henricus on vuodelta 1458.<\/p>\r\n\r\n\r\n\r\n<p>Kirkon rakentaminen oli Espoon kokoiselle pit\u00e4j\u00e4lle melkoinen ponnistus. Asukkaita oli tuolloin Espoon pit\u00e4j\u00e4ss\u00e4 muutama tuhat. Rakennusmateriaalit kuljetettiin veneill\u00e4 ja lotjilla, toki my\u00f6s hevosk\u00e4rryill\u00e4, Espoonjoen rannalle. Kirkon rakennuspaikka sijaitsi Kirkkoj\u00e4rven ja Espoonjoen vesist\u00f6n rannalla. Jokainen espoolainen tila joutui luovuttamaan tietyn m\u00e4\u00e4r\u00e4n rakennustarvikkeita kirkon rakentamista varten. Kirkko muurattiin alun perin suorakaiteen muotoiseksi korkeap\u00e4\u00e4tyiseksi rakennukseksi, jonka pohjoispuolella oli sakaristo ja etel\u00e4puolella asehuone.<\/p>\r\n\r\n\r\n\r\n<p>Kirkko valmistui katolisena aikana. Tuolloin siell\u00e4 ei ollut penkkej\u00e4. Seurakuntalaiset seisoivat maalattialla. Kirkon holvit koristeltiin maalauksin 1500-luvun alkuvuosina. Katolisen tavan mukaan kirkolla oli oma suojeluspyhimys, joka oli apostoli Matteus. Pian kirkon valmistumisen j\u00e4lkeen vietettiin kirkonm\u00e4ell\u00e4 syys-Matin markkinoita kirkon suojeluspyhimyksen kunniaksi.<\/p>\r\n\r\n\r\n\r\n<p>Reformaation my\u00f6t\u00e4 kirkkoon rakennettiin penkit ja sittemmin vuonna 1791 sinne saatiin urut. Seurakunnan v\u00e4kim\u00e4\u00e4r\u00e4 kasvoi ja kirkko k\u00e4vi ahtaaksi. 1820-luvulla kirkko muutettiin nykyisen ristikirkon muotoiseksi.<\/p>\r\n\r\n\r\n\r\n<p>Vuonna 2004 perustettiin Espoon hiippakunta ja Espoon kirkosta tuli tuomiokirkko.<\/p>\r\n\r\n\r\n\r\n<p>Kirkonm\u00e4en ikiaikaiseen rakennukseen voi tulla tutustumaan Espoo-p\u00e4iv\u00e4n tai SyysMatin Markkinoiden opastusten yhteydess\u00e4.<\/p>\r\n\r\n\r\n\r\n<figure class=\"wp-block-image size-large is-resized\"><img loading=\"lazy\" decoding=\"async\" class=\"wp-image-2929\" src=\"https:\/\/espoonperinneseura.net\/espoo1972\/wp-content\/uploads\/2022\/06\/Tuomiokirkko-1024x768.jpg\" alt=\"\" width=\"768\" height=\"576\" srcset=\"https:\/\/espoonperinneseura.net\/espoo1972\/wp-content\/uploads\/2022\/06\/Tuomiokirkko-1024x768.jpg 1024w, https:\/\/espoonperinneseura.net\/espoo1972\/wp-content\/uploads\/2022\/06\/Tuomiokirkko-300x225.jpg 300w, https:\/\/espoonperinneseura.net\/espoo1972\/wp-content\/uploads\/2022\/06\/Tuomiokirkko-768x576.jpg 768w, https:\/\/espoonperinneseura.net\/espoo1972\/wp-content\/uploads\/2022\/06\/Tuomiokirkko-1536x1152.jpg 1536w, https:\/\/espoonperinneseura.net\/espoo1972\/wp-content\/uploads\/2022\/06\/Tuomiokirkko-2048x1536.jpg 2048w, https:\/\/espoonperinneseura.net\/espoo1972\/wp-content\/uploads\/2022\/06\/Tuomiokirkko-1568x1176.jpg 1568w\" sizes=\"auto, (max-width: 768px) 100vw, 768px\" \/><\/figure>\r\n","protected":false},"excerpt":{"rendered":"<p>Tarja Rae Espoon tuomiokirkko on Espoon vanhin, rakennushistoriallisesti arvokas rakennus. Se on valmistunut keskiajan lopulla vuosien 1485-90 v\u00e4lill\u00e4. Tuolloin espoolaiset kuuluivat Kirkkonummen seurakuntaan. Matkaa kirkolle oli melkoisesti, ja osaksi sen t\u00e4hden espoolaiset halusivat oman seurakunnan, oman papin ja oman kirkon. Tieto ensimm\u00e4isest\u00e4 espoolaisesta papista, nimelt\u00e4 Henricus on vuodelta 1458. Kirkon rakentaminen oli Espoon kokoiselle pit\u00e4j\u00e4lle&hellip; <a class=\"more-link\" href=\"https:\/\/espoonperinneseura.net\/espoo1972\/historiapolku\/taulu-8\/\">Jatka lukemista <span class=\"screen-reader-text\">Historiapolku: Espoon tuomiokirkko<\/span><\/a><\/p>\n","protected":false},"author":1,"featured_media":0,"parent":2734,"menu_order":57,"comment_status":"closed","ping_status":"closed","template":"","meta":{"_eb_attr":"","_exactmetrics_skip_tracking":false,"_exactmetrics_sitenote_active":false,"_exactmetrics_sitenote_note":"","_exactmetrics_sitenote_category":0,"footnotes":""},"class_list":["post-2804","page","type-page","status-publish","hentry","entry"],"_links":{"self":[{"href":"https:\/\/espoonperinneseura.net\/espoo1972\/wp-json\/wp\/v2\/pages\/2804","targetHints":{"allow":["GET"]}}],"collection":[{"href":"https:\/\/espoonperinneseura.net\/espoo1972\/wp-json\/wp\/v2\/pages"}],"about":[{"href":"https:\/\/espoonperinneseura.net\/espoo1972\/wp-json\/wp\/v2\/types\/page"}],"author":[{"embeddable":true,"href":"https:\/\/espoonperinneseura.net\/espoo1972\/wp-json\/wp\/v2\/users\/1"}],"replies":[{"embeddable":true,"href":"https:\/\/espoonperinneseura.net\/espoo1972\/wp-json\/wp\/v2\/comments?post=2804"}],"version-history":[{"count":9,"href":"https:\/\/espoonperinneseura.net\/espoo1972\/wp-json\/wp\/v2\/pages\/2804\/revisions"}],"predecessor-version":[{"id":3911,"href":"https:\/\/espoonperinneseura.net\/espoo1972\/wp-json\/wp\/v2\/pages\/2804\/revisions\/3911"}],"up":[{"embeddable":true,"href":"https:\/\/espoonperinneseura.net\/espoo1972\/wp-json\/wp\/v2\/pages\/2734"}],"wp:attachment":[{"href":"https:\/\/espoonperinneseura.net\/espoo1972\/wp-json\/wp\/v2\/media?parent=2804"}],"curies":[{"name":"wp","href":"https:\/\/api.w.org\/{rel}","templated":true}]}}