{"id":2805,"date":"2022-06-17T06:42:49","date_gmt":"2022-06-17T03:42:49","guid":{"rendered":"https:\/\/espoonperinneseura.net\/espoo1972\/?page_id=2805"},"modified":"2022-08-14T08:28:48","modified_gmt":"2022-08-14T05:28:48","slug":"taulu-1","status":"publish","type":"page","link":"https:\/\/espoonperinneseura.net\/espoo1972\/historiapolku\/taulu-1\/","title":{"rendered":"Historiapolku: Espoo kaupungiksi 1972"},"content":{"rendered":"<div style=\"width: 100%;\">\n<div style=\"float: right; max-width: 35%;\"><a href=\"https:\/\/espoonperinneseura.net\/espoo1972\/historiapolku\/\"><img loading=\"lazy\" decoding=\"async\" class=\"alignright size-medium wp-image-3607\" style=\"float: right; width: 100%; height: auto;\" src=\"https:\/\/espoonperinneseura.net\/espoo1972\/wp-content\/uploads\/2022\/07\/Historiapolun-alkuun-300x38.jpg\" alt=\"\" width=\"200\" height=\"26\" srcset=\"https:\/\/espoonperinneseura.net\/espoo1972\/wp-content\/uploads\/2022\/07\/Historiapolun-alkuun-300x38.jpg 300w, https:\/\/espoonperinneseura.net\/espoo1972\/wp-content\/uploads\/2022\/07\/Historiapolun-alkuun-1024x131.jpg 1024w, https:\/\/espoonperinneseura.net\/espoo1972\/wp-content\/uploads\/2022\/07\/Historiapolun-alkuun-768x99.jpg 768w, https:\/\/espoonperinneseura.net\/espoo1972\/wp-content\/uploads\/2022\/07\/Historiapolun-alkuun-1536x197.jpg 1536w, https:\/\/espoonperinneseura.net\/espoo1972\/wp-content\/uploads\/2022\/07\/Historiapolun-alkuun-2048x263.jpg 2048w, https:\/\/espoonperinneseura.net\/espoo1972\/wp-content\/uploads\/2022\/07\/Historiapolun-alkuun-1568x201.jpg 1568w\" sizes=\"auto, (max-width: 200px) 100vw, 200px\" \/><\/a><\/div>\n<p><em>Esko Uotila<\/em><\/p>\n<\/div>\n\n\n<p>Espoon alueella on ollut asutusta ainakin 8 000 vuotta. Espoon perustamisvuodeksi on otettu vuosi 1458 siksi, ett\u00e4 sin\u00e4 vuonna perustettiin ensimm\u00e4inen Espoon seurakunta.<\/p>\n\n\n\n<p>Espoon maalaispit\u00e4j\u00e4st\u00e4 tuli kauppala vuonna 1963 ja kaupunki vuoden 1972 alusta.<\/p>\n\n\n<div style=\"width: 100%; max-width: 900px; display: flex; justify-content: space-between;\">\n<div style=\"width: 30%; float: left; margin: 0 auto;\">\n<figure class=\"wp-block-image aligncenter size-large is-resized\"><img loading=\"lazy\" decoding=\"async\" style=\"width: 100%; height: auto;\" src=\"https:\/\/espoonperinneseura.net\/espoo1972\/wp-content\/uploads\/2022\/06\/Espoon-kaupunki-1972-v1-716x1024.jpg\" alt=\"\" width=\"179\" height=\"256\"><\/figure>\n<\/div>\n<div style=\"width: 30%; min-width: 150px; text-align: center; display: inline-block; margin: 0 auto; padding: 15px 0;\">Espoo juhlistaa tuloaan kaupungiksi 50 vuotta sitten Espoo juhlii! -viikolla 22.-27.8.2022. Juhlaviikon p\u00e4\u00e4tt\u00e4\u00e4 Espoo-p\u00e4iv\u00e4, joka on j\u00e4rjestetty vuodesta 1992 alkaen.<\/div>\n<div style=\"width: 21%; float: right; margin: 0 auto;\">\n<figure class=\"wp-block-image aligncenter size-large is-resized\"><img loading=\"lazy\" decoding=\"async\" style=\"border: solid 0px gray; width: 100%; height: auto;\" src=\"https:\/\/espoonperinneseura.net\/espoo1972\/wp-content\/uploads\/2022\/06\/ESPOO_50_tunnus_RGB_PYSTY_MUSTA-e1655491159985-499x1024.png\" alt=\"\" width=\"125\" height=\"256\"><\/figure>\n<\/div>\n<\/div>\n\n\n<p>Perusteita kuntamuodon muutokselle kaupungiksi olivat:<\/p>\n\n\n<ul style=\"padding-left: 35px; margin-bottom: 18px;\">\n<li>Espoon maatalousvaltainen elinkeinorakenne monipuolistui 1950-luvulta alkaen. Teollisuus ja palvelut kehittyiv\u00e4t ja tarvitsivat lis\u00e4\u00e4 ty\u00f6voimaa. Maaltamuutto kiihtyi koko Suomessa.<\/li>\n<li>Asukasluku kasvoi nopeasti: vuonna 1950 espoolaisia oli 25 200, vuonna 1960 jo 56 600 ja 1970 per\u00e4ti 96 600. Nopea kasvu lis\u00e4si kunnallisten palvelujen tarvetta koulutuksessa, terveydenhuollossa, asuntorakentamisessa ja asuinymp\u00e4rist\u00f6n kehitt\u00e4misess\u00e4.<\/li>\n<li>1968 yleiskaavan luonnos m\u00e4\u00e4ritteli nelj\u00e4 keskusta, joiden varaan kasvu ja kaupunkimainen asutus rakentui. Kauppalan aluekeskuksiksi nimettiin Tapiola, Lepp\u00e4vaara, Muurala ja Kivenlahti ja paikalliskeskuksiksi Matinkyl\u00e4 ja Kauklahti. Aluerakentaminen 1960- ja 1970-luvuilla vauhditti Espoon kasvua kaupunkimaiseksi.<\/li>\n<li>Helsinki tavoitteli useaan otteeseen alueita Espoon l\u00e4nsiosista liitett\u00e4v\u00e4ksi itseens\u00e4. Kaupungiksi tulon my\u00f6t\u00e4 n\u00e4m\u00e4 suunnitelmat voitiin hyl\u00e4t\u00e4.<\/li>\n<\/ul>\n<p class=\"entry-content\" style=\"clear: both;\"><strong>Espoon opaskartta vuodelta 1973<\/strong><\/p>\n\n\n<div style=\"width:100%; max-width:900px;\" align=\"center\"><iframe loading=\"lazy\" class=\"entry-content\" width=\"800\" height=\"1000\" style=\"border:0\" frameborder=\"0\" src=\"https:\/\/kartat.espoo.fi\/IMS\/fi\/embed?layers=opaskartta&amp;lon=Opaskartta%20vuodelta%201973&amp;cp=6678112,25483065.603515625&amp;z=32&amp;ui=z!o\"><\/iframe><\/div>\n","protected":false},"excerpt":{"rendered":"<p>Esko Uotila Espoon alueella on ollut asutusta ainakin 8 000 vuotta. Espoon perustamisvuodeksi on otettu vuosi 1458 siksi, ett\u00e4 sin\u00e4 vuonna perustettiin ensimm\u00e4inen Espoon seurakunta. Espoon maalaispit\u00e4j\u00e4st\u00e4 tuli kauppala vuonna 1963 ja kaupunki vuoden 1972 alusta. Espoo juhlistaa tuloaan kaupungiksi 50 vuotta sitten Espoo juhlii! -viikolla 22.-27.8.2022. Juhlaviikon p\u00e4\u00e4tt\u00e4\u00e4 Espoo-p\u00e4iv\u00e4, joka on j\u00e4rjestetty vuodesta 1992&hellip; <a class=\"more-link\" href=\"https:\/\/espoonperinneseura.net\/espoo1972\/historiapolku\/taulu-1\/\">Jatka lukemista <span class=\"screen-reader-text\">Historiapolku: Espoo kaupungiksi 1972<\/span><\/a><\/p>\n","protected":false},"author":1,"featured_media":0,"parent":2734,"menu_order":54,"comment_status":"closed","ping_status":"closed","template":"","meta":{"_eb_attr":"","_exactmetrics_skip_tracking":false,"_exactmetrics_sitenote_active":false,"_exactmetrics_sitenote_note":"","_exactmetrics_sitenote_category":0,"footnotes":""},"class_list":["post-2805","page","type-page","status-publish","hentry","entry"],"_links":{"self":[{"href":"https:\/\/espoonperinneseura.net\/espoo1972\/wp-json\/wp\/v2\/pages\/2805","targetHints":{"allow":["GET"]}}],"collection":[{"href":"https:\/\/espoonperinneseura.net\/espoo1972\/wp-json\/wp\/v2\/pages"}],"about":[{"href":"https:\/\/espoonperinneseura.net\/espoo1972\/wp-json\/wp\/v2\/types\/page"}],"author":[{"embeddable":true,"href":"https:\/\/espoonperinneseura.net\/espoo1972\/wp-json\/wp\/v2\/users\/1"}],"replies":[{"embeddable":true,"href":"https:\/\/espoonperinneseura.net\/espoo1972\/wp-json\/wp\/v2\/comments?post=2805"}],"version-history":[{"count":51,"href":"https:\/\/espoonperinneseura.net\/espoo1972\/wp-json\/wp\/v2\/pages\/2805\/revisions"}],"predecessor-version":[{"id":3902,"href":"https:\/\/espoonperinneseura.net\/espoo1972\/wp-json\/wp\/v2\/pages\/2805\/revisions\/3902"}],"up":[{"embeddable":true,"href":"https:\/\/espoonperinneseura.net\/espoo1972\/wp-json\/wp\/v2\/pages\/2734"}],"wp:attachment":[{"href":"https:\/\/espoonperinneseura.net\/espoo1972\/wp-json\/wp\/v2\/media?parent=2805"}],"curies":[{"name":"wp","href":"https:\/\/api.w.org\/{rel}","templated":true}]}}