{"id":2806,"date":"2022-06-20T17:13:26","date_gmt":"2022-06-20T14:13:26","guid":{"rendered":"https:\/\/espoonperinneseura.net\/espoo1972\/?page_id=2806"},"modified":"2023-01-03T02:14:01","modified_gmt":"2023-01-03T00:14:01","slug":"taulu-10","status":"publish","type":"page","link":"https:\/\/espoonperinneseura.net\/espoo1972\/historiapolku\/taulu-10\/","title":{"rendered":"Historiapolku: Bemb\u00f6le &#8211; aivan erityinen kyl\u00e4"},"content":{"rendered":"<div style=\"width: 100%\">\n<div style=\"float: right;max-width: 35%\"><a href=\"https:\/\/espoonperinneseura.net\/espoo1972\/historiapolku\/\"><img loading=\"lazy\" decoding=\"async\" class=\"alignright size-medium wp-image-3607\" style=\"float: right;width: 100%;height: auto\" src=\"https:\/\/espoonperinneseura.net\/espoo1972\/wp-content\/uploads\/2022\/07\/Historiapolun-alkuun-300x38.jpg\" alt=\"\" width=\"200\" height=\"26\" srcset=\"https:\/\/espoonperinneseura.net\/espoo1972\/wp-content\/uploads\/2022\/07\/Historiapolun-alkuun-300x38.jpg 300w, https:\/\/espoonperinneseura.net\/espoo1972\/wp-content\/uploads\/2022\/07\/Historiapolun-alkuun-1024x131.jpg 1024w, https:\/\/espoonperinneseura.net\/espoo1972\/wp-content\/uploads\/2022\/07\/Historiapolun-alkuun-768x99.jpg 768w, https:\/\/espoonperinneseura.net\/espoo1972\/wp-content\/uploads\/2022\/07\/Historiapolun-alkuun-1536x197.jpg 1536w, https:\/\/espoonperinneseura.net\/espoo1972\/wp-content\/uploads\/2022\/07\/Historiapolun-alkuun-2048x263.jpg 2048w, https:\/\/espoonperinneseura.net\/espoo1972\/wp-content\/uploads\/2022\/07\/Historiapolun-alkuun-1568x201.jpg 1568w\" sizes=\"auto, (max-width: 200px) 100vw, 200px\" \/><\/a><\/div>\n<p><em>Martti Hellstr\u00f6m<\/em><\/p>\n<\/div>\n\n\n<p>Espoolainen Bemb\u00f6le on aivan erityinen kyl\u00e4. Se sijaitsee Espoon maantieteellisen keskuksen tuntumassa, Keh\u00e4 III:n etel\u00e4puolella. Se on erityinen muutenkin kuin sinne sijoitettujen h\u00f6lm\u00f6l\u00e4istarinoiden vuoksi.<\/p>\n\n\n\n<p>Bemb\u00f6lell\u00e4 on ollut t\u00e4rke\u00e4 rooli Espoon historiassa. Se on ollut yksi Espoon vanhimpia asutusalueita. My\u00f6h\u00e4iskeskiajalta alkaen se oli yksi Ruotsiin kuuluneen maamme t\u00e4rkeimmist\u00e4 liikenteen solmukohtia. Kyl\u00e4 sijaitsi valtakunnallisesti merkitt\u00e4v\u00e4n valtatien, nykynimelt\u00e4\u00e4n Kuninkaantien varrella.<\/p>\n\n\n\n<p>Solmukohdassa oli kievari, jossa matkaajat saivat lev\u00e4ht\u00e4\u00e4 ennen kuin jatkoivat matkaansa. Kyl\u00e4n asukkaat kuulivat usein ensimm\u00e4isten joukossa uusista keksinn\u00f6ist\u00e4, vaikkapa ikkunasta. Innovatiiviset kyl\u00e4l\u00e4iset levittiv\u00e4t t\u00e4t\u00e4 uutta tietoa &#8211; my\u00f6s k\u00e4\u00e4nteisill\u00e4 jutuilla. Itse asiassa bemb\u00f6lel\u00e4isten v\u00e4itet\u00e4\u00e4n olleen oikeasti hyvin uudistusmielisi\u00e4.<\/p>\n\n\n\n<p>Itsen\u00e4isess\u00e4 Suomessa Bemb\u00f6le on ollut pitk\u00e4\u00e4n nimenomaan ruotsinkielinen maaseutumainen kyl\u00e4yhteis\u00f6.<\/p>\n\n\n\n<p>1960-luvun alussa sit\u00e4 suunniteltiin jopa kauppalan ja kaupungin hallinnollinen keskukseksi, johon rakennettaisiin nyt purettava kaupungintalo. Bemb\u00f6le sijaitsi keskell\u00e4 Espoota. Viipurista Turkuun ulottuva Suuri Rantatie kulki alueen halki. Toisin kuitenkin k\u00e4vi. Keskus haluttiin l\u00e4hemm\u00e4ksi junarataa.<\/p>\n\n\n\n<p>Bemb\u00f6le on yh\u00e4 vieh\u00e4tt\u00e4v\u00e4 osa Espoota. Siell\u00e4 sijaitsee mm. hyvin suosittu Bemb\u00f6len kahvitupa, ja Bemb\u00f6len koulu (Bemb\u00f6le skola).<\/p>\n\n\n\n<figure class=\"wp-block-image size-full is-resized\"><img loading=\"lazy\" decoding=\"async\" src=\"https:\/\/espoonperinneseura.net\/espoo1972\/wp-content\/uploads\/2022\/08\/Kahvitupa.jpeg\" alt=\"\" class=\"wp-image-3898\" width=\"525\" height=\"294\" srcset=\"https:\/\/espoonperinneseura.net\/espoo1972\/wp-content\/uploads\/2022\/08\/Kahvitupa.jpeg 700w, https:\/\/espoonperinneseura.net\/espoo1972\/wp-content\/uploads\/2022\/08\/Kahvitupa-300x168.jpeg 300w\" sizes=\"auto, (max-width: 525px) 100vw, 525px\" \/><figcaption>Bemb\u00f6len kahvitupa<\/figcaption><\/figure>\n\n\n\n<p>Kahvitupa on Espoon vanhimpiin kuuluvan maatilan p\u00e4\u00e4rakennus. Rakennuksen vanhimmat osat ovat vuodelta 1723. Bellintuvassa toimi 1760-luvulla kestikievari. Kahvilatoiminta alkoi vuonna 1939. Talvisodan aikana rakennukseen sijoitettiin k\u00e4til\u00f6opiston synnytysosasto. Sodan loppumisesta asti kahvilatoiminta on jatkunut.<\/p>\n\n\n\n<figure class=\"wp-block-image size-full is-resized\"><img loading=\"lazy\" decoding=\"async\" src=\"https:\/\/espoonperinneseura.net\/espoo1972\/wp-content\/uploads\/2022\/08\/Bembole.jpg\" alt=\"\" class=\"wp-image-3872\" width=\"525\" height=\"326\" srcset=\"https:\/\/espoonperinneseura.net\/espoo1972\/wp-content\/uploads\/2022\/08\/Bembole.jpg 700w, https:\/\/espoonperinneseura.net\/espoo1972\/wp-content\/uploads\/2022\/08\/Bembole-300x186.jpg 300w\" sizes=\"auto, (max-width: 525px) 100vw, 525px\" \/><figcaption>Bemb\u00f6len koulu<\/figcaption><\/figure>\n\n\n\n<p>Bemb\u00f6len koulu valmistui vuonna 1923 Kuninkaantien varrelle. Kansakoulu oli aikoinaan Espoon komein julkinen rakennus keskiaikaisen kivikirkon lis\u00e4ksi.<\/p>\n\n\n\n<p>Lukuvuoden 1939-40 Bemb\u00f6len koulun tiloissa toimi 40-paikkainen varasairaala ja 10-paikkainen synnytyslaitos sek\u00e4 nelj\u00e4paikkainen koti evakuoituja synnytt\u00e4ji\u00e4 varten. Sairaala lopetti toimintansa huhtikuussa 1940.<\/p>\n\n\n\n<p>Koulun toiminta p\u00e4\u00e4ttyi kev\u00e4\u00e4ll\u00e4 2022. Siit\u00e4 onkin oma tarinansa. Katso <a href=\"https:\/\/espoonperinneseura.net\/espoo1972\/koulutus-espoossa-2020-luvulla\/r-i-p-bembolen-koulu\/\" data-type=\"page\" data-id=\"3425\">R.I.P. Bemb\u00f6len koulu<\/a>.<\/p>\n\n\n\n<p>Bussiyhteydet Turuntiet\u00e4 pitkin ovat hyv\u00e4t. L\u00e4hi-palveluita ovat autopesula, huoltoasema, kukkakauppa ja lounasravintola ja \u201dH\u00f6lm\u00f6l\u00e4n grilliksi\u201d kutsuttu pikkugrilli. L\u00e4hell\u00e4 on my\u00f6s talomuseo Glims ja Espoon sairaala. Muita palveluita l\u00f6ytyy ihan l\u00e4hialueilta. Tilanne paranee entisest\u00e4\u00e4n loppusyksyll\u00e4 2022, kun Lidl avaa ovensa aivan keskell\u00e4 Bemb\u00f6le\u00e4.<\/p>\n\n\n\n<figure class=\"wp-block-image size-full is-resized\"><img loading=\"lazy\" decoding=\"async\" src=\"https:\/\/espoonperinneseura.net\/espoo1972\/wp-content\/uploads\/2022\/08\/Rauniot.jpeg\" alt=\"\" class=\"wp-image-3899\" width=\"525\" height=\"348\" srcset=\"https:\/\/espoonperinneseura.net\/espoo1972\/wp-content\/uploads\/2022\/08\/Rauniot.jpeg 700w, https:\/\/espoonperinneseura.net\/espoo1972\/wp-content\/uploads\/2022\/08\/Rauniot-300x199.jpeg 300w\" sizes=\"auto, (max-width: 525px) 100vw, 525px\" \/><figcaption>Bemb\u00f6len myllyn rauniot<\/figcaption><\/figure>\n\n\n\n<p>N\u00e4ht\u00e4vyyksiin kuuluvat Bemb\u00f6len myllynrauniot: Myllyj\u00e4 oli kaksi: ala- ja yl\u00e4mylly. Yl\u00e4myllyn osana on ns. patoraunio. Toiminta alkoi 1700-luvulla ja loppui 1920-luvulla tulipaloon. Rauniot ovat Glomsinjoen (Gloms\u00e5n) varrella Keh\u00e4 III:n pohjoispuolella.<\/p>\n\n\n\n<p>Jos haluat tiet\u00e4\u00e4 lis\u00e4\u00e4 Bemb\u00f6lest\u00e4 ja sen h\u00f6lm\u00f6l\u00e4isist\u00e4, lue Ulf Johanssonin kirja \u201dBemb\u00f6le &#8211; historiaa ja h\u00f6lm\u00f6l\u00e4istarinoita\u201d. Alkuper\u00e4inen ruotsinkielinen versio \u201dSagan om Bemb\u00f6le\u201d valmistui vuonna 2005. Espoon perinneseura julkaisi suomenkielisen version 16 vuotta my\u00f6hemmin. T\u00e4h\u00e4n versioon tehtiin joitain lis\u00e4yksi\u00e4, ja siksi sivum\u00e4\u00e4r\u00e4 hieman kasvoi. Taiton ja kuvituksen osalta on haluttu kunnioittaa ensiteosta.<\/p>\n\n\n<div style=\"width: 100%;max-width: 900px;display: flex;justify-content: space-between\">\n<div style=\"width: 30%;float: left;margin: 0 auto\">\n<figure class=\"wp-block-image aligncenter size-large is-resized\"><img loading=\"lazy\" decoding=\"async\" class=\"wp-image-3020\" style=\"width: 100%;height: auto\" src=\"https:\/\/espoonperinneseura.net\/espoo1972\/wp-content\/uploads\/2022\/06\/bemboleboken03k_page126_image20-750x1024.jpg\" alt=\"\" width=\"375\" height=\"512\" srcset=\"https:\/\/espoonperinneseura.net\/espoo1972\/wp-content\/uploads\/2022\/06\/bemboleboken03k_page126_image20-750x1024.jpg 750w, https:\/\/espoonperinneseura.net\/espoo1972\/wp-content\/uploads\/2022\/06\/bemboleboken03k_page126_image20-220x300.jpg 220w, https:\/\/espoonperinneseura.net\/espoo1972\/wp-content\/uploads\/2022\/06\/bemboleboken03k_page126_image20-768x1049.jpg 768w, https:\/\/espoonperinneseura.net\/espoo1972\/wp-content\/uploads\/2022\/06\/bemboleboken03k_page126_image20-1125x1536.jpg 1125w, https:\/\/espoonperinneseura.net\/espoo1972\/wp-content\/uploads\/2022\/06\/bemboleboken03k_page126_image20.jpg 1312w\" sizes=\"auto, (max-width: 375px) 100vw, 375px\" \/><\/figure>\n<\/div>\n<div style=\"width: 23%;float: right;margin: 0 auto\">\n<figure class=\"wp-block-image aligncenter size-large is-resized\"><img loading=\"lazy\" decoding=\"async\" class=\"wp-image-3022\" style=\"border: solid 0px gray;width: 100%;height: auto\" src=\"https:\/\/espoonperinneseura.net\/espoo1972\/wp-content\/uploads\/2022\/06\/bemboleboken03k_page126_image10-570x1024.jpg\" alt=\"\" width=\"285\" height=\"512\" srcset=\"https:\/\/espoonperinneseura.net\/espoo1972\/wp-content\/uploads\/2022\/06\/bemboleboken03k_page126_image10-570x1024.jpg 570w, https:\/\/espoonperinneseura.net\/espoo1972\/wp-content\/uploads\/2022\/06\/bemboleboken03k_page126_image10-167x300.jpg 167w, https:\/\/espoonperinneseura.net\/espoo1972\/wp-content\/uploads\/2022\/06\/bemboleboken03k_page126_image10-768x1380.jpg 768w, https:\/\/espoonperinneseura.net\/espoo1972\/wp-content\/uploads\/2022\/06\/bemboleboken03k_page126_image10-855x1536.jpg 855w, https:\/\/espoonperinneseura.net\/espoo1972\/wp-content\/uploads\/2022\/06\/bemboleboken03k_page126_image10-1140x2048.jpg 1140w, https:\/\/espoonperinneseura.net\/espoo1972\/wp-content\/uploads\/2022\/06\/bemboleboken03k_page126_image10-1568x2817.jpg 1568w, https:\/\/espoonperinneseura.net\/espoo1972\/wp-content\/uploads\/2022\/06\/bemboleboken03k_page126_image10-scaled.jpg 1425w\" sizes=\"auto, (max-width: 285px) 100vw, 285px\" \/><\/figure>\n<\/div>\n<div style=\"width: 34%;min-width: 150px;text-align: center;display: inline-block;margin: 0 auto\">\n<figure class=\"wp-block-image size-large is-resized\"><img loading=\"lazy\" decoding=\"async\" class=\"wp-image-3023\" style=\"width: 100%;height: auto\" src=\"https:\/\/espoonperinneseura.net\/espoo1972\/wp-content\/uploads\/2022\/06\/bemboleboken03k_page126_image8-857x1024.jpg\" alt=\"\" width=\"429\" height=\"512\" srcset=\"https:\/\/espoonperinneseura.net\/espoo1972\/wp-content\/uploads\/2022\/06\/bemboleboken03k_page126_image8-857x1024.jpg 857w, https:\/\/espoonperinneseura.net\/espoo1972\/wp-content\/uploads\/2022\/06\/bemboleboken03k_page126_image8-251x300.jpg 251w, https:\/\/espoonperinneseura.net\/espoo1972\/wp-content\/uploads\/2022\/06\/bemboleboken03k_page126_image8-768x917.jpg 768w, https:\/\/espoonperinneseura.net\/espoo1972\/wp-content\/uploads\/2022\/06\/bemboleboken03k_page126_image8-1286x1536.jpg 1286w, https:\/\/espoonperinneseura.net\/espoo1972\/wp-content\/uploads\/2022\/06\/bemboleboken03k_page126_image8.jpg 1419w\" sizes=\"auto, (max-width: 429px) 100vw, 429px\" \/><\/figure>\n<\/div>\n<\/div>\n\n\n<p class=\"has-text-align-center has-small-font-size\">Kuvat kirjasta Ulf Johansson: Bemb\u00f6le \u2013 historiaa ja h\u00f6lm\u00f6l\u00e4istarinoita, piirt\u00e4nyt Jens Johansson. Espoon perinneseura 2021.<\/p>\n","protected":false},"excerpt":{"rendered":"<p>Martti Hellstr\u00f6m Espoolainen Bemb\u00f6le on aivan erityinen kyl\u00e4. Se sijaitsee Espoon maantieteellisen keskuksen tuntumassa, Keh\u00e4 III:n etel\u00e4puolella. Se on erityinen muutenkin kuin sinne sijoitettujen h\u00f6lm\u00f6l\u00e4istarinoiden vuoksi. Bemb\u00f6lell\u00e4 on ollut t\u00e4rke\u00e4 rooli Espoon historiassa. Se on ollut yksi Espoon vanhimpia asutusalueita. My\u00f6h\u00e4iskeskiajalta alkaen se oli yksi Ruotsiin kuuluneen maamme t\u00e4rkeimmist\u00e4 liikenteen solmukohtia. Kyl\u00e4 sijaitsi valtakunnallisesti merkitt\u00e4v\u00e4n&hellip; <a class=\"more-link\" href=\"https:\/\/espoonperinneseura.net\/espoo1972\/historiapolku\/taulu-10\/\">Jatka lukemista <span class=\"screen-reader-text\">Historiapolku: Bemb\u00f6le &#8211; aivan erityinen kyl\u00e4<\/span><\/a><\/p>\n","protected":false},"author":1,"featured_media":0,"parent":2734,"menu_order":52,"comment_status":"closed","ping_status":"closed","template":"","meta":{"_eb_attr":"","_exactmetrics_skip_tracking":false,"_exactmetrics_sitenote_active":false,"_exactmetrics_sitenote_note":"","_exactmetrics_sitenote_category":0,"footnotes":""},"class_list":["post-2806","page","type-page","status-publish","hentry","entry"],"_links":{"self":[{"href":"https:\/\/espoonperinneseura.net\/espoo1972\/wp-json\/wp\/v2\/pages\/2806","targetHints":{"allow":["GET"]}}],"collection":[{"href":"https:\/\/espoonperinneseura.net\/espoo1972\/wp-json\/wp\/v2\/pages"}],"about":[{"href":"https:\/\/espoonperinneseura.net\/espoo1972\/wp-json\/wp\/v2\/types\/page"}],"author":[{"embeddable":true,"href":"https:\/\/espoonperinneseura.net\/espoo1972\/wp-json\/wp\/v2\/users\/1"}],"replies":[{"embeddable":true,"href":"https:\/\/espoonperinneseura.net\/espoo1972\/wp-json\/wp\/v2\/comments?post=2806"}],"version-history":[{"count":12,"href":"https:\/\/espoonperinneseura.net\/espoo1972\/wp-json\/wp\/v2\/pages\/2806\/revisions"}],"predecessor-version":[{"id":4171,"href":"https:\/\/espoonperinneseura.net\/espoo1972\/wp-json\/wp\/v2\/pages\/2806\/revisions\/4171"}],"up":[{"embeddable":true,"href":"https:\/\/espoonperinneseura.net\/espoo1972\/wp-json\/wp\/v2\/pages\/2734"}],"wp:attachment":[{"href":"https:\/\/espoonperinneseura.net\/espoo1972\/wp-json\/wp\/v2\/media?parent=2806"}],"curies":[{"name":"wp","href":"https:\/\/api.w.org\/{rel}","templated":true}]}}