{"id":3032,"date":"2022-06-21T05:36:15","date_gmt":"2022-06-21T02:36:15","guid":{"rendered":"https:\/\/espoonperinneseura.net\/espoo1972\/?page_id=3032"},"modified":"2022-06-21T05:44:16","modified_gmt":"2022-06-21T02:44:16","slug":"nuuksion-nuoriso-nakyi-ja-kuului-50-vuotta-sitten","status":"publish","type":"page","link":"https:\/\/espoonperinneseura.net\/espoo1972\/muistoja-espoosta\/nuuksion-nuoriso-nakyi-ja-kuului-50-vuotta-sitten\/","title":{"rendered":"Nuuksion nuoriso n\u00e4kyi ja kuului 50 vuotta sitten"},"content":{"rendered":"\n<p><em>Timo Rauhanen<\/em><\/p>\n\n\n\n<p>Espoon kaupungin perustamisen aikaan me Nuuksio-Nupurin suuret ik\u00e4luokat olimme aikuistumassa, mutta mink\u00e4\u00e4nlaisia yhteisi\u00e4 nuorisotiloja ei ollut. Perinteiset tanhu\u2013 ja iltamatouhut eiv\u00e4t en\u00e4\u00e4 jaksaneet kiinnostaa, kun nuorisokulttuuri festareineen ja flower power -liikkeineen oli tullut voimakkaasti esiin. Maailman \u201dhullu vuosi\u201d 1968 oli juuri k\u00e4sill\u00e4.<\/p>\n\n\n\n<p>Tuohon aikaan perheiss\u00e4 oli tyypillisesti 3-4 lasta. Niinp\u00e4 Nupurissakin monikymmenp\u00e4inen nuorisojoukkomme n\u00e4kyi ja kuului pitkin kyl\u00e4nraitteja. Kes\u00e4ll\u00e4 ei tosin kaivattu kokoontumistiloja, sill\u00e4 aina oltiin menossa fillarilla tai mopolla ja Nupurin Vanhatiell\u00e4 eli \u201dsuorilla\u201d pelattiin jalkapalloa tai lentopalloa itse rakennetuilla kentill\u00e4. Viikonloppuisin harrastukset olivat hiukan toisenlaisia, mutta aika siisti\u00e4 touhu enimm\u00e4kseen oli.<\/p>\n\n\n\n<p>Talviaikaan tilanne oli paljon kehnompi. J\u00e4\u00e4kiekkoa kyll\u00e4 pelattiin Karhusuon koulun (silloin Niittyl\u00e4n koulu) kent\u00e4ll\u00e4 ja usein jo ennen kuin se oli j\u00e4\u00e4dytetty, tehtiin oma kentt\u00e4 Nupurintien varteen ns. Hellmanin lammikolle tai Nupurinj\u00e4rvelle. Lentopalloa pelattiin sis\u00e4tiloissa Nuuksio-seuran paidassa.<\/p>\n\n\n\n<p>Pakkasella olisi kuitenkin ollut tarve p\u00e4\u00e4st\u00e4 yhteisiin sis\u00e4tiloihin. Sen aikaiseen Turuntien motelliin (Nupurin kartano) ei kyl\u00e4n pojilla ja tyt\u00f6ill\u00e4 ollut juuri asiaa. Mutta tuohon aikaan Espoon kaupunki oli ilmeisesti paljon rikkaampi kuin t\u00e4n\u00e4\u00e4n, sill\u00e4 koko Nuuksio-Nupurin nuorison iloksi kaupunki vuokrasi vuonna 1968 paikallisen ruotsinkielisen nuorisoseuran Stenhallan seurantalon nuorison k\u00e4ytt\u00f6\u00f6n ja jopa palkkasi sinne kerhois\u00e4nn\u00e4n. T\u00e4ss\u00e4 yhteydess\u00e4 ei kuitenkaan pid\u00e4 unohtaa omien vanhempiemme aktiivista panosta hankkeen alkuunpanijoina ja painostusta kaupungin p\u00e4\u00e4tt\u00e4jien suuntaan.<\/p>\n\n\n\n<p>Tila kalustettiin toimintaan sopivaksi ja levyautomaatti sek\u00e4 pingisp\u00f6yt\u00e4 olivat ahkerassa k\u00e4yt\u00f6ss\u00e4. Itse toiminta uskottiin aluksi kokonaan meid\u00e4n nuorten omiin k\u00e4siin, sill\u00e4 kerhois\u00e4nt\u00e4 palkattiin vasta my\u00f6hemmin. My\u00f6s omat vanhempamme olivat edelleen taustajoukoissa ja esimerkiksi meid\u00e4n \u00e4itimme ompeli ja hankki pelipaitoja.<\/p>\n\n\n\n<p>Toimintaa keksittiin itse. Muita nuorisokerhoja haastettiin l\u00e4tk\u00e4\u2013 ja futismatseihin ja k\u00e4ytiin tutustumassa muiden kerhojen eli Tuomarilan, L\u00e4hderannan, Tapiolan ja Haukilahden Stella Mariksen touhuihin. Yhteisi\u00e4 retki\u00e4 tehtiin Hankoon, Ahvenanmaalle ja Tukholmaan, ja k\u00e4ytiin my\u00f6s katsomassa Hair-musikaalia Tampereella.<\/p>\n\n\n\n<p>Espoon nuorisotoimen luottamus nuorison omatoimiseen tekemiseen oli muutenkin kohdallaan. Kerhotila pidettiin kunnossa ja ennen ovien avaamista piti laittaa \u00f6ljykamiina p\u00e4\u00e4lle, jotta tila oli kylm\u00e4\u00e4n aikaan edes kohtuullisen l\u00e4mmin.<\/p>\n\n\n\n<p>Itse j\u00e4rjestetyt bileet b\u00e4ndeineen houkuttelivat nuorisoa laajalti Nuuksio-Nupurin ulkopuoleltakin. P\u00e4\u00e4symaksuilla rahoitettiin edell\u00e4 mainittuja matkoja. \u00c4\u00e4nek\u00e4s juhlinta her\u00e4tti kuitenkin paheksuntaa joissakin l\u00e4hiasukkaissa ja osaksi t\u00e4st\u00e4 syyst\u00e4 nuorisokerhon vuokrasopimus j\u00e4tettiin uusimatta ja toiminta loppui 1972.<\/p>\n\n\n\n<p>Kun nyt entisen\u00e4 nuorena liikuskelen noilla 50 vuoden takaisilla paikoilla, aika v\u00e4h\u00e4n on maisema muuttunut. Vanhat pelikent\u00e4t ovat kasvaneet umpeen eik\u00e4 nuorisoa n\u00e4y oikeastaan miss\u00e4\u00e4n. Taitavat viett\u00e4\u00e4 aikaansa kauppakeskuksissa tai Helsingiss\u00e4.<\/p>\n\n\n\n<p>Toisin oli silloin, kun ei ollut rahaa eik\u00e4 k\u00e4nnyk\u00f6it\u00e4 ja somea. Ainoa tapa saada yhteys kavereihin oli l\u00e4hte\u00e4 kiert\u00e4m\u00e4\u00e4n vakiopaikkoja. Joskus saattoi kuitenkin k\u00e4yd\u00e4 niin, ett\u00e4 kun l\u00e4hti liikkeelle hiukan my\u00f6h\u00e4ss\u00e4, ket\u00e4\u00e4n ei n\u00e4kynyt. Voi sit\u00e4 h\u00e4t\u00e4\u00e4! Jossain on varmaan kotibileet eik\u00e4 minulle ole kerrottu!<\/p>\n\n\n\n<p>Me 1950-luvulla syntyneet nupurilaiset olemme jo entisi\u00e4 nuoria, mutta kaveruus on s\u00e4ilynyt. T\u00e4st\u00e4 esimerkkin\u00e4 joukkomme tapasi t\u00e4n\u00e4 kev\u00e4\u00e4n\u00e4 jo toisen kerran yhteisell\u00e4 kotiseudun k\u00e4velyretkell\u00e4. Parikymment\u00e4 reipasta harmaap\u00e4\u00e4t\u00e4 vaihtoi kuulumiset ja mukana oli sellaisiakin kavereita, joita ei oltu tavattu 50 vuoteen.<\/p>\n","protected":false},"excerpt":{"rendered":"<p>Timo Rauhanen Espoon kaupungin perustamisen aikaan me Nuuksio-Nupurin suuret ik\u00e4luokat olimme aikuistumassa, mutta mink\u00e4\u00e4nlaisia yhteisi\u00e4 nuorisotiloja ei ollut. Perinteiset tanhu\u2013 ja iltamatouhut eiv\u00e4t en\u00e4\u00e4 jaksaneet kiinnostaa, kun nuorisokulttuuri festareineen ja flower power -liikkeineen oli tullut voimakkaasti esiin. Maailman \u201dhullu vuosi\u201d 1968 oli juuri k\u00e4sill\u00e4. Tuohon aikaan perheiss\u00e4 oli tyypillisesti 3-4 lasta. Niinp\u00e4 Nupurissakin monikymmenp\u00e4inen nuorisojoukkomme&hellip; <a class=\"more-link\" href=\"https:\/\/espoonperinneseura.net\/espoo1972\/muistoja-espoosta\/nuuksion-nuoriso-nakyi-ja-kuului-50-vuotta-sitten\/\">Jatka lukemista <span class=\"screen-reader-text\">Nuuksion nuoriso n\u00e4kyi ja kuului 50 vuotta sitten<\/span><\/a><\/p>\n","protected":false},"author":1,"featured_media":0,"parent":302,"menu_order":114,"comment_status":"closed","ping_status":"closed","template":"","meta":{"_eb_attr":"","_exactmetrics_skip_tracking":false,"_exactmetrics_sitenote_active":false,"_exactmetrics_sitenote_note":"","_exactmetrics_sitenote_category":0,"footnotes":""},"class_list":["post-3032","page","type-page","status-publish","hentry","entry"],"_links":{"self":[{"href":"https:\/\/espoonperinneseura.net\/espoo1972\/wp-json\/wp\/v2\/pages\/3032","targetHints":{"allow":["GET"]}}],"collection":[{"href":"https:\/\/espoonperinneseura.net\/espoo1972\/wp-json\/wp\/v2\/pages"}],"about":[{"href":"https:\/\/espoonperinneseura.net\/espoo1972\/wp-json\/wp\/v2\/types\/page"}],"author":[{"embeddable":true,"href":"https:\/\/espoonperinneseura.net\/espoo1972\/wp-json\/wp\/v2\/users\/1"}],"replies":[{"embeddable":true,"href":"https:\/\/espoonperinneseura.net\/espoo1972\/wp-json\/wp\/v2\/comments?post=3032"}],"version-history":[{"count":2,"href":"https:\/\/espoonperinneseura.net\/espoo1972\/wp-json\/wp\/v2\/pages\/3032\/revisions"}],"predecessor-version":[{"id":3037,"href":"https:\/\/espoonperinneseura.net\/espoo1972\/wp-json\/wp\/v2\/pages\/3032\/revisions\/3037"}],"up":[{"embeddable":true,"href":"https:\/\/espoonperinneseura.net\/espoo1972\/wp-json\/wp\/v2\/pages\/302"}],"wp:attachment":[{"href":"https:\/\/espoonperinneseura.net\/espoo1972\/wp-json\/wp\/v2\/media?parent=3032"}],"curies":[{"name":"wp","href":"https:\/\/api.w.org\/{rel}","templated":true}]}}