{"id":3064,"date":"2022-07-10T18:42:10","date_gmt":"2022-07-10T15:42:10","guid":{"rendered":"https:\/\/espoonperinneseura.net\/espoo1972\/?page_id=3064"},"modified":"2022-08-18T21:09:00","modified_gmt":"2022-08-18T18:09:00","slug":"jouko-ja-arto-oksasen-muisteluksia-lapsuutensa-myllykylasta","status":"publish","type":"page","link":"https:\/\/espoonperinneseura.net\/espoo1972\/muistoja-espoosta\/jouko-ja-arto-oksasen-muisteluksia-lapsuutensa-myllykylasta\/","title":{"rendered":"Jouko ja Arto Oksasen muisteluksia lapsuutensa Myllykyl\u00e4st\u00e4"},"content":{"rendered":"\n<p><em>Helmi Oksanen<\/em>, Auroran koulu<\/p>\n\n\n\n<p>Auroran koulun 4K-luokka otti vastaan Espoon perinneseuran haasteen ker\u00e4t\u00e4 muisteluksia Espoosta. Opettaja Kaija Kuivasen johdolla luokka keksi kysymyksi\u00e4. Aktiivinen koululainen Helmi O. l\u00f6ysi kaksi aikaihmist\u00e4, jotka olivat k\u00e4yneet koulua Espoossa Myllykyl\u00e4ss\u00e4. <strong>Millaista oli olla ennen vanhaan lapsi ja koululainen?<\/strong><\/p>\n\n\n\n<figure class=\"wp-block-image size-large is-resized\"><img loading=\"lazy\" decoding=\"async\" src=\"https:\/\/espoonperinneseura.net\/espoo1972\/wp-content\/uploads\/2022\/07\/Myllykylankansakoulu-1024x423.jpg\" alt=\"\" class=\"wp-image-3069\" width=\"768\" height=\"317\" srcset=\"https:\/\/espoonperinneseura.net\/espoo1972\/wp-content\/uploads\/2022\/07\/Myllykylankansakoulu-1024x423.jpg 1024w, https:\/\/espoonperinneseura.net\/espoo1972\/wp-content\/uploads\/2022\/07\/Myllykylankansakoulu-300x124.jpg 300w, https:\/\/espoonperinneseura.net\/espoo1972\/wp-content\/uploads\/2022\/07\/Myllykylankansakoulu-768x317.jpg 768w, https:\/\/espoonperinneseura.net\/espoo1972\/wp-content\/uploads\/2022\/07\/Myllykylankansakoulu.jpg 1496w\" sizes=\"auto, (max-width: 768px) 100vw, 768px\" \/><\/figure>\n\n\n\n<hr class=\"wp-block-separator has-text-color has-gray-color has-alpha-channel-opacity has-gray-background-color has-background\"\/>\n\n\n\n<p class=\"has-large-font-size\"><strong>Jouko Oksasen vastauksia kysymyksiin<\/strong><\/p>\n\n\n\n<p>Miss\u00e4 olet syntynyt?<br>\u2013 Pusulan kirkonkyl\u00e4ss\u00e4 vuonna 1953<\/p>\n\n\n\n<p>Millaisessa talossa asuit?<br>\u2013 Omakotitalossa.<\/p>\n\n\n\n<p>Mit\u00e4 harrastuksia sinulla oli?<br>\u2013 Urheilu ja musiikki<\/p>\n\n\n\n<p>Mit\u00e4 lapset tekiv\u00e4t kes\u00e4ll\u00e4? Ent\u00e4 talvella?<br>\u2013 Kes\u00e4ll\u00e4 uitiin, pelattiin futista, py\u00f6r\u00e4iltiin. Talvella pelattiin j\u00e4\u00e4kiekkoa ja hiihdettiin.<\/p>\n\n\n\n<p><strong>Koulunk\u00e4ynti<\/strong><\/p>\n\n\n\n<p>Mit\u00e4 koulua k\u00e4vit?<br>\u2013 Myllykyl\u00e4n kansakoulua.<\/p>\n\n\n\n<p>Millainen koulu Myllykyl\u00e4n kansakoulu oli?<br>\u2013 Hyv\u00e4 koulu ja mukava k\u00e4yd\u00e4.<\/p>\n\n\n\n<p>Kuinka pitk\u00e4 koulumatkasi oli?<br>-200 metri\u00e4<\/p>\n\n\n\n<p>Mit\u00e4 oppiaineita koulussa oli?<br>\u2013 Matematiikka, \u00e4idinkieli, kaunokirjoitus, historia , kasvi- ja el\u00e4inoppi, liikunta, musiikki, piirustus, veisto<\/p>\n\n\n\n<p>Millainen koulurakennus oli? Ent\u00e4 koulun piha?<br>\u2013 Tiilirakennus. Pihalla oli hiekkakentt\u00e4.<\/p>\n\n\n\n<p>Mit\u00e4 oppilaat tekiv\u00e4t v\u00e4litunnilla?<br>\u2013 Tyt\u00f6t hypp\u00e4si narua ja pojat pelasi futista ja talvella j\u00e4\u00e4kiekkoa.<\/p>\n\n\n\n<p>Oliko koulussa ruokailu oppilaille?<br>\u2013 Oli oma ruokala.<\/p>\n\n\n\n<p>Mik\u00e4 oli lempiruokasi koulussa?<br>\u2013 Lihapulla ja muussi.<\/p>\n\n\n\n<p>Kuinka pitki\u00e4 koulup\u00e4iv\u00e4t olivat?<br>\u2013 4-6 tuntia.<\/p>\n\n\n\n<p>Mist\u00e4 oppiaineesta pidit?<br>\u2013 Urheilu ja musiikki.<\/p>\n\n\n\n<p>Muistatko jonkun opettajan?<br>\u2013 Kuusmets\u00e4 opetti liikuntaa ja musiikkia. Johtajaopettaja Vilhunen veistoa.<\/p>\n\n\n\n<p>Olivatko opettajat kilttej\u00e4? Ent\u00e4 lapset?<br>\u2013 Kaikki oli kilttej\u00e4.<\/p>\n\n\n\n<p>Millaisia rangaistuksia koulussa oli?<br>\u2013 J\u00e4lki-istunto ja luokasta poistaminen.<\/p>\n\n\n\n<p>Mik\u00e4 oli koulussa hauskinta\/rankinta?<br>\u2013 Liikunta ja rankinta oli hammasl\u00e4\u00e4k\u00e4ri<\/p>\n\n\n\n<p>Mik\u00e4 on hauskin koulumuistosi?<br>\u2013 Hiihtokilpailun voittaminen.<\/p>\n\n\n\n<p><strong>Kotipaikka<\/strong><\/p>\n\n\n\n<p>Miss\u00e4 asuit lapsena? Maalla vai kaupungissa?<br>\u2013 Maalla.<\/p>\n\n\n\n<p>Mink\u00e4laisia taloja oli kotisi l\u00e4hell\u00e4?<br>\u2013 Omakotitaloja.<\/p>\n\n\n\n<p>Asuiko l\u00e4hell\u00e4 paljon lapsia?<br>\u2013 12.<\/p>\n\n\n\n<p>Oliko t\u00e4\u00e4ll\u00e4 kauppoja?<br>\u2013 Elanto ja Stolt.<\/p>\n\n\n\n<p>Oliko l\u00e4hell\u00e4 kirjasto? Ent\u00e4 uimaranta\/puisto\/mets\u00e4\u00e4?<br>\u2013 Kirjastoauto. Lippaj\u00e4rven uimaranta. Auroran puisto ja luonnonsuojelumets\u00e4.<\/p>\n\n\n\n<p>Millaisia tiet tai kadut olivat?<br>\u2013 Hiekkateit\u00e4. My\u00f6hemmin \u00f6ljysoraa.<\/p>\n\n\n\n<p>Mit\u00e4 kulkuneuvoja k\u00e4ytitte?<br>\u2013 Polkupy\u00f6r\u00e4\u00e4. Pidemmill\u00e4 matkalla linja-autoa.<\/p>\n\n\n\n<p>Miten kotipaikkasi on muuttunut?<br>\u2013 Paljon lis\u00e4\u00e4 asukkaita ja rakennuksia, teit\u00e4 lis\u00e4\u00e4 ja parempia.<\/p>\n\n\n\n<p><strong>Lippaj\u00e4rven\/Myllykyl\u00e4n alue<\/strong><\/p>\n\n\n\n<p>Oliko t\u00e4\u00e4ll\u00e4 leikkipaikkoja lapsille?<br>\u2013 Mets\u00e4 ja niityt.<\/p>\n\n\n\n<p>Puhuttiinko t\u00e4\u00e4ll\u00e4 muuta kuin suomen kielt\u00e4?<br>\u2013 Ruotsia.<\/p>\n\n\n\n<p>Asuiko t\u00e4\u00e4ll\u00e4 rikkaita vai k\u00f6yhi\u00e4 ihmisi\u00e4?<br>\u2013 Keskituloisia<\/p>\n\n\n\n<p>Saiko Auroran puistossa ulkoilla ja leikki\u00e4?<br>\u2013 Kyll\u00e4 sai.<\/p>\n\n\n\n<p>Milt\u00e4 luonto n\u00e4ytti?<br>\u2013 Mets\u00e4\u00e4, niittyj\u00e4, kaalipeltoja.<\/p>\n\n\n\n<p>Onko sinulla s\u00e4ilynyt valokuvia t\u00e4st\u00e4 alueesta?<\/p>\n\n\n\n<p>Miten Lippaj\u00e4rven alue on muuttunut?<br>\u2013 Paljon rakennettu utta ja uusia asukkaita.<\/p>\n\n\n\n<p><strong>Muita aiheita<\/strong><\/p>\n\n\n\n<p>Kuka oli Suomen presidentti, kun olit lapsi?<br>\u2013 Urho Kekkonen.<\/p>\n\n\n\n<p>Milloin olit onnellisin\/surullisin?<br>\u2013 Parasta aikaa<\/p>\n\n\n\n<p>Mik\u00e4 oli parasta lapsuudessasi?<br>Maaseutu.<\/p>\n\n\n\n<hr class=\"wp-block-separator has-text-color has-gray-color has-alpha-channel-opacity has-gray-background-color has-background is-style-default\"\/>\n\n\n\n<p class=\"has-large-font-size\"><strong>Arto Oksasen vastauksia kysymyksiin<\/strong><\/p>\n\n\n\n<p>Miss\u00e4 olet syntynyt?<br>\u2013 Pusulan kirkonkyl\u00e4ss\u00e4 vuonna 1957.<\/p>\n\n\n\n<p>Millaisessa talossa asuit?<br>\u2013 Omakotitalossa.<\/p>\n\n\n\n<p>Mit\u00e4 harrastuksia sinulla oli?<br>\u2013 Pelattiin ulkopelej\u00e4 kes\u00e4ll\u00e4 ja talvella, hiihdettiin ja uitiin.<\/p>\n\n\n\n<p>Mit\u00e4 lapset tekiv\u00e4t kes\u00e4ll\u00e4? Ent\u00e4 talvella?<br>\u2013 Sama vastaus<\/p>\n\n\n\n<p><strong>Koulunk\u00e4ynti<\/strong><\/p>\n\n\n\n<p>Mit\u00e4 koulua k\u00e4vit?<br>\u2013 Myllykyl\u00e4n kansakoulua.<\/p>\n\n\n\n<p>Millainen koulu Myllykyl\u00e4n kansakoulu oli?<br>\u2013 Uusi hieno, kiva koulu<\/p>\n\n\n\n<p>Kuinka pitk\u00e4 koulumatkasi oli?<br>\u2013 Noin 400 metri\u00e4.<\/p>\n\n\n\n<p>Mit\u00e4 oppiaineita koulussa oli?<br>\u2013 Laskento, \u00e4idinkieli (lukeminen ja kirjoitus), englannin kieli, maantietoa, historia , uskonto, luonnontietoa, voimistelu ja urheilu, k\u00e4sity\u00f6, laulu.<\/p>\n\n\n\n<p>Millainen koulurakennus oli? Ent\u00e4 koulun piha?<br>\u2013 Iso kaksikerroksinen, rapattu kivirakennus, hiekkapiha, jossa pelikentt\u00e4 ja talvella j\u00e4\u00e4, jota talonmies j\u00e4\u00e4dytti.<\/p>\n\n\n\n<p>Mit\u00e4 oppilaat tekiv\u00e4t v\u00e4litunnilla?<br>\u2013 Leikittiin ja pelattiin.<\/p>\n\n\n\n<p>Oliko koulussa ruokailu oppilaille?<br>\u2013 Kyll\u00e4 oli ruokailu.<\/p>\n\n\n\n<p>Mik\u00e4 oli lempiruokasi koulussa?<br>\u2013 Pannukakku.<\/p>\n\n\n\n<p>Kuinka pitki\u00e4 koulup\u00e4iv\u00e4t olivat?<br>\u2013 En muista. Tuntui pitk\u00e4lt\u00e4.<\/p>\n\n\n\n<p>Mist\u00e4 oppiaineesta pidit?<br>\u2013 K\u00e4sity\u00f6t.<\/p>\n\n\n\n<p>Muistatko jonkun opettajan?<br>\u2013 Inkeri Soiniitty, Marketta Lehto, Sakari Vilonen, miesopettaja Kuusmets\u00e4, miesopettaja M\u00e4\u00e4tt\u00e4. Lis\u00e4ksi muistan keitt\u00e4j\u00e4n, rouva Jakobsonin ja talonmies Pauli Purasen. Sakari Vilonen oli johtajaopettaja (silloin ei ollut rehtoria).<\/p>\n\n\n\n<p>Olivatko opettajat kilttej\u00e4? Ent\u00e4 lapset?<br>\u2013 Opettajat olivat kilttej\u00e4 ja niit\u00e4 toteltiin. My\u00f6s lapset olivat etup\u00e4\u00e4ss\u00e4 kllttej\u00e4.<\/p>\n\n\n\n<p>Millaisia rangaistuksia koulussa oli?<br>\u2013 Nurkassa seisomista ja j\u00e4lki-istuntoa, joskus saattoi saada karttakepist\u00e4 n\u00e4peille. Samoin my\u00f6s talutettiin joitakin oppilaita niskasta pit\u00e4en.<\/p>\n\n\n\n<p>Mik\u00e4 oli koulussa hauskinta?<br>\u2013 V\u00e4litunnit<\/p>\n\n\n\n<p>Mik\u00e4 on hauskin koulumuistosi?<br>\u2013 Luokkaretki Turkuun<\/p>\n\n\n\n<p><strong>Kotipaikka<\/strong><\/p>\n\n\n\n<p>Miss\u00e4 asuit lapsena? Maalla vai kaupungissa?<br>\u2013 Maalla, Espoon kauppalassa.<\/p>\n\n\n\n<p>Mink\u00e4laisia taloja oli kotisi l\u00e4hell\u00e4?<br>\u2013 Omakotitaloja ja kes\u00e4asuntoja.<\/p>\n\n\n\n<p>Asuiko l\u00e4hell\u00e4 paljon lapsia?<br>\u2013 Kyll\u00e4, kotitien varrella asui monta lasta.<\/p>\n\n\n\n<p>Miss\u00e4 k\u00e4vitte kaupassa?<br>\u2013 Tr\u00e4sk\u00e4ndan Elannossa, Stoltin kaupassa ja Petaksen Elannossa.<\/p>\n\n\n\n<p>Oliko l\u00e4hell\u00e4 kirjasto? Ent\u00e4 uimaranta\/puisto\/mets\u00e4\u00e4?<br>\u2013 Kirjastoauto k\u00e4vi Myllykyl\u00e4n koulun pihalla. Lippaj\u00e4rvell\u00e4 ja Laaksolahdessa. Pitk\u00e4j\u00e4rvell\u00e4 oli uimaranta. Tr\u00e4sk\u00e4ndan puisto.<\/p>\n\n\n\n<p>Millaisia tiet tai kadut olivat?<br>\u2013 Tiet ja kadut olivat kapeita ja hiekkap\u00e4\u00e4llysteisi\u00e4. Ei ollut katuvaloja.<\/p>\n\n\n\n<p>Mit\u00e4 kulkuneuvoja k\u00e4ytitte?<br>\u2013 Linja-autoa.<\/p>\n\n\n\n<p>Miten kotipaikkasi on muuttunut?<br>\u2013 Sinne on rakennettu paljon uusia asuntoja, jopa kerrostaloja. Tuntuu, ett\u00e4 on rakennettu aivan liikaa.<\/p>\n\n\n\n<p><strong>Lippaj\u00e4rven\/Myllykyl\u00e4n alue<\/strong><\/p>\n\n\n\n<p>Oliko t\u00e4\u00e4ll\u00e4 leikkipaikkoja lapsille?<br>\u2013 Leikittiin puistossa, niityll\u00e4, rannalla.<\/p>\n\n\n\n<p>Puhuttiinko t\u00e4\u00e4ll\u00e4 muuta kuin suomen kielt\u00e4?<br>\u2013 Kaupassa esim. kuulin joidenkin puhuvan ruotsia. Omat kaverit ja niiden perheet olivat suomenkielisi\u00e4.<\/p>\n\n\n\n<p>Asuiko t\u00e4\u00e4ll\u00e4 rikkaita vai k\u00f6yhi\u00e4 ihmisi\u00e4?<br>\u2013 Samanlaisia kuin nyky\u00e4\u00e4n.<\/p>\n\n\n\n<p>Saiko Auroran puistossa ulkoilla ja leikki\u00e4?<br>\u2013 Sai ulkoilla ja leikki\u00e4.<\/p>\n\n\n\n<p>Milt\u00e4 luonto n\u00e4ytti?<br>\u2013 Luonto n\u00e4ytti puhtaalta ja vehre\u00e4lt\u00e4.<\/p>\n\n\n\n<p>Miten Lippaj\u00e4rven alue on muuttunut?<br>\u2013 Lippaj\u00e4rven alue on rakennettu t\u00e4yteen, se ei ole lainkaan samanlainen kuin minun lapsuudessa.<\/p>\n\n\n\n<p><strong>Muita aiheita<\/strong><\/p>\n\n\n\n<p>Kuka oli Suomen presidentti, kun olit lapsi?<br>\u2013 Urho Kaleva Kekkonen.<\/p>\n\n\n\n<p>Oliko lapsuus kivaa aikaa?<br>\u2013 Kyll\u00e4, lapsuus oli kivaa aikaa.<\/p>\n\n\n\n<p>Mik\u00e4 oli parasta lapsuudessasi?<br>\u2013 Puhdas luonto ja vapaus tehd\u00e4 kaikkea kivaa.<\/p>\n","protected":false},"excerpt":{"rendered":"<p>Helmi Oksanen, Auroran koulu Auroran koulun 4K-luokka otti vastaan Espoon perinneseuran haasteen ker\u00e4t\u00e4 muisteluksia Espoosta. Opettaja Kaija Kuivasen johdolla luokka keksi kysymyksi\u00e4. Aktiivinen koululainen Helmi O. l\u00f6ysi kaksi aikaihmist\u00e4, jotka olivat k\u00e4yneet koulua Espoossa Myllykyl\u00e4ss\u00e4. Millaista oli olla ennen vanhaan lapsi ja koululainen? Jouko Oksasen vastauksia kysymyksiin Miss\u00e4 olet syntynyt?\u2013 Pusulan kirkonkyl\u00e4ss\u00e4 vuonna 1953 Millaisessa&hellip; <a class=\"more-link\" href=\"https:\/\/espoonperinneseura.net\/espoo1972\/muistoja-espoosta\/jouko-ja-arto-oksasen-muisteluksia-lapsuutensa-myllykylasta\/\">Jatka lukemista <span class=\"screen-reader-text\">Jouko ja Arto Oksasen muisteluksia lapsuutensa Myllykyl\u00e4st\u00e4<\/span><\/a><\/p>\n","protected":false},"author":1,"featured_media":0,"parent":302,"menu_order":69,"comment_status":"closed","ping_status":"closed","template":"","meta":{"_eb_attr":"","_exactmetrics_skip_tracking":false,"_exactmetrics_sitenote_active":false,"_exactmetrics_sitenote_note":"","_exactmetrics_sitenote_category":0,"footnotes":""},"class_list":["post-3064","page","type-page","status-publish","hentry","entry"],"_links":{"self":[{"href":"https:\/\/espoonperinneseura.net\/espoo1972\/wp-json\/wp\/v2\/pages\/3064","targetHints":{"allow":["GET"]}}],"collection":[{"href":"https:\/\/espoonperinneseura.net\/espoo1972\/wp-json\/wp\/v2\/pages"}],"about":[{"href":"https:\/\/espoonperinneseura.net\/espoo1972\/wp-json\/wp\/v2\/types\/page"}],"author":[{"embeddable":true,"href":"https:\/\/espoonperinneseura.net\/espoo1972\/wp-json\/wp\/v2\/users\/1"}],"replies":[{"embeddable":true,"href":"https:\/\/espoonperinneseura.net\/espoo1972\/wp-json\/wp\/v2\/comments?post=3064"}],"version-history":[{"count":5,"href":"https:\/\/espoonperinneseura.net\/espoo1972\/wp-json\/wp\/v2\/pages\/3064\/revisions"}],"predecessor-version":[{"id":3996,"href":"https:\/\/espoonperinneseura.net\/espoo1972\/wp-json\/wp\/v2\/pages\/3064\/revisions\/3996"}],"up":[{"embeddable":true,"href":"https:\/\/espoonperinneseura.net\/espoo1972\/wp-json\/wp\/v2\/pages\/302"}],"wp:attachment":[{"href":"https:\/\/espoonperinneseura.net\/espoo1972\/wp-json\/wp\/v2\/media?parent=3064"}],"curies":[{"name":"wp","href":"https:\/\/api.w.org\/{rel}","templated":true}]}}