{"id":3081,"date":"2022-07-15T15:33:41","date_gmt":"2022-07-15T12:33:41","guid":{"rendered":"https:\/\/espoonperinneseura.net\/espoo1972\/?page_id=3081"},"modified":"2022-09-01T06:25:36","modified_gmt":"2022-09-01T03:25:36","slug":"koulutus-espoossa-1970-2020","status":"publish","type":"page","link":"https:\/\/espoonperinneseura.net\/espoo1972\/koulutus-espoossa-1970-2020\/","title":{"rendered":"Koulutus Espoossa 1970-2020-luvuilla"},"content":{"rendered":"<p><strong>Lue koulutuksen kehittymisest\u00e4 Espoossa viime vuosikymmenin\u00e4:<\/strong><\/p>\r\n\r\n<div style=\"margin: auto;\">\r\n<div class=\"btn\"><a class=\"btn-text\" style=\"color: #000;\" href=\"https:\/\/espoonperinneseura.net\/espoo1972\/koulutus-espoossa-1970-luvulla\/\">1970-luku<\/a><\/div>\r\n<div class=\"btn\"><a class=\"btn-text\" style=\"color: #000;\" href=\"https:\/\/espoonperinneseura.net\/espoo1972\/koulutus-espoossa-1980-luvulla\/\">1980-luku<\/a><\/div>\r\n<div class=\"btn\"><a class=\"btn-text\" style=\"color: #000;\" href=\"https:\/\/espoonperinneseura.net\/espoo1972\/koulutus-espoossa-1990-luvulla\/\">1990-luku<\/a><\/div>\r\n<div class=\"btn\"><a class=\"btn-text\" style=\"color: #000;\" href=\"https:\/\/espoonperinneseura.net\/espoo1972\/koulutus-espoossa-2000-luvulla\/\">2000-luku<\/a><\/div>\r\n<div class=\"btn\"><a class=\"btn-text\" style=\"color: #000;\" href=\"https:\/\/espoonperinneseura.net\/espoo1972\/koulutus-espoossa-2010-luvulla\/\">2010-luku<\/a><\/div>\r\n<div class=\"btn\"><a class=\"btn-text\" style=\"color: #000;\" href=\"https:\/\/espoonperinneseura.net\/espoo1972\/koulutus-espoossa-2020-luvulla\/\">2020-luku<\/a><\/div>\r\n<\/div>\r\n\r\n<p style=\"clear: both;\"><em>Martti Hellstr\u00f6m ja Marjatta Kuitunen<\/em><\/p>\r\n<p style=\"clear: both;\"><img loading=\"lazy\" decoding=\"async\" class=\"alignright size-large wp-image-995\" src=\"https:\/\/espoonperinneseura.net\/espoo1972\/wp-content\/uploads\/2021\/12\/ESPOO_50_tunnus_RGB_VAAKA_MUSTA-e1649732793846-1024x417.png\" alt=\"\" width=\"375\" height=\"153\" srcset=\"https:\/\/espoonperinneseura.net\/espoo1972\/wp-content\/uploads\/2021\/12\/ESPOO_50_tunnus_RGB_VAAKA_MUSTA-e1649732793846-1024x417.png 1024w, https:\/\/espoonperinneseura.net\/espoo1972\/wp-content\/uploads\/2021\/12\/ESPOO_50_tunnus_RGB_VAAKA_MUSTA-e1649732793846-300x122.png 300w, https:\/\/espoonperinneseura.net\/espoo1972\/wp-content\/uploads\/2021\/12\/ESPOO_50_tunnus_RGB_VAAKA_MUSTA-e1649732793846-768x313.png 768w, https:\/\/espoonperinneseura.net\/espoo1972\/wp-content\/uploads\/2021\/12\/ESPOO_50_tunnus_RGB_VAAKA_MUSTA-e1649732793846-1536x626.png 1536w, https:\/\/espoonperinneseura.net\/espoo1972\/wp-content\/uploads\/2021\/12\/ESPOO_50_tunnus_RGB_VAAKA_MUSTA-e1649732793846-2048x834.png 2048w, https:\/\/espoonperinneseura.net\/espoo1972\/wp-content\/uploads\/2021\/12\/ESPOO_50_tunnus_RGB_VAAKA_MUSTA-e1649732793846-1568x639.png 1568w\" sizes=\"auto, (max-width: 375px) 100vw, 375px\" \/><\/p>\r\n<p>Tervetuloa tutustumaan koulutukseen Espoossa 1970-luvulta 2020-luvulle! P\u00e4\u00e4set lukemaan noin 50 lyhytt\u00e4 artikkelia Espoosta koulutuskaupunkina. Mukana on sattumuksia ja mielenkiintoisia tapahtumia eri koulumuodoista: varhaiskasvatuksesta aikuiskoulutukseen.<\/p>\r\n<p>Sis\u00e4lt\u00f6 on jaettu kuudelle vuosikymmenelle. Klikkaamalla vuosikymmenen painiketta p\u00e4\u00e4set sivulle, jossa l\u00f6ytyy linkit yksitt\u00e4isiin artikkeleihin.<\/p>\r\n<p>Hyvi\u00e4 lukuhetki\u00e4!<\/p>\r\n<p><img loading=\"lazy\" decoding=\"async\" class=\"alignnone size-full wp-image-3914\" src=\"https:\/\/espoonperinneseura.net\/espoo1972\/wp-content\/uploads\/2022\/08\/EKoulutus70-20.png\" alt=\"\" width=\"1034\" height=\"554\" srcset=\"https:\/\/espoonperinneseura.net\/espoo1972\/wp-content\/uploads\/2022\/08\/EKoulutus70-20.png 1034w, https:\/\/espoonperinneseura.net\/espoo1972\/wp-content\/uploads\/2022\/08\/EKoulutus70-20-300x161.png 300w, https:\/\/espoonperinneseura.net\/espoo1972\/wp-content\/uploads\/2022\/08\/EKoulutus70-20-1024x549.png 1024w, https:\/\/espoonperinneseura.net\/espoo1972\/wp-content\/uploads\/2022\/08\/EKoulutus70-20-768x411.png 768w\" sizes=\"auto, (max-width: 1034px) 100vw, 1034px\" \/><\/p>\r\n","protected":false},"excerpt":{"rendered":"<p>Lue koulutuksen kehittymisest\u00e4 Espoossa viime vuosikymmenin\u00e4: 1970-luku 1980-luku 1990-luku 2000-luku 2010-luku 2020-luku Martti Hellstr\u00f6m ja Marjatta Kuitunen Tervetuloa tutustumaan koulutukseen Espoossa 1970-luvulta 2020-luvulle! P\u00e4\u00e4set lukemaan noin 50 lyhytt\u00e4 artikkelia Espoosta koulutuskaupunkina. Mukana on sattumuksia ja mielenkiintoisia tapahtumia eri koulumuodoista: varhaiskasvatuksesta aikuiskoulutukseen. Sis\u00e4lt\u00f6 on jaettu kuudelle vuosikymmenelle. Klikkaamalla vuosikymmenen painiketta p\u00e4\u00e4set sivulle, jossa l\u00f6ytyy linkit yksitt\u00e4isiin&hellip; <a class=\"more-link\" href=\"https:\/\/espoonperinneseura.net\/espoo1972\/koulutus-espoossa-1970-2020\/\">Jatka lukemista <span class=\"screen-reader-text\">Koulutus Espoossa 1970-2020-luvuilla<\/span><\/a><\/p>\n","protected":false},"author":1,"featured_media":0,"parent":0,"menu_order":36,"comment_status":"closed","ping_status":"closed","template":"","meta":{"_eb_attr":"","_exactmetrics_skip_tracking":false,"_exactmetrics_sitenote_active":false,"_exactmetrics_sitenote_note":"","_exactmetrics_sitenote_category":0,"footnotes":""},"class_list":["post-3081","page","type-page","status-publish","hentry","entry"],"_links":{"self":[{"href":"https:\/\/espoonperinneseura.net\/espoo1972\/wp-json\/wp\/v2\/pages\/3081","targetHints":{"allow":["GET"]}}],"collection":[{"href":"https:\/\/espoonperinneseura.net\/espoo1972\/wp-json\/wp\/v2\/pages"}],"about":[{"href":"https:\/\/espoonperinneseura.net\/espoo1972\/wp-json\/wp\/v2\/types\/page"}],"author":[{"embeddable":true,"href":"https:\/\/espoonperinneseura.net\/espoo1972\/wp-json\/wp\/v2\/users\/1"}],"replies":[{"embeddable":true,"href":"https:\/\/espoonperinneseura.net\/espoo1972\/wp-json\/wp\/v2\/comments?post=3081"}],"version-history":[{"count":33,"href":"https:\/\/espoonperinneseura.net\/espoo1972\/wp-json\/wp\/v2\/pages\/3081\/revisions"}],"predecessor-version":[{"id":4117,"href":"https:\/\/espoonperinneseura.net\/espoo1972\/wp-json\/wp\/v2\/pages\/3081\/revisions\/4117"}],"wp:attachment":[{"href":"https:\/\/espoonperinneseura.net\/espoo1972\/wp-json\/wp\/v2\/media?parent=3081"}],"curies":[{"name":"wp","href":"https:\/\/api.w.org\/{rel}","templated":true}]}}