{"id":3117,"date":"2022-07-15T17:19:47","date_gmt":"2022-07-15T14:19:47","guid":{"rendered":"https:\/\/espoonperinneseura.net\/espoo1972\/?page_id=3117"},"modified":"2023-01-03T01:46:17","modified_gmt":"2023-01-02T23:46:17","slug":"koulutus-espoossa-1970-luvulla","status":"publish","type":"page","link":"https:\/\/espoonperinneseura.net\/espoo1972\/koulutus-espoossa-1970-luvulla\/","title":{"rendered":"Koulutus Espoossa 1970-luvulla"},"content":{"rendered":"<!-- Added by Post\/Page Specific Custom Code plugin, thank you for using! -->\n<style>.entry-title,  .entry-header {\r\n\tdisplay: none;\r\n}<\/style>\n<h5>Koulutuksen kehittyminen Espoossa&nbsp;&nbsp;&nbsp;&nbsp;&nbsp;&nbsp;&nbsp;&nbsp;<a href=\"https:\/\/espoonperinneseura.net\/espoo1972\/koulutus-espoossa-1970-2020\/\">Kansisivulle<\/a><\/h5>\n\n\n<div style=\"margin: auto\">\n<div class=\"btn\"><a class=\"btn-text\" style=\"color: #fff\" href=\"https:\/\/espoonperinneseura.net\/espoo1972\/koulutus-espoossa-1970-luvulla\/\">1970-luku<\/a><\/div>\n<div class=\"btn\"><a class=\"btn-text\" style=\"color: #000\" href=\"https:\/\/espoonperinneseura.net\/espoo1972\/koulutus-espoossa-1980-luvulla\/\">1980-luku<\/a><\/div>\n<div class=\"btn\"><a class=\"btn-text\" style=\"color: #000\" href=\"https:\/\/espoonperinneseura.net\/espoo1972\/koulutus-espoossa-1990-luvulla\/\">1990-luku<\/a><\/div>\n<div class=\"btn\"><a class=\"btn-text\" style=\"color: #000\" href=\"https:\/\/espoonperinneseura.net\/espoo1972\/koulutus-espoossa-2000-luvulla\/\">2000-luku<\/a><\/div>\n<div class=\"btn\"><a class=\"btn-text\" style=\"color: #000\" href=\"https:\/\/espoonperinneseura.net\/espoo1972\/koulutus-espoossa-2010-luvulla\/\">2010-luku<\/a><\/div>\n<div class=\"btn\"><a class=\"btn-text\" style=\"color: #000\" href=\"https:\/\/espoonperinneseura.net\/espoo1972\/koulutus-espoossa-2020-luvulla\/\">2020-luku<\/a><\/div>\n<\/div>\n\n\n<h3 style=\"clear: both;padding-top: 25px\">Koulutus Espoossa 1970-luvulla<\/h3>\n<p><em>Martti Hellstr\u00f6m ja Marjatta Kuitunen<\/em><\/p>\n<p><strong>Kohti pohjoismaista hyvinvointivaltiota<\/strong><br \/><strong>Espoon kauppalasta kaupunki <\/strong><br \/><strong>Rinnakkaiskoulusta peruskouluun<\/strong><\/p>\n<p><a href=\"https:\/\/espoonperinneseura.net\/espoo1972\/koulutus-espoossa-1970-luvulla\/opetus-1970-luvulla\/\">1970-luvun opetusmenetelmi\u00e4 ja -v\u00e4lineit\u00e4<\/a><\/p>\n<p><a href=\"https:\/\/espoonperinneseura.net\/espoo1972\/espoolaiset-kansakoulut\/\">Espoolaiset kansalaiskoulut 1972<\/a><\/p>\n<p><a href=\"https:\/\/espoonperinneseura.net\/espoo1972\/espoo-1972-2\/espoon-amikset-vuonna-1972\/\">Espoon amikset vuonna 1972<\/a><\/p>\n<p><a href=\"https:\/\/espoonperinneseura.net\/espoo1972\/kasvu-kaupungiksi\/espoon-tyovaenopisto-kansan-sivistajasta-monipuoliseksi-oppimiskeitaaksi\/\">Espoon ty\u00f6v\u00e4enopisto: Rahvaan valistajasta monipuoliseksi oppimiskeitaaksi<\/a><\/p>\n<p><a href=\"https:\/\/espoonperinneseura.net\/espoo1972\/finns-follhogskolan\/\">Finns Folkh\u00f6gskolan &#8211; huikean p\u00f6hin\u00e4n 70-ja 80-luku<\/a><\/p>\n<p style=\"display: none\">Kunnan omistamia yksityisi\u00e4 keskikouluja<\/p>\n<p style=\"display: none\">Espoon ensimm\u00e4inen peruskoululle suunniteltu koulurakennus<\/p>\n<p style=\"display: none\">Sota Hakaledon yhteiskoulusta<\/p>\n<p><a href=\"https:\/\/espoonperinneseura.net\/espoo1972\/koulutus-espoossa-1970-luvulla\/hakalehdon-koulusota\/\">Hakalehdon koulusota<\/a><\/p>\n<p><a href=\"https:\/\/espoonperinneseura.net\/espoo1972\/koulutus-espoossa-1970-luvulla\/kuriongelmia-yla-asteella\/\">Kuriongelmia yl\u00e4asteella<\/a><\/p>\n<p><a href=\"https:\/\/espoonperinneseura.net\/espoo1972\/koulutus-espoossa-1970-2020\/peruskouluuun-valmistautuminen\/\">Peruskouluun siirtyminen vaati valmistautumista<\/a><\/p>\n<p><a href=\"https:\/\/espoonperinneseura.net\/espoo1972\/kasvu-kaupungiksi\/huikea-esimerkki-espoon-oppikouluista-tapiolan-yhteiskoulu\/\">Tapiolan yhteiskoulu<\/a><\/p>\n<p><a href=\"https:\/\/espoonperinneseura.net\/espoo1972\/tuore-koulukaupunki-espoo-vuonna-1972\/\">Tuore koulukaupunki Espoo vuonna 1972<\/a>\u00a0<\/p>\n<p><img loading=\"lazy\" decoding=\"async\" class=\"alignnone wp-image-3918 size-large\" src=\"https:\/\/espoonperinneseura.net\/espoo1972\/wp-content\/uploads\/2022\/08\/E70kuva-1024x716.png\" alt=\"\" width=\"750\" height=\"524\" srcset=\"https:\/\/espoonperinneseura.net\/espoo1972\/wp-content\/uploads\/2022\/08\/E70kuva-1024x716.png 1024w, https:\/\/espoonperinneseura.net\/espoo1972\/wp-content\/uploads\/2022\/08\/E70kuva-300x210.png 300w, https:\/\/espoonperinneseura.net\/espoo1972\/wp-content\/uploads\/2022\/08\/E70kuva-768x537.png 768w, https:\/\/espoonperinneseura.net\/espoo1972\/wp-content\/uploads\/2022\/08\/E70kuva.png 1224w\" sizes=\"auto, (max-width: 750px) 100vw, 750px\" \/><\/p>","protected":false},"excerpt":{"rendered":"<p>Koulutuksen kehittyminen Espoossa&nbsp;&nbsp;&nbsp;&nbsp;&nbsp;&nbsp;&nbsp;&nbsp;Kansisivulle 1970-luku 1980-luku 1990-luku 2000-luku 2010-luku 2020-luku Koulutus Espoossa 1970-luvulla Martti Hellstr\u00f6m ja Marjatta Kuitunen Kohti pohjoismaista hyvinvointivaltiotaEspoon kauppalasta kaupunki Rinnakkaiskoulusta peruskouluun 1970-luvun opetusmenetelmi\u00e4 ja -v\u00e4lineit\u00e4 Espoolaiset kansalaiskoulut 1972 Espoon amikset vuonna 1972 Espoon ty\u00f6v\u00e4enopisto: Rahvaan valistajasta monipuoliseksi oppimiskeitaaksi Finns Folkh\u00f6gskolan &#8211; huikean p\u00f6hin\u00e4n 70-ja 80-luku Kunnan omistamia yksityisi\u00e4 keskikouluja Espoon ensimm\u00e4inen peruskoululle&hellip; <a class=\"more-link\" href=\"https:\/\/espoonperinneseura.net\/espoo1972\/koulutus-espoossa-1970-luvulla\/\">Jatka lukemista <span class=\"screen-reader-text\">Koulutus Espoossa 1970-luvulla<\/span><\/a><\/p>\n","protected":false},"author":1,"featured_media":0,"parent":0,"menu_order":38,"comment_status":"closed","ping_status":"closed","template":"","meta":{"_eb_attr":"","_exactmetrics_skip_tracking":false,"_exactmetrics_sitenote_active":false,"_exactmetrics_sitenote_note":"","_exactmetrics_sitenote_category":0,"footnotes":""},"class_list":["post-3117","page","type-page","status-publish","hentry","entry"],"_links":{"self":[{"href":"https:\/\/espoonperinneseura.net\/espoo1972\/wp-json\/wp\/v2\/pages\/3117","targetHints":{"allow":["GET"]}}],"collection":[{"href":"https:\/\/espoonperinneseura.net\/espoo1972\/wp-json\/wp\/v2\/pages"}],"about":[{"href":"https:\/\/espoonperinneseura.net\/espoo1972\/wp-json\/wp\/v2\/types\/page"}],"author":[{"embeddable":true,"href":"https:\/\/espoonperinneseura.net\/espoo1972\/wp-json\/wp\/v2\/users\/1"}],"replies":[{"embeddable":true,"href":"https:\/\/espoonperinneseura.net\/espoo1972\/wp-json\/wp\/v2\/comments?post=3117"}],"version-history":[{"count":59,"href":"https:\/\/espoonperinneseura.net\/espoo1972\/wp-json\/wp\/v2\/pages\/3117\/revisions"}],"predecessor-version":[{"id":4172,"href":"https:\/\/espoonperinneseura.net\/espoo1972\/wp-json\/wp\/v2\/pages\/3117\/revisions\/4172"}],"wp:attachment":[{"href":"https:\/\/espoonperinneseura.net\/espoo1972\/wp-json\/wp\/v2\/media?parent=3117"}],"curies":[{"name":"wp","href":"https:\/\/api.w.org\/{rel}","templated":true}]}}