{"id":3168,"date":"2022-07-16T07:55:18","date_gmt":"2022-07-16T04:55:18","guid":{"rendered":"https:\/\/espoonperinneseura.net\/espoo1972\/?page_id=3168"},"modified":"2022-08-20T19:29:36","modified_gmt":"2022-08-20T16:29:36","slug":"koulutus-espoossa-1980-luvulla","status":"publish","type":"page","link":"https:\/\/espoonperinneseura.net\/espoo1972\/koulutus-espoossa-1980-luvulla\/","title":{"rendered":"Koulutus Espoossa 1980-luvulla"},"content":{"rendered":"<!-- Added by Post\/Page Specific Custom Code plugin, thank you for using! -->\n<style>.entry-title,  .entry-header {\r\n\tdisplay: none;\r\n}<\/style>\n<h5>Koulutuksen kehittyminen Espoossa\u00a0\u00a0\u00a0\u00a0\u00a0\u00a0\u00a0\u00a0<a href=\"https:\/\/espoonperinneseura.net\/espoo1972\/koulutus-espoossa-1970-2020\/\">Kansisivulle<\/a><\/h5>\r\n\r\n<div style=\"margin: auto;\">\r\n<div class=\"btn\"><a class=\"btn-text\" style=\"color: #000;\" href=\"https:\/\/espoonperinneseura.net\/espoo1972\/koulutus-espoossa-1970-luvulla\/\">1970-luku<\/a><\/div>\r\n<div class=\"btn\"><a class=\"btn-text\" style=\"color: #fff;\" href=\"https:\/\/espoonperinneseura.net\/espoo1972\/koulutus-espoossa-1980-luvulla\/\">1980-luku<\/a><\/div>\r\n<div class=\"btn\"><a class=\"btn-text\" style=\"color: #000;\" href=\"https:\/\/espoonperinneseura.net\/espoo1972\/koulutus-espoossa-1990-luvulla\/\">1990-luku<\/a><\/div>\r\n<div class=\"btn\"><a class=\"btn-text\" style=\"color: #000;\" href=\"https:\/\/espoonperinneseura.net\/espoo1972\/koulutus-espoossa-2000-luvulla\/\">2000-luku<\/a><\/div>\r\n<div class=\"btn\"><a class=\"btn-text\" style=\"color: #000;\" href=\"https:\/\/espoonperinneseura.net\/espoo1972\/koulutus-espoossa-2010-luvulla\/\">2010-luku<\/a><\/div>\r\n<div class=\"btn\"><a class=\"btn-text\" style=\"color: #000;\" href=\"https:\/\/espoonperinneseura.net\/espoo1972\/koulutus-espoossa-2020-luvulla\/\">2020-luku<\/a><\/div>\r\n<\/div>\r\n\r\n\r\n\r\n<h3 style=\"clear: both; padding-top: 25px;\">Koulutus Espoossa 1980-luvulla<\/h3>\r\n<p><em>Martti Hellstr\u00f6m ja Marjatta Kuitunen<\/em><\/p>\r\n<p><strong>Vakaa, vauras ja turvallinen 1980-luku<\/strong><br \/><strong>Espoosta tulee palvelukaupunki<\/strong><br \/><strong>Laadukkaan koulutuksen vuosikymmen<\/strong><\/p>\r\n<p style=\"display: none;\">Viimeinen kansalaiskoululainen sulkee koulun oven<\/p>\r\n<p style=\"display: none;\">Espoon keskuksen ammatillisen oppilaitoksen kuntainliitto<\/p>\r\n<p style=\"display: none;\">Espoon Hotelli- ja ravintolaoppilaitos<\/p>\r\n<p><a href=\"https:\/\/espoonperinneseura.net\/espoo1972\/koulutus-espoossa-1980-luvulla\/1980-luvun-opetusmenetelmia\/\">1980-luvun opetusmenetelmi\u00e4<\/a><\/p>\r\n<p><a href=\"https:\/\/espoonperinneseura.net\/espoo1972\/koulutus-espoossa-1980-luvulla\/1980-luvun-opetusvalineita\/\">1980-luvun opetusv\u00e4lineit\u00e4<\/a><\/p>\r\n<p><a href=\"https:\/\/espoonperinneseura.net\/espoo1972\/koulutus-espoossa-1980-luvulla\/ammatillisten-oppilaitosten-kuntainliitto\/\">Ammatillisten oppilaitosten kuntainliitto<\/a><\/p>\r\n<p><a href=\"https:\/\/espoonperinneseura.net\/espoo1972\/tuntikehysjarjestelma\/\">Espoolainen hallintomies oli tuntikehysj\u00e4rjestelm\u00e4n keksij\u00f6it\u00e4<\/a><\/p>\r\n<p><a href=\"https:\/\/espoonperinneseura.net\/espoo1972\/koulutus-espoossa-1980-luvulla\/kuntainliitto\/\">Kuntainliiton oppilaitoksista palvelualojen osaajia<\/a><\/p>\r\n<p><a href=\"https:\/\/espoonperinneseura.net\/espoo1972\/koulutus-espoossa-1980-luvulla\/opettajalakko-1984\/\">Opettajalakko 1984<\/a><\/p>\r\n<p><a href=\"https:\/\/espoonperinneseura.net\/espoo1972\/koulutus-espoossa-1980-luvulla\/oppimateriaalikeskus\/\">Oppimateriaalikeskus palveli upeasti espoolaiskouluja<\/a><\/p>\r\n<p><a href=\"https:\/\/espoonperinneseura.net\/espoo1972\/koulutus-espoossa-1980-luvulla\/viimeinen-kansalaiskoululainen\/\">Viimeinen kansalaiskoululainen sulki koulun oven 1981<\/a><\/p>\r\n<p><img loading=\"lazy\" decoding=\"async\" class=\"alignnone size-large wp-image-3922\" src=\"https:\/\/espoonperinneseura.net\/espoo1972\/wp-content\/uploads\/2022\/08\/E80kuva-1024x753.png\" alt=\"\" width=\"750\" height=\"552\" srcset=\"https:\/\/espoonperinneseura.net\/espoo1972\/wp-content\/uploads\/2022\/08\/E80kuva-1024x753.png 1024w, https:\/\/espoonperinneseura.net\/espoo1972\/wp-content\/uploads\/2022\/08\/E80kuva-300x221.png 300w, https:\/\/espoonperinneseura.net\/espoo1972\/wp-content\/uploads\/2022\/08\/E80kuva-768x565.png 768w, https:\/\/espoonperinneseura.net\/espoo1972\/wp-content\/uploads\/2022\/08\/E80kuva-1536x1130.png 1536w, https:\/\/espoonperinneseura.net\/espoo1972\/wp-content\/uploads\/2022\/08\/E80kuva-1568x1153.png 1568w, https:\/\/espoonperinneseura.net\/espoo1972\/wp-content\/uploads\/2022\/08\/E80kuva.png 1792w\" sizes=\"auto, (max-width: 750px) 100vw, 750px\" \/><\/p>\r\n","protected":false},"excerpt":{"rendered":"<p>Koulutuksen kehittyminen Espoossa\u00a0\u00a0\u00a0\u00a0\u00a0\u00a0\u00a0\u00a0Kansisivulle 1970-luku 1980-luku 1990-luku 2000-luku 2010-luku 2020-luku Koulutus Espoossa 1980-luvulla Martti Hellstr\u00f6m ja Marjatta Kuitunen Vakaa, vauras ja turvallinen 1980-lukuEspoosta tulee palvelukaupunkiLaadukkaan koulutuksen vuosikymmen Viimeinen kansalaiskoululainen sulkee koulun oven Espoon keskuksen ammatillisen oppilaitoksen kuntainliitto Espoon Hotelli- ja ravintolaoppilaitos 1980-luvun opetusmenetelmi\u00e4 1980-luvun opetusv\u00e4lineit\u00e4 Ammatillisten oppilaitosten kuntainliitto Espoolainen hallintomies oli tuntikehysj\u00e4rjestelm\u00e4n keksij\u00f6it\u00e4 Kuntainliiton oppilaitoksista palvelualojen&hellip; <a class=\"more-link\" href=\"https:\/\/espoonperinneseura.net\/espoo1972\/koulutus-espoossa-1980-luvulla\/\">Jatka lukemista <span class=\"screen-reader-text\">Koulutus Espoossa 1980-luvulla<\/span><\/a><\/p>\n","protected":false},"author":1,"featured_media":0,"parent":0,"menu_order":39,"comment_status":"closed","ping_status":"closed","template":"","meta":{"_eb_attr":"","_exactmetrics_skip_tracking":false,"_exactmetrics_sitenote_active":false,"_exactmetrics_sitenote_note":"","_exactmetrics_sitenote_category":0,"footnotes":""},"class_list":["post-3168","page","type-page","status-publish","hentry","entry"],"_links":{"self":[{"href":"https:\/\/espoonperinneseura.net\/espoo1972\/wp-json\/wp\/v2\/pages\/3168","targetHints":{"allow":["GET"]}}],"collection":[{"href":"https:\/\/espoonperinneseura.net\/espoo1972\/wp-json\/wp\/v2\/pages"}],"about":[{"href":"https:\/\/espoonperinneseura.net\/espoo1972\/wp-json\/wp\/v2\/types\/page"}],"author":[{"embeddable":true,"href":"https:\/\/espoonperinneseura.net\/espoo1972\/wp-json\/wp\/v2\/users\/1"}],"replies":[{"embeddable":true,"href":"https:\/\/espoonperinneseura.net\/espoo1972\/wp-json\/wp\/v2\/comments?post=3168"}],"version-history":[{"count":29,"href":"https:\/\/espoonperinneseura.net\/espoo1972\/wp-json\/wp\/v2\/pages\/3168\/revisions"}],"predecessor-version":[{"id":4009,"href":"https:\/\/espoonperinneseura.net\/espoo1972\/wp-json\/wp\/v2\/pages\/3168\/revisions\/4009"}],"wp:attachment":[{"href":"https:\/\/espoonperinneseura.net\/espoo1972\/wp-json\/wp\/v2\/media?parent=3168"}],"curies":[{"name":"wp","href":"https:\/\/api.w.org\/{rel}","templated":true}]}}