{"id":3170,"date":"2022-07-16T08:01:04","date_gmt":"2022-07-16T05:01:04","guid":{"rendered":"https:\/\/espoonperinneseura.net\/espoo1972\/?page_id=3170"},"modified":"2022-08-20T19:33:10","modified_gmt":"2022-08-20T16:33:10","slug":"koulutus-espoossa-2000-luvulla","status":"publish","type":"page","link":"https:\/\/espoonperinneseura.net\/espoo1972\/koulutus-espoossa-2000-luvulla\/","title":{"rendered":"Koulutus Espoossa 2000-luvulla"},"content":{"rendered":"<!-- Added by Post\/Page Specific Custom Code plugin, thank you for using! -->\n<style>.entry-title,  .entry-header {\r\n\tdisplay: none;\r\n}<\/style>\n<h5>Koulutuksen kehittyminen Espoossa\u00a0\u00a0\u00a0\u00a0\u00a0\u00a0\u00a0\u00a0<a href=\"https:\/\/espoonperinneseura.net\/espoo1972\/koulutus-espoossa-1970-2020\/\">Kansisivulle<\/a><\/h5>\r\n\r\n<div style=\"margin: auto;\">\r\n<div class=\"btn\"><a class=\"btn-text\" style=\"color: #000;\" href=\"https:\/\/espoonperinneseura.net\/espoo1972\/koulutus-espoossa-1970-luvulla\/\">1970-luku<\/a><\/div>\r\n<div class=\"btn\"><a class=\"btn-text\" style=\"color: #000;\" href=\"https:\/\/espoonperinneseura.net\/espoo1972\/koulutus-espoossa-1980-luvulla\/\">1980-luku<\/a><\/div>\r\n<div class=\"btn\"><a class=\"btn-text\" style=\"color: #000;\" href=\"https:\/\/espoonperinneseura.net\/espoo1972\/koulutus-espoossa-1990-luvulla\/\">1990-luku<\/a><\/div>\r\n<div class=\"btn\"><a class=\"btn-text\" style=\"color: #fff;\" href=\"https:\/\/espoonperinneseura.net\/espoo1972\/koulutus-espoossa-2000-luvulla\/\">2000-luku<\/a><\/div>\r\n<div class=\"btn\"><a class=\"btn-text\" style=\"color: #000;\" href=\"https:\/\/espoonperinneseura.net\/espoo1972\/koulutus-espoossa-2010-luvulla\/\">2010-luku<\/a><\/div>\r\n<div class=\"btn\"><a class=\"btn-text\" style=\"color: #000;\" href=\"https:\/\/espoonperinneseura.net\/espoo1972\/koulutus-espoossa-2020-luvulla\/\">2020-luku<\/a><\/div>\r\n<\/div>\r\n\r\n<h3 style=\"clear: both; padding-top: 25px;\">Koulutus Espoossa 2000-luvulla<\/h3>\r\n<p><em>Martti Hellstr\u00f6m ja Marjatta Kuitunen<\/em><\/p>\r\n<p><strong>Ennakoimaton 2000-luku<\/strong><br \/><strong>Espoo: oppiva kaupunki<\/strong><br \/><strong>Koulutuksen kurinpalautus<\/strong><\/p>\r\n<p><a href=\"https:\/\/espoonperinneseura.net\/espoo1972\/koulutus-espoossa-2000-luvulla\/2000-luvun-opetusmenetelmia\/\">2000-luvun opetusmenetelmi\u00e4 ja -v\u00e4lineit\u00e4<\/a><\/p>\r\n<p><a href=\"https:\/\/espoonperinneseura.net\/espoo1972\/koulutus-espoossa-2000-luvulla\/aamu-ja-iltapaivatoiminta\/\">Aamu- ja iltap\u00e4iv\u00e4toiminta perusopetuksessa alkoi<\/a><\/p>\r\n<p><a href=\"https:\/\/espoonperinneseura.net\/espoo1972\/koulutus-espoossa-2000-luvulla\/oppimiskeskukset\/\">Espooseen 11 oppimiskeskusta<\/a><\/p>\r\n<p><a href=\"https:\/\/espoonperinneseura.net\/espoo1972\/koulutus-espoossa-2000-luvulla\/etela-tapiolan-lukio\/\">Etel\u00e4-Tapiolan lukio Weegee-taloon<\/a><\/p>\r\n<p><a href=\"https:\/\/espoonperinneseura.net\/espoo1972\/ammatillisen-koulutuksen-suurtapahtuma\/\">Historian suurin valtakunnallinen ammatillisen koulutuksen suurtapahtuma Espoossa vuonna 2008<\/a><\/p>\r\n<p style=\"display: none;\">Espoolla maailman parhaat Pisa-tulokset<\/p>\r\n<p><a href=\"https:\/\/espoonperinneseura.net\/espoo1972\/koulutus-espoossa-2000-luvulla\/esponen\/\">Koululaislehti Esponen ilmestyi yli 30 vuotta<\/a><\/p>\r\n<p><a href=\"https:\/\/espoonperinneseura.net\/espoo1972\/kuninkaantien-lukio\/\">Kuninkaantien lukiolle rakennus elinkaarimallilla<\/a><\/p>\r\n<p><a href=\"https:\/\/espoonperinneseura.net\/espoo1972\/pohjois-espoon-lukio\/\">Miksi Espoo lopetti Pohjois-Espoon lukion?<\/a><\/p>\r\n<p><a href=\"https:\/\/espoonperinneseura.net\/espoo1972\/wilma\/\">Wilma &#8211; 2000-luvun \u201dreissuvihko\u201d<\/a><\/p>\r\n<p>&nbsp;<\/p>\r\n<p><img loading=\"lazy\" decoding=\"async\" class=\"alignnone size-large wp-image-3925\" src=\"https:\/\/espoonperinneseura.net\/espoo1972\/wp-content\/uploads\/2022\/08\/E2000kuva-1024x779.png\" alt=\"\" width=\"750\" height=\"571\" srcset=\"https:\/\/espoonperinneseura.net\/espoo1972\/wp-content\/uploads\/2022\/08\/E2000kuva-1024x779.png 1024w, https:\/\/espoonperinneseura.net\/espoo1972\/wp-content\/uploads\/2022\/08\/E2000kuva-300x228.png 300w, https:\/\/espoonperinneseura.net\/espoo1972\/wp-content\/uploads\/2022\/08\/E2000kuva-768x585.png 768w, https:\/\/espoonperinneseura.net\/espoo1972\/wp-content\/uploads\/2022\/08\/E2000kuva.png 1080w\" sizes=\"auto, (max-width: 750px) 100vw, 750px\" \/><\/p>\r\n<p>&nbsp;<\/p>\r\n","protected":false},"excerpt":{"rendered":"<p>Koulutuksen kehittyminen Espoossa\u00a0\u00a0\u00a0\u00a0\u00a0\u00a0\u00a0\u00a0Kansisivulle 1970-luku 1980-luku 1990-luku 2000-luku 2010-luku 2020-luku Koulutus Espoossa 2000-luvulla Martti Hellstr\u00f6m ja Marjatta Kuitunen Ennakoimaton 2000-lukuEspoo: oppiva kaupunkiKoulutuksen kurinpalautus 2000-luvun opetusmenetelmi\u00e4 ja -v\u00e4lineit\u00e4 Aamu- ja iltap\u00e4iv\u00e4toiminta perusopetuksessa alkoi Espooseen 11 oppimiskeskusta Etel\u00e4-Tapiolan lukio Weegee-taloon Historian suurin valtakunnallinen ammatillisen koulutuksen suurtapahtuma Espoossa vuonna 2008 Espoolla maailman parhaat Pisa-tulokset Koululaislehti Esponen ilmestyi yli 30&hellip; <a class=\"more-link\" href=\"https:\/\/espoonperinneseura.net\/espoo1972\/koulutus-espoossa-2000-luvulla\/\">Jatka lukemista <span class=\"screen-reader-text\">Koulutus Espoossa 2000-luvulla<\/span><\/a><\/p>\n","protected":false},"author":1,"featured_media":0,"parent":0,"menu_order":41,"comment_status":"closed","ping_status":"closed","template":"","meta":{"_eb_attr":"","_exactmetrics_skip_tracking":false,"_exactmetrics_sitenote_active":false,"_exactmetrics_sitenote_note":"","_exactmetrics_sitenote_category":0,"footnotes":""},"class_list":["post-3170","page","type-page","status-publish","hentry","entry"],"_links":{"self":[{"href":"https:\/\/espoonperinneseura.net\/espoo1972\/wp-json\/wp\/v2\/pages\/3170","targetHints":{"allow":["GET"]}}],"collection":[{"href":"https:\/\/espoonperinneseura.net\/espoo1972\/wp-json\/wp\/v2\/pages"}],"about":[{"href":"https:\/\/espoonperinneseura.net\/espoo1972\/wp-json\/wp\/v2\/types\/page"}],"author":[{"embeddable":true,"href":"https:\/\/espoonperinneseura.net\/espoo1972\/wp-json\/wp\/v2\/users\/1"}],"replies":[{"embeddable":true,"href":"https:\/\/espoonperinneseura.net\/espoo1972\/wp-json\/wp\/v2\/comments?post=3170"}],"version-history":[{"count":30,"href":"https:\/\/espoonperinneseura.net\/espoo1972\/wp-json\/wp\/v2\/pages\/3170\/revisions"}],"predecessor-version":[{"id":4012,"href":"https:\/\/espoonperinneseura.net\/espoo1972\/wp-json\/wp\/v2\/pages\/3170\/revisions\/4012"}],"wp:attachment":[{"href":"https:\/\/espoonperinneseura.net\/espoo1972\/wp-json\/wp\/v2\/media?parent=3170"}],"curies":[{"name":"wp","href":"https:\/\/api.w.org\/{rel}","templated":true}]}}