{"id":3217,"date":"2022-07-16T09:16:56","date_gmt":"2022-07-16T06:16:56","guid":{"rendered":"https:\/\/espoonperinneseura.net\/espoo1972\/?page_id=3217"},"modified":"2022-08-20T19:36:17","modified_gmt":"2022-08-20T16:36:17","slug":"koulutus-espoossa-2020-luvulla","status":"publish","type":"page","link":"https:\/\/espoonperinneseura.net\/espoo1972\/koulutus-espoossa-2020-luvulla\/","title":{"rendered":"Koulutus Espoossa 2020-luvulla"},"content":{"rendered":"<!-- Added by Post\/Page Specific Custom Code plugin, thank you for using! -->\n<style>.entry-title,  .entry-header {\r\n\tdisplay: none;\r\n}<\/style>\n<h5>Koulutuksen kehittyminen Espoossa\u00a0\u00a0\u00a0\u00a0\u00a0\u00a0\u00a0\u00a0<a href=\"https:\/\/espoonperinneseura.net\/espoo1972\/koulutus-espoossa-1970-2020\/\">Kansisivulle<\/a><\/h5>\r\n\r\n<div style=\"margin: auto;\">\r\n<div class=\"btn\"><a class=\"btn-text\" style=\"color: #000;\" href=\"https:\/\/espoonperinneseura.net\/espoo1972\/koulutus-espoossa-1970-luvulla\/\">1970-luku<\/a><\/div>\r\n<div class=\"btn\"><a class=\"btn-text\" style=\"color: #000;\" href=\"https:\/\/espoonperinneseura.net\/espoo1972\/koulutus-espoossa-1980-luvulla\/\">1980-luku<\/a><\/div>\r\n<div class=\"btn\"><a class=\"btn-text\" style=\"color: #000;\" href=\"https:\/\/espoonperinneseura.net\/espoo1972\/koulutus-espoossa-1990-luvulla\/\">1990-luku<\/a><\/div>\r\n<div class=\"btn\"><a class=\"btn-text\" style=\"color: #000;\" href=\"https:\/\/espoonperinneseura.net\/espoo1972\/koulutus-espoossa-2000-luvulla\/\">2000-luku<\/a><\/div>\r\n<div class=\"btn\"><a class=\"btn-text\" style=\"color: #000;\" href=\"https:\/\/espoonperinneseura.net\/espoo1972\/koulutus-espoossa-2010-luvulla\/\">2010-luku<\/a><\/div>\r\n<div class=\"btn\"><a class=\"btn-text\" style=\"color: #fff;\" href=\"https:\/\/espoonperinneseura.net\/espoo1972\/koulutus-espoossa-2020-luvulla\/\">2020-luku<\/a><\/div>\r\n<\/div>\r\n\r\n\r\n\r\n<h3 style=\"clear: both; padding-top: 25px;\">Koulutus Espoossa 2020-luvulla<\/h3>\r\n<p><em>Martti Hellstr\u00f6m ja Marjatta Kuitunen<\/em><\/p>\r\n<p style=\"clear: both;\"><strong>Korona-pandemia ja normaalin Exit <\/strong><br \/><strong>Espoo velkaantuu <\/strong><br \/><strong>Koulutuksen uusi ep\u00e4normaali<\/strong><\/p>\r\n<p><a href=\"https:\/\/espoonperinneseura.net\/espoo1972\/koulutus-espoossa-2020-luvulla\/digiloikka-2020\/\">Espoolaiskoulujen digiloikka kev\u00e4\u00e4ll\u00e4 2020<\/a><\/p>\r\n<p><a href=\"https:\/\/espoonperinneseura.net\/espoo1972\/koulutus-espoossa-2020-luvulla\/pandemia\/\">Koulunpito keskell\u00e4 pandemiaa<\/a><\/p>\r\n<p><a href=\"https:\/\/espoonperinneseura.net\/espoo1972\/koulutus-espoossa-2020-luvulla\/monikko\/\">Monikko \u2013 uudenlainen ja inspiroiva koulukampus<\/a><\/p>\r\n<p><a href=\"https:\/\/espoonperinneseura.net\/espoo1972\/koulutus-espoossa-2020-luvulla\/omnia\/\">Omnia \u2013 yhden amiksen j\u00e4rjest\u00e4j\u00e4st\u00e4 monialaiseksi ja monimuotoiseksi koulutus- ja palveluorganisaatioksi<\/a><\/p>\r\n<p><a href=\"https:\/\/espoonperinneseura.net\/espoo1972\/koulutus-espoossa-2020-luvulla\/r-i-p-bembolen-koulu\/\">R.I.P. Bemb\u00f6len koulu<\/a><\/p>\r\n<p><img loading=\"lazy\" decoding=\"async\" class=\"alignleft wp-image-3993 size-large\" src=\"https:\/\/espoonperinneseura.net\/espoo1972\/wp-content\/uploads\/2022\/08\/Espoo2020Kuva-1-1024x663.png\" alt=\"\" width=\"750\" height=\"486\" srcset=\"https:\/\/espoonperinneseura.net\/espoo1972\/wp-content\/uploads\/2022\/08\/Espoo2020Kuva-1-1024x663.png 1024w, https:\/\/espoonperinneseura.net\/espoo1972\/wp-content\/uploads\/2022\/08\/Espoo2020Kuva-1-300x194.png 300w, https:\/\/espoonperinneseura.net\/espoo1972\/wp-content\/uploads\/2022\/08\/Espoo2020Kuva-1-768x497.png 768w, https:\/\/espoonperinneseura.net\/espoo1972\/wp-content\/uploads\/2022\/08\/Espoo2020Kuva-1.png 1128w\" sizes=\"auto, (max-width: 750px) 100vw, 750px\" \/><\/p>\r\n<p>&nbsp;<\/p>\r\n","protected":false},"excerpt":{"rendered":"<p>Koulutuksen kehittyminen Espoossa\u00a0\u00a0\u00a0\u00a0\u00a0\u00a0\u00a0\u00a0Kansisivulle 1970-luku 1980-luku 1990-luku 2000-luku 2010-luku 2020-luku Koulutus Espoossa 2020-luvulla Martti Hellstr\u00f6m ja Marjatta Kuitunen Korona-pandemia ja normaalin Exit Espoo velkaantuu Koulutuksen uusi ep\u00e4normaali Espoolaiskoulujen digiloikka kev\u00e4\u00e4ll\u00e4 2020 Koulunpito keskell\u00e4 pandemiaa Monikko \u2013 uudenlainen ja inspiroiva koulukampus Omnia \u2013 yhden amiksen j\u00e4rjest\u00e4j\u00e4st\u00e4 monialaiseksi ja monimuotoiseksi koulutus- ja palveluorganisaatioksi R.I.P. Bemb\u00f6len koulu &nbsp;<\/p>\n","protected":false},"author":1,"featured_media":0,"parent":0,"menu_order":43,"comment_status":"closed","ping_status":"closed","template":"","meta":{"_eb_attr":"","_exactmetrics_skip_tracking":false,"_exactmetrics_sitenote_active":false,"_exactmetrics_sitenote_note":"","_exactmetrics_sitenote_category":0,"footnotes":""},"class_list":["post-3217","page","type-page","status-publish","hentry","entry"],"_links":{"self":[{"href":"https:\/\/espoonperinneseura.net\/espoo1972\/wp-json\/wp\/v2\/pages\/3217","targetHints":{"allow":["GET"]}}],"collection":[{"href":"https:\/\/espoonperinneseura.net\/espoo1972\/wp-json\/wp\/v2\/pages"}],"about":[{"href":"https:\/\/espoonperinneseura.net\/espoo1972\/wp-json\/wp\/v2\/types\/page"}],"author":[{"embeddable":true,"href":"https:\/\/espoonperinneseura.net\/espoo1972\/wp-json\/wp\/v2\/users\/1"}],"replies":[{"embeddable":true,"href":"https:\/\/espoonperinneseura.net\/espoo1972\/wp-json\/wp\/v2\/comments?post=3217"}],"version-history":[{"count":20,"href":"https:\/\/espoonperinneseura.net\/espoo1972\/wp-json\/wp\/v2\/pages\/3217\/revisions"}],"predecessor-version":[{"id":4015,"href":"https:\/\/espoonperinneseura.net\/espoo1972\/wp-json\/wp\/v2\/pages\/3217\/revisions\/4015"}],"wp:attachment":[{"href":"https:\/\/espoonperinneseura.net\/espoo1972\/wp-json\/wp\/v2\/media?parent=3217"}],"curies":[{"name":"wp","href":"https:\/\/api.w.org\/{rel}","templated":true}]}}