{"id":3316,"date":"2022-07-16T16:17:14","date_gmt":"2022-07-16T13:17:14","guid":{"rendered":"https:\/\/espoonperinneseura.net\/espoo1972\/?page_id=3316"},"modified":"2022-08-05T08:18:40","modified_gmt":"2022-08-05T05:18:40","slug":"1990-luvun-lama-ja-luovuus-kouluissa","status":"publish","type":"page","link":"https:\/\/espoonperinneseura.net\/espoo1972\/koulutus-espoossa-1990-luvulla\/1990-luvun-lama-ja-luovuus-kouluissa\/","title":{"rendered":"1990-luvun lama ja luovuus kouluissa"},"content":{"rendered":"<!-- Added by Post\/Page Specific Custom Code plugin, thank you for using! -->\n<style>.entry-title,  .entry-header {\r\n\tdisplay: none;\r\n}<\/style>\n<h5>Koulutuksen kehittyminen Espoossa\u00a0\u00a0\u00a0\u00a0\u00a0\u00a0\u00a0 <a href=\"https:\/\/espoonperinneseura.net\/espoo1972\/koulutus-espoossa-1970-2020\/\">Kansisivulle<\/a><\/h5>\r\n\r\n<div style=\"margin: auto;\">\r\n<div class=\"btn\"><a class=\"btn-text\" style=\"color: #000;\" href=\"https:\/\/espoonperinneseura.net\/espoo1972\/koulutus-espoossa-1970-luvulla\/\">1970-luku<\/a><\/div>\r\n<div class=\"btn\"><a class=\"btn-text\" style=\"color: #000;\" href=\"https:\/\/espoonperinneseura.net\/espoo1972\/koulutus-espoossa-1980-luvulla\/\">1980-luku<\/a><\/div>\r\n<div class=\"btn\"><a class=\"btn-text\" style=\"color: #fff;\" href=\"https:\/\/espoonperinneseura.net\/espoo1972\/koulutus-espoossa-1990-luvulla\/\">1990-luku<\/a><\/div>\r\n<div class=\"btn\"><a class=\"btn-text\" style=\"color: #000;\" href=\"https:\/\/espoonperinneseura.net\/espoo1972\/koulutus-espoossa-2000-luvulla\/\">2000-luku<\/a><\/div>\r\n<div class=\"btn\"><a class=\"btn-text\" style=\"color: #000;\" href=\"https:\/\/espoonperinneseura.net\/espoo1972\/koulutus-espoossa-2010-luvulla\/\">2010-luku<\/a><\/div>\r\n<div class=\"btn\"><a class=\"btn-text\" style=\"color: #000;\" href=\"https:\/\/espoonperinneseura.net\/espoo1972\/koulutus-espoossa-2020-luvulla\/\">2020-luku<\/a><\/div>\r\n\r\n\r\n\r\n<h3 style=\"clear: both; padding-top: 25px;\">1990-luvun lama ja luovuus kouluissa<\/h3>\r\n<p>1990-luku alkoi dramaattisesti. Suomi sy\u00f6ksyi pahimpaan lamaan, mit\u00e4 yksik\u00e4\u00e4n OECD-maa on koskaan kokenut. Suomesta tuli OECD-alueen velkaisin maa. Tuli roskapankit, leip\u00e4jonot, konkurssit ja enn\u00e4tysty\u00f6tt\u00f6myys.<\/p>\r\n<p>Julkisella sektorilla lama johti rajuihin leikkauksiin. Valtio joutui tekem\u00e4\u00e4n vuosikymmenen aikana kaikkiaan 60 miljardin markan s\u00e4\u00e4st\u00f6t. Leikkaukset iskiv\u00e4t monin tavoin kanveesiin my\u00f6s koulutuksen. Kuntien oli ryhdytt\u00e4v\u00e4 hyvinkin radikaaleihin s\u00e4\u00e4st\u00f6toimiin. Vuosina 1990\u20131996 opetustoimen hallintoa v\u00e4hennettiin 40 %. Koulujen m\u00e4\u00e4r\u00e4rahoja leikattiin 30 % vuoden 1993 tasosta vuoteen 1998.<\/p>\r\n<p><img loading=\"lazy\" decoding=\"async\" class=\"alignleft size-medium wp-image-3878\" src=\"https:\/\/espoonperinneseura.net\/espoo1972\/wp-content\/uploads\/2022\/08\/Kierratyskirjat2-300x187.png\" alt=\"\" width=\"300\" height=\"187\" srcset=\"https:\/\/espoonperinneseura.net\/espoo1972\/wp-content\/uploads\/2022\/08\/Kierratyskirjat2-300x187.png 300w, https:\/\/espoonperinneseura.net\/espoo1972\/wp-content\/uploads\/2022\/08\/Kierratyskirjat2-768x480.png 768w, https:\/\/espoonperinneseura.net\/espoo1972\/wp-content\/uploads\/2022\/08\/Kierratyskirjat2.png 858w\" sizes=\"auto, (max-width: 300px) 100vw, 300px\" \/>Lama kuritti my\u00f6s Espoota. Leikkauksia tehtiin, ja ne n\u00e4kyiv\u00e4t ja tuntuivat. Oppilaitoksia lakkautettiin ja yhdistettiin. Opetusta v\u00e4hennettiin, viikkotuntim\u00e4\u00e4ri\u00e4 alennettiin, luokkakokoja kasvatettiin, jakotunneista luovuttiin, kerho- ja tukiopetustunteja ajettiin alas. Opettajien t\u00e4ydennyskoulutusta v\u00e4hennettiin. Lomarahoja vaihdettiin vapaaseen, mutta my\u00f6s lomautuksiin jouduttiin. Sijaisia ei otettu. Resuisia oppikirjoja kierr\u00e4tettiin. Jopa k\u00e4sipyyhkeit\u00e4 puolitettiin. Osa s\u00e4\u00e4st\u00f6tarpeesta t\u00e4ytettiin lakkauttamalla koulujen liikennepuistot ja luopumalla kes\u00e4leiritoiminnasta.<\/p>\r\n<p>1990-luku oli lamasta huolimatta my\u00f6s innostuneen kehitt\u00e4misty\u00f6n aikaa. Peruskoulut saivat uskomattoman vapauden suunnitella oma opetuksensa. Vuoden 1994 perusteet olivat \u00e4\u00e4rimm\u00e4isen v\u00e4lj\u00e4t.<br \/><br \/>Kouluista tehtiin er\u00e4\u00e4ss\u00e4 mieless\u00e4 itsen\u00e4isi\u00e4 tulosyksik\u00f6it\u00e4, joiden piti varsin v\u00e4ljien perusteiden pohjalta laatia omat opetussuunnitelmansa, keksi\u00e4 itse sis\u00e4ll\u00f6t oppiaineisiin, luoda jopa omia valinnaisaineita ja p\u00e4\u00e4tt\u00e4\u00e4 arviointitapansa jne. Koulut saivat itse p\u00e4\u00e4tt\u00e4\u00e4 oppituntien ja v\u00e4lituntien keston.<\/p>\r\n<p>Huoltajien oikeutta valita lapselleen koulu ja oppilaiden mahdollisuuksia tehd\u00e4 valintoja lis\u00e4ttiin. Kouluista haluttiin itsen\u00e4isi\u00e4 tulosyksik\u00f6it\u00e4.<\/p>\r\n<p>Luovuus kukki, jos sit\u00e4 oli. Ensimm\u00e4iset opettajat alkoivat ty\u00f6skennell\u00e4 pareina tai jopa tiimein\u00e4. Innovatiiviset koulut profiloituivat ja verkostoituivat. Espoolaiskouluissa riitti vierailijoita.<\/p>\r\n<p>Ehk\u00e4 vapautta tuli kerralla liikaakin. Koulujen v\u00e4liset erot opetuksen m\u00e4\u00e4r\u00e4ss\u00e4 ja laadussa kasvoivat. Niinp\u00e4 vuonna 1998 hihnat vedettiin taas kire\u00e4mm\u00e4lle.<\/p>\r\n<p><\/p>\r\n<\/div>","protected":false},"excerpt":{"rendered":"<p>Koulutuksen kehittyminen Espoossa\u00a0\u00a0\u00a0\u00a0\u00a0\u00a0\u00a0 Kansisivulle 1970-luku 1980-luku 1990-luku 2000-luku 2010-luku 2020-luku 1990-luvun lama ja luovuus kouluissa 1990-luku alkoi dramaattisesti. Suomi sy\u00f6ksyi pahimpaan lamaan, mit\u00e4 yksik\u00e4\u00e4n OECD-maa on koskaan kokenut. Suomesta tuli OECD-alueen velkaisin maa. Tuli roskapankit, leip\u00e4jonot, konkurssit ja enn\u00e4tysty\u00f6tt\u00f6myys. Julkisella sektorilla lama johti rajuihin leikkauksiin. Valtio joutui tekem\u00e4\u00e4n vuosikymmenen aikana kaikkiaan 60 miljardin markan s\u00e4\u00e4st\u00f6t.&hellip; <a class=\"more-link\" href=\"https:\/\/espoonperinneseura.net\/espoo1972\/koulutus-espoossa-1990-luvulla\/1990-luvun-lama-ja-luovuus-kouluissa\/\">Jatka lukemista <span class=\"screen-reader-text\">1990-luvun lama ja luovuus kouluissa<\/span><\/a><\/p>\n","protected":false},"author":1,"featured_media":0,"parent":3169,"menu_order":6,"comment_status":"closed","ping_status":"closed","template":"","meta":{"_eb_attr":"","_exactmetrics_skip_tracking":false,"_exactmetrics_sitenote_active":false,"_exactmetrics_sitenote_note":"","_exactmetrics_sitenote_category":0,"footnotes":""},"class_list":["post-3316","page","type-page","status-publish","hentry","entry"],"_links":{"self":[{"href":"https:\/\/espoonperinneseura.net\/espoo1972\/wp-json\/wp\/v2\/pages\/3316","targetHints":{"allow":["GET"]}}],"collection":[{"href":"https:\/\/espoonperinneseura.net\/espoo1972\/wp-json\/wp\/v2\/pages"}],"about":[{"href":"https:\/\/espoonperinneseura.net\/espoo1972\/wp-json\/wp\/v2\/types\/page"}],"author":[{"embeddable":true,"href":"https:\/\/espoonperinneseura.net\/espoo1972\/wp-json\/wp\/v2\/users\/1"}],"replies":[{"embeddable":true,"href":"https:\/\/espoonperinneseura.net\/espoo1972\/wp-json\/wp\/v2\/comments?post=3316"}],"version-history":[{"count":4,"href":"https:\/\/espoonperinneseura.net\/espoo1972\/wp-json\/wp\/v2\/pages\/3316\/revisions"}],"predecessor-version":[{"id":3880,"href":"https:\/\/espoonperinneseura.net\/espoo1972\/wp-json\/wp\/v2\/pages\/3316\/revisions\/3880"}],"up":[{"embeddable":true,"href":"https:\/\/espoonperinneseura.net\/espoo1972\/wp-json\/wp\/v2\/pages\/3169"}],"wp:attachment":[{"href":"https:\/\/espoonperinneseura.net\/espoo1972\/wp-json\/wp\/v2\/media?parent=3316"}],"curies":[{"name":"wp","href":"https:\/\/api.w.org\/{rel}","templated":true}]}}