{"id":3322,"date":"2022-07-16T16:33:33","date_gmt":"2022-07-16T13:33:33","guid":{"rendered":"https:\/\/espoonperinneseura.net\/espoo1972\/?page_id=3322"},"modified":"2022-08-05T07:05:12","modified_gmt":"2022-08-05T04:05:12","slug":"ammatillisen-koulutuksen-suurtapahtuma","status":"publish","type":"page","link":"https:\/\/espoonperinneseura.net\/espoo1972\/koulutus-espoossa-2000-luvulla\/ammatillisen-koulutuksen-suurtapahtuma\/","title":{"rendered":"Ammatillisen koulutuksen suurtapahtuma"},"content":{"rendered":"<!-- Added by Post\/Page Specific Custom Code plugin, thank you for using! -->\n<style>.entry-title,  .entry-header {\r\n\tdisplay: none;\r\n}<\/style>\n<h5>Koulutuksen kehittyminen Espoossa\u00a0\u00a0\u00a0\u00a0\u00a0\u00a0\u00a0\u00a0<a href=\"https:\/\/espoonperinneseura.net\/espoo1972\/koulutus-espoossa-1970-2020\/\">Kansisivulle<\/a><\/h5>\r\n\r\n<div style=\"margin: auto;\">\r\n<div class=\"btn\"><a class=\"btn-text\" style=\"color: #000;\" href=\"https:\/\/espoonperinneseura.net\/espoo1972\/koulutus-espoossa-1970-luvulla\/\">1970-luku<\/a><\/div>\r\n<div class=\"btn\"><a class=\"btn-text\" style=\"color: #000;\" href=\"https:\/\/espoonperinneseura.net\/espoo1972\/koulutus-espoossa-1980-luvulla\/\">1980-luku<\/a><\/div>\r\n<div class=\"btn\"><a class=\"btn-text\" style=\"color: #000;\" href=\"https:\/\/espoonperinneseura.net\/espoo1972\/koulutus-espoossa-1990-luvulla\/\">1990-luku<\/a><\/div>\r\n<div class=\"btn\"><a class=\"btn-text\" style=\"color: #fff;\" href=\"https:\/\/espoonperinneseura.net\/espoo1972\/koulutus-espoossa-2000-luvulla\/\">2000-luku<\/a><\/div>\r\n<div class=\"btn\"><a class=\"btn-text\" style=\"color: #000;\" href=\"https:\/\/espoonperinneseura.net\/espoo1972\/koulutus-espoossa-2010-luvulla\/\">2010-luku<\/a><\/div>\r\n<div class=\"btn\"><a class=\"btn-text\" style=\"color: #000;\" href=\"https:\/\/espoonperinneseura.net\/espoo1972\/koulutus-espoossa-2020-luvulla\/\">2020-luku<\/a><\/div>\r\n<\/div>\r\n\r\n<h3 style=\"clear: both; padding-top: 25px;\">Ammatillisen koulutuksen suurtapahtuma<\/h3>\r\n<div style=\"margin: auto;\">\r\n<div class=\"div-image\" style=\"width: 500px;\">\r\n<figure id=\"attachment_3782\" aria-describedby=\"caption-attachment-3782\" style=\"width: 500px\" class=\"wp-caption alignleft\"><img loading=\"lazy\" decoding=\"async\" class=\"wp-image-3782 size-large\" src=\"https:\/\/espoonperinneseura.net\/espoo1972\/wp-content\/uploads\/2022\/08\/2008a-1024x818.jpg\" alt=\"\" width=\"500\" height=\"400\" srcset=\"https:\/\/espoonperinneseura.net\/espoo1972\/wp-content\/uploads\/2022\/08\/2008a-1024x818.jpg 1024w, https:\/\/espoonperinneseura.net\/espoo1972\/wp-content\/uploads\/2022\/08\/2008a-300x240.jpg 300w, https:\/\/espoonperinneseura.net\/espoo1972\/wp-content\/uploads\/2022\/08\/2008a-768x613.jpg 768w, https:\/\/espoonperinneseura.net\/espoo1972\/wp-content\/uploads\/2022\/08\/2008a.jpg 1342w\" sizes=\"auto, (max-width: 500px) 100vw, 500px\" \/><figcaption id=\"caption-attachment-3782\" class=\"wp-caption-text\">Valtakunnallinen ammatillisen koulutuksen suurtapahtuma vuonna 2008<\/figcaption><\/figure>\r\n<\/div>\r\n<p style=\"margin-top: 0px;\"><span style=\"white-space: nowrap;\">Espoossa j\u00e4rjestettiin<\/span> historian suurin valtakunnallinen ammatillisen koulutuksen suurtapahtuma 16.-19.4.2008. Sen keskeisen\u00e4 j\u00e4rjest\u00e4j\u00e4n\u00e4 oli Omnia, josta haluttiin tuohon aikaan kehitt\u00e4\u00e4 huippuosaajien ymp\u00e4rist\u00f6. Mutta mukana oli muitakin koulutuksen j\u00e4rjest\u00e4ji\u00e4.<\/p>\r\n<p>Nelip\u00e4iv\u00e4inen tapahtuma oli osa Espoon 550-vuotisjuhlavuotta. Sen suojelijana oli tasavallan presidentti Tarja Halonen. Tapahtuman avasi p\u00e4\u00e4ministeri Matti Vanhanen. Espoon kulttuurikeskuksen, WeeGee-talon ja Otaniemen alueelle oli rakennettu suurtapahtumakaupunki, jossa ammattiin opiskelevat nuoret n\u00e4yttiv\u00e4t osaamistaan sek\u00e4 ammattitaito- ett\u00e4 kulttuurikilpailuissa.<\/p>\r\n<p>Ohjelmassa oli nelj\u00e4 kilpailua, aikuiskoulutuksen esittelytapahtuma, ammattin\u00e4yt\u00f6ksi\u00e4 ja 8. luokkalaisille tarkoitettuja opintopolkuja. Kukaan ei ollut aikaisemmin j\u00e4rjest\u00e4nyt n\u00e4it\u00e4 samaan aikaan ja samassa paikassa.<\/p>\r\n<p>Miksi kilpailuja? Ammatillisen koulutuksen j\u00e4rjest\u00e4j\u00e4t uskoivat kilpailutoimintaan my\u00f6s ammattitaidossa. Kilpailutapahtuma oli ammattiosaamisen n\u00e4yteikkuna ja juhla. Sen taustalla oli pyrkimys kehitt\u00e4\u00e4 huippuosaajia takaamaan Suomen menestys kiristyv\u00e4ss\u00e4 globaalissa kilpailussa. Vuodesta 2000 alkaen oli Suomessa rakennettu nuorten huippuosaajien valmennusj\u00e4rjestelm\u00e4\u00e4.<\/p>\r\n<\/div>\r\n<div style=\"clear: both; margin: auto;\">\r\n<div class=\"div-image\" style=\"width: 510px;\">\r\n<figure id=\"attachment_3783\" aria-describedby=\"caption-attachment-3783\" style=\"width: 500px\" class=\"wp-caption alignleft\"><img loading=\"lazy\" decoding=\"async\" class=\"size-large wp-image-3783\" src=\"https:\/\/espoonperinneseura.net\/espoo1972\/wp-content\/uploads\/2022\/08\/2008b-1024x614.png\" alt=\"\" width=\"500\" height=\"300\" srcset=\"https:\/\/espoonperinneseura.net\/espoo1972\/wp-content\/uploads\/2022\/08\/2008b-1024x614.png 1024w, https:\/\/espoonperinneseura.net\/espoo1972\/wp-content\/uploads\/2022\/08\/2008b-300x180.png 300w, https:\/\/espoonperinneseura.net\/espoo1972\/wp-content\/uploads\/2022\/08\/2008b-768x461.png 768w, https:\/\/espoonperinneseura.net\/espoo1972\/wp-content\/uploads\/2022\/08\/2008b-1536x922.png 1536w, https:\/\/espoonperinneseura.net\/espoo1972\/wp-content\/uploads\/2022\/08\/2008b-2048x1229.png 2048w, https:\/\/espoonperinneseura.net\/espoo1972\/wp-content\/uploads\/2022\/08\/2008b-1568x941.png 1568w\" sizes=\"auto, (max-width: 500px) 100vw, 500px\" \/><figcaption id=\"caption-attachment-3783\" class=\"wp-caption-text\">K\u00e4dentaitaja-kilpailut<\/figcaption><\/figure>\r\n<\/div>\r\n<p style=\"margin-top: 0px;\"><span style=\"white-space: nowrap;\">Kansalliset Taitaja-kilpailut <\/span>j\u00e4rjestettiin vuosittain ammatillisessa koulutuksessa opiskelevien, kilpailuvuonna 21 vuotta t\u00e4ytt\u00e4vien tai sit\u00e4 nuorempien ammattitaidon SM-kilpailuina. Taitaja 2008 -kilpailuissa oli esill\u00e4 47 ammattialaa, joissa 338 nuorta kilpaili SM-titteleist\u00e4. Kisoihin mukaan valitut olivat l\u00e4p\u00e4isseet oppilaitoskohtaiset ja alueelliset karsinnat sek\u00e4 kansalliset semifinaalit.<\/p>\r\n<p>SAKUstars-kilpailu oli ammattiin opiskeleville tarkoitettu kulttuurikilpailu. Mukana oli useita taiteenlajeja. Paikan p\u00e4\u00e4ll\u00e4 kisaan osallistui 526 nuorta.<\/p>\r\n<p>T9-joukkuekilpailu oli tarkoitettu peruskoulun 9.-luokalaisille.<\/p>\r\n<p style=\"clear: both;\">Paikalliskilpailujen ja aluekilpailujen kautta finaaliin p\u00e4\u00e4sseet kolmen hengen sekajoukkueet kilpailivat ratamaisesti suoritettavissa teht\u00e4viss\u00e4.<\/p>\r\n<p>Abilympics-kilpailu oli tarkoitettu ammatillisessa koulutuksessa oleville erityist\u00e4 tukea tarvitseville opiskelijoille. T\u00e4m\u00e4 kilpailu j\u00e4rjestettiin ensimm\u00e4ist\u00e4 kertaa. Lajeina oli l\u00e4hihoitaja, elektroniikka ja tietoliikennetekniikka, av-viestint\u00e4\/valokuvaus, asiakaspalvelu ja myynti sek\u00e4 verkkosivujen tuottaminen.<\/p>\r\n<p>Kaikkiaan kisoihin otti osaa yli 1400 eri alojen huippu-osaajaa. Yhteens\u00e4 tapahtumat ker\u00e4siv\u00e4t noin 100 000 k\u00e4vij\u00e4\u00e4. Tapahtumat j\u00e4rjestettiin Tapiolassa WeeGee-talossa, Otaniemess\u00e4 mm. Otahallissa, Kampissa ja Kolmen sep\u00e4n patsaalla.<\/p>\r\n<p>Tapahtuma oli t\u00e4ynn\u00e4 osaamisen iloa, onnistumisen riemua, kulttuurin kirjoa ammattiylpeytt\u00e4 ja p\u00e4\u00e4t\u00e4huimaavaa ammattitaitoa.<\/p>\r\n<\/div>","protected":false},"excerpt":{"rendered":"<p>Koulutuksen kehittyminen Espoossa\u00a0\u00a0\u00a0\u00a0\u00a0\u00a0\u00a0\u00a0Kansisivulle 1970-luku 1980-luku 1990-luku 2000-luku 2010-luku 2020-luku Ammatillisen koulutuksen suurtapahtuma Espoossa j\u00e4rjestettiin historian suurin valtakunnallinen ammatillisen koulutuksen suurtapahtuma 16.-19.4.2008. Sen keskeisen\u00e4 j\u00e4rjest\u00e4j\u00e4n\u00e4 oli Omnia, josta haluttiin tuohon aikaan kehitt\u00e4\u00e4 huippuosaajien ymp\u00e4rist\u00f6. Mutta mukana oli muitakin koulutuksen j\u00e4rjest\u00e4ji\u00e4. Nelip\u00e4iv\u00e4inen tapahtuma oli osa Espoon 550-vuotisjuhlavuotta. Sen suojelijana oli tasavallan presidentti Tarja Halonen. Tapahtuman avasi p\u00e4\u00e4ministeri&hellip; <a class=\"more-link\" href=\"https:\/\/espoonperinneseura.net\/espoo1972\/koulutus-espoossa-2000-luvulla\/ammatillisen-koulutuksen-suurtapahtuma\/\">Jatka lukemista <span class=\"screen-reader-text\">Ammatillisen koulutuksen suurtapahtuma<\/span><\/a><\/p>\n","protected":false},"author":1,"featured_media":0,"parent":3170,"menu_order":8,"comment_status":"closed","ping_status":"closed","template":"","meta":{"_eb_attr":"","_exactmetrics_skip_tracking":false,"_exactmetrics_sitenote_active":false,"_exactmetrics_sitenote_note":"","_exactmetrics_sitenote_category":0,"footnotes":""},"class_list":["post-3322","page","type-page","status-publish","hentry","entry"],"_links":{"self":[{"href":"https:\/\/espoonperinneseura.net\/espoo1972\/wp-json\/wp\/v2\/pages\/3322","targetHints":{"allow":["GET"]}}],"collection":[{"href":"https:\/\/espoonperinneseura.net\/espoo1972\/wp-json\/wp\/v2\/pages"}],"about":[{"href":"https:\/\/espoonperinneseura.net\/espoo1972\/wp-json\/wp\/v2\/types\/page"}],"author":[{"embeddable":true,"href":"https:\/\/espoonperinneseura.net\/espoo1972\/wp-json\/wp\/v2\/users\/1"}],"replies":[{"embeddable":true,"href":"https:\/\/espoonperinneseura.net\/espoo1972\/wp-json\/wp\/v2\/comments?post=3322"}],"version-history":[{"count":22,"href":"https:\/\/espoonperinneseura.net\/espoo1972\/wp-json\/wp\/v2\/pages\/3322\/revisions"}],"predecessor-version":[{"id":3823,"href":"https:\/\/espoonperinneseura.net\/espoo1972\/wp-json\/wp\/v2\/pages\/3322\/revisions\/3823"}],"up":[{"embeddable":true,"href":"https:\/\/espoonperinneseura.net\/espoo1972\/wp-json\/wp\/v2\/pages\/3170"}],"wp:attachment":[{"href":"https:\/\/espoonperinneseura.net\/espoo1972\/wp-json\/wp\/v2\/media?parent=3322"}],"curies":[{"name":"wp","href":"https:\/\/api.w.org\/{rel}","templated":true}]}}