{"id":3325,"date":"2022-07-16T16:37:58","date_gmt":"2022-07-16T13:37:58","guid":{"rendered":"https:\/\/espoonperinneseura.net\/espoo1972\/?page_id=3325"},"modified":"2022-08-05T07:01:17","modified_gmt":"2022-08-05T04:01:17","slug":"kuninkaantien-lukio","status":"publish","type":"page","link":"https:\/\/espoonperinneseura.net\/espoo1972\/koulutus-espoossa-2000-luvulla\/kuninkaantien-lukio\/","title":{"rendered":"Kuninkaantien lukio &#8211; ensimm\u00e4inen elinkaarimallilla toteutettu koulurakennus"},"content":{"rendered":"<!-- Added by Post\/Page Specific Custom Code plugin, thank you for using! -->\n<style>.entry-title,  .entry-header {\r\n\tdisplay: none;\r\n}<\/style>\n<h5>Koulutuksen kehittyminen Espoossa\u00a0\u00a0\u00a0\u00a0\u00a0\u00a0\u00a0\u00a0<a href=\"https:\/\/espoonperinneseura.net\/espoo1972\/koulutus-espoossa-1970-2020\/\">Kansisivulle<\/a><\/h5>\r\n\r\n<div style=\"margin: auto;\">\r\n<div class=\"btn\"><a class=\"btn-text\" style=\"color: #000;\" href=\"https:\/\/espoonperinneseura.net\/espoo1972\/koulutus-espoossa-1970-luvulla\/\">1970-luku<\/a><\/div>\r\n<div class=\"btn\"><a class=\"btn-text\" style=\"color: #000;\" href=\"https:\/\/espoonperinneseura.net\/espoo1972\/koulutus-espoossa-1980-luvulla\/\">1980-luku<\/a><\/div>\r\n<div class=\"btn\"><a class=\"btn-text\" style=\"color: #000;\" href=\"https:\/\/espoonperinneseura.net\/espoo1972\/koulutus-espoossa-1990-luvulla\/\">1990-luku<\/a><\/div>\r\n<div class=\"btn\"><a class=\"btn-text\" style=\"color: #fff;\" href=\"https:\/\/espoonperinneseura.net\/espoo1972\/koulutus-espoossa-2000-luvulla\/\">2000-luku<\/a><\/div>\r\n<div class=\"btn\"><a class=\"btn-text\" style=\"color: #000;\" href=\"https:\/\/espoonperinneseura.net\/espoo1972\/koulutus-espoossa-2010-luvulla\/\">2010-luku<\/a><\/div>\r\n<div class=\"btn\"><a class=\"btn-text\" style=\"color: #000;\" href=\"https:\/\/espoonperinneseura.net\/espoo1972\/koulutus-espoossa-2020-luvulla\/\">2020-luku<\/a><\/div>\r\n\r\n\r\n\r\n<h3 style=\"clear: both; padding-top: 25px;\">Kuninkaantien lukio &#8211; ensimm\u00e4inen elinkaarimallilla toteutettu koulurakennus<\/h3>\r\n<p>Espoossa oli 1990-luvulla jatkuvasti paineita lukiopaikkojen lis\u00e4\u00e4miseen. Vanhoihin lukiorakennuksiin ei mahtunut enemp\u00e4\u00e4. Investointiohjelmalla oli jo tuolloin taloussyist\u00e4 tiukkaa. Rahaa uuteen lukiorakennuksen ei oikein ollut.<\/p>\r\n<p>Koulutoimenjohtajana tuolloin toiminut Atso Vilkkij\u00e4rvi halusi, ett\u00e4 kaikilla Espoon alueilla olisi hyv\u00e4t koulutusmahdollisuudet. My\u00f6s Espoon keskusta ansaitsisi oman lukion, mutta se pyyhittiin aina pois investointiohjelmista.<\/p>\r\n<p>Noihin aikoihin my\u00f6s valtiolla oli rahapula. Mm. Helsinki-Turku -moottoritiet\u00e4 rakennettiin uudella rahoitus- ja yll\u00e4pitomallilla, jota kutsuttiin elinkaarimalliksi (Public Private Partnership, PPP). T\u00e4ss\u00e4 mallissa rakennushankkeen toteuttaja vastaa yleens\u00e4 v\u00e4hint\u00e4\u00e4nkin hankkeen suunnittelusta, rakentamisesta, yll\u00e4pidosta sek\u00e4 kiinteist\u00f6palveluista pitk\u00e4n sopimuskauden ajan. Sopimuskausi voi olla vuosikymmenien mittainen. Tilaaja maksaa sopimuskaudelta palvelumaksua \u201dosamaksuna\u201d, kun rakennus on valmis, eik\u00e4 joudu kantamaan huolta esim. rakennusten sis\u00e4ilmaongelmista.<\/p>\r\n<div style=\"margin: auto;\">\r\n<div class=\"div-image\" style=\"width: 700px; padding-right: 10px;\">\r\n<figure id=\"attachment_3799\" aria-describedby=\"caption-attachment-3799\" style=\"width: 700px\" class=\"wp-caption alignleft\"><img loading=\"lazy\" decoding=\"async\" class=\"size-full wp-image-3799\" src=\"https:\/\/espoonperinneseura.net\/espoo1972\/wp-content\/uploads\/2022\/08\/KtienLukio.jpg\" alt=\"\" width=\"700\" height=\"465\" srcset=\"https:\/\/espoonperinneseura.net\/espoo1972\/wp-content\/uploads\/2022\/08\/KtienLukio.jpg 700w, https:\/\/espoonperinneseura.net\/espoo1972\/wp-content\/uploads\/2022\/08\/KtienLukio-300x199.jpg 300w\" sizes=\"auto, (max-width: 700px) 100vw, 700px\" \/><figcaption id=\"caption-attachment-3799\" class=\"wp-caption-text\">Kuninkaantien lukio<\/figcaption><\/figure>\r\n<\/div>\r\n<p style=\"clear: both;\">Espoossa syntyi siis idea: mit\u00e4 jos rakennettaisiin lukio Keski-Espooseen elinkaarimallilla? T\u00e4rke\u00e4 rooli oli Hannu Penttil\u00e4ll\u00e4, joka oli 1990-luvulla vahva poliittinen vaikuttaja Espoossa. H\u00e4n ryhtyi viem\u00e4\u00e4n elinkaarimallia eteenp\u00e4in poliittisessa koneistossa. Perustettiin toimikunta, jossa oli mukana mukana my\u00f6s Atso Vilkkij\u00e4rvi. Suunnitelma eteni. Hankkeen toteuttamiseen saatiin avustusta mm. sosiaali- ja terveysalan tutkimus- ja kehitt\u00e4miskeskukselta (Stakes).<\/p>\r\n<p>Espoon johto p\u00e4\u00e4ttikin 2000-luvun alussa, ett\u00e4 uudet koulut tehd\u00e4\u00e4n jatkossa sellaisella mallilla, ettei korjaamisen ja kunnossapidon laiminly\u00f6ntej\u00e4 p\u00e4\u00e4se en\u00e4\u00e4 tapahtumaan. Elinkaarivastuu haluttiin siksi ulkoistaa tuottajille.<\/p>\r\n<p>Vastaavaa kouluhanketta ei oltu tehty aiemmin miss\u00e4\u00e4n. Niinp\u00e4 esikuvia ei ollut. Hanke piti kilpailuttaa hankintalain mukaan, eik\u00e4 se ollut ihan helppoa. Kilpailutus- ja sopimusosaamistakaan ei ollut. Pilottihanke tuli kalliiksi. Rakentamissopimus saatettin tehd\u00e4 kokemuksen puutteen vuoksi rakentajan kannalta jopa liian edulliseksi.<\/p>\r\n<p>Sopimus solmittiin Espoon kaupungin sek\u00e4 NCC:n, ABB:n ja Sodexhon muodostaman yhteenliittym\u00e4n v\u00e4lill\u00e4 vuonna 2001. Suomen ensimm\u00e4inen elinkaarimallilla toteutettu kiinteist\u00f6, Keski-Espoon lukio rakennettiin. My\u00f6hemmin lukio sai nimen Kuninkaantien lukio. T\u00e4n\u00e4\u00e4n talotekniikan vastuu on siirretty Caverionille, joka on kantanut vastuunsa.<\/p>\r\n<p>Keski-Espoon lukio aloitti toimintansa tilap\u00e4isiss\u00e4 parakeissa J\u00e4rvenper\u00e4ss\u00e4. Lukion rakennusaikaisena rehtorina toimi Jukka Kuittinen. Lukion uusi Kaivomestarin rakennus valmistui vuonna 2003 Espoon keskustaan. Samassa rakennuksessa sijaitsee my\u00f6s Keski-Espoon uimahalli, liikuntahalli, fysioterapia ja Espoon ty\u00f6v\u00e4enopiston tiloja. Lukion rehtoriksi valittiin Merja Rytsy. Lukio on menestynyt hyvin STT:n lukiovertailuissa, erityisesti pakollisten aineiden osalta.<\/p>\r\n<p><\/p>\r\n<\/div>\r\n<\/div>","protected":false},"excerpt":{"rendered":"<p>Koulutuksen kehittyminen Espoossa\u00a0\u00a0\u00a0\u00a0\u00a0\u00a0\u00a0\u00a0Kansisivulle 1970-luku 1980-luku 1990-luku 2000-luku 2010-luku 2020-luku Kuninkaantien lukio &#8211; ensimm\u00e4inen elinkaarimallilla toteutettu koulurakennus Espoossa oli 1990-luvulla jatkuvasti paineita lukiopaikkojen lis\u00e4\u00e4miseen. Vanhoihin lukiorakennuksiin ei mahtunut enemp\u00e4\u00e4. Investointiohjelmalla oli jo tuolloin taloussyist\u00e4 tiukkaa. Rahaa uuteen lukiorakennuksen ei oikein ollut. Koulutoimenjohtajana tuolloin toiminut Atso Vilkkij\u00e4rvi halusi, ett\u00e4 kaikilla Espoon alueilla olisi hyv\u00e4t koulutusmahdollisuudet. My\u00f6s Espoon&hellip; <a class=\"more-link\" href=\"https:\/\/espoonperinneseura.net\/espoo1972\/koulutus-espoossa-2000-luvulla\/kuninkaantien-lukio\/\">Jatka lukemista <span class=\"screen-reader-text\">Kuninkaantien lukio &#8211; ensimm\u00e4inen elinkaarimallilla toteutettu koulurakennus<\/span><\/a><\/p>\n","protected":false},"author":1,"featured_media":0,"parent":3170,"menu_order":11,"comment_status":"closed","ping_status":"closed","template":"","meta":{"_eb_attr":"","_exactmetrics_skip_tracking":false,"_exactmetrics_sitenote_active":false,"_exactmetrics_sitenote_note":"","_exactmetrics_sitenote_category":0,"footnotes":""},"class_list":["post-3325","page","type-page","status-publish","hentry","entry"],"_links":{"self":[{"href":"https:\/\/espoonperinneseura.net\/espoo1972\/wp-json\/wp\/v2\/pages\/3325","targetHints":{"allow":["GET"]}}],"collection":[{"href":"https:\/\/espoonperinneseura.net\/espoo1972\/wp-json\/wp\/v2\/pages"}],"about":[{"href":"https:\/\/espoonperinneseura.net\/espoo1972\/wp-json\/wp\/v2\/types\/page"}],"author":[{"embeddable":true,"href":"https:\/\/espoonperinneseura.net\/espoo1972\/wp-json\/wp\/v2\/users\/1"}],"replies":[{"embeddable":true,"href":"https:\/\/espoonperinneseura.net\/espoo1972\/wp-json\/wp\/v2\/comments?post=3325"}],"version-history":[{"count":6,"href":"https:\/\/espoonperinneseura.net\/espoo1972\/wp-json\/wp\/v2\/pages\/3325\/revisions"}],"predecessor-version":[{"id":3819,"href":"https:\/\/espoonperinneseura.net\/espoo1972\/wp-json\/wp\/v2\/pages\/3325\/revisions\/3819"}],"up":[{"embeddable":true,"href":"https:\/\/espoonperinneseura.net\/espoo1972\/wp-json\/wp\/v2\/pages\/3170"}],"wp:attachment":[{"href":"https:\/\/espoonperinneseura.net\/espoo1972\/wp-json\/wp\/v2\/media?parent=3325"}],"curies":[{"name":"wp","href":"https:\/\/api.w.org\/{rel}","templated":true}]}}