{"id":3332,"date":"2022-07-16T16:45:54","date_gmt":"2022-07-16T13:45:54","guid":{"rendered":"https:\/\/espoonperinneseura.net\/espoo1972\/?page_id=3332"},"modified":"2022-08-05T07:58:05","modified_gmt":"2022-08-05T04:58:05","slug":"pohjois-espoon-lukio","status":"publish","type":"page","link":"https:\/\/espoonperinneseura.net\/espoo1972\/koulutus-espoossa-2000-luvulla\/pohjois-espoon-lukio\/","title":{"rendered":"Miksi Espoo lopetti Pohjois-Espoon lukion?"},"content":{"rendered":"<!-- Added by Post\/Page Specific Custom Code plugin, thank you for using! -->\n<style>.entry-title,  .entry-header {\r\n\tdisplay: none;\r\n}<\/style>\n<h5>Koulutuksen kehittyminen Espoossa\u00a0\u00a0\u00a0\u00a0\u00a0\u00a0\u00a0\u00a0<a href=\"https:\/\/espoonperinneseura.net\/espoo1972\/koulutus-espoossa-1970-2020\/\">Kansisivulle<\/a><\/h5>\r\n\r\n<div style=\"margin: auto;\">\r\n<div class=\"btn\"><a class=\"btn-text\" style=\"color: #000;\" href=\"https:\/\/espoonperinneseura.net\/espoo1972\/koulutus-espoossa-1970-luvulla\/\">1970-luku<\/a><\/div>\r\n<div class=\"btn\"><a class=\"btn-text\" style=\"color: #000;\" href=\"https:\/\/espoonperinneseura.net\/espoo1972\/koulutus-espoossa-1980-luvulla\/\">1980-luku<\/a><\/div>\r\n<div class=\"btn\"><a class=\"btn-text\" style=\"color: #000;\" href=\"https:\/\/espoonperinneseura.net\/espoo1972\/koulutus-espoossa-1990-luvulla\/\">1990-luku<\/a><\/div>\r\n<div class=\"btn\"><a class=\"btn-text\" style=\"color: #fff;\" href=\"https:\/\/espoonperinneseura.net\/espoo1972\/koulutus-espoossa-2000-luvulla\/\">2000-luku<\/a><\/div>\r\n<div class=\"btn\"><a class=\"btn-text\" style=\"color: #000;\" href=\"https:\/\/espoonperinneseura.net\/espoo1972\/koulutus-espoossa-2010-luvulla\/\">2010-luku<\/a><\/div>\r\n<div class=\"btn\"><a class=\"btn-text\" style=\"color: #000;\" href=\"https:\/\/espoonperinneseura.net\/espoo1972\/koulutus-espoossa-2020-luvulla\/\">2020-luku<\/a><\/div>\r\n<\/div>\r\n\r\n\r\n\r\n<h3 style=\"clear: both; padding-top: 25px;\">Miksi Espoo lopetti Pohjois-Espoon lukion?<\/h3>\r\n<p><img loading=\"lazy\" decoding=\"async\" class=\"alignnone size-large wp-image-3862\" src=\"https:\/\/espoonperinneseura.net\/espoo1972\/wp-content\/uploads\/2022\/08\/PEspoonlukio-Lahnus-1024x388.png\" alt=\"\" width=\"750\" height=\"284\" srcset=\"https:\/\/espoonperinneseura.net\/espoo1972\/wp-content\/uploads\/2022\/08\/PEspoonlukio-Lahnus-1024x388.png 1024w, https:\/\/espoonperinneseura.net\/espoo1972\/wp-content\/uploads\/2022\/08\/PEspoonlukio-Lahnus-300x114.png 300w, https:\/\/espoonperinneseura.net\/espoo1972\/wp-content\/uploads\/2022\/08\/PEspoonlukio-Lahnus-768x291.png 768w, https:\/\/espoonperinneseura.net\/espoo1972\/wp-content\/uploads\/2022\/08\/PEspoonlukio-Lahnus.png 1240w\" sizes=\"auto, (max-width: 750px) 100vw, 750px\" \/><\/p>\r\n<p><em>Helsingin Sanomat<\/em> julkaisi 4.6.2006 jutun otsikolla: <em>Pohjois-Espoon 60 oppilaan lukiossa lakitettiin lauantaina koulun viimeiset ylioppilaat<\/em><\/p>\r\n<p>Lakkiaisjuhla oli Kalaj\u00e4rvell\u00e4 sijaitsevan Pohjois-Espoon lukion viimeinen. Kev\u00e4tjuhlan j\u00e4lkeen lukio lakkasi olemasta. Virallisesti toiminta kuitenkin p\u00e4\u00e4ttyi hein\u00e4kuun lopussa. Paikalla oli lukion entinen oppilas, p\u00e4\u00e4ministeri Matti Vanhanen ja muita silloin viel\u00e4 Lahnuksen yhteiskouluna tunnetun oppikoulun ensimm\u00e4isi\u00e4 ylioppilaita vuosilta 1974 ja 1975.<\/p>\r\n<p>Lukion rehtori Matti Kauppilan olo oli haikea: koulu lopetettiin kerralla. Loput lukiolaiset jatkoivat opintojaan muissa p\u00e4\u00e4kaupunkiseudun lukioissa. Lukion opettajille ratkaisu oli ollut raskas.<\/p>\r\n<p>Moni ihmetteli Espoon suomenkielisen opetuslautakunnan puheenjohtaja Sanna Lauslahden johdolla syksyll\u00e4 2005 tekem\u00e4\u00e4 p\u00e4\u00e4t\u00f6st\u00e4. P\u00e4\u00e4t\u00f6s tehtiin my\u00f6h\u00e4\u00e4n illalla, kun moni j\u00e4sen oli jo poistunut kokouksesta. Koulun johtokunta vastusti lakkautusta, samoin Pohjois-Espoon asukasyhdistys. Ne vetosivat alueelliseen koulutuspalvelujen tasa- arvoisuuteen oppilaiden ja perheiden v\u00e4lill\u00e4.<\/p>\r\n<p>Miksi ylip\u00e4\u00e4t\u00e4\u00e4n lakkauttaa lukio, kun tarve lukiopaikoista kasvoi koko ajan. Ja miksi juuri Pohjois-Espoosta? Ja miksi juuri sellainen lukio, johon ei tarvittu huippukeskiarvoja? Ja miksi lukio, jolle oli juuri rakennettu uudet tilat?<\/p>\r\n<p>Espoon valtuusto keskusteli lokakuun kokouksessaan 2005 Pohjois-Espoon lukion lopettamisesta. Monet valtuutetut luulivat, ett\u00e4 he voivat viel\u00e4 vaikuttaa lukion kohtaloon seuraavan vuoden budjetista p\u00e4\u00e4tett\u00e4ess\u00e4. Heid\u00e4t yll\u00e4tti, ett\u00e4 lopetusp\u00e4\u00e4t\u00f6s oli jo tullut lainvoimaiseksi.<\/p>\r\n<p>Espoon kauppala oli perustanut Lahnuksen yhteiskoulun vuonna 1966. <br \/>Koulun rehtorina toimi 1966-1970 Mauri Alasaari, ja 1970-1977 Juhani Turjanmaa. Koulu toimi aluksi Luukin vanhassa kansakoulurakennuksessa. Oma koulutalo valmistui vuonna 1967 Lahnuksen alueelle.<\/p>\r\n<p>Toiminta yksityisen\u00e4 kouluna p\u00e4\u00e4ttyi 31.7.1977 ja jatkui sen j\u00e4lkeen Kalaj\u00e4rven peruskoulun yl\u00e4asteena ja Pohjois-Espoon lukiona. Vuonna 1997 lukio muutti upouusiin tiloihin.<\/p>\r\n<p>Lukiota ehti johtaa vuosina 1977-2006 kuusi rehtoria: Juhani Turjanmaa, Tuula H\u00e4yrinen, Tuula Vilkeniemi, Marja-Leena Tuurna, Eero Lehikoinen, Juha-Pekka Peltola ja Matti Kauppila.<\/p>\r\n<p>Miksi p\u00e4\u00e4t\u00f6s siis tehtiin? Lukio oli pieni, maksimissaan 110 oppilasta. Joidenkin mielest\u00e4 niin pienelle joukolle ei voitu j\u00e4rjest\u00e4\u00e4 laadukasta opetusta muuttuvassa ja yh\u00e4 haastavammassa toimintaymp\u00e4rist\u00f6ss\u00e4. Taustalla oli my\u00f6s p\u00e4\u00e4kaupunkiseudun kuntien yhteinen tahto tehostaa palvelutuotantoa my\u00f6s lukioiden osalta niin, ett\u00e4 l\u00f6ydett\u00e4isiin fiksu tapa jakaa lukioverkon kustannuksia, lukioihin kun sai hakea yli kuntarajojen. Ja sen taustalla taas oli vuosien 2003-2008 <em>Koulutuksen ja tutkimuksen kehitta\u0308missuunnitelma<\/em>, jonka yksi painopistealue oli koulutusja\u0308rjestelma\u0308n tehokkuuden parantaminen.<\/p>\r\n<p><a href=\"https:\/\/www.hs.fi\/kotimaa\/art-2000004336028.html\" target=\"_blank\" rel=\"noopener\">https:\/\/www.hs.fi\/kotimaa\/art-2000004336028.html<\/a><br \/><a href=\"https:\/\/www.hs.fi\/kotimaa\/art-2000004345801.html\" target=\"_blank\" rel=\"noopener\">https:\/\/www.hs.fi\/kotimaa\/art-2000004345801.html<\/a><br \/><a href=\"https:\/\/www.hs.fi\/kaupunki\/art-2000004401723.html\" target=\"_blank\" rel=\"noopener\">https:\/\/www.hs.fi\/kaupunki\/art-2000004401723.html<\/a><br \/><a href=\"https:\/\/www.hel.fi\/hel2\/Helsinginseutu\/Pks\/el120208\/PKS_luko_120208.pdf\" target=\"_blank\" rel=\"noopener\">https:\/\/www.hel.fi\/hel2\/Helsinginseutu\/Pks\/el120208\/PKS_luko_120208.pdf<\/a><\/p>\r\n<p>Vai elettiink\u00f6 vain aikaa, jolloin jo uskottiin suuruuden ekonomiaan. Oliko pieni laadukas koulu puolityhj\u00e4 tila ja hyv\u00e4\u00e4 ty\u00f6t\u00e4 tehnyt koulu vain kuluer\u00e4?<\/p>\r\n","protected":false},"excerpt":{"rendered":"<p>Koulutuksen kehittyminen Espoossa\u00a0\u00a0\u00a0\u00a0\u00a0\u00a0\u00a0\u00a0Kansisivulle 1970-luku 1980-luku 1990-luku 2000-luku 2010-luku 2020-luku Miksi Espoo lopetti Pohjois-Espoon lukion? Helsingin Sanomat julkaisi 4.6.2006 jutun otsikolla: Pohjois-Espoon 60 oppilaan lukiossa lakitettiin lauantaina koulun viimeiset ylioppilaat Lakkiaisjuhla oli Kalaj\u00e4rvell\u00e4 sijaitsevan Pohjois-Espoon lukion viimeinen. Kev\u00e4tjuhlan j\u00e4lkeen lukio lakkasi olemasta. Virallisesti toiminta kuitenkin p\u00e4\u00e4ttyi hein\u00e4kuun lopussa. Paikalla oli lukion entinen oppilas, p\u00e4\u00e4ministeri Matti Vanhanen&hellip; <a class=\"more-link\" href=\"https:\/\/espoonperinneseura.net\/espoo1972\/koulutus-espoossa-2000-luvulla\/pohjois-espoon-lukio\/\">Jatka lukemista <span class=\"screen-reader-text\">Miksi Espoo lopetti Pohjois-Espoon lukion?<\/span><\/a><\/p>\n","protected":false},"author":1,"featured_media":0,"parent":3170,"menu_order":0,"comment_status":"closed","ping_status":"closed","template":"","meta":{"_eb_attr":"","_exactmetrics_skip_tracking":false,"_exactmetrics_sitenote_active":false,"_exactmetrics_sitenote_note":"","_exactmetrics_sitenote_category":0,"footnotes":""},"class_list":["post-3332","page","type-page","status-publish","hentry","entry"],"_links":{"self":[{"href":"https:\/\/espoonperinneseura.net\/espoo1972\/wp-json\/wp\/v2\/pages\/3332","targetHints":{"allow":["GET"]}}],"collection":[{"href":"https:\/\/espoonperinneseura.net\/espoo1972\/wp-json\/wp\/v2\/pages"}],"about":[{"href":"https:\/\/espoonperinneseura.net\/espoo1972\/wp-json\/wp\/v2\/types\/page"}],"author":[{"embeddable":true,"href":"https:\/\/espoonperinneseura.net\/espoo1972\/wp-json\/wp\/v2\/users\/1"}],"replies":[{"embeddable":true,"href":"https:\/\/espoonperinneseura.net\/espoo1972\/wp-json\/wp\/v2\/comments?post=3332"}],"version-history":[{"count":6,"href":"https:\/\/espoonperinneseura.net\/espoo1972\/wp-json\/wp\/v2\/pages\/3332\/revisions"}],"predecessor-version":[{"id":3863,"href":"https:\/\/espoonperinneseura.net\/espoo1972\/wp-json\/wp\/v2\/pages\/3332\/revisions\/3863"}],"up":[{"embeddable":true,"href":"https:\/\/espoonperinneseura.net\/espoo1972\/wp-json\/wp\/v2\/pages\/3170"}],"wp:attachment":[{"href":"https:\/\/espoonperinneseura.net\/espoo1972\/wp-json\/wp\/v2\/media?parent=3332"}],"curies":[{"name":"wp","href":"https:\/\/api.w.org\/{rel}","templated":true}]}}