{"id":3338,"date":"2022-07-16T16:54:50","date_gmt":"2022-07-16T13:54:50","guid":{"rendered":"https:\/\/espoonperinneseura.net\/espoo1972\/?page_id=3338"},"modified":"2022-08-05T07:38:53","modified_gmt":"2022-08-05T04:38:53","slug":"finns-follhogskolan","status":"publish","type":"page","link":"https:\/\/espoonperinneseura.net\/espoo1972\/koulutus-espoossa-1970-luvulla\/finns-follhogskolan\/","title":{"rendered":"Finns Follh\u00f6gskolan &#8211; huikean p\u00f6hin\u00e4n 70-ja 80-luku"},"content":{"rendered":"<!-- Added by Post\/Page Specific Custom Code plugin, thank you for using! -->\n<style>.entry-title,  .entry-header {\r\n\tdisplay: none;\r\n}<\/style>\n<h5>Koulutuksen kehittyminen Espoossa\u00a0\u00a0\u00a0\u00a0\u00a0\u00a0\u00a0\u00a0<a href=\"https:\/\/espoonperinneseura.net\/espoo1972\/koulutus-espoossa-1970-2020\/\">Kansisivulle<\/a><\/h5>\r\n\r\n<div style=\"margin: auto;\">\r\n<div class=\"btn\"><a class=\"btn-text\" style=\"color: #fff;\" href=\"https:\/\/espoonperinneseura.net\/espoo1972\/koulutus-espoossa-1970-luvulla\/\">1970-luku<\/a><\/div>\r\n<div class=\"btn\"><a class=\"btn-text\" style=\"color: #000;\" href=\"https:\/\/espoonperinneseura.net\/espoo1972\/koulutus-espoossa-1980-luvulla\/\">1980-luku<\/a><\/div>\r\n<div class=\"btn\"><a class=\"btn-text\" style=\"color: #000;\" href=\"https:\/\/espoonperinneseura.net\/espoo1972\/koulutus-espoossa-1990-luvulla\/\">1990-luku<\/a><\/div>\r\n<div class=\"btn\"><a class=\"btn-text\" style=\"color: #000;\" href=\"https:\/\/espoonperinneseura.net\/espoo1972\/koulutus-espoossa-2000-luvulla\/\">2000-luku<\/a><\/div>\r\n<div class=\"btn\"><a class=\"btn-text\" style=\"color: #000;\" href=\"https:\/\/espoonperinneseura.net\/espoo1972\/koulutus-espoossa-2010-luvulla\/\">2010-luku<\/a><\/div>\r\n<div class=\"btn\"><a class=\"btn-text\" style=\"color: #000;\" href=\"https:\/\/espoonperinneseura.net\/espoo1972\/koulutus-espoossa-2020-luvulla\/\">2020-luku<\/a><\/div>\r\n<\/div>\r\n\r\n<h3 style=\"clear: both; padding-top: 25px;\">Finns Follh\u00f6gskolan &#8211; huikean p\u00f6hin\u00e4n 70-ja 80-luku<\/h3>\r\n<p>Vuonna 1973 Espoossa pitk\u00e4\u00e4n toiminut ruotsinkielinen Finnsin kansanopisto oli lopettanut toimintansa ja syntyi uudelleen. Komea rakennus oli liian arvokas purettavaksi. Elvytt\u00e4j\u00e4ksi tuli Svenska folkskolans V\u00e4nner -yhdistys.<\/p>\r\n<p>Opiston johtajaksi palkattiin Olav Storg\u00e5rd. H\u00e4nelle luvattiin, ett\u00e4 jos h\u00e4n saisi 30 oppilashakemusta, toiminta jatkuisi. H\u00e4n sai.<\/p>\r\n<p><img loading=\"lazy\" decoding=\"async\" class=\"alignleft size-full wp-image-3843\" src=\"https:\/\/espoonperinneseura.net\/espoo1972\/wp-content\/uploads\/2022\/08\/Finns.jpg\" alt=\"\" width=\"484\" height=\"700\" srcset=\"https:\/\/espoonperinneseura.net\/espoo1972\/wp-content\/uploads\/2022\/08\/Finns.jpg 484w, https:\/\/espoonperinneseura.net\/espoo1972\/wp-content\/uploads\/2022\/08\/Finns-207x300.jpg 207w\" sizes=\"auto, (max-width: 484px) 100vw, 484px\" \/><span style=\"white-space:nowrap;\">Alkoi Finnsin huikea <\/span>pedagoginen kukoistuskausi. Tuohon aikaan kansanopistoihin hakeutuneet nuoret suhtautuivat kriittisesti \u201dopettajakeskeiseen\u201d pedagogiikkaan, ehdottomaan kuriin ja j\u00e4sentelem\u00e4tt\u00f6m\u00e4\u00e4n oppimateriaaliin. Niinp\u00e4 Finnsin kansanopistoon luotiin uudenlainen toimintakulttuuri, jossa vallitsi vapaus tenttipaineista ja todistuskiihkoilusta, opettajakeskeisest\u00e4 koulumestaripedagogiikasta sek\u00e4 tiukoista j\u00e4rjestyss\u00e4\u00e4nn\u00f6ist\u00e4.<\/p>\r\n<p>Tilalle luotiin uusi vapauttava toimintapedagogiikka. Oppiaineita integroitiin. Vapauttava tarkoitti, ett\u00e4 hyl\u00e4ttiin j\u00e4rjestys\u00e4\u00e4nn\u00f6t. P\u00e4\u00e4t\u00f6kset tehtiin suurkokouksessa. Opinnoissa vallitsi tenttivapaus. Todistusarvosanoista luovuttiin. Jokainen sai toteuttaa itse\u00e4\u00e4n vapaasti. Kilpailuhenki korvattiin tiedonhalulla tiedon itsens\u00e4 vuoksi. Menetelm\u00e4t olivat toiminnallisia. Opiskelijat puuhailivat verstaissa ja pajoissa. Oli ryhm\u00e4ty\u00f6t\u00e4, keskustelua, pedagogista draamaa, k\u00e4tten ty\u00f6t\u00e4. Luennoilta sai ideoita ja valmiuksia. Vapaa-aikana ja toisinaan y\u00f6n hiljaisina tunteina syntyi filmej\u00e4, diaesityksi\u00e4, n\u00e4ytelmi\u00e4.<\/p>\r\n<p>Oppiaineita integroitiin keskitt\u00e4m\u00e4ll\u00e4, pit\u00e4m\u00e4ll\u00e4 teemap\u00e4ivi\u00e4 ja projektikausia. Luotiin oppiainekokonaisuuksia ja ty\u00f6skenneltiin teemoina.<\/p>\r\n<p>Opettaja oli opiskelijatoveri, opetus n\u00e4htiin vuoropuheluna ja ty\u00f6skentely ongelmanratkaisuna. Uusi pedagogiikka kiehtoi ja koulu t\u00e4yttyi. Storg\u00e5rd oli siis l\u00f6yt\u00e4nyt innostavan idean.<\/p>\r\n<p>Finns folkh\u00f6skola oli tienraivaajien joukossa, kun kansanopistot aloittivat ammatillisen koulutuksen 1970-luvulla. Nuorisoliike tarvitsi ohjaajia, ja ajan henki arvosti luovaa toiminta. Niinp\u00e4 Finnsiin luotiin kaksi linjaa: Lapsi- ja nuoriso-ohjaajakoulutus ja luova toiminta.<\/p>\r\n<p>Ohjaajakoulutus oli aluksi yksivuotinen. Opiskelu tapahtui Finnsissa ja k\u00e4yt\u00e4nn\u00f6n harjoittelu vapaa-ajankodissa Kauniaisissa. Uutta oli tutkiva ote. Harjoittelussa saadut kokemukset olivat pohja luokassa tehdyille analyyseille ja keskusteluille.<\/p>\r\n<p>Vuonna 1987 vapaa-ajan ohjaajakoulutuksesta sai ammattip\u00e4tevyyden. Pian koulutus piteni kaksivuotiseksi. Seuraavaksi kaksivuotinen vapaa-ajan ohjaajakoulutus muutettiin yksi- tai kaksivuotiseksi nuorisonohjaajalinjaksi. Nyt harjoittelu tapahtui pit\u00e4m\u00e4ll\u00e4 kerhoja ymp\u00e4ri Keski-Uuttamaata. Koulutus vaihdettiin viel\u00e4 3-4-vuotiseksi keskiasteen kulttuurisihteerikoulutukseksi.<\/p>\r\n<p>Vuonna 1987 k\u00e4ynnistyi my\u00f6s kansainv\u00e4linen kehitysmaalinja.<\/p>\r\n<p>Finnsin luovan toiminnan linjasta ei tehty taidelinjaa. Luova toiminta oli runko, johon teoreettiset aineet sidottiin. Jokaisen tuli saada vain kokeilla kaikkea.<\/p>\r\n<p>Lyhytkurssitoiminta k\u00e4ynnistyi vuonna 1974. Se lis\u00e4si opiskelijoiden m\u00e4\u00e4r\u00e4\u00e4.<\/p>\r\n<p>Opisto teki innokasta yhteisty\u00f6t\u00e4 ruotsalaisten kansanopistojen ja mm. opettajankoulutuslaitosten kanssa. Se kutsui luennoitsijoiksi pedagogiikan huippunimi\u00e4, kuten Brian Wayn.<\/p>\r\n<p>Finns folkh\u00f6gskola otti my\u00f6s akateemiset kurssit opinto-ohjelmaansa ensimm\u00e4isten kansanopistojen joukossa. Yhteisty\u00f6 \u00c5bo Akademin kanssa loi mahdollisuuden suorittaa kasvatustieteen approbatur.<\/p>\r\n<p>1990-luvulla pilvi\u00e4 n\u00e4kyi jo taivaalla. Viranomaisohjeet olivat muuttuneet: kaikki aineet piti arvostella. My\u00f6s opiskelijoiden halu saada tutkintopaperi oli kasvanut. Opiston kasvettua opettajilla ei ollut en\u00e4\u00e4 aikaa yksil\u00f6lliseen ohjaukseen ja opetukseen. Opiskelijat olivat nuorempia ja v\u00e4hemm\u00e4n kiinnostuneita yhteiskunnasta. Suurkokous oli menett\u00e4nyt alkuper\u00e4isen merkityksens\u00e4.<\/p>\r\n<p>Finns folkh\u00f6gskolaa ei en\u00e4\u00e4 ole. 1990-luvulla opiston tilanne vaikeutui, ja Finns liitettiin Solvallan urheiluopistoon. Vuonna 1995 Solvalla\/Finns yhdistettiin Yrkesh\u00f6gskolan Sydv\u00e4stiin. Vuonna 2000 suurin osa koulutuslinjoista siirrettiin pois Finnsist\u00e4. Vuonna 2008 perustettiin uusi opisto, Axxellin koulu, yhdist\u00e4m\u00e4ll\u00e4 seitsem\u00e4n aiemmin itsen\u00e4ist\u00e4 ammattioppilaitosta ja kansankorkeakoulua. Finns oli yksi n\u00e4ist\u00e4. Sittemmin yhdeks\u00e4ll\u00e4 paikkakunnalla toimivaan ruotsinkieliseen ammatilliseen ja yleissivist\u00e4v\u00e4\u00e4n oppilaitos Axxelliin on liittynyt kaksi muuta oppilaitosta. Sill\u00e4 on yhteens\u00e4 noin 3 700 opiskelijaa.<\/p>\r\n<p>Vuonna 2010 Svenska folkskolans v\u00e4nner myi koulurakennuksen Omnialle, joka kunnosti sen.<\/p>","protected":false},"excerpt":{"rendered":"<p>Koulutuksen kehittyminen Espoossa\u00a0\u00a0\u00a0\u00a0\u00a0\u00a0\u00a0\u00a0Kansisivulle 1970-luku 1980-luku 1990-luku 2000-luku 2010-luku 2020-luku Finns Follh\u00f6gskolan &#8211; huikean p\u00f6hin\u00e4n 70-ja 80-luku Vuonna 1973 Espoossa pitk\u00e4\u00e4n toiminut ruotsinkielinen Finnsin kansanopisto oli lopettanut toimintansa ja syntyi uudelleen. Komea rakennus oli liian arvokas purettavaksi. Elvytt\u00e4j\u00e4ksi tuli Svenska folkskolans V\u00e4nner -yhdistys. Opiston johtajaksi palkattiin Olav Storg\u00e5rd. H\u00e4nelle luvattiin, ett\u00e4 jos h\u00e4n saisi 30 oppilashakemusta,&hellip; <a class=\"more-link\" href=\"https:\/\/espoonperinneseura.net\/espoo1972\/koulutus-espoossa-1970-luvulla\/finns-follhogskolan\/\">Jatka lukemista <span class=\"screen-reader-text\">Finns Follh\u00f6gskolan &#8211; huikean p\u00f6hin\u00e4n 70-ja 80-luku<\/span><\/a><\/p>\n","protected":false},"author":1,"featured_media":0,"parent":3117,"menu_order":29,"comment_status":"closed","ping_status":"closed","template":"","meta":{"_eb_attr":"","_exactmetrics_skip_tracking":false,"_exactmetrics_sitenote_active":false,"_exactmetrics_sitenote_note":"","_exactmetrics_sitenote_category":0,"footnotes":""},"class_list":["post-3338","page","type-page","status-publish","hentry","entry"],"_links":{"self":[{"href":"https:\/\/espoonperinneseura.net\/espoo1972\/wp-json\/wp\/v2\/pages\/3338","targetHints":{"allow":["GET"]}}],"collection":[{"href":"https:\/\/espoonperinneseura.net\/espoo1972\/wp-json\/wp\/v2\/pages"}],"about":[{"href":"https:\/\/espoonperinneseura.net\/espoo1972\/wp-json\/wp\/v2\/types\/page"}],"author":[{"embeddable":true,"href":"https:\/\/espoonperinneseura.net\/espoo1972\/wp-json\/wp\/v2\/users\/1"}],"replies":[{"embeddable":true,"href":"https:\/\/espoonperinneseura.net\/espoo1972\/wp-json\/wp\/v2\/comments?post=3338"}],"version-history":[{"count":5,"href":"https:\/\/espoonperinneseura.net\/espoo1972\/wp-json\/wp\/v2\/pages\/3338\/revisions"}],"predecessor-version":[{"id":3846,"href":"https:\/\/espoonperinneseura.net\/espoo1972\/wp-json\/wp\/v2\/pages\/3338\/revisions\/3846"}],"up":[{"embeddable":true,"href":"https:\/\/espoonperinneseura.net\/espoo1972\/wp-json\/wp\/v2\/pages\/3117"}],"wp:attachment":[{"href":"https:\/\/espoonperinneseura.net\/espoo1972\/wp-json\/wp\/v2\/media?parent=3338"}],"curies":[{"name":"wp","href":"https:\/\/api.w.org\/{rel}","templated":true}]}}