{"id":3342,"date":"2022-07-16T17:00:14","date_gmt":"2022-07-16T14:00:14","guid":{"rendered":"https:\/\/espoonperinneseura.net\/espoo1972\/?page_id=3342"},"modified":"2022-08-02T07:06:55","modified_gmt":"2022-08-02T04:06:55","slug":"tuntikehysjarjestelma","status":"publish","type":"page","link":"https:\/\/espoonperinneseura.net\/espoo1972\/koulutus-espoossa-1980-luvulla\/tuntikehysjarjestelma\/","title":{"rendered":"Espoolainen hallintomies oli tuntikehysj\u00e4rjestelm\u00e4n osaava kehitt\u00e4j\u00e4"},"content":{"rendered":"<!-- Added by Post\/Page Specific Custom Code plugin, thank you for using! -->\n<style>.entry-title,  .entry-header {\r\n\tdisplay: none;\r\n}<\/style>\n<h5>Koulutuksen kehittyminen Espoossa\u00a0\u00a0\u00a0\u00a0\u00a0\u00a0\u00a0\u00a0<a href=\"https:\/\/espoonperinneseura.net\/espoo1972\/koulutus-espoossa-1970-2020\/\">Kansisivulle<\/a><\/h5>\r\n\r\n<div style=\"margin: auto;\">\r\n<div class=\"btn\"><a class=\"btn-text\" style=\"color: #000;\" href=\"https:\/\/espoonperinneseura.net\/espoo1972\/koulutus-espoossa-1970-luvulla\/\">1970-luku<\/a><\/div>\r\n<div class=\"btn\"><a class=\"btn-text\" style=\"color: #fff;\" href=\"https:\/\/espoonperinneseura.net\/espoo1972\/koulutus-espoossa-1980-luvulla\/\">1980-luku<\/a><\/div>\r\n<div class=\"btn\"><a class=\"btn-text\" style=\"color: #000;\" href=\"https:\/\/espoonperinneseura.net\/espoo1972\/koulutus-espoossa-1990-luvulla\/\">1990-luku<\/a><\/div>\r\n<div class=\"btn\"><a class=\"btn-text\" style=\"color: #000;\" href=\"https:\/\/espoonperinneseura.net\/espoo1972\/koulutus-espoossa-2000-luvulla\/\">2000-luku<\/a><\/div>\r\n<div class=\"btn\"><a class=\"btn-text\" style=\"color: #000;\" href=\"https:\/\/espoonperinneseura.net\/espoo1972\/koulutus-espoossa-2010-luvulla\/\">2010-luku<\/a><\/div>\r\n<div class=\"btn\"><a class=\"btn-text\" style=\"color: #000;\" href=\"https:\/\/espoonperinneseura.net\/espoo1972\/koulutus-espoossa-2020-luvulla\/\">2020-luku<\/a><\/div>\r\n<\/div>\r\n\r\n<h3 style=\"clear: both; padding-top: 25px;\">Espoolainen hallintomies oli tuntikehysj\u00e4rjestelm\u00e4n osaava kehitt\u00e4j\u00e4<\/h3>\r\n<p>Peruskoulu-uudistus oli k\u00e4ynnistetty vuonna 1972. Peruskoulu luotiin, ett\u00e4 jokainen voisi k\u00e4yd\u00e4 samaa koulua. Pehmennykseksi tarvittiin aluksi yl\u00e4kouluun tasokurssit. Niill\u00e4 rauhoitettiin oppikoulun opettajia ja v\u00e4ltettiin alun perin kaavailtu linjajakoisuus.<\/p>\r\n<p>Peruskoulun yl\u00e4asteella oli er\u00e4iss\u00e4 lukuaineissa, kuten matematiikassa ja englannin kieless\u00e4 tasokurssit, joilla oli erilaajuinen oppim\u00e4\u00e4r\u00e4. Alin tasokurssi ei antanut jatko- opintokelpoisuutta lukioon.<\/p>\r\n<p>Jo vuonna 1977 havahduttiin tasokurssien tuomiin ongelmiin: yleiskurssilaiset, nimenomaan pojat, olivat j\u00e4\u00e4m\u00e4ss\u00e4 j\u00e4lkeen muista. Pojat n\u00e4yttiv\u00e4t valitsevan useimmiten alimman tasokurssin, joka johti umpiper\u00e4\u00e4n.<\/p>\r\n<p>Oli ryhdytt\u00e4v\u00e4 etsim\u00e4\u00e4n tasokursseja parempaa vaihtoehtoa. Syntyi ajatus kankean opetusryhm\u00e4s\u00e4\u00e4nn\u00f6st\u00f6n korvaamisesta joustavammalla mallilla.\u00a0<\/p>\r\n<p><strong>Mit\u00e4 tuntikehysj\u00e4rjestelm\u00e4 tarkoitti?<\/strong><\/p>\r\n<p>Viel\u00e4 1980-luvun alussa kunnat saivat korvamerkitty\u00e4 valtionapua perusopetuksen j\u00e4rjest\u00e4miseen. Valtionapu piti k\u00e4ytt\u00e4\u00e4 annettujen s\u00e4\u00e4d\u00f6sten mukaisesti. Niiss\u00e4 oli m\u00e4\u00e4ritelty tarkasti mm. miss\u00e4 oppiaineissa voitiin antaa opetusta pienemmiss\u00e4 ns. jakoryhmiss\u00e4.<\/p>\r\n<p>Resursseja oli annettu luokkaa pienempien ryhmien muodostamiseen matematiikkaan ja vieraaseen kieleen, sittemmin my\u00f6s \u00e4idinkieleen. Kaikkiaan eri ryhm\u00e4variaatioita oli yli 20.<\/p>\r\n<p>Nyt tarkoista ryhm\u00e4kokos\u00e4\u00e4d\u00f6ksist\u00e4 oltiin valmiita luopumaan ja niiden tilalle keksittiin laskennallinen tuntikehys. Koulu sai pit\u00e4\u00e4 tietyn m\u00e4\u00e4r\u00e4n oppitunteja viikossa ja se sai itse p\u00e4\u00e4tt\u00e4\u00e4, miss\u00e4 oppiaineissa tarvitaan pienet ryhm\u00e4t ja miss\u00e4 aineissa ryhm\u00e4kokoa voidaan jopa kasvattaa. Samalla nostettiin yl\u00e4kouluille my\u00f6nnetty\u00e4 tuntiresurssia noin 20 %.<\/p>\r\n<p><strong>Miten tuntikehysj\u00e4rjestelm\u00e4 keksittiin?<\/strong><\/p>\r\n<p>Tuntikehysj\u00e4rjestelm\u00e4n kehitt\u00e4minen alkoi vuonna 1979. Se ei ole suomalainen keksint\u00f6, mutta sill\u00e4 ei ollut mit\u00e4\u00e4n suoraa esikuvaa. Se oli l\u00e4hell\u00e4 muiden pohjoismaiden malleja.<\/p>\r\n<div style=\"margin: auto;\">\r\n<div style=\"float: left;width:250px; margin:0 10px 0px 0;padding-top:5px;\">\r\n<figure id=\"attachment_3431\" aria-describedby=\"caption-attachment-3431\" style=\"width: 244px\" class=\"wp-caption alignleft\"><img loading=\"lazy\" decoding=\"async\" class=\"size-medium wp-image-3431\" style=\"margin:0px;\" src=\"https:\/\/espoonperinneseura.net\/espoo1972\/wp-content\/uploads\/2022\/07\/Pekka-Silventoinen-244x300.jpg\" alt=\"\" width=\"244\" height=\"300\" srcset=\"https:\/\/espoonperinneseura.net\/espoo1972\/wp-content\/uploads\/2022\/07\/Pekka-Silventoinen-244x300.jpg 244w, https:\/\/espoonperinneseura.net\/espoo1972\/wp-content\/uploads\/2022\/07\/Pekka-Silventoinen.jpg 570w\" sizes=\"auto, (max-width: 244px) 100vw, 244px\" \/><figcaption id=\"caption-attachment-3431\" class=\"wp-caption-text\">Pekka Silventoinen<\/figcaption><\/figure>\r\n<\/div>\r\n<p style=\"margin-top:0px;\"><span style=\"white-space: nowrap;\">Tuntikehysj\u00e4rjestelm\u00e4n<\/span> kehitt\u00e4j\u00e4n\u00e4 kunnostautui erityisesti Espoossa, Tapiolassa asunut kouluhallituksen koulutoimiston p\u00e4\u00e4llikk\u00f6 Pekka Silventoinen. Silventoista on kuvattu kouluhallituksen virkamieheksi, joka tiesi k\u00e4yt\u00e4nn\u00f6n asiat ja osasi antaa parhaat neuvot peruskoulun k\u00e4yt\u00e4nn\u00f6n j\u00e4rjestelyihin. Uransa my\u00f6hemmiss\u00e4 vaiheissa h\u00e4n toimi Uudenmaan l\u00e4\u00e4ninhallituksen kouluosaston p\u00e4\u00e4llikk\u00f6n\u00e4, l\u00e4\u00e4ninkouluneuvoksena ja viimein Uudenmaan l\u00e4\u00e4nin maaherrana.<\/p>\r\n<p>Silventoisen johdolla asetettiin opetusministeri\u00f6\u00f6n ty\u00f6ryhm\u00e4 pohtimaan tasokurssien poistamista ja sit\u00e4 porkkanaa, mik\u00e4 tulisi tarjota opettajille vastapainoksi tasokurssien poistamiselle. Porkkanaksi tuli lis\u00e4resurssi ja vapaus. Ryhm\u00e4 p\u00e4\u00e4tyi laskemaan Norjassa jo 1970-luvulla noudatetun vastaavan mallin pohjalta erilaisia resurssimalleja, joita sitten kokeiltiin muutaman vuoden ajan yl\u00e4asteilla. Pian kokeilu laajeni ala-asteille ja my\u00f6s lukioon.<\/p>\r\n<p>Kokeilun tulokset olivat innostavia. Ryhmitysperiaatteita uusittiin. Ryhmi\u00e4 ei saanut en\u00e4\u00e4 muodostaa koulumenetyksen perusteella. Vuonna 1985 julkaistiin perusopetuksen uudet opetussuunnitelman perusteet. Peruskouluista tuli \u201dtuntikehyskouluja\u201d, jossa yksitt\u00e4isell\u00e4 kunnalla ja koululla oli enemm\u00e4n valtaa, ja jossa tasokurssit korvattiin opetuksellisella eriytt\u00e4misell\u00e4 ja joustavilla ryhmittelyratkaisuilla. Rehtorin ty\u00f6p\u00f6yd\u00e4ll\u00e4 tehtiin nyt p\u00e4\u00e4t\u00f6ksi\u00e4, joihin oli aikaisemmin tarvittu tasavallan presidentin allekirjoitus.<\/p>\r\n<p>Tuntikehysj\u00e4rjestelm\u00e4st\u00e4 luovuttiin keskeisilt\u00e4 osin vuonna 1993 valtionosuusuudistuksen yhteydess\u00e4, jolloin mm. talouslaman vuoksi poistettiin kunnille my\u00f6nnetyn resurssin k\u00e4ytt\u00f6tarkoitussidonnaisuus.<\/p>\r\n<\/div>","protected":false},"excerpt":{"rendered":"<p>Koulutuksen kehittyminen Espoossa\u00a0\u00a0\u00a0\u00a0\u00a0\u00a0\u00a0\u00a0Kansisivulle 1970-luku 1980-luku 1990-luku 2000-luku 2010-luku 2020-luku Espoolainen hallintomies oli tuntikehysj\u00e4rjestelm\u00e4n osaava kehitt\u00e4j\u00e4 Peruskoulu-uudistus oli k\u00e4ynnistetty vuonna 1972. Peruskoulu luotiin, ett\u00e4 jokainen voisi k\u00e4yd\u00e4 samaa koulua. Pehmennykseksi tarvittiin aluksi yl\u00e4kouluun tasokurssit. Niill\u00e4 rauhoitettiin oppikoulun opettajia ja v\u00e4ltettiin alun perin kaavailtu linjajakoisuus. Peruskoulun yl\u00e4asteella oli er\u00e4iss\u00e4 lukuaineissa, kuten matematiikassa ja englannin kieless\u00e4 tasokurssit, joilla&hellip; <a class=\"more-link\" href=\"https:\/\/espoonperinneseura.net\/espoo1972\/koulutus-espoossa-1980-luvulla\/tuntikehysjarjestelma\/\">Jatka lukemista <span class=\"screen-reader-text\">Espoolainen hallintomies oli tuntikehysj\u00e4rjestelm\u00e4n osaava kehitt\u00e4j\u00e4<\/span><\/a><\/p>\n","protected":false},"author":1,"featured_media":0,"parent":3168,"menu_order":11,"comment_status":"closed","ping_status":"closed","template":"","meta":{"_eb_attr":"","_exactmetrics_skip_tracking":false,"_exactmetrics_sitenote_active":false,"_exactmetrics_sitenote_note":"","_exactmetrics_sitenote_category":0,"footnotes":""},"class_list":["post-3342","page","type-page","status-publish","hentry","entry"],"_links":{"self":[{"href":"https:\/\/espoonperinneseura.net\/espoo1972\/wp-json\/wp\/v2\/pages\/3342","targetHints":{"allow":["GET"]}}],"collection":[{"href":"https:\/\/espoonperinneseura.net\/espoo1972\/wp-json\/wp\/v2\/pages"}],"about":[{"href":"https:\/\/espoonperinneseura.net\/espoo1972\/wp-json\/wp\/v2\/types\/page"}],"author":[{"embeddable":true,"href":"https:\/\/espoonperinneseura.net\/espoo1972\/wp-json\/wp\/v2\/users\/1"}],"replies":[{"embeddable":true,"href":"https:\/\/espoonperinneseura.net\/espoo1972\/wp-json\/wp\/v2\/comments?post=3342"}],"version-history":[{"count":22,"href":"https:\/\/espoonperinneseura.net\/espoo1972\/wp-json\/wp\/v2\/pages\/3342\/revisions"}],"predecessor-version":[{"id":3451,"href":"https:\/\/espoonperinneseura.net\/espoo1972\/wp-json\/wp\/v2\/pages\/3342\/revisions\/3451"}],"up":[{"embeddable":true,"href":"https:\/\/espoonperinneseura.net\/espoo1972\/wp-json\/wp\/v2\/pages\/3168"}],"wp:attachment":[{"href":"https:\/\/espoonperinneseura.net\/espoo1972\/wp-json\/wp\/v2\/media?parent=3342"}],"curies":[{"name":"wp","href":"https:\/\/api.w.org\/{rel}","templated":true}]}}