{"id":3345,"date":"2022-07-16T17:02:53","date_gmt":"2022-07-16T14:02:53","guid":{"rendered":"https:\/\/espoonperinneseura.net\/espoo1972\/?page_id=3345"},"modified":"2022-08-05T08:15:51","modified_gmt":"2022-08-05T05:15:51","slug":"wilma","status":"publish","type":"page","link":"https:\/\/espoonperinneseura.net\/espoo1972\/koulutus-espoossa-2000-luvulla\/wilma\/","title":{"rendered":"Wilma &#8211; 2000-luvun reissuvihko"},"content":{"rendered":"<!-- Added by Post\/Page Specific Custom Code plugin, thank you for using! -->\n<style>.entry-title,  .entry-header {\r\n\tdisplay: none;\r\n}<\/style>\n<h5>Koulutuksen kehittyminen Espoossa\u00a0\u00a0\u00a0\u00a0\u00a0\u00a0\u00a0\u00a0<a href=\"https:\/\/espoonperinneseura.net\/espoo1972\/koulutus-espoossa-1970-2020\/\">Kansisivulle<\/a><\/h5>\r\n\r\n<div style=\"margin: auto;\">\r\n<div class=\"btn\"><a class=\"btn-text\" style=\"color: #000;\" href=\"https:\/\/espoonperinneseura.net\/espoo1972\/koulutus-espoossa-1970-luvulla\/\">1970-luku<\/a><\/div>\r\n<div class=\"btn\"><a class=\"btn-text\" style=\"color: #000;\" href=\"https:\/\/espoonperinneseura.net\/espoo1972\/koulutus-espoossa-1980-luvulla\/\">1980-luku<\/a><\/div>\r\n<div class=\"btn\"><a class=\"btn-text\" style=\"color: #000;\" href=\"https:\/\/espoonperinneseura.net\/espoo1972\/koulutus-espoossa-1990-luvulla\/\">1990-luku<\/a><\/div>\r\n<div class=\"btn\"><a class=\"btn-text\" style=\"color: #fff;\" href=\"https:\/\/espoonperinneseura.net\/espoo1972\/koulutus-espoossa-2000-luvulla\/\">2000-luku<\/a><\/div>\r\n<div class=\"btn\"><a class=\"btn-text\" style=\"color: #000;\" href=\"https:\/\/espoonperinneseura.net\/espoo1972\/koulutus-espoossa-2010-luvulla\/\">2010-luku<\/a><\/div>\r\n<div class=\"btn\"><a class=\"btn-text\" style=\"color: #000;\" href=\"https:\/\/espoonperinneseura.net\/espoo1972\/koulutus-espoossa-2020-luvulla\/\">2020-luku<\/a><\/div>\r\n<\/div>\r\n\r\n<h3 style=\"clear: both; padding-top: 25px;\">Wilma &#8211; 2000-luvun reissuvihko<\/h3>\r\n<p><img loading=\"lazy\" decoding=\"async\" class=\"alignnone size-large wp-image-3876\" src=\"https:\/\/espoonperinneseura.net\/espoo1972\/wp-content\/uploads\/2022\/08\/Wilma-1024x780.png\" alt=\"\" width=\"750\" height=\"571\" srcset=\"https:\/\/espoonperinneseura.net\/espoo1972\/wp-content\/uploads\/2022\/08\/Wilma-1024x780.png 1024w, https:\/\/espoonperinneseura.net\/espoo1972\/wp-content\/uploads\/2022\/08\/Wilma-300x229.png 300w, https:\/\/espoonperinneseura.net\/espoo1972\/wp-content\/uploads\/2022\/08\/Wilma-768x585.png 768w, https:\/\/espoonperinneseura.net\/espoo1972\/wp-content\/uploads\/2022\/08\/Wilma-1536x1170.png 1536w, https:\/\/espoonperinneseura.net\/espoo1972\/wp-content\/uploads\/2022\/08\/Wilma.png 1538w\" sizes=\"auto, (max-width: 750px) 100vw, 750px\" \/><\/p>\r\n<p>Monessa alakoulussa oli vuosikymmeni\u00e4 k\u00e4yt\u00f6ss\u00e4 repussa kannettu reissuvihko, jonka avulla koulu ja koti pitiv\u00e4t yhteytt\u00e4. Vuosituhannen vaihde mullisti koulun ja kodin yhteisty\u00f6t\u00e4, kun Wilma-verkkopalvelu otettiin k\u00e4ytt\u00f6\u00f6n.<\/p>\r\n<p>Sen avulla koulu saattoi helposti tiedottaa koteihin yleisi\u00e4 asioita mutta my\u00f6s viesti\u00e4 oppilaan poissaoloista ja muista ongelmista. Vanhemmat saattoivat my\u00f6s l\u00e4hett\u00e4\u00e4 opettajalle s\u00e4hk\u00f6isi\u00e4 viestej\u00e4. Jos heill\u00e4 oli tietokone. Melkein kaikilla oli<\/p>\r\n<p>Todistuksetkin oli aikaisemmin kirjoitettu k\u00e4sin. Nyt opettaja pystyi sy\u00f6tt\u00e4m\u00e4\u00e4n Wilman kautta arvosanat ja rastit oppilaittensa todistuksiin vaikka kotoaan netin avulla. Koulusihteeri sitten tulosti kansliassa todistuslomakkeet.<\/p>\r\n<p>Espoo oli ensimm\u00e4isten joukossa ottamassa Wilmaa k\u00e4ytt\u00f6\u00f6n. Vuonna 2006 vapaaehtoiiset koulut kokeilivat, kuinka oppilaiden poissaolojen seutanta onnistuu sen avulla. Kokeilu onnistui, ja j\u00e4rjestelm\u00e4 otettiin k\u00e4ytt\u00f6\u00f6n.<\/p>\r\n<p>Vuosien varrella Wilmaa on jatkuvasti kehitetty monopuolisemmaksi. Jo muutaman vuoden ajan vanhemmat ovat voineet lukea sielt\u00e4, mit\u00e4 oma lapsi koulussa tekee, ja millaisia h\u00e4nen arvosanansa ovat. Sielt\u00e4 voi katsella lukuj\u00e4rjestyst\u00e4. Sen avulla ilmoittaudutaan eka-ja seiskaluokille. Siell\u00e4 vastataan palautekyselyihin. Wilma siirsi kolmiportaisen tuen tietoja n\u00e4pp\u00e4r\u00e4sti asiakirjasta toiseen, mik\u00e4 helpotti opettajan ty\u00f6t\u00e4. Aivan upeaa apua Wilma toi korona-pandemian et\u00e4opetusjakson aikana,<\/p>\r\n<p>Mutta my\u00f6s ongelmiin on kompastuttu. Vanhempien mielest\u00e4 opettajat k\u00e4ytt\u00e4v\u00e4t Wilmaa eri tavoin \u2013 yleens\u00e4 joko liikaa tai liian v\u00e4h\u00e4n. Joillekin se on kuulema kantelukone ja lasten rikostekisteti. Jollekin oksennusastia: Jotkut opettajat kertova sen kautta vain ik\u00e4vist\u00e4 asioista. Jollekin opettajille kantelukone. Osa opettajista pit\u00e4\u00f6 Wilmaa aikarosvona.<\/p>\r\n<p>Kaikkia koteja ei ole saatu mukaan k\u00e4ytt\u00e4m\u00e4\u00e4n Wilmaa. Kaikki vanhemmat eiv\u00e4t ymm\u00e4rr\u00e4 suomea. Wilman kautta on my\u00f6s l\u00e4hetetty solvaavia viestej\u00e4 opettajille jopa uhkauksia. Wilma ei ole oikea paikka hoitaa lapsen ongelmia. Kun vanhempien ja opettajien v\u00e4liseen viestint\u00e4\u00e4n on tullut v\u00e4liin kone v\u00e4liin ja puhutaan ik\u00e4\u00e4nkuin oppilaan yli, vuorovaikutus helposti v\u00e4\u00e4ristyy kumpaankin suuntaan.<\/p>\r\n<p>Viestipalvelu Wilmasta ollaan nyt luopumassa Espoossa. Ensi lukuvuonna hankekunnat, joihin Espoo kuuluu, pilotoivat uutta oppimisen palvelualustaa DigiOnea omissa pilottikouluissaan. Siihen kootaan yhteenpaikkaan kodin ja koulun v\u00e4linen kaikki viestint\u00e4 ja asiointi, mutta my\u00f6s hallinnon eri ohjelmia, palveluita ja oppimismateriaaleja. Tavoitteena on my\u00f6s v\u00e4hent\u00e4\u00e4 salasanojen ja kirjautumisten m\u00e4\u00e4r\u00e4\u00e4.-<\/p>\r\n<p>&nbsp;<\/p>\r\n","protected":false},"excerpt":{"rendered":"<p>Koulutuksen kehittyminen Espoossa\u00a0\u00a0\u00a0\u00a0\u00a0\u00a0\u00a0\u00a0Kansisivulle 1970-luku 1980-luku 1990-luku 2000-luku 2010-luku 2020-luku Wilma &#8211; 2000-luvun reissuvihko Monessa alakoulussa oli vuosikymmeni\u00e4 k\u00e4yt\u00f6ss\u00e4 repussa kannettu reissuvihko, jonka avulla koulu ja koti pitiv\u00e4t yhteytt\u00e4. Vuosituhannen vaihde mullisti koulun ja kodin yhteisty\u00f6t\u00e4, kun Wilma-verkkopalvelu otettiin k\u00e4ytt\u00f6\u00f6n. Sen avulla koulu saattoi helposti tiedottaa koteihin yleisi\u00e4 asioita mutta my\u00f6s viesti\u00e4 oppilaan poissaoloista ja muista&hellip; <a class=\"more-link\" href=\"https:\/\/espoonperinneseura.net\/espoo1972\/koulutus-espoossa-2000-luvulla\/wilma\/\">Jatka lukemista <span class=\"screen-reader-text\">Wilma &#8211; 2000-luvun reissuvihko<\/span><\/a><\/p>\n","protected":false},"author":1,"featured_media":0,"parent":3170,"menu_order":13,"comment_status":"closed","ping_status":"closed","template":"","meta":{"_eb_attr":"","_exactmetrics_skip_tracking":false,"_exactmetrics_sitenote_active":false,"_exactmetrics_sitenote_note":"","_exactmetrics_sitenote_category":0,"footnotes":""},"class_list":["post-3345","page","type-page","status-publish","hentry","entry"],"_links":{"self":[{"href":"https:\/\/espoonperinneseura.net\/espoo1972\/wp-json\/wp\/v2\/pages\/3345","targetHints":{"allow":["GET"]}}],"collection":[{"href":"https:\/\/espoonperinneseura.net\/espoo1972\/wp-json\/wp\/v2\/pages"}],"about":[{"href":"https:\/\/espoonperinneseura.net\/espoo1972\/wp-json\/wp\/v2\/types\/page"}],"author":[{"embeddable":true,"href":"https:\/\/espoonperinneseura.net\/espoo1972\/wp-json\/wp\/v2\/users\/1"}],"replies":[{"embeddable":true,"href":"https:\/\/espoonperinneseura.net\/espoo1972\/wp-json\/wp\/v2\/comments?post=3345"}],"version-history":[{"count":2,"href":"https:\/\/espoonperinneseura.net\/espoo1972\/wp-json\/wp\/v2\/pages\/3345\/revisions"}],"predecessor-version":[{"id":3877,"href":"https:\/\/espoonperinneseura.net\/espoo1972\/wp-json\/wp\/v2\/pages\/3345\/revisions\/3877"}],"up":[{"embeddable":true,"href":"https:\/\/espoonperinneseura.net\/espoo1972\/wp-json\/wp\/v2\/pages\/3170"}],"wp:attachment":[{"href":"https:\/\/espoonperinneseura.net\/espoo1972\/wp-json\/wp\/v2\/media?parent=3345"}],"curies":[{"name":"wp","href":"https:\/\/api.w.org\/{rel}","templated":true}]}}