{"id":3406,"date":"2022-07-24T05:13:50","date_gmt":"2022-07-24T02:13:50","guid":{"rendered":"https:\/\/espoonperinneseura.net\/espoo1972\/?page_id=3406"},"modified":"2022-07-25T06:41:19","modified_gmt":"2022-07-25T03:41:19","slug":"hakalehdon-koulusota","status":"publish","type":"page","link":"https:\/\/espoonperinneseura.net\/espoo1972\/koulutus-espoossa-1970-luvulla\/hakalehdon-koulusota\/","title":{"rendered":"Hakalehdon koulusota"},"content":{"rendered":"<!-- Added by Post\/Page Specific Custom Code plugin, thank you for using! -->\n<style>.entry-title,  .entry-header {\r\n\tdisplay: none;\r\n}<\/style>\n<h5>Koulutuksen kehittyminen Espoossa\u00a0\u00a0\u00a0\u00a0\u00a0\u00a0\u00a0\u00a0<a href=\"https:\/\/espoonperinneseura.net\/espoo1972\/koulutus-espoossa-1970-2020\/\">Kansisivulle<\/a><\/h5>\r\n\r\n<div style=\"margin: auto;\">\r\n<div class=\"btn\"><a class=\"btn-text\" style=\"color: #fff;\" href=\"https:\/\/espoonperinneseura.net\/espoo1972\/koulutus-espoossa-1970-luvulla\/\">1970-luku<\/a><\/div>\r\n<div class=\"btn\"><a class=\"btn-text\" style=\"color: #000;\" href=\"https:\/\/espoonperinneseura.net\/espoo1972\/koulutus-espoossa-1980-luvulla\/\">1980-luku<\/a><\/div>\r\n<div class=\"btn\"><a class=\"btn-text\" style=\"color: #000;\" href=\"https:\/\/espoonperinneseura.net\/espoo1972\/koulutus-espoossa-1990-luvulla\/\">1990-luku<\/a><\/div>\r\n<div class=\"btn\"><a class=\"btn-text\" style=\"color: #000;\" href=\"https:\/\/espoonperinneseura.net\/espoo1972\/koulutus-espoossa-2000-luvulla\/\">2000-luku<\/a><\/div>\r\n<div class=\"btn\"><a class=\"btn-text\" style=\"color: #000;\" href=\"https:\/\/espoonperinneseura.net\/espoo1972\/koulutus-espoossa-2010-luvulla\/\">2010-luku<\/a><\/div>\r\n<div class=\"btn\"><a class=\"btn-text\" style=\"color: #000;\" href=\"https:\/\/espoonperinneseura.net\/espoo1972\/koulutus-espoossa-2020-luvulla\/\">2020-luku<\/a><\/div>\r\n<\/div>\r\n\r\n<h3 style=\"clear: both; padding-top: 25px;\">Hakalehdon koulusota<\/h3>\r\n<p>Kun p\u00e4\u00e4t\u00f6s peruskouluun siirtymisest\u00e4 ja aikataulusta oli tehty, Espoossa aloitettiin neuvottelut yksityisoppikoulujen siirt\u00e4misest\u00e4 kaupungin haltuun. Ensimm\u00e4isen\u00e4 Espoon kaupungille siirtyi Lepp\u00e4vaaran yhteiskoulu vuonna 1972. Muiden kanssa neuvottelut venyiv\u00e4t. Useimmat oppikouluista siirtyiv\u00e4t kaupungille vasta 1977.<\/p>\r\n<div style=\"margin: auto;\">\r\n<div style=\"float: left; width: 310px; margin: 0 10px 0px 0; padding-top: 5px;\">\r\n<figure id=\"attachment_3511\" aria-describedby=\"caption-attachment-3511\" style=\"width: 300px\" class=\"wp-caption alignleft\"><img loading=\"lazy\" decoding=\"async\" class=\"wp-image-3511 size-medium\" src=\"https:\/\/espoonperinneseura.net\/espoo1972\/wp-content\/uploads\/2022\/07\/Hakalehto-300x190.jpeg\" alt=\"\" width=\"300\" height=\"190\" srcset=\"https:\/\/espoonperinneseura.net\/espoo1972\/wp-content\/uploads\/2022\/07\/Hakalehto-300x190.jpeg 300w, https:\/\/espoonperinneseura.net\/espoo1972\/wp-content\/uploads\/2022\/07\/Hakalehto.jpeg 500w\" sizes=\"auto, (max-width: 300px) 100vw, 300px\" \/><figcaption id=\"caption-attachment-3511\" class=\"wp-caption-text\">Hakalehdon yhteiskoulu<\/figcaption><\/figure>\r\n<\/div>\r\n<p style=\"margin-top: 0px;\"><span style=\"white-space: nowrap;\">Vaikeimmat neuvottelut<\/span> k\u00e4ytiin Hakalehdon yhteiskoulun kanssa. Hakalehdon yhteiskoulu oli aloittanut toimintansa Westendin tennisopistossa vuonna 1963. Sielt\u00e4 se siirtyi syksyll\u00e4 1965 uuteen koulurakennukseen Tapiolan Hakalehtoon.<\/p>\r\n<p>Neuvottelut k\u00e4ynnistyiv\u00e4t vuonna 1972 my\u00f6nteisesti. Mutta sitten alkoi taistelu kunnallistamisen kannattajien ja korvaavan koulun sopimusta kannattaneiden v\u00e4lill\u00e4. Koulun omistanut Hakalehdon yhteiskoulun kannatusyhdistys ei ollut halukas luovuttamaan koulua kunnalle.<\/p>\r\n<p>Espoon kaupunginvaltuusto hyv\u00e4ksyi Espoon koulusuunnitelman vuonna 1976. Siin\u00e4 tarjottiin Hakalehdolle kaksi vaihtoehtoa: Joko koulu liitet\u00e4\u00e4n kunnan koululaitokseen tai se j\u00e4\u00e4 kunnan kouluj\u00e4rjestelm\u00e4n ulkopuolelle. Espoo ei halunnut kaupunkiin korvaavia kouluja, toisin kuin esimerkiksi Helsinki.<\/p>\r\n<p>Hakalehdon koulun opettajat kannattivat liittymist\u00e4 kunnan koululaitokseen. OAJ ryhtyi tukemaan opettajia ja julisti vuoden 1976 alussa Hakalehdon ja kahden muun espoolaisen kiistakoulun avoimet opettajan virat ja sijaisuudet hakukieltoon ja -saartoon. Kun se ei viel\u00e4 auttanut, Hakalehdon ja Viherkallion opettajat aloittivat maaliskuussa lakon. Se kesti kaksi viikkoa.<\/p>\r\n<p>Kes\u00e4kuussa Hakalehdon oppikoulun kannatusyhdistyksen kokouksessa hyv\u00e4ksyttiin oppikoulun luovutus ja haltuunottosopimus \u00e4\u00e4nin 215-166. S\u00e4\u00e4nn\u00f6t edellyttiv\u00e4t kuitenkin 3\/4:n enemmist\u00f6\u00e4.<\/p>\r\n<p>Syyskuun alussa 1976 Hakalehdon ja Viherkallion opettajat meniv\u00e4t laittomaan lakkoon. Poliisia tarvittiin pit\u00e4m\u00e4\u00e4n yll\u00e4 j\u00e4rjestyst\u00e4 lakon aikana. Lakko kesti Hakalehdon osalta viisi viikkoa. Viherkallion osalta lakko loppui hieman aiemmin. Merkitt\u00e4v\u00e4 osa opettajista erosi.<\/p>\r\n<p>Lakon aluksi koulujen oppilaille j\u00e4rjestettiin opetusta tukiopetuksena. Sitten Espoo j\u00e4rjesti Hakalehdon koulusta eronneille opettajille uudet ty\u00f6tilat Tapiolan yhteiskoulun yhteyteen &#8221;Hakan-Olarin&#8221; koulun nimell\u00e4. Noin 580 oppilasta seurasi opettajia. Rinnakkaisluokat sijoitettiin kahden l\u00e4hell\u00e4 sijaitsevan kansakoulun tiloihin, ja opettajat kiersiv\u00e4t. Evakkoaikaa kesti vuodenvaihteeseen 1978-79.<\/p>\r\n<p>Hakalehdon kannatusyhdistys haastoi entiset lakossa olleet opettajansa joulukuussa 1976 oikeuteen syytettyin\u00e4 koulun taloudellisista menetyksist\u00e4. Kanne kaatui kihlakunnanoikeudessa ja hovioikeudessa.<\/p>\r\n<p>Hakalehto pyrki viel\u00e4 vastaavaksi kouluksi, kielikouluksi. Lupaa kielikouluun ei kuitenkaan my\u00f6nnetty.<\/p>\r\n<p>Vuoden 1976 lopulla opetusministeri\u00f6 lakkautti Hakalehdon yhteiskoulun valtionavun lukion osalta. Oppilasm\u00e4\u00e4r\u00e4 oli liian v\u00e4h\u00e4inen, kouluun oli j\u00e4\u00e4nyt vain 74 oppilasta.<\/p>\r\n<p>Koulun toiminta yksityisen\u00e4 oppikouluna p\u00e4\u00e4ttyi kev\u00e4tlukukauteen 1977.<\/p>\r\n<p>Espoon kaupunginvaltuusto hyv\u00e4ksyi vuonna 1978 sopimuksen, jonka mukaan se vuokrasi Hakalehdon koulurakennuksen kaupungille varsin raskain vuokraehdoin. Kev\u00e4tlukukauden alussa vuonna 1979 kouluty\u00f6 k\u00e4ynnistyi siell\u00e4 Etel\u00e4-Tapiolan yl\u00e4asteena ja lukiona. Opettajat palasivat evakosta. Koulun toiminta jatkuu nyky\u00e4\u00e4n Etel\u00e4-Tapiolan lukiona.<\/p>\r\n<\/div>","protected":false},"excerpt":{"rendered":"<p>Koulutuksen kehittyminen Espoossa\u00a0\u00a0\u00a0\u00a0\u00a0\u00a0\u00a0\u00a0Kansisivulle 1970-luku 1980-luku 1990-luku 2000-luku 2010-luku 2020-luku Hakalehdon koulusota Kun p\u00e4\u00e4t\u00f6s peruskouluun siirtymisest\u00e4 ja aikataulusta oli tehty, Espoossa aloitettiin neuvottelut yksityisoppikoulujen siirt\u00e4misest\u00e4 kaupungin haltuun. Ensimm\u00e4isen\u00e4 Espoon kaupungille siirtyi Lepp\u00e4vaaran yhteiskoulu vuonna 1972. Muiden kanssa neuvottelut venyiv\u00e4t. Useimmat oppikouluista siirtyiv\u00e4t kaupungille vasta 1977. Vaikeimmat neuvottelut k\u00e4ytiin Hakalehdon yhteiskoulun kanssa. Hakalehdon yhteiskoulu oli aloittanut toimintansa&hellip; <a class=\"more-link\" href=\"https:\/\/espoonperinneseura.net\/espoo1972\/koulutus-espoossa-1970-luvulla\/hakalehdon-koulusota\/\">Jatka lukemista <span class=\"screen-reader-text\">Hakalehdon koulusota<\/span><\/a><\/p>\n","protected":false},"author":1,"featured_media":0,"parent":3117,"menu_order":29,"comment_status":"closed","ping_status":"closed","template":"","meta":{"_eb_attr":"","_exactmetrics_skip_tracking":false,"_exactmetrics_sitenote_active":false,"_exactmetrics_sitenote_note":"","_exactmetrics_sitenote_category":0,"footnotes":""},"class_list":["post-3406","page","type-page","status-publish","hentry","entry"],"_links":{"self":[{"href":"https:\/\/espoonperinneseura.net\/espoo1972\/wp-json\/wp\/v2\/pages\/3406","targetHints":{"allow":["GET"]}}],"collection":[{"href":"https:\/\/espoonperinneseura.net\/espoo1972\/wp-json\/wp\/v2\/pages"}],"about":[{"href":"https:\/\/espoonperinneseura.net\/espoo1972\/wp-json\/wp\/v2\/types\/page"}],"author":[{"embeddable":true,"href":"https:\/\/espoonperinneseura.net\/espoo1972\/wp-json\/wp\/v2\/users\/1"}],"replies":[{"embeddable":true,"href":"https:\/\/espoonperinneseura.net\/espoo1972\/wp-json\/wp\/v2\/comments?post=3406"}],"version-history":[{"count":4,"href":"https:\/\/espoonperinneseura.net\/espoo1972\/wp-json\/wp\/v2\/pages\/3406\/revisions"}],"predecessor-version":[{"id":3513,"href":"https:\/\/espoonperinneseura.net\/espoo1972\/wp-json\/wp\/v2\/pages\/3406\/revisions\/3513"}],"up":[{"embeddable":true,"href":"https:\/\/espoonperinneseura.net\/espoo1972\/wp-json\/wp\/v2\/pages\/3117"}],"wp:attachment":[{"href":"https:\/\/espoonperinneseura.net\/espoo1972\/wp-json\/wp\/v2\/media?parent=3406"}],"curies":[{"name":"wp","href":"https:\/\/api.w.org\/{rel}","templated":true}]}}