{"id":3408,"date":"2022-07-24T05:20:30","date_gmt":"2022-07-24T02:20:30","guid":{"rendered":"https:\/\/espoonperinneseura.net\/espoo1972\/?page_id=3408"},"modified":"2022-08-05T07:56:35","modified_gmt":"2022-08-05T04:56:35","slug":"koulut-kuntoon","status":"publish","type":"page","link":"https:\/\/espoonperinneseura.net\/espoo1972\/koulutus-espoossa-2010-luvulla\/koulut-kuntoon\/","title":{"rendered":"Koulut kuntoon"},"content":{"rendered":"<!-- Added by Post\/Page Specific Custom Code plugin, thank you for using! -->\n<style>.entry-title,  .entry-header {\r\n\tdisplay: none;\r\n}<\/style>\n<h5>Koulutuksen kehittyminen Espoossa\u00a0\u00a0\u00a0\u00a0\u00a0\u00a0\u00a0\u00a0<a href=\"https:\/\/espoonperinneseura.net\/espoo1972\/koulutus-espoossa-1970-2020\/\">Kansisivulle<\/a><\/h5>\r\n\r\n<div style=\"margin: auto;\">\r\n<div class=\"btn\"><a class=\"btn-text\" style=\"color: #000;\" href=\"https:\/\/espoonperinneseura.net\/espoo1972\/koulutus-espoossa-1970-luvulla\/\">1970-luku<\/a><\/div>\r\n<div class=\"btn\"><a class=\"btn-text\" style=\"color: #000;\" href=\"https:\/\/espoonperinneseura.net\/espoo1972\/koulutus-espoossa-1980-luvulla\/\">1980-luku<\/a><\/div>\r\n<div class=\"btn\"><a class=\"btn-text\" style=\"color: #000;\" href=\"https:\/\/espoonperinneseura.net\/espoo1972\/koulutus-espoossa-1990-luvulla\/\">1990-luku<\/a><\/div>\r\n<div class=\"btn\"><a class=\"btn-text\" style=\"color: #000;\" href=\"https:\/\/espoonperinneseura.net\/espoo1972\/koulutus-espoossa-2000-luvulla\/\">2000-luku<\/a><\/div>\r\n<div class=\"btn\"><a class=\"btn-text\" style=\"color: #fff;\" href=\"https:\/\/espoonperinneseura.net\/espoo1972\/koulutus-espoossa-2010-luvulla\/\">2010-luku<\/a><\/div>\r\n<div class=\"btn\"><a class=\"btn-text\" style=\"color: #000;\" href=\"https:\/\/espoonperinneseura.net\/espoo1972\/koulutus-espoossa-2020-luvulla\/\">2020-luku<\/a><\/div>\r\n<\/div>\r\n\r\n\r\n\r\n<h3 style=\"clear: both; padding-top: 25px;\">Koulut kuntoon 1,1 miljardin euron panostuksella<\/h3>\r\n<p>Espoossa syntyi 1990-luvun lamasta mittava koulurakennusten korjausvelka. Vuonna 2017 Espoossa oli korjausseurannassa jo 39 koulua ja p\u00e4iv\u00e4kotia. Monissa niist\u00e4 oli sis\u00e4ilmaongelmia. Korjausvelka oli saatava kuriin.<\/p>\r\n<p><img loading=\"lazy\" decoding=\"async\" class=\"alignnone size-large wp-image-3859\" src=\"https:\/\/espoonperinneseura.net\/espoo1972\/wp-content\/uploads\/2022\/08\/Koulutkuntoon-1021x1024.png\" alt=\"\" width=\"750\" height=\"752\" srcset=\"https:\/\/espoonperinneseura.net\/espoo1972\/wp-content\/uploads\/2022\/08\/Koulutkuntoon-1021x1024.png 1021w, https:\/\/espoonperinneseura.net\/espoo1972\/wp-content\/uploads\/2022\/08\/Koulutkuntoon-300x300.png 300w, https:\/\/espoonperinneseura.net\/espoo1972\/wp-content\/uploads\/2022\/08\/Koulutkuntoon-150x150.png 150w, https:\/\/espoonperinneseura.net\/espoo1972\/wp-content\/uploads\/2022\/08\/Koulutkuntoon-768x770.png 768w, https:\/\/espoonperinneseura.net\/espoo1972\/wp-content\/uploads\/2022\/08\/Koulutkuntoon.png 1312w\" sizes=\"auto, (max-width: 750px) 100vw, 750px\" \/><\/p>\r\n<p>Kaikilla oppilailla, opiskelijoilla ja henkil\u00f6kunnalla on oikeus turvallisiin, terveellisiin ja viihtyisiin tiloihin. Espoo oli konserneineen kuitenkin Suomen velkaisin kaupunki. Investoinneille oli asetettava katto. Oli l\u00f6ydett\u00e4v\u00e4 keinoja laskea kustannuksia. <br \/>Yksi keino uudisrakentamisen osalta olivat tyyppikoulut ja -p\u00e4iv\u00e4kodit.<\/p>\r\n<p>Vuoden 2018 budjettineuvotteluissa sovittiin, ett\u00e4 Espoo k\u00e4ynnist\u00e4\u00e4 Koulut kuntoon -hankkeen. Hanke oli valtuustokauden 2017-2021 k\u00e4rkitavoite. Tavoitteena oli, ett\u00e4 vuonna 2021 Espoon kaikkien koulujen ja p\u00e4iv\u00e4kotien tilat ovat terveet ja toimivat. Kaupunki ja sen omistamat kiinteist\u00f6yhti\u00f6t rakentaisivat ja korjaisivat 12 vuoden aikana koulu- ja p\u00e4iv\u00e4kotitiloja yhteens\u00e4 yli 1,1 miljardilla eurolla, investointeina seka\u0308 vuokra-, leasing- ja projektiyhtio\u0308mallilla.<\/p>\r\n<p>Espoo oli jo vuonna 2003 edell\u00e4k\u00e4vij\u00e4n\u00e4 rakennuttanut elinkaarimallilla Kaivomestarin kiinteist\u00f6n mm. Kuninkaantien lukion k\u00e4ytt\u00f6\u00f6n. Espoo hankki kouluja ja p\u00e4iv\u00e4koteja kokonaispalveluna, joihin kuului tilojen kunnossapito. Yksityinen projektiyhti\u00f6 vastaa palveluntuottajana kohteiden toteuttamisesta ja yll\u00e4pidosta, jolloin kaupungin resursseja vapautuu yksitt\u00e4isten kohteiden suunnittelusta muuhun toimintaan. Malli her\u00e4tti kansainv\u00e4list\u00e4kin kiinnostusta.<\/p>\r\n<p>Nyt malli otettiin k\u00e4ytt\u00f6\u00f6n my\u00f6s koulujen peruskorjaamiseen. N\u00e4in vanhat koulurakennukset saatiin vastaamaan nykyvaatimuksia, eik\u00e4 kunnalle tullut korjaushuolia pariinkymmeneen vuoteen. Palveluntuottaja vastaa kiinteist\u00f6jen teknisest\u00e4 huollosta ja kunnossapidosta, palveluiden johtamisesta ja pitk\u00e4n t\u00e4ht\u00e4yksen korjaussuunnitelmista. P\u00e4\u00e4osa riskeist\u00e4 siirtyi palveluntuottajalle, joten malli kannusti pit\u00e4m\u00e4\u00e4n kiinni aikataulusta ja tekem\u00e4\u00e4n kustannustehokkaita ratkaisuja. Rakennukset palautuvat hyv\u00e4ss\u00e4 kunnossa kaupungin hallintaan, kun sopimuskausi p\u00e4\u00e4ttyy.<\/p>\r\n<p>Elinkaarimallilla on toteutettu mm. Monikon, Pohjois-Tapiolan, Perkkaan ja Nauriskasken koulut. Mallilla toteutetaan mm. Laajalahden ala-asteen sek\u00e4 Tuomarilan ala-asteen ja esikoulun peruskorjaus ja laajennus.<\/p>\r\n<p>Koulut kuntoon -hankkeelle asetettua tavoitetta, ett\u00e4 vuonna 2021 Espoon kaikkien koulujen ja p\u00e4iv\u00e4kotien tilat ovat terveet ja toimivat, ei ihan saavutettu, vaikka hanketta on toteutettu etupainotteisesti.<\/p>\r\n","protected":false},"excerpt":{"rendered":"<p>Koulutuksen kehittyminen Espoossa\u00a0\u00a0\u00a0\u00a0\u00a0\u00a0\u00a0\u00a0Kansisivulle 1970-luku 1980-luku 1990-luku 2000-luku 2010-luku 2020-luku Koulut kuntoon 1,1 miljardin euron panostuksella Espoossa syntyi 1990-luvun lamasta mittava koulurakennusten korjausvelka. Vuonna 2017 Espoossa oli korjausseurannassa jo 39 koulua ja p\u00e4iv\u00e4kotia. Monissa niist\u00e4 oli sis\u00e4ilmaongelmia. Korjausvelka oli saatava kuriin. Kaikilla oppilailla, opiskelijoilla ja henkil\u00f6kunnalla on oikeus turvallisiin, terveellisiin ja viihtyisiin tiloihin. Espoo oli konserneineen&hellip; <a class=\"more-link\" href=\"https:\/\/espoonperinneseura.net\/espoo1972\/koulutus-espoossa-2010-luvulla\/koulut-kuntoon\/\">Jatka lukemista <span class=\"screen-reader-text\">Koulut kuntoon<\/span><\/a><\/p>\n","protected":false},"author":1,"featured_media":0,"parent":3171,"menu_order":0,"comment_status":"closed","ping_status":"closed","template":"","meta":{"_eb_attr":"","_exactmetrics_skip_tracking":false,"_exactmetrics_sitenote_active":false,"_exactmetrics_sitenote_note":"","_exactmetrics_sitenote_category":0,"footnotes":""},"class_list":["post-3408","page","type-page","status-publish","hentry","entry"],"_links":{"self":[{"href":"https:\/\/espoonperinneseura.net\/espoo1972\/wp-json\/wp\/v2\/pages\/3408","targetHints":{"allow":["GET"]}}],"collection":[{"href":"https:\/\/espoonperinneseura.net\/espoo1972\/wp-json\/wp\/v2\/pages"}],"about":[{"href":"https:\/\/espoonperinneseura.net\/espoo1972\/wp-json\/wp\/v2\/types\/page"}],"author":[{"embeddable":true,"href":"https:\/\/espoonperinneseura.net\/espoo1972\/wp-json\/wp\/v2\/users\/1"}],"replies":[{"embeddable":true,"href":"https:\/\/espoonperinneseura.net\/espoo1972\/wp-json\/wp\/v2\/comments?post=3408"}],"version-history":[{"count":5,"href":"https:\/\/espoonperinneseura.net\/espoo1972\/wp-json\/wp\/v2\/pages\/3408\/revisions"}],"predecessor-version":[{"id":3861,"href":"https:\/\/espoonperinneseura.net\/espoo1972\/wp-json\/wp\/v2\/pages\/3408\/revisions\/3861"}],"up":[{"embeddable":true,"href":"https:\/\/espoonperinneseura.net\/espoo1972\/wp-json\/wp\/v2\/pages\/3171"}],"wp:attachment":[{"href":"https:\/\/espoonperinneseura.net\/espoo1972\/wp-json\/wp\/v2\/media?parent=3408"}],"curies":[{"name":"wp","href":"https:\/\/api.w.org\/{rel}","templated":true}]}}