{"id":3411,"date":"2022-07-24T05:18:27","date_gmt":"2022-07-24T02:18:27","guid":{"rendered":"https:\/\/espoonperinneseura.net\/espoo1972\/?page_id=3411"},"modified":"2022-08-05T07:11:21","modified_gmt":"2022-08-05T04:11:21","slug":"ammatillisten-oppilaitosten-kuntainliitto","status":"publish","type":"page","link":"https:\/\/espoonperinneseura.net\/espoo1972\/koulutus-espoossa-1980-luvulla\/ammatillisten-oppilaitosten-kuntainliitto\/","title":{"rendered":"Ammatillisten oppilaitosten kuntainliitto"},"content":{"rendered":"<!-- Added by Post\/Page Specific Custom Code plugin, thank you for using! -->\n<style>.entry-title,  .entry-header {\r\n\tdisplay: none;\r\n}<\/style>\n<h5>Koulutuksen kehittyminen Espoossa\u00a0\u00a0\u00a0\u00a0\u00a0\u00a0\u00a0\u00a0<a href=\"https:\/\/espoonperinneseura.net\/espoo1972\/koulutus-espoossa-1970-2020\/\">Kansisivulle<\/a><\/h5>\r\n\r\n<div style=\"margin: auto;\">\r\n<div class=\"btn\"><a class=\"btn-text\" style=\"color: #000;\" href=\"https:\/\/espoonperinneseura.net\/espoo1972\/koulutus-espoossa-1970-luvulla\/\">1970-luku<\/a><\/div>\r\n<div class=\"btn\"><a class=\"btn-text\" style=\"color: #fff;\" href=\"https:\/\/espoonperinneseura.net\/espoo1972\/koulutus-espoossa-1980-luvulla\/\">1980-luku<\/a><\/div>\r\n<div class=\"btn\"><a class=\"btn-text\" style=\"color: #000;\" href=\"https:\/\/espoonperinneseura.net\/espoo1972\/koulutus-espoossa-1990-luvulla\/\">1990-luku<\/a><\/div>\r\n<div class=\"btn\"><a class=\"btn-text\" style=\"color: #000;\" href=\"https:\/\/espoonperinneseura.net\/espoo1972\/koulutus-espoossa-2000-luvulla\/\">2000-luku<\/a><\/div>\r\n<div class=\"btn\"><a class=\"btn-text\" style=\"color: #000;\" href=\"https:\/\/espoonperinneseura.net\/espoo1972\/koulutus-espoossa-2010-luvulla\/\">2010-luku<\/a><\/div>\r\n<div class=\"btn\"><a class=\"btn-text\" style=\"color: #000;\" href=\"https:\/\/espoonperinneseura.net\/espoo1972\/koulutus-espoossa-2020-luvulla\/\">2020-luku<\/a><\/div>\r\n<\/div>\r\n\r\n\r\n\r\n<h3 style=\"clear: both; padding-top: 25px;\">Espoo, Kauniainen ja Kirkkonummi perustivat yhteisen ammatillisten oppilaitosten kuntainliiton<\/h3>\r\n<p>1980-luvun alussa Espoo oli jo merkitt\u00e4v\u00e4 palvelukaupunki. V\u00e4ki oli muuttanut maalta l\u00e4hi\u00f6ihin. Ammattirakenne oli muuttunut. Espoossakin tarvittiin osaavaa ty\u00f6voimaa sairaaloihin, p\u00e4iv\u00e4koteihin, koteihin, hotelleihin, ravintoloihin jne.<\/p>\r\n<p>Koulupaikkoja tarvittiin. Espoo, Kauniainen ja Kirkkonummi p\u00e4\u00e4ttiv\u00e4t luoda niit\u00e4 yhdess\u00e4. Vuonna 1982 syntyi Espoon keskuksen ammattioppilaitoksen kuntainliitto. Ensimm\u00e4isen\u00e4 vuonna siihen kuuluivat Espoo ja Kirkkonummi. Vuonna 1983 mukaan tuli my\u00f6s Kauniaisten kaupunki.<\/p>\r\n<p>Ensin k\u00e4ynnistettiin hallinnollinen toiminta, sitten oppilaitosten koulurakennusten suunnittelu. Kuntainliiton nimi muutettiin kuntainliiton liittovaltuuston kokouksessa 7.4.1983 muotoon Espoon keskustan ammatillisten oppilaitosten kuntainliitto, koska suunniteltuihin rakennuksiin oli tulossa useampi kuin yksi oppilaitos. Maksuosuudet sovittiin jaettaviksi asukasm\u00e4\u00e4rien mukaan, koulutuspaikat eiv\u00e4t olleet kuitenkaan korvamerkittyj\u00e4.<\/p>\r\n<p>Uuden kuntainliiton teht\u00e4v\u00e4n\u00e4 oli j\u00e4rjest\u00e4\u00e4 j\u00e4senkuntiensa puolesta osa niiden tarvitsemasta ammatillisesta koulutuksesta, ei kuitenkaan kaikkea. Espoolla oli viel\u00e4 tuolloin my\u00f6s omia ammatillisia oppilaitoksia: kaksi omaa ammattikoulua ja kauppaoppilaitosta.<\/p>\r\n<p>Ensimm\u00e4inen oma ammattikoulu, kaksikielinen Espoon Ammattikoulu \u2013 Esbo Yrkeskolan, oli aloittanut opetuksen vuonna 1958. Vuodesta 1975 alkaen se oli Lepp\u00e4vaaran ammattikoulu. Vuonna 1961 Espoo perusti Espoon kauppakoulun. Vuonna 1969 sen nimeksi oli tullut Espoon kauppaoppilaitos. Vuonna 1974 Espoo perusti Matinkyl\u00e4n ammattikoulun ja Espoonlahden kauppaopiston<\/p>\r\n<p>Kolmen kunnan kuntainliitto perusti seuraavina vuosina nelj\u00e4 yksialaista ammattioppilaitosta: <br \/>&#8211; v\u00e4liaikaisiin tiloihin Matinkyl\u00e4n vanhaan ostoskeskukseen sairaanhoito-oppilaitoksen vuonna 1985 ja hotelli- ja ravintola-alan oppilaitoksen vuonna 1986 <br \/>&#8211; vuokratiloihin Karamalmille sosiaalialan oppilaitoksen vuonna 1988 sek\u00e4 koti- ja laitostalousoppilaitoksen vuonna 1989.<\/p>\r\n<p>Perustamisvaiheen j\u00e4lkeen kaikki nelj\u00e4 oppilaitosta sijoittuivat Espoon keskuksen alueelle Lehtim\u00e4entielle ja Lakelankadulle.<\/p>\r\n<figure id=\"attachment_3827\" aria-describedby=\"caption-attachment-3827\" style=\"width: 292px\" class=\"wp-caption alignleft\"><img loading=\"lazy\" decoding=\"async\" class=\"wp-image-3827 size-medium\" src=\"https:\/\/espoonperinneseura.net\/espoo1972\/wp-content\/uploads\/2022\/08\/Mauri-Alasaari-292x300.jpg\" alt=\"\" width=\"292\" height=\"300\" srcset=\"https:\/\/espoonperinneseura.net\/espoo1972\/wp-content\/uploads\/2022\/08\/Mauri-Alasaari-292x300.jpg 292w, https:\/\/espoonperinneseura.net\/espoo1972\/wp-content\/uploads\/2022\/08\/Mauri-Alasaari.jpg 320w\" sizes=\"auto, (max-width: 292px) 100vw, 292px\" \/><figcaption id=\"caption-attachment-3827\" class=\"wp-caption-text\">Mauri Alasaari<\/figcaption><\/figure>\r\n<p>Espoossa oltiin edell\u00e4k\u00e4vij\u00f6it\u00e4: \u201dEspoo on ensimm\u00e4isen\u00e4 Suomessa siirtym\u00e4ss\u00e4 aikaan, jolloin l\u00e4hes koko ik\u00e4luokka tulee saamaan ammatillisen koulutuksen.\u201d (Apulaiskaupunginjohtaja Mauri Alasaari 1986) <br \/><br \/><\/p>\r\n<p><\/p>","protected":false},"excerpt":{"rendered":"<p>Koulutuksen kehittyminen Espoossa\u00a0\u00a0\u00a0\u00a0\u00a0\u00a0\u00a0\u00a0Kansisivulle 1970-luku 1980-luku 1990-luku 2000-luku 2010-luku 2020-luku Espoo, Kauniainen ja Kirkkonummi perustivat yhteisen ammatillisten oppilaitosten kuntainliiton 1980-luvun alussa Espoo oli jo merkitt\u00e4v\u00e4 palvelukaupunki. V\u00e4ki oli muuttanut maalta l\u00e4hi\u00f6ihin. Ammattirakenne oli muuttunut. Espoossakin tarvittiin osaavaa ty\u00f6voimaa sairaaloihin, p\u00e4iv\u00e4koteihin, koteihin, hotelleihin, ravintoloihin jne. Koulupaikkoja tarvittiin. Espoo, Kauniainen ja Kirkkonummi p\u00e4\u00e4ttiv\u00e4t luoda niit\u00e4 yhdess\u00e4. Vuonna 1982&hellip; <a class=\"more-link\" href=\"https:\/\/espoonperinneseura.net\/espoo1972\/koulutus-espoossa-1980-luvulla\/ammatillisten-oppilaitosten-kuntainliitto\/\">Jatka lukemista <span class=\"screen-reader-text\">Ammatillisten oppilaitosten kuntainliitto<\/span><\/a><\/p>\n","protected":false},"author":1,"featured_media":0,"parent":3168,"menu_order":14,"comment_status":"closed","ping_status":"closed","template":"","meta":{"_eb_attr":"","_exactmetrics_skip_tracking":false,"_exactmetrics_sitenote_active":false,"_exactmetrics_sitenote_note":"","_exactmetrics_sitenote_category":0,"footnotes":""},"class_list":["post-3411","page","type-page","status-publish","hentry","entry"],"_links":{"self":[{"href":"https:\/\/espoonperinneseura.net\/espoo1972\/wp-json\/wp\/v2\/pages\/3411","targetHints":{"allow":["GET"]}}],"collection":[{"href":"https:\/\/espoonperinneseura.net\/espoo1972\/wp-json\/wp\/v2\/pages"}],"about":[{"href":"https:\/\/espoonperinneseura.net\/espoo1972\/wp-json\/wp\/v2\/types\/page"}],"author":[{"embeddable":true,"href":"https:\/\/espoonperinneseura.net\/espoo1972\/wp-json\/wp\/v2\/users\/1"}],"replies":[{"embeddable":true,"href":"https:\/\/espoonperinneseura.net\/espoo1972\/wp-json\/wp\/v2\/comments?post=3411"}],"version-history":[{"count":5,"href":"https:\/\/espoonperinneseura.net\/espoo1972\/wp-json\/wp\/v2\/pages\/3411\/revisions"}],"predecessor-version":[{"id":3829,"href":"https:\/\/espoonperinneseura.net\/espoo1972\/wp-json\/wp\/v2\/pages\/3411\/revisions\/3829"}],"up":[{"embeddable":true,"href":"https:\/\/espoonperinneseura.net\/espoo1972\/wp-json\/wp\/v2\/pages\/3168"}],"wp:attachment":[{"href":"https:\/\/espoonperinneseura.net\/espoo1972\/wp-json\/wp\/v2\/media?parent=3411"}],"curies":[{"name":"wp","href":"https:\/\/api.w.org\/{rel}","templated":true}]}}