{"id":3414,"date":"2022-07-24T05:08:55","date_gmt":"2022-07-24T02:08:55","guid":{"rendered":"https:\/\/espoonperinneseura.net\/espoo1972\/?page_id=3414"},"modified":"2022-07-26T09:09:55","modified_gmt":"2022-07-26T06:09:55","slug":"kuriongelmia-yla-asteella","status":"publish","type":"page","link":"https:\/\/espoonperinneseura.net\/espoo1972\/koulutus-espoossa-1970-luvulla\/kuriongelmia-yla-asteella\/","title":{"rendered":"Kuriongelmia yl\u00e4-asteella"},"content":{"rendered":"<!-- Added by Post\/Page Specific Custom Code plugin, thank you for using! -->\n<style>.entry-title,  .entry-header {\r\n\tdisplay: none;\r\n}<\/style>\n<h5>Koulutuksen kehittyminen Espoossa&nbsp;&nbsp;&nbsp;&nbsp;&nbsp;&nbsp;&nbsp;&nbsp;<a href=\"https:\/\/espoonperinneseura.net\/espoo1972\/koulutus-espoossa-1970-2020\/\">Kansisivulle<\/a><\/h5>\n\n\n<div style=\"margin: auto;\">\n<div class=\"btn\"><a class=\"btn-text\" style=\"color: #fff;\" href=\"https:\/\/espoonperinneseura.net\/espoo1972\/koulutus-espoossa-1970-luvulla\/\">1970-luku<\/a><\/div>\n<div class=\"btn\"><a class=\"btn-text\" style=\"color: #000;\" href=\"https:\/\/espoonperinneseura.net\/espoo1972\/koulutus-espoossa-1980-luvulla\/\">1980-luku<\/a><\/div>\n<div class=\"btn\"><a class=\"btn-text\" style=\"color: #000;\" href=\"https:\/\/espoonperinneseura.net\/espoo1972\/koulutus-espoossa-1990-luvulla\/\">1990-luku<\/a><\/div>\n<div class=\"btn\"><a class=\"btn-text\" style=\"color: #000;\" href=\"https:\/\/espoonperinneseura.net\/espoo1972\/koulutus-espoossa-2000-luvulla\/\">2000-luku<\/a><\/div>\n<div class=\"btn\"><a class=\"btn-text\" style=\"color: #000;\" href=\"https:\/\/espoonperinneseura.net\/espoo1972\/koulutus-espoossa-2010-luvulla\/\">2010-luku<\/a><\/div>\n<div class=\"btn\"><a class=\"btn-text\" style=\"color: #000;\" href=\"https:\/\/espoonperinneseura.net\/espoo1972\/koulutus-espoossa-2020-luvulla\/\">2020-luku<\/a><\/div>\n<\/div>\n\n\n<h3 style=\"clear: both; padding-top: 25px;\">Kuriongelmia yl\u00e4-asteella vuosikymmenen vaihteessa<\/h3>\n<p>Peruskouluun siirtyminen ei sujunut Espoossakaan t\u00e4ysin ongelmitta. Jo 1970-luvun puoliv\u00e4liss\u00e4 oli muualta Suomesta raportoitu ty\u00f6rauhaongelmista yl\u00e4asteella.<\/p>\n<div style=\"margin: auto;\">\n<div style=\"float: left; width: 185px; margin: 0 10px 0px 0; padding-top: 5px;\">\n<figure id=\"attachment_3501\" aria-describedby=\"caption-attachment-3501\" style=\"width: 174px\" class=\"wp-caption alignleft\"><img loading=\"lazy\" decoding=\"async\" class=\"wp-image-3501 size-full\" src=\"https:\/\/espoonperinneseura.net\/espoo1972\/wp-content\/uploads\/2022\/07\/Antti.Talvitie.jpg\" alt=\"\" width=\"174\" height=\"192\" \/><figcaption id=\"caption-attachment-3501\" class=\"wp-caption-text\">Antti Talvitie<\/figcaption><\/figure>\n<\/div>\n<p style=\"margin-top: 0px;\"><span style=\"white-space: nowrap;\">Syksyll\u00e4 1979<\/span> siirtyi yl\u00e4asteelle ensimm\u00e4ist\u00e4 kertaa jakamaton ik\u00e4luokka p\u00e4\u00e4kaupunkiseudulla. Espoon Karakallion koulun rehtori Antti Talvitie otti rohkeasti esiin oman koulunsa ongelmat mediassa. H\u00e4nen mukaansa opettajat uupuivat kurinpitoon. Juttu synnytti laajan keskustelun koululaisten ja opettajien oikeudesta ty\u00f6rauhaan. OAJ s\u00e4esti Uudessa Suomessa: &#8221;Koulunpito menee hulinaksi&#8221;. Opettajat vaativat pienempi\u00e4 opetusryhmi\u00e4.<\/p>\n<p style=\"clear: both;\">Kouluhallituksen p\u00e4\u00e4johtaja Erkki Aho laati 40-sivuisen muistion, jossa oli useita toimenpide-ehdotuksia:<\/p>\n<ul>\n<li style=\"clear: both;\">alimotivoituneille oppilaille on j\u00e4rjestett\u00e4v\u00e4 kiinnostavia erityiskursseja<\/li>\n<li style=\"clear: both;\">kerhotoiminnan edellytyksi\u00e4 on parannettava<\/li>\n<li style=\"clear: both;\">oppilaskuntatoimintaa tulee elvytt\u00e4\u00e4<\/li>\n<li style=\"clear: both;\">ty\u00f6el\u00e4m\u00e4n ja koulutuksen yhteyksi\u00e4 on parannettava<\/li>\n<li style=\"clear: both;\">oppilashuoltoa tulee tehostaa<\/li>\n<li style=\"clear: both;\">erityisopetusta on kehitett\u00e4v\u00e4<\/li>\n<li style=\"clear: both;\">opettajille on j\u00e4rjestett\u00e4v\u00e4 ty\u00f6nohjausta ja mielenterveyspalveluja<\/li>\n<li style=\"clear: both;\">h\u00e4irikk\u00f6oppilas on voitava erottaa kahdeksi viikoksi opettajakunnan p\u00e4\u00e4t\u00f6ksell\u00e4.<\/li>\n<\/ul>\n<p>Vuonna 1980 valtioneuvosto antoi viralliset ohjeet ty\u00f6rauhan palauttamiseksi. Ohjeissa ty\u00f6rauhaa pidettiin koulun opetus- ja kasvatusty\u00f6n perusedellytyksen\u00e4.<\/p>\n<p>Hallitus suositteli l\u00e4\u00e4kkeeksi pienluokkia, kerhotoimintaa, luokanvalvojien toiminnan tehostamista ja mm. kodin ja koulun yhteisty\u00f6t\u00e4. Lis\u00e4ksi tarkistettiin koulujen kurinpitos\u00e4\u00e4nn\u00f6ksi\u00e4 niin, ett\u00e4 kokeiluluonteisesti oppilas voitiin erottaa kahdeksi viikoksi, eik\u00e4 p\u00e4\u00e4t\u00f6ksest\u00e4 voinut valittaa l\u00e4\u00e4ninhallitukseen. Esityksen erottamisesta teki opettajakunta ja p\u00e4\u00e4t\u00f6ksen kouluneuvosto.<\/p>\n<p>Vuonna 1981 tilannetta seurattiin. Osoittautui, ettei lyhytaikainen erottaminen auttanut oppilasta juurikaan. Muut positiiviset keinot olivat auttaneet enemm\u00e4n.<\/p>\n<\/div>","protected":false},"excerpt":{"rendered":"<p>Koulutuksen kehittyminen Espoossa&nbsp;&nbsp;&nbsp;&nbsp;&nbsp;&nbsp;&nbsp;&nbsp;Kansisivulle 1970-luku 1980-luku 1990-luku 2000-luku 2010-luku 2020-luku Kuriongelmia yl\u00e4-asteella vuosikymmenen vaihteessa Peruskouluun siirtyminen ei sujunut Espoossakaan t\u00e4ysin ongelmitta. Jo 1970-luvun puoliv\u00e4liss\u00e4 oli muualta Suomesta raportoitu ty\u00f6rauhaongelmista yl\u00e4asteella. Syksyll\u00e4 1979 siirtyi yl\u00e4asteelle ensimm\u00e4ist\u00e4 kertaa jakamaton ik\u00e4luokka p\u00e4\u00e4kaupunkiseudulla. Espoon Karakallion koulun rehtori Antti Talvitie otti rohkeasti esiin oman koulunsa ongelmat mediassa. H\u00e4nen mukaansa opettajat uupuivat&hellip; <a class=\"more-link\" href=\"https:\/\/espoonperinneseura.net\/espoo1972\/koulutus-espoossa-1970-luvulla\/kuriongelmia-yla-asteella\/\">Jatka lukemista <span class=\"screen-reader-text\">Kuriongelmia yl\u00e4-asteella<\/span><\/a><\/p>\n","protected":false},"author":1,"featured_media":0,"parent":3117,"menu_order":24,"comment_status":"closed","ping_status":"closed","template":"","meta":{"_eb_attr":"","_exactmetrics_skip_tracking":false,"_exactmetrics_sitenote_active":false,"_exactmetrics_sitenote_note":"","_exactmetrics_sitenote_category":0,"footnotes":""},"class_list":["post-3414","page","type-page","status-publish","hentry","entry"],"_links":{"self":[{"href":"https:\/\/espoonperinneseura.net\/espoo1972\/wp-json\/wp\/v2\/pages\/3414","targetHints":{"allow":["GET"]}}],"collection":[{"href":"https:\/\/espoonperinneseura.net\/espoo1972\/wp-json\/wp\/v2\/pages"}],"about":[{"href":"https:\/\/espoonperinneseura.net\/espoo1972\/wp-json\/wp\/v2\/types\/page"}],"author":[{"embeddable":true,"href":"https:\/\/espoonperinneseura.net\/espoo1972\/wp-json\/wp\/v2\/users\/1"}],"replies":[{"embeddable":true,"href":"https:\/\/espoonperinneseura.net\/espoo1972\/wp-json\/wp\/v2\/comments?post=3414"}],"version-history":[{"count":10,"href":"https:\/\/espoonperinneseura.net\/espoo1972\/wp-json\/wp\/v2\/pages\/3414\/revisions"}],"predecessor-version":[{"id":3544,"href":"https:\/\/espoonperinneseura.net\/espoo1972\/wp-json\/wp\/v2\/pages\/3414\/revisions\/3544"}],"up":[{"embeddable":true,"href":"https:\/\/espoonperinneseura.net\/espoo1972\/wp-json\/wp\/v2\/pages\/3117"}],"wp:attachment":[{"href":"https:\/\/espoonperinneseura.net\/espoo1972\/wp-json\/wp\/v2\/media?parent=3414"}],"curies":[{"name":"wp","href":"https:\/\/api.w.org\/{rel}","templated":true}]}}