{"id":3416,"date":"2022-07-24T05:33:06","date_gmt":"2022-07-24T02:33:06","guid":{"rendered":"https:\/\/espoonperinneseura.net\/espoo1972\/?page_id=3416"},"modified":"2022-08-02T07:12:22","modified_gmt":"2022-08-02T04:12:22","slug":"map-1000-toimittajan-lehti-2","status":"publish","type":"page","link":"https:\/\/espoonperinneseura.net\/espoo1972\/koulutus-espoossa-1990-luvulla\/map-1000-toimittajan-lehti-2\/","title":{"rendered":"Map &#8211; Tuhannen toimittajan lehti"},"content":{"rendered":"<!-- Added by Post\/Page Specific Custom Code plugin, thank you for using! -->\n<style>.entry-title,  .entry-header {\r\n\tdisplay: none;\r\n}<\/style>\n<h5>Koulutuksen kehittyminen Espoossa\u00a0\u00a0\u00a0\u00a0\u00a0\u00a0\u00a0\u00a0<a href=\"https:\/\/espoonperinneseura.net\/espoo1972\/koulutus-espoossa-1970-2020\/\">Kansisivulle<\/a><\/h5>\r\n\r\n<div style=\"margin: auto;\">\r\n<div class=\"btn\"><a class=\"btn-text\" style=\"color: #000;\" href=\"https:\/\/espoonperinneseura.net\/espoo1972\/koulutus-espoossa-1970-luvulla\/\">1970-luku<\/a><\/div>\r\n<div class=\"btn\"><a class=\"btn-text\" style=\"color: #000;\" href=\"https:\/\/espoonperinneseura.net\/espoo1972\/koulutus-espoossa-1980-luvulla\/\">1980-luku<\/a><\/div>\r\n<div class=\"btn\"><a class=\"btn-text\" style=\"color: #fff;\" href=\"https:\/\/espoonperinneseura.net\/espoo1972\/koulutus-espoossa-1990-luvulla\/\">1990-luku<\/a><\/div>\r\n<div class=\"btn\"><a class=\"btn-text\" style=\"color: #000;\" href=\"https:\/\/espoonperinneseura.net\/espoo1972\/koulutus-espoossa-2000-luvulla\/\">2000-luku<\/a><\/div>\r\n<div class=\"btn\"><a class=\"btn-text\" style=\"color: #000;\" href=\"https:\/\/espoonperinneseura.net\/espoo1972\/koulutus-espoossa-2010-luvulla\/\">2010-luku<\/a><\/div>\r\n<div class=\"btn\"><a class=\"btn-text\" style=\"color: #000;\" href=\"https:\/\/espoonperinneseura.net\/espoo1972\/koulutus-espoossa-2020-luvulla\/\">2020-luku<\/a><\/div>\r\n\r\n\r\n\r\n<h3 style=\"clear: both; padding-top: 25px;\">Tuhannen toimittajan lehti toi telematiikkaa my\u00f6s espoolaiskouluihin<\/h3>\r\n<p>S\u00e4hk\u00f6isen tiedonv\u00e4lityksen perusinfra kehittyi Suomessa 1990-luvun alussa. Suomalaisten enemmist\u00f6\u00e4 s\u00e4hk\u00f6postit ja ilmoitustaulut eiv\u00e4t viel\u00e4 liikuttaneet, mutta korkeakoulut ja yliopistot j\u00e4rjestiv\u00e4t s\u00e4hk\u00f6postinsa ja s\u00e4hk\u00f6iset tietopalvelunsa nopeasti Suomen korkeakoulujen ja tutkimuksen tietoverkon (Funet) kanssa. Funetia operoi valtion kokonaan omistama CSC, Tieteen tietotekniikan keskus. Mutta peruskoulut, lukiot ja ammatilliset oppilaitokset j\u00e4iv\u00e4t p\u00e4\u00e4osin n\u00e4iden palvelujen ulkopuolelle.<\/p>\r\n<p>Tuolloin Espoossa sijainneen Teknillisen korkeakoulun T\u00e4ydennyskoulutuskeskuksessa syntyi idea tarjota opettajille, koululaisille, heid\u00e4n vanhemmilleen ilmaisia s\u00e4hk\u00f6posti- ja ilmoitustaulupalveluja ja kouluttaa heid\u00e4t n\u00e4in s\u00e4hk\u00f6isten viestimien k\u00e4ytt\u00e4jiksi.<\/p>\r\n<p>Ensimm\u00e4iseksi toteutusmalliksi valittiin kahden toimittajan: Heikki Korpisen ja Eero Nurmikon kehitt\u00e4m\u00e4 <em>Tuhannen toimittajan lehti, MAP<\/em>.<\/p>\r\n<p style=\"margin-bottom: 18px;\"><img loading=\"lazy\" decoding=\"async\" class=\"alignnone size-full 5wp-image-3521\" style=\"border: 1px gray solid;\" src=\"https:\/\/espoonperinneseura;.net\/espoo1972\/wp-content\/uploads\/2022\/07\/Tuhattoimittajaa.png\" alt=\"\" width=\"596\" height=\"290\" srcset=\"https:\/\/espoonperinneseura.net\/espoo1972\/wp-content\/uploads\/2022\/07\/Tuhattoimittajaa.png 596w, https:\/\/espoonperinneseura.net\/espoo1972\/wp-content\/uploads\/2022\/07\/Tuhattoimittajaa-300x146.png 300w\" sizes=\"auto, (max-width: 596px) 100vw, 596px\" \/><\/p>\r\n<p><em>Tuhannen toimittajan lehti<\/em> oli paperia ja s\u00e4hk\u00f6\u00e4. S\u00e4hk\u00f6postilehdess\u00e4 k\u00e4ytettiin hyv\u00e4ksi televerkkoja niin kotimaassa kuin kansainv\u00e4lisestikin. Paperilehti pani liikkeelle mielenkiintoisia, polttavia nuorten keskustelun aiheita ja toimi my\u00f6s karttana eri s\u00e4hk\u00f6postitauluille. Jokaista julkaistavaa aihetta k\u00e4siteltiin painetussa lehdess\u00e4 lyhyesti, er\u00e4\u00e4nlaisena teaserina. Jutun laajempi versio oli luettavissa tekstin\u00e4 verkosta. Paperilehti jaettiin kouluihin.<\/p>\r\n<p>S\u00e4hk\u00f6isess\u00e4 osassa oli keskustelu-, palaute-, oppimateriaali- ja ideafoorumi. S\u00e4hk\u00f6isen lehden kautta (tai kirjeitse) toimittajat saivat juttuja ja ideoita, joista voi keskustella ja joita voi jatkaa s\u00e4hk\u00f6postitauluilla vuorokauden ymp\u00e4ri.<\/p>\r\n<p>Projekti k\u00e4ynnistyi vuonna 1990. Ensimm\u00e4inen paperilehti ty\u00f6stettiin ty\u00f6pajassa 2.-3.2.1991 Espoon Tapiolassa. Toimittajilla oli k\u00e4yt\u00f6ss\u00e4\u00e4n sek\u00e4 pc- ett\u00e4 mac-luokat. Kev\u00e4\u00e4ll\u00e4 1992 mukana oli jo useita kouluja, luokkia, kerhoja, yksitt\u00e4isi\u00e4 nuoria, vanhempia ja opettajia ymp\u00e4ri Suomea. Kouluhallitus tuki projektia.<\/p>\r\n<p><em>Tuhannen toimittajan lehte\u00e4<\/em> tekiv\u00e4t talkoilla lapset, nuoret, aikuiset ja opettajat. Lehdess\u00e4 ei k\u00e4ytetty sensuuria. Kuka tahansa sai l\u00e4hett\u00e4\u00e4 juttuja PostiTelen TeleSammon ja Helsingin Puhelinyhdistyksen s\u00e4hk\u00f6iselle ilmoitustaululle.<\/p>\r\n<p>Mukaan l\u00e4hteminen edellytti, ett\u00e4 koululla oli yhteys televerkkoihin (esim. pc ja modeemi). Ne koulut, joilla ei viel\u00e4 ollut modeemia, voivat l\u00e4hett\u00e4\u00e4 juttuja ja piirustuksia paperilla tai levykkeill\u00e4 TKK:n t\u00e4ydennyskoulutuskeskukseen.<\/p>\r\n<p>Kaikki mediasta kiinnostuneet koululaiset, opiskelijat, heid\u00e4n vanhempansa ja opettajat saivat, jos halusivat, nyt ensimm\u00e4isin\u00e4 Suomessa ilmaisen s\u00e4hk\u00f6postitunnuksen. Kouluilla oli kuitenkin aluksi vain yksi tunnus. Kaikkiaan paperiversiota tehtiin kymmenisen numeroa.<\/p>\r\n<p><em>Tuhannen toimittajan lehti, MAP<\/em>, lis\u00e4si s\u00e4hk\u00f6isten viestimien k\u00e4ytt\u00f6\u00e4 peruskouluissa, lukioissa ja ammatillisissa oppilaitoksissa. Se oli verkottumisen edell\u00e4k\u00e4vij\u00e4. Jokainen s\u00e4hk\u00f6postiyhteyden p\u00e4\u00e4ss\u00e4 oleva koulu oli osa MAPin verkkoversion toimitusta.<\/p>\r\n<p>Verkossa olevaa tietoa oli helppo p\u00e4ivitt\u00e4\u00e4. MAPin s\u00e4hk\u00f6inen muoto tarjosi erinomaisen mahdollisuuden tehd\u00e4 asioita yhdess\u00e4. Syntyi useita oppilaiden keskusteluryhmi\u00e4, joissa aiheina olivat mm. kotiel\u00e4imet. Simuloiduissa sukkulalennoissa ja maailmanlaajuisissa teleolympialaisissa ylitettiin yhteisty\u00f6ss\u00e4 valtioiden rajat.<\/p>\r\n<p>Simuloidut sukkulalennot tapahtuivat oikean sukkulalennon k\u00e4sikirjoituksen mukaisesti reaaliajassa, mutta kuviteltuina. V\u00e4linein\u00e4 k\u00e4ytettiin s\u00e4hk\u00f6postia, Nasan videoita ja kirjallista materiaalia. Discovery-sukkula laukaistiin avaruuteen er\u00e4\u00e4n koulun juhlasalista 23.2.1992 klo 17.30. Sukkula vei avaruuteen ensimm\u00e4isen ilmakeh\u00e4n ulkopuolella toimivan Hubble-t\u00e4htiteleskoopin. Er\u00e4s toinen koulu simuloi avaruusalusta ja kolmannen koulun oppilaat olivat sukkulalennon miehist\u00f6n\u00e4. Lasten innostus oli valtava. Aikaeron vuoksi koulussa vietettiin \u00f6it\u00e4kin.<\/p>\r\n<p>Joukko suomalaisia kouluja, mukana my\u00f6s espoolaisia, osallistui MAP-median aikana teleolympialaisiin, joiden idea oli mainio: Mukaan ilmoittautuneet oppilaat kilpailivat oman koulunsa kent\u00e4ll\u00e4 eri puolilla maailmaa ja l\u00e4hettiv\u00e4t tulokset kisakeskukseen Clevelandiin Ohioon. Siell\u00e4 ne tarkistettiin ja parhaat urheilijat palkittiin. MAPin aikana mm. kisojen avajaiset ja p\u00e4\u00e4tt\u00e4j\u00e4iset toteutettiin tekstipohjaisella ruudulla. Mitaleja tuli my\u00f6s espoolaiskouluihin.<\/p>\r\n<p>MAPin pohjalta syntyi vuonna 1993 uusi, viel\u00e4 parempi malli: Suomen Freenet. Siit\u00e4 kannattaa kirjoittaa ihan oma juttunsa.<\/p>\r\n<p><\/p>\r\n<\/div>","protected":false},"excerpt":{"rendered":"<p>Koulutuksen kehittyminen Espoossa\u00a0\u00a0\u00a0\u00a0\u00a0\u00a0\u00a0\u00a0Kansisivulle 1970-luku 1980-luku 1990-luku 2000-luku 2010-luku 2020-luku Tuhannen toimittajan lehti toi telematiikkaa my\u00f6s espoolaiskouluihin S\u00e4hk\u00f6isen tiedonv\u00e4lityksen perusinfra kehittyi Suomessa 1990-luvun alussa. Suomalaisten enemmist\u00f6\u00e4 s\u00e4hk\u00f6postit ja ilmoitustaulut eiv\u00e4t viel\u00e4 liikuttaneet, mutta korkeakoulut ja yliopistot j\u00e4rjestiv\u00e4t s\u00e4hk\u00f6postinsa ja s\u00e4hk\u00f6iset tietopalvelunsa nopeasti Suomen korkeakoulujen ja tutkimuksen tietoverkon (Funet) kanssa. Funetia operoi valtion kokonaan omistama CSC, Tieteen&hellip; <a class=\"more-link\" href=\"https:\/\/espoonperinneseura.net\/espoo1972\/koulutus-espoossa-1990-luvulla\/map-1000-toimittajan-lehti-2\/\">Jatka lukemista <span class=\"screen-reader-text\">Map &#8211; Tuhannen toimittajan lehti<\/span><\/a><\/p>\n","protected":false},"author":1,"featured_media":0,"parent":3169,"menu_order":4,"comment_status":"closed","ping_status":"closed","template":"","meta":{"_eb_attr":"","_exactmetrics_skip_tracking":false,"_exactmetrics_sitenote_active":false,"_exactmetrics_sitenote_note":"","_exactmetrics_sitenote_category":0,"footnotes":""},"class_list":["post-3416","page","type-page","status-publish","hentry","entry"],"_links":{"self":[{"href":"https:\/\/espoonperinneseura.net\/espoo1972\/wp-json\/wp\/v2\/pages\/3416","targetHints":{"allow":["GET"]}}],"collection":[{"href":"https:\/\/espoonperinneseura.net\/espoo1972\/wp-json\/wp\/v2\/pages"}],"about":[{"href":"https:\/\/espoonperinneseura.net\/espoo1972\/wp-json\/wp\/v2\/types\/page"}],"author":[{"embeddable":true,"href":"https:\/\/espoonperinneseura.net\/espoo1972\/wp-json\/wp\/v2\/users\/1"}],"replies":[{"embeddable":true,"href":"https:\/\/espoonperinneseura.net\/espoo1972\/wp-json\/wp\/v2\/comments?post=3416"}],"version-history":[{"count":15,"href":"https:\/\/espoonperinneseura.net\/espoo1972\/wp-json\/wp\/v2\/pages\/3416\/revisions"}],"predecessor-version":[{"id":3547,"href":"https:\/\/espoonperinneseura.net\/espoo1972\/wp-json\/wp\/v2\/pages\/3416\/revisions\/3547"}],"up":[{"embeddable":true,"href":"https:\/\/espoonperinneseura.net\/espoo1972\/wp-json\/wp\/v2\/pages\/3169"}],"wp:attachment":[{"href":"https:\/\/espoonperinneseura.net\/espoo1972\/wp-json\/wp\/v2\/media?parent=3416"}],"curies":[{"name":"wp","href":"https:\/\/api.w.org\/{rel}","templated":true}]}}