{"id":3418,"date":"2022-07-24T05:38:10","date_gmt":"2022-07-24T02:38:10","guid":{"rendered":"https:\/\/espoonperinneseura.net\/espoo1972\/?page_id=3418"},"modified":"2022-08-02T07:09:11","modified_gmt":"2022-08-02T04:09:11","slug":"oppimateriaalikeskus-2","status":"publish","type":"page","link":"https:\/\/espoonperinneseura.net\/espoo1972\/koulutus-espoossa-1980-luvulla\/oppimateriaalikeskus-2\/","title":{"rendered":"Oppimateriaalikeskus palveli upeasti espoolaiskouluja"},"content":{"rendered":"<!-- Added by Post\/Page Specific Custom Code plugin, thank you for using! -->\n<style>.entry-title,  .entry-header {\r\n\tdisplay: none;\r\n}<\/style>\n<h5>Koulutuksen kehittyminen Espoossa\u00a0\u00a0\u00a0\u00a0\u00a0\u00a0\u00a0\u00a0<a href=\"https:\/\/espoonperinneseura.net\/espoo1972\/koulutus-espoossa-1970-2020\/\">Kansisivulle<\/a><\/h5>\r\n\r\n<div style=\"margin: auto;\">\r\n<div class=\"btn\"><a class=\"btn-text\" style=\"color: #000;\" href=\"https:\/\/espoonperinneseura.net\/espoo1972\/koulutus-espoossa-1970-luvulla\/\">1970-luku<\/a><\/div>\r\n<div class=\"btn\"><a class=\"btn-text\" style=\"color: #fff;\" href=\"https:\/\/espoonperinneseura.net\/espoo1972\/koulutus-espoossa-1980-luvulla\/\">1980-luku<\/a><\/div>\r\n<div class=\"btn\"><a class=\"btn-text\" style=\"color: #000;\" href=\"https:\/\/espoonperinneseura.net\/espoo1972\/koulutus-espoossa-1990-luvulla\/\">1990-luku<\/a><\/div>\r\n<div class=\"btn\"><a class=\"btn-text\" style=\"color: #000;\" href=\"https:\/\/espoonperinneseura.net\/espoo1972\/koulutus-espoossa-2000-luvulla\/\">2000-luku<\/a><\/div>\r\n<div class=\"btn\"><a class=\"btn-text\" style=\"color: #000;\" href=\"https:\/\/espoonperinneseura.net\/espoo1972\/koulutus-espoossa-2010-luvulla\/\">2010-luku<\/a><\/div>\r\n<div class=\"btn\"><a class=\"btn-text\" style=\"color: #000;\" href=\"https:\/\/espoonperinneseura.net\/espoo1972\/koulutus-espoossa-2020-luvulla\/\">2020-luku<\/a><\/div>\r\n<\/div>\r\n\r\n\r\n\r\n<h3 style=\"clear: both; padding-top: 25px;\">Oppimateriaalikeskus palveli upeasti espoolaiskouluja<\/h3>\r\n<p>Suomessa oli 1970- ja 1980-luvuilla jo muutamia oppimateriaalikeskuksia, joista koulut saattoivat lainata audiovisuaalisia oppimateriaaleja.<\/p>\r\n<p>My\u00f6s Espoon silloinen opetusp\u00e4\u00e4llikk\u00f6 Atso Vilkkij\u00e4rvi oli sit\u00e4 mielt\u00e4, ettei kaikkea materiaalia kannata hankkia erikseen jokaiselle koululle. Kuitenkin1970-luvun lopulla valmisteltu suunnitelma p\u00e4\u00e4kaupunkiseudun yhteisest\u00e4 oppimateriaalikeskuksesta karahti kiville.<\/p>\r\n<p>Hyv\u00e4\u00e4 ideaa ei kokonaan unohdettu, vaan Espoo perusti oman OM-keskuksensa. Sen johtoon saatiin ammattimies: opettaja Ky\u00f6sti Kuusmets\u00e4. H\u00e4nen ty\u00f6t\u00e4\u00e4n jatkoivat sitten av-tietokirjailijana ja jopa Zorro-kirjojen suomentajana toiminut Harro Teiste, opettaja Ari Suistola ja luonnontieteiden kandidaatti Jorma Munne.<\/p>\r\n<div style=\"margin: auto;\">\r\n<div style=\"float: left; width: 310px; margin: 0 10px 0px 0; padding-top: 5px;\">\r\n<figure id=\"attachment_3518\" aria-describedby=\"caption-attachment-3518\" style=\"width: 300px\" class=\"wp-caption alignleft\"><img loading=\"lazy\" decoding=\"async\" class=\"size-medium wp-image-3518\" src=\"https:\/\/espoonperinneseura.net\/espoo1972\/wp-content\/uploads\/2022\/07\/OM-keskuvirastotalot-300x199.jpg\" alt=\"\" width=\"300\" height=\"199\" srcset=\"https:\/\/espoonperinneseura.net\/espoo1972\/wp-content\/uploads\/2022\/07\/OM-keskuvirastotalot-300x199.jpg 300w, https:\/\/espoonperinneseura.net\/espoo1972\/wp-content\/uploads\/2022\/07\/OM-keskuvirastotalot.jpg 500w\" sizes=\"auto, (max-width: 300px) 100vw, 300px\" \/><figcaption id=\"caption-attachment-3518\" class=\"wp-caption-text\">Espoon virastotalo<\/figcaption><\/figure><\/div>\r\n<p style=\"margin-top: 0px;\"><span style=\"white-space: nowrap;\">Espoon oppimateriaalikeskuksen<\/span> tehta\u0308va\u0308na\u0308 oli huolehtia kaupungin koululaitokseen kuuluvien koulujen audiovisuaalisista opetusva\u0308lineista\u0308 ja -materiaaleista seka\u0308 opastaa henkilo\u0308kuntaa niiden ka\u0308yto\u0308ssa\u0308. Keskus vastasi myo\u0308s na\u0308iden av-laitteiden huolto- ja korjaustoiminnasta.<\/p>\r\n<p>Oppimateriaalikeskuksesta koulut saivat yst\u00e4v\u00e4llisen henkil\u00f6kunnan avulla k\u00e4ytt\u00f6\u00f6ns\u00e4 k\u00e4tev\u00e4sti ja maksutta Koulu-tv -ohjelmia ja muita opetuselokuvia, vhs-videoita, \u00e4\u00e4nikasetteja, videoita, rainoja ja rainakoneita, videokameroita, kirjalaatikoita. Niiss\u00e4 oli monta kappaletta samaa lasten ja nuorten kirjallisuutta, jolloin koko luokka voi lukea saman kirjan.<\/p>\r\n<p>Suosittuja olivat my\u00f6s discolaitteet, radioaktiivisuuden mittaukseen k\u00e4ytett\u00e4v\u00e4 geiger-mittari ja demonstrointiin tarvitut aktiiviset n\u00e4ytteet sek\u00e4 mm. pelipaketit. Tilaukset toimitettiin kouluille sis\u00e4postissa; kooltaan suuremmat laitteet k\u00e4ytiin noutamassa virastotalolta. Keskuksen v\u00e4ki my\u00f6s nauhoitti pyynn\u00f6st\u00e4 ohjelmasarjoja.<br \/><br \/>Kun kouluilla ei viel\u00e4 ollut tietokoneita, oppilaita vietiin OM-keskuksen atk-luokkaan tutustumaan verkon ihmeelliseen maailmaan. Luokassa koulutettiin my\u00f6s opettajia.<\/p>\r\n<p>1990-luvun laman seurauksena valtio luopui omasta audiovisuaalisesta keskuksestaan vuonna 1994. My\u00f6s Espoon OM-keskuksen toiminta hiipui harmillisesti 2000-lukua l\u00e4hestytt\u00e4ess\u00e4. Av-lainaustoiminnan j\u00e4rjest\u00e4misest\u00e4 ja laitteiden korjauksesta vapautuvia osaajia tarvittiin atk-laitteistamaan kouluja. Opetusteknologiap\u00e4\u00e4llikk\u00f6 Jorma Munne veteli itse piuhoja pitkin kes\u00e4\u00e4, kun yksikk\u00f6 yritti toimia selv\u00e4sti alimitoitetuin voimavaroin. Lopulta koulujen tietokoneistamista varten k\u00e4ynnistettiin erillinen tvt-hanke.<\/p>\r\n","protected":false},"excerpt":{"rendered":"<p>Koulutuksen kehittyminen Espoossa\u00a0\u00a0\u00a0\u00a0\u00a0\u00a0\u00a0\u00a0Kansisivulle 1970-luku 1980-luku 1990-luku 2000-luku 2010-luku 2020-luku Oppimateriaalikeskus palveli upeasti espoolaiskouluja Suomessa oli 1970- ja 1980-luvuilla jo muutamia oppimateriaalikeskuksia, joista koulut saattoivat lainata audiovisuaalisia oppimateriaaleja. My\u00f6s Espoon silloinen opetusp\u00e4\u00e4llikk\u00f6 Atso Vilkkij\u00e4rvi oli sit\u00e4 mielt\u00e4, ettei kaikkea materiaalia kannata hankkia erikseen jokaiselle koululle. Kuitenkin1970-luvun lopulla valmisteltu suunnitelma p\u00e4\u00e4kaupunkiseudun yhteisest\u00e4 oppimateriaalikeskuksesta karahti kiville. Hyv\u00e4\u00e4 ideaa&hellip; <a class=\"more-link\" href=\"https:\/\/espoonperinneseura.net\/espoo1972\/koulutus-espoossa-1980-luvulla\/oppimateriaalikeskus-2\/\">Jatka lukemista <span class=\"screen-reader-text\">Oppimateriaalikeskus palveli upeasti espoolaiskouluja<\/span><\/a><\/p>\n","protected":false},"author":1,"featured_media":0,"parent":3168,"menu_order":14,"comment_status":"closed","ping_status":"closed","template":"","meta":{"_eb_attr":"","_exactmetrics_skip_tracking":false,"_exactmetrics_sitenote_active":false,"_exactmetrics_sitenote_note":"","_exactmetrics_sitenote_category":0,"footnotes":""},"class_list":["post-3418","page","type-page","status-publish","hentry","entry"],"_links":{"self":[{"href":"https:\/\/espoonperinneseura.net\/espoo1972\/wp-json\/wp\/v2\/pages\/3418","targetHints":{"allow":["GET"]}}],"collection":[{"href":"https:\/\/espoonperinneseura.net\/espoo1972\/wp-json\/wp\/v2\/pages"}],"about":[{"href":"https:\/\/espoonperinneseura.net\/espoo1972\/wp-json\/wp\/v2\/types\/page"}],"author":[{"embeddable":true,"href":"https:\/\/espoonperinneseura.net\/espoo1972\/wp-json\/wp\/v2\/users\/1"}],"replies":[{"embeddable":true,"href":"https:\/\/espoonperinneseura.net\/espoo1972\/wp-json\/wp\/v2\/comments?post=3418"}],"version-history":[{"count":4,"href":"https:\/\/espoonperinneseura.net\/espoo1972\/wp-json\/wp\/v2\/pages\/3418\/revisions"}],"predecessor-version":[{"id":3520,"href":"https:\/\/espoonperinneseura.net\/espoo1972\/wp-json\/wp\/v2\/pages\/3418\/revisions\/3520"}],"up":[{"embeddable":true,"href":"https:\/\/espoonperinneseura.net\/espoo1972\/wp-json\/wp\/v2\/pages\/3168"}],"wp:attachment":[{"href":"https:\/\/espoonperinneseura.net\/espoo1972\/wp-json\/wp\/v2\/media?parent=3418"}],"curies":[{"name":"wp","href":"https:\/\/api.w.org\/{rel}","templated":true}]}}