{"id":3420,"date":"2022-07-24T05:22:24","date_gmt":"2022-07-24T02:22:24","guid":{"rendered":"https:\/\/espoonperinneseura.net\/espoo1972\/?page_id=3420"},"modified":"2022-08-02T07:07:22","modified_gmt":"2022-08-02T04:07:22","slug":"opettajalakko-1984","status":"publish","type":"page","link":"https:\/\/espoonperinneseura.net\/espoo1972\/koulutus-espoossa-1980-luvulla\/opettajalakko-1984\/","title":{"rendered":"Opettajalakko 1984"},"content":{"rendered":"<!-- Added by Post\/Page Specific Custom Code plugin, thank you for using! -->\n<style>.entry-title,  .entry-header {\r\n\tdisplay: none;\r\n}<\/style>\n<h5>Koulutuksen kehittyminen Espoossa\u00a0\u00a0\u00a0\u00a0\u00a0\u00a0\u00a0\u00a0<a href=\"https:\/\/espoonperinneseura.net\/espoo1972\/koulutus-espoossa-1970-2020\/\">Kansisivulle<\/a><\/h5>\r\n\r\n<div style=\"margin: auto;\">\r\n<div class=\"btn\"><a class=\"btn-text\" style=\"color: #000;\" href=\"https:\/\/espoonperinneseura.net\/espoo1972\/koulutus-espoossa-1970-luvulla\/\">1970-luku<\/a><\/div>\r\n<div class=\"btn\"><a class=\"btn-text\" style=\"color: #fff;\" href=\"https:\/\/espoonperinneseura.net\/espoo1972\/koulutus-espoossa-1980-luvulla\/\">1980-luku<\/a><\/div>\r\n<div class=\"btn\"><a class=\"btn-text\" style=\"color: #000;\" href=\"https:\/\/espoonperinneseura.net\/espoo1972\/koulutus-espoossa-1990-luvulla\/\">1990-luku<\/a><\/div>\r\n<div class=\"btn\"><a class=\"btn-text\" style=\"color: #000;\" href=\"https:\/\/espoonperinneseura.net\/espoo1972\/koulutus-espoossa-2000-luvulla\/\">2000-luku<\/a><\/div>\r\n<div class=\"btn\"><a class=\"btn-text\" style=\"color: #000;\" href=\"https:\/\/espoonperinneseura.net\/espoo1972\/koulutus-espoossa-2010-luvulla\/\">2010-luku<\/a><\/div>\r\n<div class=\"btn\"><a class=\"btn-text\" style=\"color: #000;\" href=\"https:\/\/espoonperinneseura.net\/espoo1972\/koulutus-espoossa-2020-luvulla\/\">2020-luku<\/a><\/div>\r\n<\/div>\r\n\r\n\r\n\r\n<h3 style=\"clear: both; padding-top: 25px;\">Opettajien lakko 1984<\/h3>\r\n<p>Peruskoulun aikana opettajat ovat lakkoilleet melko harvoin, espoolaiset opettajat vain vuonna 1984 ja vuonna 2022.<\/p>\r\n<p>Vuonna 1984 oli kyseess\u00e4 raha ja ty\u00f6m\u00e4\u00e4r\u00e4, kuten melkein aina. Opettajien palkat olivat j\u00e4\u00e4neet j\u00e4lkeen, ja 1980-luku oli alkanut taloudellisesti eritt\u00e4in hyvin. Vuoden 1983 koululaki oli lis\u00e4nnyt opettajien ty\u00f6m\u00e4\u00e4r\u00e4\u00e4. Opettajien lakkotahto oli kova.<br \/><br \/>Tammikuussa 1984 OAJ aloitti lakon konkreettisen suunnittelun. Oli kiire, koska kes\u00e4 oli tulossa, eik\u00e4 opettajien kannattanut kes\u00e4ll\u00e4 (= kes\u00e4lomalla) lakkoilla.<\/p>\r\n<p>OAJ j\u00e4tti lakkovaroituksen 8.3.1984. Mukana olivat aluksi my\u00f6s yksityiskoulut, kunnalliset lukiot ja normaalikoulut. Kun valtion sopimus hyv\u00e4ksyttiin, nuo koulut tulivat sen sopimuksen piiriin ja niiden opettajat j\u00e4iv\u00e4t lakon ulkopuolelle. Valtakunnansovittelija teki monien neuvottelujen j\u00e4lkeen 1.4. sovintoesityksen. Se hyl\u00e4ttiin.<\/p>\r\n<div style=\"margin: auto;\">\r\n<div style=\"float: left; width: 310px; margin: 0 10px 0px 0; padding-top: 5px;\">\r\n<p><img loading=\"lazy\" decoding=\"async\" class=\"wp-image-3514 size-medium\" src=\"https:\/\/espoonperinneseura.net\/espoo1972\/wp-content\/uploads\/2022\/07\/lakko-300x226.jpg\" alt=\"\" width=\"300\" height=\"226\" srcset=\"https:\/\/espoonperinneseura.net\/espoo1972\/wp-content\/uploads\/2022\/07\/lakko-300x226.jpg 300w, https:\/\/espoonperinneseura.net\/espoo1972\/wp-content\/uploads\/2022\/07\/lakko.jpg 309w\" sizes=\"auto, (max-width: 300px) 100vw, 300px\" \/><\/p>\r\n<\/div>\r\n<p style=\"margin-top: 0px;\"><span style=\"white-space: nowrap;\">Opettajien lakko<\/span> alkoi maanantaina 2.4.1984. OAJ oli ensimm\u00e4inen lakkoon mennyt akavalainen j\u00e4rjest\u00f6. Se veti mukaansa 13 muuta akavalaista kunnallista virkamiesryhm\u00e4\u00e4 l\u00e4\u00e4k\u00e4reist\u00e4 lastentarhanopettajiin.<\/p>\r\n<p>Lakko toteutettiin kaksivaiheiseksi porrastettuna. Se alkoi ensin Helsingiss\u00e4, Imatralla, Vaasassa ja Vantaalla. Kahden viikon kuluttua 16.4.1984 lakkoa laajennettiin. Mukaan tulivat mm. Espoo, Turku ja Tampere. Lakko rahoitettiin niin, ett\u00e4 noin 80 000 opettajalta ker\u00e4ttiin pient\u00e4 lakkoavusta, ja niill\u00e4 maksettiin korvauksia runsaalle 7000:lle lakkoon osallistuneelle opettajalle.<\/p>\r\n<p>Silloinen kunnallinen sopimusvaltuuskunta teki ty\u00f6sulku-uhkap\u00e4\u00e4t\u00f6ksen. Ty\u00f6sulun piti al\u1e31aa 20.4.1984. OAJ vei kuitenkin t\u00e4m\u00e4n p\u00e4\u00e4t\u00f6ksen virkariitalautakuntaan, tuloksena oli kaksi viikkoa lis\u00e4aikaa. OAJ:lla oli 26.4.1984 ensimm\u00e4inen mielenosoitus. Siihen osallistui 2000 opettajaa, mukana runsaasti my\u00f6s espoolaisopettajia.<\/p>\r\n<p>Silloinen hallitus syyllisti opettajia &#8221;hyv\u00e4osaisten kapinasta\u201d. Suurelle yleis\u00f6lle opettajien lakko oli j\u00e4rkytys, mutta opettajien lakko sai kansalaisilta my\u00f6s my\u00f6t\u00e4tuntoa. Koululaiset nauttivat t\u00e4ysin rinnoin ylim\u00e4\u00e4r\u00e4isesti vappulomasta,<\/p>\r\n<p>Huhtikuun lopulla k\u00e4ytiin salaisia neuvotteluja. P\u00e4\u00e4ministeri oli vaatinut, ett\u00e4 lakon on loputtava. Rahaa varattiin 150 miljoonaa markkaa. Lis\u00e4\u00e4ntyneeseen ty\u00f6m\u00e4\u00e4r\u00e4\u00e4nkin saatiin kompensaatiota. Opettajat olivat tyytyv\u00e4isi\u00e4, eiv\u00e4t tietystik\u00e4\u00e4n kaikki. \u201dSaatiin melkein enemm\u00e4n kuin kehdattiin pyyt\u00e4\u00e4\u201d.<\/p>\r\n<p>Sopuun p\u00e4\u00e4stiin sunnuntaina 29.4.1984. Seuraavana p\u00e4iv\u00e4n\u00e4, vapunaattona, OAJ:n valtuuston ylim\u00e4\u00e4r\u00e4inen kokous hyv\u00e4ksyi omalta osaltaan sovintoesityksen ja lakko p\u00e4\u00e4ttyi.<\/p>\r\n<\/div>","protected":false},"excerpt":{"rendered":"<p>Koulutuksen kehittyminen Espoossa\u00a0\u00a0\u00a0\u00a0\u00a0\u00a0\u00a0\u00a0Kansisivulle 1970-luku 1980-luku 1990-luku 2000-luku 2010-luku 2020-luku Opettajien lakko 1984 Peruskoulun aikana opettajat ovat lakkoilleet melko harvoin, espoolaiset opettajat vain vuonna 1984 ja vuonna 2022. Vuonna 1984 oli kyseess\u00e4 raha ja ty\u00f6m\u00e4\u00e4r\u00e4, kuten melkein aina. Opettajien palkat olivat j\u00e4\u00e4neet j\u00e4lkeen, ja 1980-luku oli alkanut taloudellisesti eritt\u00e4in hyvin. Vuoden 1983 koululaki oli lis\u00e4nnyt opettajien&hellip; <a class=\"more-link\" href=\"https:\/\/espoonperinneseura.net\/espoo1972\/koulutus-espoossa-1980-luvulla\/opettajalakko-1984\/\">Jatka lukemista <span class=\"screen-reader-text\">Opettajalakko 1984<\/span><\/a><\/p>\n","protected":false},"author":1,"featured_media":0,"parent":3168,"menu_order":16,"comment_status":"closed","ping_status":"closed","template":"","meta":{"_eb_attr":"","_exactmetrics_skip_tracking":false,"_exactmetrics_sitenote_active":false,"_exactmetrics_sitenote_note":"","_exactmetrics_sitenote_category":0,"footnotes":""},"class_list":["post-3420","page","type-page","status-publish","hentry","entry"],"_links":{"self":[{"href":"https:\/\/espoonperinneseura.net\/espoo1972\/wp-json\/wp\/v2\/pages\/3420","targetHints":{"allow":["GET"]}}],"collection":[{"href":"https:\/\/espoonperinneseura.net\/espoo1972\/wp-json\/wp\/v2\/pages"}],"about":[{"href":"https:\/\/espoonperinneseura.net\/espoo1972\/wp-json\/wp\/v2\/types\/page"}],"author":[{"embeddable":true,"href":"https:\/\/espoonperinneseura.net\/espoo1972\/wp-json\/wp\/v2\/users\/1"}],"replies":[{"embeddable":true,"href":"https:\/\/espoonperinneseura.net\/espoo1972\/wp-json\/wp\/v2\/comments?post=3420"}],"version-history":[{"count":5,"href":"https:\/\/espoonperinneseura.net\/espoo1972\/wp-json\/wp\/v2\/pages\/3420\/revisions"}],"predecessor-version":[{"id":3517,"href":"https:\/\/espoonperinneseura.net\/espoo1972\/wp-json\/wp\/v2\/pages\/3420\/revisions\/3517"}],"up":[{"embeddable":true,"href":"https:\/\/espoonperinneseura.net\/espoo1972\/wp-json\/wp\/v2\/pages\/3168"}],"wp:attachment":[{"href":"https:\/\/espoonperinneseura.net\/espoo1972\/wp-json\/wp\/v2\/media?parent=3420"}],"curies":[{"name":"wp","href":"https:\/\/api.w.org\/{rel}","templated":true}]}}